{"id":860,"date":"2019-04-03T19:54:29","date_gmt":"2019-04-03T17:54:29","guid":{"rendered":"https:\/\/agora.xtec.cat\/iessantquirze\/?page_id=860"},"modified":"2025-02-24T20:00:10","modified_gmt":"2025-02-24T19:00:10","slug":"afa","status":"publish","type":"page","link":"https:\/\/agora.xtec.cat\/iessantquirze\/linstitut\/afa\/","title":{"rendered":"AFA"},"content":{"rendered":"<p>L&#8217;Institut Sant Quirze del Vall\u00e8s potencia la participaci\u00f3 de totes les fam\u00edlies a l&#8217;<a href=\"http:\/\/ampainstitutsantquirze.cat\/\"><span style=\"color: #008000;\">Associaci\u00f3 de Fam\u00edlies d&#8217;Alumnes (<strong>AFA<\/strong>),<\/span><\/a> com a forma d&#8217;organitzar la seva implicaci\u00f3 en el centre, m\u00e9s enll\u00e0 de la pres\u00e8ncia al Consell Escolar i altres \u00f2rgans normatius.<\/p>\n<p>El funcionament de l&#8217;AFA es regeix pels seus estatuts, en els quals s&#8217;assenyala l&#8217;assemblea de pares i mares associats com l&#8217;organisme decisori, que anomena els diferents c\u00e0rrecs de la seva junta. L\u2019equip directiu del centre mant\u00e9 una estreta relaci\u00f3 amb l&#8217;AFA, realitzant reunions peri\u00f2diques per gestionar els temes d&#8217;inter\u00e8s que sorgeixen a la comunitat educativa en general.<\/p>\n","protected":false},"excerpt":{"rendered":"<p>L&#8217;Institut Sant Quirze del Vall\u00e8s potencia la participaci\u00f3 de totes les fam\u00edlies a l&#8217;Associaci\u00f3 de Fam\u00edlies d&#8217;Alumnes (AFA), com a forma d&#8217;organitzar la seva implicaci\u00f3 en el centre, m\u00e9s enll\u00e0 de la pres\u00e8ncia al Consell Escolar i altres \u00f2rgans normatius. El funcionament de l&#8217;AFA es regeix pels seus estatuts, en els quals s&#8217;assenyala l&#8217;assemblea de [&hellip;]<\/p>\n","protected":false},"author":1,"featured_media":0,"parent":19,"menu_order":90,"comment_status":"closed","ping_status":"closed","template":"page-templates\/side-menu.php","meta":{"_bbp_topic_count":0,"_bbp_reply_count":0,"_bbp_total_topic_count":0,"_bbp_total_reply_count":0,"_bbp_voice_count":0,"_bbp_anonymous_reply_count":0,"_bbp_topic_count_hidden":0,"_bbp_reply_count_hidden":0,"_bbp_forum_subforum_count":0,"site-sidebar-layout":"default","site-content-layout":"","ast-site-content-layout":"","site-content-style":"default","site-sidebar-style":"default","ast-global-header-display":"","ast-banner-title-visibility":"","ast-main-header-display":"","ast-hfb-above-header-display":"","ast-hfb-below-header-display":"","ast-hfb-mobile-header-display":"","site-post-title":"","ast-breadcrumbs-content":"","ast-featured-img":"","footer-sml-layout":"","theme-transparent-header-meta":"","adv-header-id-meta":"","stick-header-meta":"","header-above-stick-meta":"","header-main-stick-meta":"","header-below-stick-meta":"","astra-migrate-meta-layouts":"default","ast-page-background-enabled":"default","ast-page-background-meta":{"desktop":{"background-color":"var(--ast-global-color-4)","background-image":"","background-repeat":"repeat","background-position":"center center","background-size":"auto","background-attachment":"scroll","background-type":"","background-media":"","overlay-type":"","overlay-color":"","overlay-opacity":"","overlay-gradient":""},"tablet":{"background-color":"","background-image":"","background-repeat":"repeat","background-position":"center center","background-size":"auto","background-attachment":"scroll","background-type":"","background-media":"","overlay-type":"","overlay-color":"","overlay-opacity":"","overlay-gradient":""},"mobile":{"background-color":"","background-image":"","background-repeat":"repeat","background-position":"center center","background-size":"auto","background-attachment":"scroll","background-type":"","background-media":"","overlay-type":"","overlay-color":"","overlay-opacity":"","overlay-gradient":""}},"ast-content-background-meta":{"desktop":{"background-color":"var(--ast-global-color-5)","background-image":"","background-repeat":"repeat","background-position":"center center","background-size":"auto","background-attachment":"scroll","background-type":"","background-media":"","overlay-type":"","overlay-color":"","overlay-opacity":"","overlay-gradient":""},"tablet":{"background-color":"var(--ast-global-color-5)","background-image":"","background-repeat":"repeat","background-position":"center center","background-size":"auto","background-attachment":"scroll","background-type":"","background-media":"","overlay-type":"","overlay-color":"","overlay-opacity":"","overlay-gradient":""},"mobile":{"background-color":"var(--ast-global-color-5)","background-image":"","background-repeat":"repeat","background-position":"center center","background-size":"auto","background-attachment":"scroll","background-type":"","background-media":"","overlay-type":"","overlay-color":"","overlay-opacity":"","overlay-gradient":""}},"footnotes":""},"class_list":["post-860","page","type-page","status-publish","hentry"],"post_mailing_queue_ids":[],"_links":{"self":[{"href":"https:\/\/agora.xtec.cat\/iessantquirze\/wp-json\/wp\/v2\/pages\/860","targetHints":{"allow":["GET"]}}],"collection":[{"href":"https:\/\/agora.xtec.cat\/iessantquirze\/wp-json\/wp\/v2\/pages"}],"about":[{"href":"https:\/\/agora.xtec.cat\/iessantquirze\/wp-json\/wp\/v2\/types\/page"}],"author":[{"embeddable":true,"href":"https:\/\/agora.xtec.cat\/iessantquirze\/wp-json\/wp\/v2\/users\/1"}],"replies":[{"embeddable":true,"href":"https:\/\/agora.xtec.cat\/iessantquirze\/wp-json\/wp\/v2\/comments?post=860"}],"version-history":[{"count":3,"href":"https:\/\/agora.xtec.cat\/iessantquirze\/wp-json\/wp\/v2\/pages\/860\/revisions"}],"predecessor-version":[{"id":864,"href":"https:\/\/agora.xtec.cat\/iessantquirze\/wp-json\/wp\/v2\/pages\/860\/revisions\/864"}],"up":[{"embeddable":true,"href":"https:\/\/agora.xtec.cat\/iessantquirze\/wp-json\/wp\/v2\/pages\/19"}],"wp:attachment":[{"href":"https:\/\/agora.xtec.cat\/iessantquirze\/wp-json\/wp\/v2\/media?parent=860"}],"curies":[{"name":"wp","href":"https:\/\/api.w.org\/{rel}","templated":true}]}}