{"id":858,"date":"2019-04-03T19:45:50","date_gmt":"2019-04-03T17:45:50","guid":{"rendered":"https:\/\/agora.xtec.cat\/iessantquirze\/?page_id=858"},"modified":"2025-12-04T12:47:42","modified_gmt":"2025-12-04T11:47:42","slug":"tramits","status":"publish","type":"page","link":"https:\/\/agora.xtec.cat\/iessantquirze\/linstitut\/secretaria-i-consergeria-1\/tramits\/","title":{"rendered":"Tr\u00e0mits"},"content":{"rendered":"<p>Documents\u00a0 dels quals podeu iniciar els tr\u00e0mits administratius enviant-los per correu electr\u00f2nic a <a href=\"mailto:ad.inssantquirze@gmail.com\">ad.inssantquirze@gmail.com<\/a><\/p>\n<p><strong><a href=\"https:\/\/drive.google.com\/file\/d\/1E0vSSw5xdhSMRquN1BCox-Sc6YcI8NZM\/view?usp=sharing\"><span style=\"color: #008000;\">Model autoritzaci\u00f3 de recollida de documentaci\u00f3<\/span><\/a><\/strong><\/p>\n<p><strong><span style=\"color: #008000;\"><a style=\"color: #008000;\" title=\"Model canvi de domiciliaci\u00f3 banc\u00e0ria\" href=\"https:\/\/drive.google.com\/open?id=1-PnATzBsS9dtAsjmU2DbAPcx_CfX7oCZ\">Model canvi de domiciliaci\u00f3 banc\u00e0ria<\/a><\/span><\/strong><\/p>\n<p><strong><span style=\"color: #008000;\"><a style=\"color: #008000;\" href=\"https:\/\/drive.google.com\/file\/d\/1v10pcUbCsT8JXUgijBMqimybsgQfs9Ci\/view?usp=drive_link\">Model sol\u00b7licitud de baixa o anul\u00b7laci\u00f3 batxillerat<\/a><\/span><\/strong><\/p>\n<p><strong><span style=\"color: #008000;\"><a style=\"color: #008000;\" href=\"https:\/\/drive.google.com\/file\/d\/1XK3CQ0V6Nae2Uwf7ji4ooglRKIXDqm7z\/view?usp=drive_link\">Model sol\u00b7licitud de certificat<\/a><\/span><\/strong><\/p>\n<p><strong><span style=\"color: #008000;\"><a style=\"color: #008000;\" href=\"https:\/\/drive.google.com\/file\/d\/1POiMBJ78g3Vx7WBH5Ics8oZieFuU1oH5\/view?usp=drive_link\">Model de sol\u00b7licitud de recollida de documentaci\u00f3<\/a><\/span><\/strong><\/p>\n<p><strong><span style=\"color: #008000;\"><a style=\"color: #008000;\" href=\"https:\/\/drive.google.com\/open?id=166ex456v6ZpVvHbNm50_MoDv37hT8yeu\">Model de sol\u00b7licitud general<\/a><\/span><\/strong><\/p>\n<p><a href=\"https:\/\/drive.google.com\/file\/d\/1CLU1kwuqaK-aABvtpPL-ASMO5_H4Iexj\/view?usp=sharing\" target=\"_blank\" rel=\"noopener\"><strong><span style=\"color: #008000;\">Model sol\u00b7licitud reconeixement equiv\u00e0lencies catal\u00e0<\/span><\/strong><\/a><\/p>\n<p><strong><span style=\"color: #008000;\"><a style=\"color: #008000;\" href=\"https:\/\/drive.google.com\/open?id=1aYHs4mX5kRIMxTeeUykztVsZyWVMNuWY\">Requisits Alumnes EGB-BUP nivell B2-C1<\/a><\/span><\/strong><\/p>\n<p><strong><span style=\"color: #008000;\"><a style=\"color: #008000;\" href=\"https:\/\/drive.google.com\/open?id=1n5sdVCCk9IDM0QdJMgPgzh_Wstu0-hsK\">Requisits Alumnes ESO-Batx nivell C1<\/a><\/span><\/strong><\/p>\n","protected":false},"excerpt":{"rendered":"<p>Documents\u00a0 dels quals podeu iniciar els tr\u00e0mits administratius enviant-los per correu electr\u00f2nic a ad.inssantquirze@gmail.com Model autoritzaci\u00f3 de recollida de documentaci\u00f3 Model canvi de domiciliaci\u00f3 banc\u00e0ria Model sol\u00b7licitud de baixa o anul\u00b7laci\u00f3 batxillerat Model sol\u00b7licitud de certificat Model de sol\u00b7licitud de recollida de documentaci\u00f3 Model de sol\u00b7licitud general Model sol\u00b7licitud reconeixement equiv\u00e0lencies catal\u00e0 Requisits Alumnes EGB-BUP [&hellip;]<\/p>\n","protected":false},"author":1,"featured_media":0,"parent":895,"menu_order":75,"comment_status":"closed","ping_status":"closed","template":"","meta":{"_bbp_topic_count":0,"_bbp_reply_count":0,"_bbp_total_topic_count":0,"_bbp_total_reply_count":0,"_bbp_voice_count":0,"_bbp_anonymous_reply_count":0,"_bbp_topic_count_hidden":0,"_bbp_reply_count_hidden":0,"_bbp_forum_subforum_count":0,"site-sidebar-layout":"default","site-content-layout":"","ast-site-content-layout":"default","site-content-style":"default","site-sidebar-style":"default","ast-global-header-display":"","ast-banner-title-visibility":"","ast-main-header-display":"","ast-hfb-above-header-display":"","ast-hfb-below-header-display":"","ast-hfb-mobile-header-display":"","site-post-title":"","ast-breadcrumbs-content":"","ast-featured-img":"","footer-sml-layout":"","theme-transparent-header-meta":"default","adv-header-id-meta":"","stick-header-meta":"","header-above-stick-meta":"","header-main-stick-meta":"","header-below-stick-meta":"","astra-migrate-meta-layouts":"set","ast-page-background-enabled":"default","ast-page-background-meta":{"desktop":{"background-color":"var(--ast-global-color-4)","background-image":"","background-repeat":"repeat","background-position":"center center","background-size":"auto","background-attachment":"scroll","background-type":"","background-media":"","overlay-type":"","overlay-color":"","overlay-opacity":"","overlay-gradient":""},"tablet":{"background-color":"","background-image":"","background-repeat":"repeat","background-position":"center center","background-size":"auto","background-attachment":"scroll","background-type":"","background-media":"","overlay-type":"","overlay-color":"","overlay-opacity":"","overlay-gradient":""},"mobile":{"background-color":"","background-image":"","background-repeat":"repeat","background-position":"center center","background-size":"auto","background-attachment":"scroll","background-type":"","background-media":"","overlay-type":"","overlay-color":"","overlay-opacity":"","overlay-gradient":""}},"ast-content-background-meta":{"desktop":{"background-color":"var(--ast-global-color-5)","background-image":"","background-repeat":"repeat","background-position":"center center","background-size":"auto","background-attachment":"scroll","background-type":"","background-media":"","overlay-type":"","overlay-color":"","overlay-opacity":"","overlay-gradient":""},"tablet":{"background-color":"var(--ast-global-color-5)","background-image":"","background-repeat":"repeat","background-position":"center center","background-size":"auto","background-attachment":"scroll","background-type":"","background-media":"","overlay-type":"","overlay-color":"","overlay-opacity":"","overlay-gradient":""},"mobile":{"background-color":"var(--ast-global-color-5)","background-image":"","background-repeat":"repeat","background-position":"center center","background-size":"auto","background-attachment":"scroll","background-type":"","background-media":"","overlay-type":"","overlay-color":"","overlay-opacity":"","overlay-gradient":""}},"footnotes":""},"class_list":["post-858","page","type-page","status-publish","hentry"],"post_mailing_queue_ids":[],"_links":{"self":[{"href":"https:\/\/agora.xtec.cat\/iessantquirze\/wp-json\/wp\/v2\/pages\/858","targetHints":{"allow":["GET"]}}],"collection":[{"href":"https:\/\/agora.xtec.cat\/iessantquirze\/wp-json\/wp\/v2\/pages"}],"about":[{"href":"https:\/\/agora.xtec.cat\/iessantquirze\/wp-json\/wp\/v2\/types\/page"}],"author":[{"embeddable":true,"href":"https:\/\/agora.xtec.cat\/iessantquirze\/wp-json\/wp\/v2\/users\/1"}],"replies":[{"embeddable":true,"href":"https:\/\/agora.xtec.cat\/iessantquirze\/wp-json\/wp\/v2\/comments?post=858"}],"version-history":[{"count":7,"href":"https:\/\/agora.xtec.cat\/iessantquirze\/wp-json\/wp\/v2\/pages\/858\/revisions"}],"predecessor-version":[{"id":5205,"href":"https:\/\/agora.xtec.cat\/iessantquirze\/wp-json\/wp\/v2\/pages\/858\/revisions\/5205"}],"up":[{"embeddable":true,"href":"https:\/\/agora.xtec.cat\/iessantquirze\/wp-json\/wp\/v2\/pages\/895"}],"wp:attachment":[{"href":"https:\/\/agora.xtec.cat\/iessantquirze\/wp-json\/wp\/v2\/media?parent=858"}],"curies":[{"name":"wp","href":"https:\/\/api.w.org\/{rel}","templated":true}]}}