{"id":851,"date":"2019-04-03T19:26:20","date_gmt":"2019-04-03T17:26:20","guid":{"rendered":"https:\/\/agora.xtec.cat\/iessantquirze\/?page_id=851"},"modified":"2019-10-07T16:30:39","modified_gmt":"2019-10-07T14:30:39","slug":"contacte","status":"publish","type":"page","link":"https:\/\/agora.xtec.cat\/iessantquirze\/linstitut\/contacte\/","title":{"rendered":"Contacte"},"content":{"rendered":"<h3 class=\"section-hero-header-title\"><span style=\"color: #339966;\"><strong>Institut p\u00fablic Sant Quirze del Vall\u00e8s<\/strong><\/span><\/h3>\n<p>Carrer Bages 21<br \/>\n08192 Sant quirze del Vall\u00e8s<\/p>\n<p>Telf: 937213144<\/p>\n<h5><span style=\"color: #339966;\"><strong>Correus electr\u00f2nics de contacte<\/strong><\/span><\/h5>\n<p><strong>La relaci\u00f3 amb les fam\u00edlies<\/strong><\/p>\n<p>L\u2019Institut \u00e9s conscient de la import\u00e0ncia de la participaci\u00f3 de les fam\u00edlies en el proc\u00e9s educatiu. \u00c9s per aix\u00f2 que s\u2019ha posat en marxa l\u2019\u00fas d\u2019una plataforma digital, que el centre posa a disposici\u00f3 de totes\u00a0 les fam\u00edlies, per a poder fer un seguiment acurat de l\u2019evoluci\u00f3 dels seus fills\/es.<\/p>\n<p><a href=\"https:\/\/iessantquirze.clickedu.eu\/user.php?action=login\">https:\/\/iessantquirze.clickedu.eu\/user.php?action=login<\/a><\/p>\n<p><strong>Consergeria<\/strong>: Per notificar abs\u00e8ncies d\u2019alumnes\u00a0<a href=\"mailto:consergeriainssantquirze@gmail.com\">consergeriainssantquirze@gmail.com<\/a><\/p>\n<p><b>Secretaria<\/b>: Per a tr\u00e0mits administratius\u00a0<a href=\"mailto:ad.inssantquirze@gmail.com\">ad.inssantquirze@gmail.com<\/a><\/p>\n<p><strong>B\u00fastia general<\/strong>:\u00a0<a href=\"mailto:iessantquirze@xtec.cat\">iessantquirze@xtec.cat<\/a><\/p>\n<p>&nbsp;<\/p>\n","protected":false},"excerpt":{"rendered":"<p>Institut p\u00fablic Sant Quirze del Vall\u00e8s Carrer Bages 21 08192 Sant quirze del Vall\u00e8s Telf: 937213144 Correus electr\u00f2nics de contacte La relaci\u00f3 amb les fam\u00edlies L\u2019Institut \u00e9s conscient de la import\u00e0ncia de la participaci\u00f3 de les fam\u00edlies en el proc\u00e9s educatiu. \u00c9s per aix\u00f2 que s\u2019ha posat en marxa l\u2019\u00fas d\u2019una plataforma digital, que el [&hellip;]<\/p>\n","protected":false},"author":1,"featured_media":0,"parent":19,"menu_order":100,"comment_status":"closed","ping_status":"closed","template":"page-templates\/side-menu.php","meta":{"_bbp_topic_count":0,"_bbp_reply_count":0,"_bbp_total_topic_count":0,"_bbp_total_reply_count":0,"_bbp_voice_count":0,"_bbp_anonymous_reply_count":0,"_bbp_topic_count_hidden":0,"_bbp_reply_count_hidden":0,"_bbp_forum_subforum_count":0,"site-sidebar-layout":"default","site-content-layout":"","ast-site-content-layout":"","site-content-style":"default","site-sidebar-style":"default","ast-global-header-display":"","ast-banner-title-visibility":"","ast-main-header-display":"","ast-hfb-above-header-display":"","ast-hfb-below-header-display":"","ast-hfb-mobile-header-display":"","site-post-title":"","ast-breadcrumbs-content":"","ast-featured-img":"","footer-sml-layout":"","theme-transparent-header-meta":"","adv-header-id-meta":"","stick-header-meta":"","header-above-stick-meta":"","header-main-stick-meta":"","header-below-stick-meta":"","astra-migrate-meta-layouts":"default","ast-page-background-enabled":"default","ast-page-background-meta":{"desktop":{"background-color":"var(--ast-global-color-4)","background-image":"","background-repeat":"repeat","background-position":"center center","background-size":"auto","background-attachment":"scroll","background-type":"","background-media":"","overlay-type":"","overlay-color":"","overlay-opacity":"","overlay-gradient":""},"tablet":{"background-color":"","background-image":"","background-repeat":"repeat","background-position":"center center","background-size":"auto","background-attachment":"scroll","background-type":"","background-media":"","overlay-type":"","overlay-color":"","overlay-opacity":"","overlay-gradient":""},"mobile":{"background-color":"","background-image":"","background-repeat":"repeat","background-position":"center center","background-size":"auto","background-attachment":"scroll","background-type":"","background-media":"","overlay-type":"","overlay-color":"","overlay-opacity":"","overlay-gradient":""}},"ast-content-background-meta":{"desktop":{"background-color":"var(--ast-global-color-5)","background-image":"","background-repeat":"repeat","background-position":"center center","background-size":"auto","background-attachment":"scroll","background-type":"","background-media":"","overlay-type":"","overlay-color":"","overlay-opacity":"","overlay-gradient":""},"tablet":{"background-color":"var(--ast-global-color-5)","background-image":"","background-repeat":"repeat","background-position":"center center","background-size":"auto","background-attachment":"scroll","background-type":"","background-media":"","overlay-type":"","overlay-color":"","overlay-opacity":"","overlay-gradient":""},"mobile":{"background-color":"var(--ast-global-color-5)","background-image":"","background-repeat":"repeat","background-position":"center center","background-size":"auto","background-attachment":"scroll","background-type":"","background-media":"","overlay-type":"","overlay-color":"","overlay-opacity":"","overlay-gradient":""}},"footnotes":""},"class_list":["post-851","page","type-page","status-publish","hentry"],"post_mailing_queue_ids":[],"_links":{"self":[{"href":"https:\/\/agora.xtec.cat\/iessantquirze\/wp-json\/wp\/v2\/pages\/851","targetHints":{"allow":["GET"]}}],"collection":[{"href":"https:\/\/agora.xtec.cat\/iessantquirze\/wp-json\/wp\/v2\/pages"}],"about":[{"href":"https:\/\/agora.xtec.cat\/iessantquirze\/wp-json\/wp\/v2\/types\/page"}],"author":[{"embeddable":true,"href":"https:\/\/agora.xtec.cat\/iessantquirze\/wp-json\/wp\/v2\/users\/1"}],"replies":[{"embeddable":true,"href":"https:\/\/agora.xtec.cat\/iessantquirze\/wp-json\/wp\/v2\/comments?post=851"}],"version-history":[{"count":3,"href":"https:\/\/agora.xtec.cat\/iessantquirze\/wp-json\/wp\/v2\/pages\/851\/revisions"}],"predecessor-version":[{"id":854,"href":"https:\/\/agora.xtec.cat\/iessantquirze\/wp-json\/wp\/v2\/pages\/851\/revisions\/854"}],"up":[{"embeddable":true,"href":"https:\/\/agora.xtec.cat\/iessantquirze\/wp-json\/wp\/v2\/pages\/19"}],"wp:attachment":[{"href":"https:\/\/agora.xtec.cat\/iessantquirze\/wp-json\/wp\/v2\/media?parent=851"}],"curies":[{"name":"wp","href":"https:\/\/api.w.org\/{rel}","templated":true}]}}