{"id":710,"date":"2019-02-14T23:34:52","date_gmt":"2019-02-14T22:34:52","guid":{"rendered":"https:\/\/agora.xtec.cat\/iessantquirze\/?page_id=710"},"modified":"2019-05-06T20:31:43","modified_gmt":"2019-05-06T18:31:43","slug":"projectes","status":"publish","type":"page","link":"https:\/\/agora.xtec.cat\/iessantquirze\/projecte-educatiu\/projectes\/","title":{"rendered":"Projectes de tutoria i conviv\u00e8ncia"},"content":{"rendered":"<h4>Projecte de conviv\u00e8ncia<\/h4>\n<p>Un dels eixos essencials del nostre projecte educatiu \u00e9s la millora de la conviv\u00e8ncia al centre, la promoci\u00f3 d&#8217;una cultura inclusiva i la transmissi\u00f3 de valors tan fonamentals com l&#8217;equitat i el respecte a la diversitat de l&#8217;alumnat. Amb aix\u00f2 pretenem que els nostres alumnes siguin capa\u00e7os de gestionar els conflictes de manera positiva a trav\u00e9s del di\u00e0leg com a eina de mediaci\u00f3.<\/p>\n<p>Aquest projecte se centra en tres \u00e0mbits de treball que abasten la coeducaci\u00f3, l&#8217;educaci\u00f3 socioemocional i l&#8217;educaci\u00f3 en la gesti\u00f3 positiva de conflictes.<\/p>\n<p>&nbsp;<\/p>\n<p>&nbsp;<\/p>\n<h4>TEI Tutoria Entre Iguals<\/h4>\n<p>Aquest programa \u00e9s una estrat\u00e8gia educativa per millorar la conviv\u00e8ncia escolar i est\u00e0 dissenyat com una mesura pr\u00e0ctica i preventiva contra la viol\u00e8ncia i l&#8217;assetjament escolar. T\u00e9 un car\u00e0cter institucional i implica tota la comunitat educativa, a m\u00e9s, com que en la seva implementaci\u00f3 s\u00f3n fonamentals la participaci\u00f3 i la conscienciaci\u00f3, es pot adaptar com a mesura contra el frac\u00e0s i la falta de motivaci\u00f3, no solament curricular, sin\u00f3 tamb\u00e9 personal i social.<\/p>\n<p>En ess\u00e8ncia, el programa consisteix a implicar els alumnes de tercer d&#8217;ESO i fer-los tutors emocionals dels alumnes de primer d&#8217;ESO, cosa que, a m\u00e9s, facilita als m\u00e9s petits la integraci\u00f3 al centre i als grans la seva implicaci\u00f3 en la integraci\u00f3 de la &#8220;Toler\u00e0ncia Zero&#8221; respecte a la viol\u00e8ncia i el maltractament.<\/p>\n<p>&nbsp;<\/p>\n","protected":false},"excerpt":{"rendered":"<p>Projecte de conviv\u00e8ncia Un dels eixos essencials del nostre projecte educatiu \u00e9s la millora de la conviv\u00e8ncia al centre, la promoci\u00f3 d&#8217;una cultura inclusiva i la transmissi\u00f3 de valors tan fonamentals com l&#8217;equitat i el respecte a la diversitat de l&#8217;alumnat. Amb aix\u00f2 pretenem que els nostres alumnes siguin capa\u00e7os de gestionar els conflictes de [&hellip;]<\/p>\n","protected":false},"author":1,"featured_media":0,"parent":57,"menu_order":0,"comment_status":"closed","ping_status":"closed","template":"page-templates\/side-menu.php","meta":{"_bbp_topic_count":0,"_bbp_reply_count":0,"_bbp_total_topic_count":0,"_bbp_total_reply_count":0,"_bbp_voice_count":0,"_bbp_anonymous_reply_count":0,"_bbp_topic_count_hidden":0,"_bbp_reply_count_hidden":0,"_bbp_forum_subforum_count":0,"site-sidebar-layout":"default","site-content-layout":"","ast-site-content-layout":"","site-content-style":"default","site-sidebar-style":"default","ast-global-header-display":"","ast-banner-title-visibility":"","ast-main-header-display":"","ast-hfb-above-header-display":"","ast-hfb-below-header-display":"","ast-hfb-mobile-header-display":"","site-post-title":"","ast-breadcrumbs-content":"","ast-featured-img":"","footer-sml-layout":"","theme-transparent-header-meta":"","adv-header-id-meta":"","stick-header-meta":"","header-above-stick-meta":"","header-main-stick-meta":"","header-below-stick-meta":"","astra-migrate-meta-layouts":"default","ast-page-background-enabled":"default","ast-page-background-meta":{"desktop":{"background-color":"var(--ast-global-color-4)","background-image":"","background-repeat":"repeat","background-position":"center center","background-size":"auto","background-attachment":"scroll","background-type":"","background-media":"","overlay-type":"","overlay-color":"","overlay-opacity":"","overlay-gradient":""},"tablet":{"background-color":"","background-image":"","background-repeat":"repeat","background-position":"center center","background-size":"auto","background-attachment":"scroll","background-type":"","background-media":"","overlay-type":"","overlay-color":"","overlay-opacity":"","overlay-gradient":""},"mobile":{"background-color":"","background-image":"","background-repeat":"repeat","background-position":"center center","background-size":"auto","background-attachment":"scroll","background-type":"","background-media":"","overlay-type":"","overlay-color":"","overlay-opacity":"","overlay-gradient":""}},"ast-content-background-meta":{"desktop":{"background-color":"var(--ast-global-color-5)","background-image":"","background-repeat":"repeat","background-position":"center center","background-size":"auto","background-attachment":"scroll","background-type":"","background-media":"","overlay-type":"","overlay-color":"","overlay-opacity":"","overlay-gradient":""},"tablet":{"background-color":"var(--ast-global-color-5)","background-image":"","background-repeat":"repeat","background-position":"center center","background-size":"auto","background-attachment":"scroll","background-type":"","background-media":"","overlay-type":"","overlay-color":"","overlay-opacity":"","overlay-gradient":""},"mobile":{"background-color":"var(--ast-global-color-5)","background-image":"","background-repeat":"repeat","background-position":"center center","background-size":"auto","background-attachment":"scroll","background-type":"","background-media":"","overlay-type":"","overlay-color":"","overlay-opacity":"","overlay-gradient":""}},"footnotes":""},"class_list":["post-710","page","type-page","status-publish","hentry"],"post_mailing_queue_ids":[],"_links":{"self":[{"href":"https:\/\/agora.xtec.cat\/iessantquirze\/wp-json\/wp\/v2\/pages\/710","targetHints":{"allow":["GET"]}}],"collection":[{"href":"https:\/\/agora.xtec.cat\/iessantquirze\/wp-json\/wp\/v2\/pages"}],"about":[{"href":"https:\/\/agora.xtec.cat\/iessantquirze\/wp-json\/wp\/v2\/types\/page"}],"author":[{"embeddable":true,"href":"https:\/\/agora.xtec.cat\/iessantquirze\/wp-json\/wp\/v2\/users\/1"}],"replies":[{"embeddable":true,"href":"https:\/\/agora.xtec.cat\/iessantquirze\/wp-json\/wp\/v2\/comments?post=710"}],"version-history":[{"count":3,"href":"https:\/\/agora.xtec.cat\/iessantquirze\/wp-json\/wp\/v2\/pages\/710\/revisions"}],"predecessor-version":[{"id":1205,"href":"https:\/\/agora.xtec.cat\/iessantquirze\/wp-json\/wp\/v2\/pages\/710\/revisions\/1205"}],"up":[{"embeddable":true,"href":"https:\/\/agora.xtec.cat\/iessantquirze\/wp-json\/wp\/v2\/pages\/57"}],"wp:attachment":[{"href":"https:\/\/agora.xtec.cat\/iessantquirze\/wp-json\/wp\/v2\/media?parent=710"}],"curies":[{"name":"wp","href":"https:\/\/api.w.org\/{rel}","templated":true}]}}