{"id":666,"date":"2019-01-13T15:38:38","date_gmt":"2019-01-13T14:38:38","guid":{"rendered":"https:\/\/agora.xtec.cat\/iessantquirze\/?page_id=666"},"modified":"2025-02-04T19:11:28","modified_gmt":"2025-02-04T18:11:28","slug":"batxibac","status":"publish","type":"page","link":"https:\/\/agora.xtec.cat\/iessantquirze\/batxibac\/","title":{"rendered":"Batxibac"},"content":{"rendered":"<p><strong><span style=\"color: #008000;\">EL PROGRAMA BATXIBAC: QU\u00c8 \u00c9S?<\/span><\/strong><\/p>\n<p>El programa Batxibac \u00e9s un programa d\u2019excel\u00b7l\u00e8ncia que permet als alumnes de batxillerat obtenir la doble titulaci\u00f3 batxillerat \u2013 baccalaur\u00e9at si cursen un ter\u00e7 de l\u2019horari en llengua francesa, incorporen al seu curr\u00edculum les mat\u00e8ries Llengua i literatura francesa i Hist\u00f2ria de Fran\u00e7a, i superen una prova externa en franc\u00e8s.<br \/>\nFa molts anys que l&#8217;Institut Sant Quirze del Vall\u00e8s t\u00e9 en l&#8217;aprenentatge de les lleng\u00fces estrangeres un dels eixos que vertebren el seu projecte educatiu, tant a l&#8217;ESO com al Batxillerat. Creiem que, en aquest m\u00f3n globalitzat, la mobilitat i la relaci\u00f3 amb altres pa\u00efsos i cultures s\u00f3n essencials per als nostres alumnes. En aquest sentit, amb el programa Batxibac l\u2019Institut de Sant Quirze aposta per l\u2019ensenyament pluriling\u00fce i ofereix als alumnes una opci\u00f3 m\u00e9s per al seu futur.<\/p>\n<div class=\"ast-oembed-container \" style=\"height: 100%;\"><iframe loading=\"lazy\" title=\"\u00bfQue es el Bachibac?\" width=\"500\" height=\"281\" src=\"https:\/\/www.youtube.com\/embed\/NY61whRExoM?feature=oembed\" frameborder=\"0\" allow=\"accelerometer; autoplay; clipboard-write; encrypted-media; gyroscope; picture-in-picture; web-share\" referrerpolicy=\"strict-origin-when-cross-origin\" allowfullscreen><\/iframe><\/div>\n<p>&nbsp;<\/p>\n<p><strong><span style=\"color: #008000;\">QU\u00c8 IMPLICA?<\/span><\/strong><\/p>\n<p>El curr\u00edculum mixt Batxibac implica cursar:<br \/>\na) Les mat\u00e8ries pr\u00f2pies del batxillerat: comunes, de modalitat, espec\u00edfiques i Treball de Recerca.<br \/>\nb) Dues mat\u00e8ries pr\u00f2pies del Batxibac, que es computen dins de les comunes, de les de modalitat o de les espec\u00edfiques.<br \/>\nc) D\u2019altres activitats curriculars en llengua francesa, dins o fora del centre simult\u00e0niament al programa Batxibac, per exemple:<br \/>\n&#8211; Estada en una empresa que utilitzi el franc\u00e8s com a llengua vehicular;<br \/>\n&#8211; Estada ling\u00fc\u00edstica en un pa\u00eds franc\u00f2fon;<br \/>\n&#8211; Voluntariat en una entitat cultural o social franc\u00f2fona;<br \/>\n&#8211; Intercanvi amb estada a un pa\u00eds franc\u00f2fon per un per\u00edode m\u00ednim de dues setmanes (no necess\u00e0riament consecutives ni en el mateix curs acad\u00e8mic);<br \/>\n&#8211; Teatre en franc\u00e8s, etc.<\/p>\n<p><strong><span style=\"color: #008000;\">REQUISITS PER PODER CURSAR EL PROGRAMA BATXIBAC<\/span><\/strong><\/p>\n<p>Els alumnes que vulguin cursar el curr\u00edculum mixt han d\u2019acreditar com a m\u00ednim un nivell B1 de franc\u00e8s del Marc europeu com\u00fa de refer\u00e8ncia per a les lleng\u00fces mitjan\u00e7ant el certificat de nivell intermedi de les EOI, el diploma B1 del DELF Scolaire o el diploma B1 del DELF Junior. Si no s\u2019aporta aquesta documentaci\u00f3, caldr\u00e0 superar una prova de nivell en llengua francesa establerta pel centre.<br \/>\nL\u2019objectiu \u00e9s que els alumnes, en acabar l\u2019etapa, hagin assolit, almenys, el nivell B2 en llengua francesa del Marc europeu de refer\u00e8ncia per a les lleng\u00fces.<br \/>\nL\u2019alumne que vulgui cursar el programa Batxibac ha de tenir un bon expedient acad\u00e8mic d\u2019ESO i ser conscient de l\u2019esfor\u00e7 afegit que suposa cursar un programa d\u2019excel\u00b7l\u00e8ncia.<\/p>\n<p><span style=\"color: #008000;\"><strong>COM S\u2019OBT\u00c9 LA DOBLE TITULACI\u00d3?<\/strong><\/span><\/p>\n<p>\uf0b7 L\u2019alumnat que cursi el curr\u00edculum mixt, a m\u00e9s d\u2019obtenir el t\u00edtol de batxiller si supera totes les mat\u00e8ries cursades, obtindr\u00e0 tamb\u00e9 el diploma de baccalaur\u00e9at si supera una prova externa que es desenvolupa \u00edntegrament en franc\u00e8s.<br \/>\n\uf0b7 La qualificaci\u00f3 global de la prova externa \u00e9s la mitjana aritm\u00e8tica de les qualificacions de les mat\u00e8ries espec\u00edfiques (Hist\u00f2ria d\u2019Espanya i de Fran\u00e7a i Llengua i Literatura Franceses). Per superar la prova externa, cal obtenir un m\u00ednim de 5 punts de mitjana i una nota m\u00ednima de 5 punts en la prova de llengua i literatura francesa.<br \/>\n\uf0b7 La nota final de batxillerat est\u00e0 formada pel 90% de la mitjana aritm\u00e8tica de les mat\u00e8ries cursades + 10% del treball de recerca.<br \/>\n\uf0b7 La nota final del baccalaur\u00e9at \u00e9s la mitjana ponderada entre el 70% de la nota mitjana de batxillerat i el 30% de la qualificaci\u00f3 global de la prova externa.<\/p>\n<p><strong><span style=\"color: #008000;\">ACC\u00c9S A LA UNIVERSITAT<\/span><\/strong><\/p>\n<p>At\u00e8s que els alumnes de Batxibac compten amb dos t\u00edtols, poden accedir a les nostres universitats per dues vies:<br \/>\na) com a alumnes de batxillerat;<br \/>\nb) com a alumnes de baccalaur\u00e9at.<br \/>\nEls alumnes de Batxibac tamb\u00e9 poden accedir a les universitats franceses i del Quebec, Canad\u00e0, en les mateixes condicions que els alumnes del baccalaur\u00e9at franc\u00e8s.<\/p>\n<p><span style=\"color: #008000;\"><strong>ACC\u00c9S ALS ESTUDIS SUPERIORS A FRAN\u00c7A DE L\u2019ALUMNAT BATXIBAC QUE HA SUPERAT LA PROVA EXTERNA I ELS ESTUDIS DE BATXILLERAT<\/strong><\/span><\/p>\n<p>Preinscripci\u00f3 electr\u00f2nica normalment de gener a mar\u00e7, a trav\u00e9s de la p\u00e0gina https:\/\/www.parcoursup.fr\/<br \/>\nP\u00e0gina institucional del govern de Fran\u00e7a i adre\u00e7a de contacte: http:\/\/www.espagne.campusfrance.org\/ barcelona@campusfrance.org<br \/>\nACC\u00c9S ALS ESTUDIS SUPERIORS A ESPANYA DE L\u2019ALUMNAT BATXIBAC QUE HA SUPERAT LA PROVA EXTERNA I ELS ESTUDIS DE BATXILLERAT<br \/>\nAquest alumnat t\u00e9 tres vies per accedir a la universitat:<\/p>\n<p><strong><span style=\"color: #008000;\">Via 1<\/span><\/strong>: mitjan\u00e7ant la nota del Dipl\u00f4me du Baccalaur\u00e9at G\u00e9n\u00e9ral, sense la realitzaci\u00f3 de les proves de les PAU. Cal sol\u00b7licitar l\u2019acreditaci\u00f3 corresponent a trav\u00e9s de la UNEDasiss, entitat estatal encarregada d\u2019emetre la convalidaci\u00f3 corresponent; l\u2019acreditaci\u00f3 emesa reflecteix la nota amb qu\u00e8 s\u2019accedir\u00e0 a la universitat de l\u2019estat espanyol, la qual est\u00e0 calculada de la manera seg\u00fcent: 70% de la nota de batxillerat i 30% de la nota de la prova externa.<\/p>\n<p><span style=\"color: #008000;\"><strong>Via 2<\/strong><\/span>: mitjan\u00e7ant la nota del Dipl\u00f4me du Baccalaur\u00e9at G\u00e9n\u00e9ral, realitzant nom\u00e9s la fase espec\u00edfica de les PAU 2019, per tal de millorar la nota. Cal sol\u00b7licitar l\u2019acreditaci\u00f3 corresponent a trav\u00e9s de la UNEDasiss, entitat estatal encarregada d\u2019emetre la convalidaci\u00f3 corresponent; l\u2019acreditaci\u00f3 emesa reflecteix la nota, la qual est\u00e0 calculada de la manera seg\u00fcent: 70% de la nota de batxillerat i 30% de la nota de la prova externa. L\u2019alumnat batxibac s\u2019ha de preinscriure a les PAU i en el moment de la matr\u00edcula definitiva l\u2019alumnat batxibac ha de triar que far\u00e0 \u00fas de l\u2019acc\u00e9s a la universitat amb el t\u00edtol de baccalaur\u00e9at per examinar-se nom\u00e9s de la fase espec\u00edfica.<\/p>\n<p><span style=\"color: #008000;\"><strong>Via 3<\/strong><\/span>: mitjan\u00e7ant la nota de batxillerat. L\u2019alumnat batxibac s\u2019ha de preinscriure a les PAU i en el moment de la matr\u00edcula definitiva l\u2019alumnat batxibac ha de triar que far\u00e0 \u00fas de l\u2019acc\u00e9s a la universitat amb el t\u00edtol de batxiller per examinar-se de la fase general i, de manera volunt\u00e0ria, de la fase espec\u00edfica.<\/p>\n<p>Important: l\u2019alumnat batxibac que faci la fase general no necessita realitzar les proves de les mat\u00e8ries comunes d\u2019Hist\u00f2ria i Franc\u00e8s, ja que la nota d\u2019aquestes mat\u00e8ries ser\u00e0 l\u2019obtinguda en la prova externa en les mat\u00e8ries d\u2019Hist\u00f2ria d\u2019Espanya i de Fran\u00e7a i Llengua i Literatura Franceses, respectivament.<\/p>\n<p>&nbsp;<\/p>\n","protected":false},"excerpt":{"rendered":"<p>EL PROGRAMA BATXIBAC: QU\u00c8 \u00c9S? El programa Batxibac \u00e9s un programa d\u2019excel\u00b7l\u00e8ncia que permet als alumnes de batxillerat obtenir la doble titulaci\u00f3 batxillerat \u2013 baccalaur\u00e9at si cursen un ter\u00e7 de l\u2019horari en llengua francesa, incorporen al seu curr\u00edculum les mat\u00e8ries Llengua i literatura francesa i Hist\u00f2ria de Fran\u00e7a, i superen una prova externa en franc\u00e8s. [&hellip;]<\/p>\n","protected":false},"author":1,"featured_media":0,"parent":0,"menu_order":2,"comment_status":"closed","ping_status":"closed","template":"page-templates\/side-menu.php","meta":{"_bbp_topic_count":0,"_bbp_reply_count":0,"_bbp_total_topic_count":0,"_bbp_total_reply_count":0,"_bbp_voice_count":0,"_bbp_anonymous_reply_count":0,"_bbp_topic_count_hidden":0,"_bbp_reply_count_hidden":0,"_bbp_forum_subforum_count":0,"site-sidebar-layout":"default","site-content-layout":"","ast-site-content-layout":"","site-content-style":"default","site-sidebar-style":"default","ast-global-header-display":"","ast-banner-title-visibility":"","ast-main-header-display":"","ast-hfb-above-header-display":"","ast-hfb-below-header-display":"","ast-hfb-mobile-header-display":"","site-post-title":"","ast-breadcrumbs-content":"","ast-featured-img":"","footer-sml-layout":"","theme-transparent-header-meta":"","adv-header-id-meta":"","stick-header-meta":"","header-above-stick-meta":"","header-main-stick-meta":"","header-below-stick-meta":"","astra-migrate-meta-layouts":"default","ast-page-background-enabled":"default","ast-page-background-meta":{"desktop":{"background-color":"var(--ast-global-color-4)","background-image":"","background-repeat":"repeat","background-position":"center center","background-size":"auto","background-attachment":"scroll","background-type":"","background-media":"","overlay-type":"","overlay-color":"","overlay-opacity":"","overlay-gradient":""},"tablet":{"background-color":"","background-image":"","background-repeat":"repeat","background-position":"center center","background-size":"auto","background-attachment":"scroll","background-type":"","background-media":"","overlay-type":"","overlay-color":"","overlay-opacity":"","overlay-gradient":""},"mobile":{"background-color":"","background-image":"","background-repeat":"repeat","background-position":"center center","background-size":"auto","background-attachment":"scroll","background-type":"","background-media":"","overlay-type":"","overlay-color":"","overlay-opacity":"","overlay-gradient":""}},"ast-content-background-meta":{"desktop":{"background-color":"var(--ast-global-color-5)","background-image":"","background-repeat":"repeat","background-position":"center center","background-size":"auto","background-attachment":"scroll","background-type":"","background-media":"","overlay-type":"","overlay-color":"","overlay-opacity":"","overlay-gradient":""},"tablet":{"background-color":"var(--ast-global-color-5)","background-image":"","background-repeat":"repeat","background-position":"center center","background-size":"auto","background-attachment":"scroll","background-type":"","background-media":"","overlay-type":"","overlay-color":"","overlay-opacity":"","overlay-gradient":""},"mobile":{"background-color":"var(--ast-global-color-5)","background-image":"","background-repeat":"repeat","background-position":"center center","background-size":"auto","background-attachment":"scroll","background-type":"","background-media":"","overlay-type":"","overlay-color":"","overlay-opacity":"","overlay-gradient":""}},"footnotes":""},"class_list":["post-666","page","type-page","status-publish","hentry"],"post_mailing_queue_ids":[],"_links":{"self":[{"href":"https:\/\/agora.xtec.cat\/iessantquirze\/wp-json\/wp\/v2\/pages\/666","targetHints":{"allow":["GET"]}}],"collection":[{"href":"https:\/\/agora.xtec.cat\/iessantquirze\/wp-json\/wp\/v2\/pages"}],"about":[{"href":"https:\/\/agora.xtec.cat\/iessantquirze\/wp-json\/wp\/v2\/types\/page"}],"author":[{"embeddable":true,"href":"https:\/\/agora.xtec.cat\/iessantquirze\/wp-json\/wp\/v2\/users\/1"}],"replies":[{"embeddable":true,"href":"https:\/\/agora.xtec.cat\/iessantquirze\/wp-json\/wp\/v2\/comments?post=666"}],"version-history":[{"count":4,"href":"https:\/\/agora.xtec.cat\/iessantquirze\/wp-json\/wp\/v2\/pages\/666\/revisions"}],"predecessor-version":[{"id":2730,"href":"https:\/\/agora.xtec.cat\/iessantquirze\/wp-json\/wp\/v2\/pages\/666\/revisions\/2730"}],"wp:attachment":[{"href":"https:\/\/agora.xtec.cat\/iessantquirze\/wp-json\/wp\/v2\/media?parent=666"}],"curies":[{"name":"wp","href":"https:\/\/api.w.org\/{rel}","templated":true}]}}