{"id":662,"date":"2019-01-13T15:37:48","date_gmt":"2019-01-13T14:37:48","guid":{"rendered":"https:\/\/agora.xtec.cat\/iessantquirze\/?page_id=662"},"modified":"2025-02-24T19:58:30","modified_gmt":"2025-02-24T18:58:30","slug":"eso","status":"publish","type":"page","link":"https:\/\/agora.xtec.cat\/iessantquirze\/estudis\/eso\/","title":{"rendered":"ESO"},"content":{"rendered":"<p>ESO LOMLOE<\/p>\n<p>En el DOGC n\u00fam. 8762 del 29 de setembre de 2022 s\u2019ha publicat el\u00a0<strong><a href=\"https:\/\/portaljuridic.gencat.cat\/eli\/es-ct\/d\/2022\/09\/27\/175\" target=\"_blank\" rel=\"noopener\">DECRET 175\/2022, de 27 de setembre<\/a>, d&#8217;ordenaci\u00f3 dels ensenyaments de l&#8217;educaci\u00f3 b\u00e0sica<\/strong>, que entra en vigor el dia 30 de setembre de 2022.<\/p>\n<p>L&#8217;objecte d&#8217;aquest Decret \u00e9s\u00a0<strong>establir l&#8217;ordenaci\u00f3 dels ensenyaments de l&#8217;educaci\u00f3 b\u00e0sica, constitu\u00efda per l&#8217;educaci\u00f3 prim\u00e0ria, l&#8217;educaci\u00f3 secund\u00e0ria obligat\u00f2ria i els cicles formatius de grau b\u00e0sic<\/strong>.<\/p>\n<p>L&#8217;estructura de mat\u00e8ries per l&#8217;ESO a l&#8217;ISQV queda com mostra el seg\u00fcent quadre:<\/p>\n<p>&nbsp;<\/p>\n<table style=\"width: 75%; border-color: #0b4a1c;\" width=\"75%\">\n<tbody>\n<tr style=\"height: 31px;\">\n<td style=\"width: 547.922px; border-style: solid; height: 31px;\"><strong>Mat\u00e8ries<\/strong><\/td>\n<td style=\"width: 115.234px; height: 31px;\"><strong>1r<\/strong><\/td>\n<td style=\"width: 115.234px; height: 31px;\"><strong>2n<\/strong><\/td>\n<td style=\"width: 115.234px; height: 31px;\"><strong>3r<\/strong><\/td>\n<td style=\"width: 126.625px; height: 31px;\"><strong>4t<\/strong><\/td>\n<\/tr>\n<tr style=\"height: 31px;\">\n<td style=\"width: 547.922px; height: 31px;\"><strong>Llengua catalana<\/strong><\/td>\n<td style=\"width: 115.234px; height: 31px;\">3<\/td>\n<td style=\"width: 115.234px; height: 31px;\">3<\/td>\n<td style=\"width: 115.234px; height: 31px;\">3<\/td>\n<td style=\"width: 126.625px; height: 31px;\">3<\/td>\n<\/tr>\n<tr style=\"height: 31px;\">\n<td style=\"width: 547.922px; height: 31px;\"><strong>Llengua castellana<\/strong><\/td>\n<td style=\"width: 115.234px; height: 31px;\">3<\/td>\n<td style=\"width: 115.234px; height: 31px;\">3<\/td>\n<td style=\"width: 115.234px; height: 31px;\">3<\/td>\n<td style=\"width: 126.625px; height: 31px;\">3<\/td>\n<\/tr>\n<tr style=\"height: 31px;\">\n<td style=\"width: 547.922px; height: 31px;\"><strong>Lleng\u00fces estrangeres<\/strong><\/td>\n<td style=\"width: 115.234px; height: 31px;\">3<\/td>\n<td style=\"width: 115.234px; height: 31px;\">4<\/td>\n<td style=\"width: 115.234px; height: 31px;\">3<\/td>\n<td style=\"width: 126.625px; height: 31px;\">3<\/td>\n<\/tr>\n<tr style=\"height: 31px;\">\n<td style=\"width: 547.922px; height: 31px;\"><strong>Matem\u00e0tiques<\/strong><\/td>\n<td style=\"width: 115.234px; height: 31px;\">3<\/td>\n<td style=\"width: 115.234px; height: 31px;\">4<\/td>\n<td style=\"width: 115.234px; height: 31px;\">4<\/td>\n<td style=\"width: 126.625px; height: 31px;\">4<\/td>\n<\/tr>\n<tr style=\"height: 31px;\">\n<td style=\"width: 547.922px; height: 31px;\"><strong>Ci\u00e8ncies naturalesa: Biologia i geologia<\/strong><\/td>\n<td style=\"width: 115.234px; height: 31px;\">3<\/td>\n<td style=\"width: 115.234px; height: 31px;\">&#8211;<\/td>\n<td style=\"width: 115.234px; height: 31px;\">2<\/td>\n<td style=\"width: 126.625px; height: 31px;\">&#8211;<\/td>\n<\/tr>\n<tr style=\"height: 31px;\">\n<td style=\"width: 547.922px; height: 31px;\"><strong>Ci\u00e8ncies naturalesa: f\u00edsica i qu\u00edmica<\/strong><\/td>\n<td style=\"width: 115.234px; height: 31px;\">&#8211;<\/td>\n<td style=\"width: 115.234px; height: 31px;\">3<\/td>\n<td style=\"width: 115.234px; height: 31px;\">2<\/td>\n<td style=\"width: 126.625px; height: 31px;\"><\/td>\n<\/tr>\n<tr style=\"height: 31px;\">\n<td style=\"width: 547.922px; height: 31px;\"><strong>Ci\u00e8ncies socials, geografia i hist\u00f2ria<\/strong><\/td>\n<td style=\"width: 115.234px; height: 31px;\">3<\/td>\n<td style=\"width: 115.234px; height: 31px;\">3<\/td>\n<td style=\"width: 115.234px; height: 31px;\">3<\/td>\n<td style=\"width: 126.625px; height: 31px;\">3<\/td>\n<\/tr>\n<tr style=\"height: 31px;\">\n<td style=\"width: 547.922px; height: 31px;\"><strong>Educaci\u00f3 f\u00edsica<\/strong><\/td>\n<td style=\"width: 115.234px; height: 31px;\">2<\/td>\n<td style=\"width: 115.234px; height: 31px;\">2<\/td>\n<td style=\"width: 115.234px; height: 31px;\">2<\/td>\n<td style=\"width: 126.625px; height: 31px;\">2<\/td>\n<\/tr>\n<tr style=\"height: 31px;\">\n<td style=\"width: 547.922px; height: 31px;\"><strong>Tecnologia<\/strong><\/td>\n<td style=\"width: 115.234px; height: 31px;\">2<\/td>\n<td style=\"width: 115.234px; height: 31px;\">2<\/td>\n<td style=\"width: 115.234px; height: 31px;\">2<\/td>\n<td style=\"width: 126.625px; height: 31px;\">&#8211;<\/td>\n<\/tr>\n<tr style=\"height: 31px;\">\n<td style=\"width: 547.922px; height: 31px;\"><strong>Ed. visual i pl\u00e0stica<\/strong><\/td>\n<td style=\"width: 115.234px; height: 31px;\">2<\/td>\n<td style=\"width: 115.234px; height: 31px;\">2<\/td>\n<td style=\"width: 115.234px; height: 31px;\">&#8211;<\/td>\n<td style=\"width: 126.625px; height: 31px;\">&#8211;<\/td>\n<\/tr>\n<tr style=\"height: 31px;\">\n<td style=\"width: 547.922px; height: 31px;\"><strong>M\u00fasica<\/strong><\/td>\n<td style=\"width: 115.234px; height: 31px;\">2<\/td>\n<td style=\"width: 115.234px; height: 31px;\">&#8211;<\/td>\n<td style=\"width: 115.234px; height: 31px;\">2<\/td>\n<td style=\"width: 126.625px; height: 31px;\">&#8211;<\/td>\n<\/tr>\n<tr style=\"height: 31px;\">\n<td style=\"width: 547.922px; height: 31px;\"><strong>Religi\u00f3\u00a0 o\u00a0 Activitats c\u00edviques i culturals<\/strong><\/td>\n<td style=\"width: 115.234px; height: 31px;\">1<\/td>\n<td style=\"width: 115.234px; height: 31px;\">1<\/td>\n<td style=\"width: 115.234px; height: 31px;\">1<\/td>\n<td style=\"width: 126.625px; height: 31px;\">1<\/td>\n<\/tr>\n<tr>\n<td style=\"width: 547.922px;\"><strong>Educaci\u00f3 en Valors C\u00edvics i \u00c8tics<br \/>\n<\/strong><\/td>\n<td style=\"width: 115.234px;\">&#8211;<\/td>\n<td style=\"width: 115.234px;\">&#8211;<\/td>\n<td style=\"width: 115.234px;\">&#8211;<\/td>\n<td style=\"width: 126.625px;\">1<\/td>\n<\/tr>\n<tr style=\"height: 31px;\">\n<td style=\"width: 547.922px; height: 31px;\"><strong>Mat\u00e8ries espec\u00edfiques \/ optatives<\/strong><\/td>\n<td style=\"width: 115.234px; height: 31px;\">2<\/td>\n<td style=\"width: 115.234px; height: 31px;\">2<\/td>\n<td style=\"width: 115.234px; height: 31px;\">2<\/td>\n<td style=\"width: 126.625px; height: 31px;\">9*<\/td>\n<\/tr>\n<tr style=\"height: 31px;\">\n<td style=\"width: 547.922px; height: 31px;\"><strong>Tutoria<\/strong><\/td>\n<td style=\"width: 115.234px; height: 31px;\">1<\/td>\n<td style=\"width: 115.234px; height: 31px;\">1<\/td>\n<td style=\"width: 115.234px; height: 31px;\">1<\/td>\n<td style=\"width: 126.625px; height: 31px;\">1<\/td>\n<\/tr>\n<tr style=\"height: 31px;\">\n<td style=\"width: 547.922px; height: 31px;\"><strong>Treball de s\u00edntesi \/\u00a0 projecte de recerca*<\/strong><\/td>\n<td style=\"width: 115.234px; height: 31px;\">(1)<\/td>\n<td style=\"width: 115.234px; height: 31px;\">(1)<\/td>\n<td style=\"width: 115.234px; height: 31px;\">(1)<\/td>\n<td style=\"width: 126.625px; height: 31px;\">(1)*<\/td>\n<\/tr>\n<tr style=\"height: 31px;\">\n<td style=\"width: 547.922px; height: 31px;\"><strong>Hores setmanals:<\/strong><\/td>\n<td style=\"width: 115.234px; height: 31px;\">30<\/td>\n<td style=\"width: 115.234px; height: 31px;\">30<\/td>\n<td style=\"width: 115.234px; height: 31px;\">30<\/td>\n<td style=\"width: 126.625px; height: 31px;\">30<\/td>\n<\/tr>\n<\/tbody>\n<\/table>\n<p>* <a href=\"https:\/\/agora.xtec.cat\/iessantquirze\/estudis\/eso\/optatives\/\" target=\"_blank\" rel=\"noopener\">veure mat\u00e8ries optatives de 4t d&#8217;ESO<\/a><\/p>\n","protected":false},"excerpt":{"rendered":"<p>ESO LOMLOE En el DOGC n\u00fam. 8762 del 29 de setembre de 2022 s\u2019ha publicat el\u00a0DECRET 175\/2022, de 27 de setembre, d&#8217;ordenaci\u00f3 dels ensenyaments de l&#8217;educaci\u00f3 b\u00e0sica, que entra en vigor el dia 30 de setembre de 2022. L&#8217;objecte d&#8217;aquest Decret \u00e9s\u00a0establir l&#8217;ordenaci\u00f3 dels ensenyaments de l&#8217;educaci\u00f3 b\u00e0sica, constitu\u00efda per l&#8217;educaci\u00f3 prim\u00e0ria, l&#8217;educaci\u00f3 secund\u00e0ria obligat\u00f2ria [&hellip;]<\/p>\n","protected":false},"author":1,"featured_media":0,"parent":195,"menu_order":2,"comment_status":"closed","ping_status":"closed","template":"page-templates\/side-menu.php","meta":{"_bbp_topic_count":0,"_bbp_reply_count":0,"_bbp_total_topic_count":0,"_bbp_total_reply_count":0,"_bbp_voice_count":0,"_bbp_anonymous_reply_count":0,"_bbp_topic_count_hidden":0,"_bbp_reply_count_hidden":0,"_bbp_forum_subforum_count":0,"site-sidebar-layout":"default","site-content-layout":"","ast-site-content-layout":"","site-content-style":"default","site-sidebar-style":"default","ast-global-header-display":"","ast-banner-title-visibility":"","ast-main-header-display":"","ast-hfb-above-header-display":"","ast-hfb-below-header-display":"","ast-hfb-mobile-header-display":"","site-post-title":"","ast-breadcrumbs-content":"","ast-featured-img":"","footer-sml-layout":"","theme-transparent-header-meta":"","adv-header-id-meta":"","stick-header-meta":"","header-above-stick-meta":"","header-main-stick-meta":"","header-below-stick-meta":"","astra-migrate-meta-layouts":"default","ast-page-background-enabled":"default","ast-page-background-meta":{"desktop":{"background-color":"var(--ast-global-color-4)","background-image":"","background-repeat":"repeat","background-position":"center center","background-size":"auto","background-attachment":"scroll","background-type":"","background-media":"","overlay-type":"","overlay-color":"","overlay-opacity":"","overlay-gradient":""},"tablet":{"background-color":"","background-image":"","background-repeat":"repeat","background-position":"center center","background-size":"auto","background-attachment":"scroll","background-type":"","background-media":"","overlay-type":"","overlay-color":"","overlay-opacity":"","overlay-gradient":""},"mobile":{"background-color":"","background-image":"","background-repeat":"repeat","background-position":"center center","background-size":"auto","background-attachment":"scroll","background-type":"","background-media":"","overlay-type":"","overlay-color":"","overlay-opacity":"","overlay-gradient":""}},"ast-content-background-meta":{"desktop":{"background-color":"var(--ast-global-color-5)","background-image":"","background-repeat":"repeat","background-position":"center center","background-size":"auto","background-attachment":"scroll","background-type":"","background-media":"","overlay-type":"","overlay-color":"","overlay-opacity":"","overlay-gradient":""},"tablet":{"background-color":"var(--ast-global-color-5)","background-image":"","background-repeat":"repeat","background-position":"center center","background-size":"auto","background-attachment":"scroll","background-type":"","background-media":"","overlay-type":"","overlay-color":"","overlay-opacity":"","overlay-gradient":""},"mobile":{"background-color":"var(--ast-global-color-5)","background-image":"","background-repeat":"repeat","background-position":"center center","background-size":"auto","background-attachment":"scroll","background-type":"","background-media":"","overlay-type":"","overlay-color":"","overlay-opacity":"","overlay-gradient":""}},"footnotes":""},"class_list":["post-662","page","type-page","status-publish","hentry"],"post_mailing_queue_ids":[],"_links":{"self":[{"href":"https:\/\/agora.xtec.cat\/iessantquirze\/wp-json\/wp\/v2\/pages\/662","targetHints":{"allow":["GET"]}}],"collection":[{"href":"https:\/\/agora.xtec.cat\/iessantquirze\/wp-json\/wp\/v2\/pages"}],"about":[{"href":"https:\/\/agora.xtec.cat\/iessantquirze\/wp-json\/wp\/v2\/types\/page"}],"author":[{"embeddable":true,"href":"https:\/\/agora.xtec.cat\/iessantquirze\/wp-json\/wp\/v2\/users\/1"}],"replies":[{"embeddable":true,"href":"https:\/\/agora.xtec.cat\/iessantquirze\/wp-json\/wp\/v2\/comments?post=662"}],"version-history":[{"count":6,"href":"https:\/\/agora.xtec.cat\/iessantquirze\/wp-json\/wp\/v2\/pages\/662\/revisions"}],"predecessor-version":[{"id":4172,"href":"https:\/\/agora.xtec.cat\/iessantquirze\/wp-json\/wp\/v2\/pages\/662\/revisions\/4172"}],"up":[{"embeddable":true,"href":"https:\/\/agora.xtec.cat\/iessantquirze\/wp-json\/wp\/v2\/pages\/195"}],"wp:attachment":[{"href":"https:\/\/agora.xtec.cat\/iessantquirze\/wp-json\/wp\/v2\/media?parent=662"}],"curies":[{"name":"wp","href":"https:\/\/api.w.org\/{rel}","templated":true}]}}