{"id":560,"date":"2018-12-26T22:30:33","date_gmt":"2018-12-26T21:30:33","guid":{"rendered":"https:\/\/agora.xtec.cat\/iessantquirze\/?page_id=560"},"modified":"2019-05-06T20:59:34","modified_gmt":"2019-05-06T18:59:34","slug":"pec","status":"publish","type":"page","link":"https:\/\/agora.xtec.cat\/iessantquirze\/projecte-educatiu\/pec\/","title":{"rendered":"Plurilig\u00fcisme"},"content":{"rendered":"<p>&nbsp;<\/p>\n<h5><span style=\"color: #008000;\"><a style=\"color: #008000;\" href=\"https:\/\/blocs.xtec.cat\/gepinssantquirze\/\">GEP Grup d&#8217;Experimentaci\u00f3 Pluriling\u00fce<\/a><\/span><\/h5>\n<p>El projecte GEP ja t\u00e9 uns quants anys de recorregut al centre per la qual cosa estem conven\u00e7uts de la seva necessitat i efic\u00e0cia.<\/p>\n<p>La finalitat d\u2019aquest programa \u00e9s millorar la compet\u00e8ncia en lleng\u00fces estrangeres de l\u2019alumnat, afavorint el seu creixement acad\u00e8mic i posterior inserci\u00f3 laboral, i capacitant-lo per interactuar amb el m\u00f3n en diverses lleng\u00fces i de manera cr\u00edtica.<\/p>\n<p>Al nostre centre, les accions d&#8217;aquest programa es concreten en el fet d&#8217;impartir de manera biling\u00fce (catal\u00e0 i angl\u00e8s) una assignatura del curr\u00edculum que no pertanyi a l&#8217;apartat de lleng\u00fces. La concreci\u00f3 de les mat\u00e8ries i el nivell en qu\u00e8 s&#8217;imparteixen es fa cada any i dep\u00e8n, l\u00f2gicament, de la disponibilitat del professorat.<\/p>\n<h5><span style=\"color: #008000;\">Intercanvis \/Estades Ling\u00fc\u00edstiques<\/span><\/h5>\n<p>Des del centre som conscients que l&#8217;aprenentatge de les lleng\u00fces estrangeres a trav\u00e9s de l&#8217;experi\u00e8ncia vital d&#8217;un intercanvi \u00e9s altament enriquidor i constitueix un incentiu per als nostres alumnes. \u00c9s per aix\u00f2 que s&#8217;intenta oferir el m\u00e0xim de possibilitats per tal que tots els alumnes hi puguin participar.<\/p>\n<p>Els intercanvis que es proposen en llengua anglesa es fan a Holanda, Romania i la Xina, mentre que en llengua francesa s&#8217;ofereixen intercanvis a Li\u00f3, Montpeller i el Quebec.<\/p>\n<h5><span style=\"color: #008000;\">DELF<\/span><\/h5>\n<p>Des del centre tramitem la possibilitat d&#8217;examinar-se de l&#8217;examen DELF per acreditar el nivell en llengua francesa. Aquesta experi\u00e8ncia ja fa anys que la duem a terme i n&#8217;hem obtingut resultats excel\u00b7lents.<\/p>\n","protected":false},"excerpt":{"rendered":"<p>&nbsp; GEP Grup d&#8217;Experimentaci\u00f3 Pluriling\u00fce El projecte GEP ja t\u00e9 uns quants anys de recorregut al centre per la qual cosa estem conven\u00e7uts de la seva necessitat i efic\u00e0cia. La finalitat d\u2019aquest programa \u00e9s millorar la compet\u00e8ncia en lleng\u00fces estrangeres de l\u2019alumnat, afavorint el seu creixement acad\u00e8mic i posterior inserci\u00f3 laboral, i capacitant-lo per interactuar [&hellip;]<\/p>\n","protected":false},"author":1,"featured_media":0,"parent":57,"menu_order":10,"comment_status":"closed","ping_status":"closed","template":"page-templates\/side-menu.php","meta":{"_bbp_topic_count":0,"_bbp_reply_count":0,"_bbp_total_topic_count":0,"_bbp_total_reply_count":0,"_bbp_voice_count":0,"_bbp_anonymous_reply_count":0,"_bbp_topic_count_hidden":0,"_bbp_reply_count_hidden":0,"_bbp_forum_subforum_count":0,"site-sidebar-layout":"default","site-content-layout":"","ast-site-content-layout":"","site-content-style":"default","site-sidebar-style":"default","ast-global-header-display":"","ast-banner-title-visibility":"","ast-main-header-display":"","ast-hfb-above-header-display":"","ast-hfb-below-header-display":"","ast-hfb-mobile-header-display":"","site-post-title":"","ast-breadcrumbs-content":"","ast-featured-img":"","footer-sml-layout":"","theme-transparent-header-meta":"","adv-header-id-meta":"","stick-header-meta":"","header-above-stick-meta":"","header-main-stick-meta":"","header-below-stick-meta":"","astra-migrate-meta-layouts":"default","ast-page-background-enabled":"default","ast-page-background-meta":{"desktop":{"background-color":"var(--ast-global-color-4)","background-image":"","background-repeat":"repeat","background-position":"center center","background-size":"auto","background-attachment":"scroll","background-type":"","background-media":"","overlay-type":"","overlay-color":"","overlay-opacity":"","overlay-gradient":""},"tablet":{"background-color":"","background-image":"","background-repeat":"repeat","background-position":"center center","background-size":"auto","background-attachment":"scroll","background-type":"","background-media":"","overlay-type":"","overlay-color":"","overlay-opacity":"","overlay-gradient":""},"mobile":{"background-color":"","background-image":"","background-repeat":"repeat","background-position":"center center","background-size":"auto","background-attachment":"scroll","background-type":"","background-media":"","overlay-type":"","overlay-color":"","overlay-opacity":"","overlay-gradient":""}},"ast-content-background-meta":{"desktop":{"background-color":"var(--ast-global-color-5)","background-image":"","background-repeat":"repeat","background-position":"center center","background-size":"auto","background-attachment":"scroll","background-type":"","background-media":"","overlay-type":"","overlay-color":"","overlay-opacity":"","overlay-gradient":""},"tablet":{"background-color":"var(--ast-global-color-5)","background-image":"","background-repeat":"repeat","background-position":"center center","background-size":"auto","background-attachment":"scroll","background-type":"","background-media":"","overlay-type":"","overlay-color":"","overlay-opacity":"","overlay-gradient":""},"mobile":{"background-color":"var(--ast-global-color-5)","background-image":"","background-repeat":"repeat","background-position":"center center","background-size":"auto","background-attachment":"scroll","background-type":"","background-media":"","overlay-type":"","overlay-color":"","overlay-opacity":"","overlay-gradient":""}},"footnotes":""},"class_list":["post-560","page","type-page","status-publish","hentry"],"post_mailing_queue_ids":[],"_links":{"self":[{"href":"https:\/\/agora.xtec.cat\/iessantquirze\/wp-json\/wp\/v2\/pages\/560","targetHints":{"allow":["GET"]}}],"collection":[{"href":"https:\/\/agora.xtec.cat\/iessantquirze\/wp-json\/wp\/v2\/pages"}],"about":[{"href":"https:\/\/agora.xtec.cat\/iessantquirze\/wp-json\/wp\/v2\/types\/page"}],"author":[{"embeddable":true,"href":"https:\/\/agora.xtec.cat\/iessantquirze\/wp-json\/wp\/v2\/users\/1"}],"replies":[{"embeddable":true,"href":"https:\/\/agora.xtec.cat\/iessantquirze\/wp-json\/wp\/v2\/comments?post=560"}],"version-history":[{"count":3,"href":"https:\/\/agora.xtec.cat\/iessantquirze\/wp-json\/wp\/v2\/pages\/560\/revisions"}],"predecessor-version":[{"id":1206,"href":"https:\/\/agora.xtec.cat\/iessantquirze\/wp-json\/wp\/v2\/pages\/560\/revisions\/1206"}],"up":[{"embeddable":true,"href":"https:\/\/agora.xtec.cat\/iessantquirze\/wp-json\/wp\/v2\/pages\/57"}],"wp:attachment":[{"href":"https:\/\/agora.xtec.cat\/iessantquirze\/wp-json\/wp\/v2\/media?parent=560"}],"curies":[{"name":"wp","href":"https:\/\/api.w.org\/{rel}","templated":true}]}}