{"id":4702,"date":"2025-03-12T00:07:39","date_gmt":"2025-03-11T23:07:39","guid":{"rendered":"https:\/\/agora.xtec.cat\/iessantquirze\/?page_id=4702"},"modified":"2025-04-11T13:55:00","modified_gmt":"2025-04-11T11:55:00","slug":"installacions","status":"publish","type":"page","link":"https:\/\/agora.xtec.cat\/iessantquirze\/batxillerat-artistic\/installacions\/","title":{"rendered":"Instal\u00b7lacions"},"content":{"rendered":"<h4><b>Aula de volum<\/b><\/h4>\n<p><span style=\"font-weight: 400;\">\u00c9s una aula taller que acull la mat\u00e8ria de volum del batxillerat art\u00edstic, l\u2019optativa de modelatge i impressi\u00f3 3D i qualsevol projecte que desenvolupem que requereixi de treball en grup i dels recursos de l\u2019aula (les taules grans afavoreixen el treball cooperatiu). Es pot treballar (a banda de les t\u00e8cniques m\u00e9s comunes) amb fang, guix, cera\u2026\u00a0<\/span><\/p>\n<p><img loading=\"lazy\" decoding=\"async\" class=\"alignnone wp-image-4807\" src=\"https:\/\/agora.xtec.cat\/iessantquirze\/wp-content\/uploads\/usu1939\/2025\/03\/vol1.jpg\" alt=\"\" width=\"400\" height=\"179\" srcset=\"https:\/\/agora.xtec.cat\/iessantquirze\/wp-content\/uploads\/usu1939\/2025\/03\/vol1.jpg 1920w, https:\/\/agora.xtec.cat\/iessantquirze\/wp-content\/uploads\/usu1939\/2025\/03\/vol1-300x134.jpg 300w, https:\/\/agora.xtec.cat\/iessantquirze\/wp-content\/uploads\/usu1939\/2025\/03\/vol1-1024x459.jpg 1024w, https:\/\/agora.xtec.cat\/iessantquirze\/wp-content\/uploads\/usu1939\/2025\/03\/vol1-768x344.jpg 768w, https:\/\/agora.xtec.cat\/iessantquirze\/wp-content\/uploads\/usu1939\/2025\/03\/vol1-1536x688.jpg 1536w\" sizes=\"auto, (max-width: 400px) 100vw, 400px\" \/> <img loading=\"lazy\" decoding=\"async\" class=\"alignnone wp-image-4808\" src=\"https:\/\/agora.xtec.cat\/iessantquirze\/wp-content\/uploads\/usu1939\/2025\/03\/vol2.jpg\" alt=\"\" width=\"392\" height=\"184\" srcset=\"https:\/\/agora.xtec.cat\/iessantquirze\/wp-content\/uploads\/usu1939\/2025\/03\/vol2.jpg 1920w, https:\/\/agora.xtec.cat\/iessantquirze\/wp-content\/uploads\/usu1939\/2025\/03\/vol2-300x141.jpg 300w, https:\/\/agora.xtec.cat\/iessantquirze\/wp-content\/uploads\/usu1939\/2025\/03\/vol2-1024x482.jpg 1024w, https:\/\/agora.xtec.cat\/iessantquirze\/wp-content\/uploads\/usu1939\/2025\/03\/vol2-768x361.jpg 768w, https:\/\/agora.xtec.cat\/iessantquirze\/wp-content\/uploads\/usu1939\/2025\/03\/vol2-1536x722.jpg 1536w\" sizes=\"auto, (max-width: 392px) 100vw, 392px\" \/> <img loading=\"lazy\" decoding=\"async\" class=\"alignnone wp-image-4811\" src=\"https:\/\/agora.xtec.cat\/iessantquirze\/wp-content\/uploads\/usu1939\/2025\/03\/vol3.jpg\" alt=\"\" width=\"137\" height=\"183\" srcset=\"https:\/\/agora.xtec.cat\/iessantquirze\/wp-content\/uploads\/usu1939\/2025\/03\/vol3.jpg 713w, https:\/\/agora.xtec.cat\/iessantquirze\/wp-content\/uploads\/usu1939\/2025\/03\/vol3-224x300.jpg 224w\" sizes=\"auto, (max-width: 137px) 100vw, 137px\" \/><\/p>\n<p><a href=\"https:\/\/photos.app.goo.gl\/ELJKA4FXfBgCfXg46\"><strong>Galeria imatges<\/strong><\/a><\/p>\n<h4><\/h4>\n<p>&nbsp;<\/p>\n<h4><b>Aula 38<\/b><\/h4>\n<p><span style=\"font-weight: 400;\">\u00c9s una aula espec\u00edfica del Departament de Dibuix que acull tant alumnat d\u2019ESO com de Batxillerat.<\/span><\/p>\n<p><span style=\"font-weight: 400;\">Com a complement d\u2019aquesta aula, hem disposat en un altre espai del centre, l\u2019estudi de fotografia format per un kit de croma i set d\u2019il\u00b7luminaci\u00f3, un cercle de llum, una c\u00e0mera de v\u00eddeo 4k, una caixa d\u2019estudi fotogr\u00e0fic, auriculars, micr\u00f2fons, una taula de so i una gravadora port\u00e0til amb micr\u00f2fon est\u00e8reo.<\/span><\/p>\n<p>&nbsp;<\/p>\n<h4><b>Aula de Dibuix<\/b><\/h4>\n<p><span style=\"font-weight: 400;\">Aquesta \u00e9s la tercera de les aules. \u00c9s la m\u00e9s gran, molt espaiosa i lluminosa. Tamb\u00e9 cal mencionar que estem en un entorn privilegiat, ja que les vistes que tenim des de les nostres aules s\u00f3n d\u2019espais naturals i de molta amplitud.<\/span><\/p>\n<p><span style=\"font-weight: 400;\">L\u2019Aula de Dibuix acull de manera priorit\u00e0ria les mat\u00e8ries de Dibuix Art\u00edstic i de Dibuix T\u00e8cnic del batxillerat, per la metodologia de treball, l\u2019amplitud de les taules i l\u2019espai lliure per disposar cavallets.<\/span><\/p>\n<p><span style=\"font-weight: 400;\">A m\u00e9s a m\u00e9s, disposem de dues taules de llum i un t\u00f2rcul per treballar en diferents pr\u00e0ctiques de gravat.<\/span><\/p>\n<p><img loading=\"lazy\" decoding=\"async\" class=\"alignnone wp-image-4813\" src=\"https:\/\/agora.xtec.cat\/iessantquirze\/wp-content\/uploads\/usu1939\/2025\/03\/dib1.jpg\" alt=\"\" width=\"271\" height=\"203\" srcset=\"https:\/\/agora.xtec.cat\/iessantquirze\/wp-content\/uploads\/usu1939\/2025\/03\/dib1.jpg 1271w, https:\/\/agora.xtec.cat\/iessantquirze\/wp-content\/uploads\/usu1939\/2025\/03\/dib1-300x225.jpg 300w, https:\/\/agora.xtec.cat\/iessantquirze\/wp-content\/uploads\/usu1939\/2025\/03\/dib1-1024x768.jpg 1024w, https:\/\/agora.xtec.cat\/iessantquirze\/wp-content\/uploads\/usu1939\/2025\/03\/dib1-768x576.jpg 768w, https:\/\/agora.xtec.cat\/iessantquirze\/wp-content\/uploads\/usu1939\/2025\/03\/dib1-200x150.jpg 200w\" sizes=\"auto, (max-width: 271px) 100vw, 271px\" \/> <img loading=\"lazy\" decoding=\"async\" class=\"alignnone wp-image-4814\" src=\"https:\/\/agora.xtec.cat\/iessantquirze\/wp-content\/uploads\/usu1939\/2025\/03\/dib2.jpeg\" alt=\"\" width=\"153\" height=\"204\" srcset=\"https:\/\/agora.xtec.cat\/iessantquirze\/wp-content\/uploads\/usu1939\/2025\/03\/dib2.jpeg 715w, https:\/\/agora.xtec.cat\/iessantquirze\/wp-content\/uploads\/usu1939\/2025\/03\/dib2-225x300.jpeg 225w\" sizes=\"auto, (max-width: 153px) 100vw, 153px\" \/> <img loading=\"lazy\" decoding=\"async\" class=\"alignnone wp-image-4816\" src=\"https:\/\/agora.xtec.cat\/iessantquirze\/wp-content\/uploads\/usu1939\/2025\/03\/dib3-1.jpeg\" alt=\"\" width=\"152\" height=\"203\" srcset=\"https:\/\/agora.xtec.cat\/iessantquirze\/wp-content\/uploads\/usu1939\/2025\/03\/dib3-1.jpeg 715w, https:\/\/agora.xtec.cat\/iessantquirze\/wp-content\/uploads\/usu1939\/2025\/03\/dib3-1-225x300.jpeg 225w\" sizes=\"auto, (max-width: 152px) 100vw, 152px\" \/><\/p>\n<p><a href=\"https:\/\/photos.app.goo.gl\/B3bfAv47cQbrE3CV8\"><strong>Galeria imatges<\/strong><\/a><\/p>\n<p>&nbsp;<\/p>\n<h6 data-pm-slice=\"1 1 []\">Les principals instal\u00b7lacions del centre les podeu trobar en <a href=\"https:\/\/agora.xtec.cat\/iessantquirze\/linstitut\/instal%c2%b7lacions\/\"><strong>Instal\u00b7lacions<\/strong><\/a>.<\/h6>\n<p>&nbsp;<\/p>\n<hr \/>\n<p><span style=\"font-weight: 400;\">Tens dubtes? Escriu-nos a <\/span><a href=\"mailto:batxilleratartistic.isqv@gmail.com\"><b>batxilleratartistic.isqv@gmail.com<\/b><\/a><\/p>\n<p>&nbsp;<\/p>\n","protected":false},"excerpt":{"rendered":"<p>Aula de volum \u00c9s una aula taller que acull la mat\u00e8ria de volum del batxillerat art\u00edstic, l\u2019optativa de modelatge i impressi\u00f3 3D i qualsevol projecte que desenvolupem que requereixi de treball en grup i dels recursos de l\u2019aula (les taules grans afavoreixen el treball cooperatiu). Es pot treballar (a banda de les t\u00e8cniques m\u00e9s comunes) [&hellip;]<\/p>\n","protected":false},"author":1,"featured_media":0,"parent":4687,"menu_order":4,"comment_status":"closed","ping_status":"closed","template":"page-templates\/side-menu.php","meta":{"_bbp_topic_count":0,"_bbp_reply_count":0,"_bbp_total_topic_count":0,"_bbp_total_reply_count":0,"_bbp_voice_count":0,"_bbp_anonymous_reply_count":0,"_bbp_topic_count_hidden":0,"_bbp_reply_count_hidden":0,"_bbp_forum_subforum_count":0,"site-sidebar-layout":"default","site-content-layout":"","ast-site-content-layout":"","site-content-style":"default","site-sidebar-style":"default","ast-global-header-display":"","ast-banner-title-visibility":"","ast-main-header-display":"","ast-hfb-above-header-display":"","ast-hfb-below-header-display":"","ast-hfb-mobile-header-display":"","site-post-title":"","ast-breadcrumbs-content":"","ast-featured-img":"","footer-sml-layout":"","theme-transparent-header-meta":"","adv-header-id-meta":"","stick-header-meta":"","header-above-stick-meta":"","header-main-stick-meta":"","header-below-stick-meta":"","astra-migrate-meta-layouts":"default","ast-page-background-enabled":"default","ast-page-background-meta":{"desktop":{"background-color":"var(--ast-global-color-4)","background-image":"","background-repeat":"repeat","background-position":"center center","background-size":"auto","background-attachment":"scroll","background-type":"","background-media":"","overlay-type":"","overlay-color":"","overlay-opacity":"","overlay-gradient":""},"tablet":{"background-color":"","background-image":"","background-repeat":"repeat","background-position":"center center","background-size":"auto","background-attachment":"scroll","background-type":"","background-media":"","overlay-type":"","overlay-color":"","overlay-opacity":"","overlay-gradient":""},"mobile":{"background-color":"","background-image":"","background-repeat":"repeat","background-position":"center center","background-size":"auto","background-attachment":"scroll","background-type":"","background-media":"","overlay-type":"","overlay-color":"","overlay-opacity":"","overlay-gradient":""}},"ast-content-background-meta":{"desktop":{"background-color":"var(--ast-global-color-5)","background-image":"","background-repeat":"repeat","background-position":"center center","background-size":"auto","background-attachment":"scroll","background-type":"","background-media":"","overlay-type":"","overlay-color":"","overlay-opacity":"","overlay-gradient":""},"tablet":{"background-color":"var(--ast-global-color-5)","background-image":"","background-repeat":"repeat","background-position":"center center","background-size":"auto","background-attachment":"scroll","background-type":"","background-media":"","overlay-type":"","overlay-color":"","overlay-opacity":"","overlay-gradient":""},"mobile":{"background-color":"var(--ast-global-color-5)","background-image":"","background-repeat":"repeat","background-position":"center center","background-size":"auto","background-attachment":"scroll","background-type":"","background-media":"","overlay-type":"","overlay-color":"","overlay-opacity":"","overlay-gradient":""}},"footnotes":""},"class_list":["post-4702","page","type-page","status-publish","hentry"],"post_mailing_queue_ids":[],"_links":{"self":[{"href":"https:\/\/agora.xtec.cat\/iessantquirze\/wp-json\/wp\/v2\/pages\/4702","targetHints":{"allow":["GET"]}}],"collection":[{"href":"https:\/\/agora.xtec.cat\/iessantquirze\/wp-json\/wp\/v2\/pages"}],"about":[{"href":"https:\/\/agora.xtec.cat\/iessantquirze\/wp-json\/wp\/v2\/types\/page"}],"author":[{"embeddable":true,"href":"https:\/\/agora.xtec.cat\/iessantquirze\/wp-json\/wp\/v2\/users\/1"}],"replies":[{"embeddable":true,"href":"https:\/\/agora.xtec.cat\/iessantquirze\/wp-json\/wp\/v2\/comments?post=4702"}],"version-history":[{"count":6,"href":"https:\/\/agora.xtec.cat\/iessantquirze\/wp-json\/wp\/v2\/pages\/4702\/revisions"}],"predecessor-version":[{"id":4983,"href":"https:\/\/agora.xtec.cat\/iessantquirze\/wp-json\/wp\/v2\/pages\/4702\/revisions\/4983"}],"up":[{"embeddable":true,"href":"https:\/\/agora.xtec.cat\/iessantquirze\/wp-json\/wp\/v2\/pages\/4687"}],"wp:attachment":[{"href":"https:\/\/agora.xtec.cat\/iessantquirze\/wp-json\/wp\/v2\/media?parent=4702"}],"curies":[{"name":"wp","href":"https:\/\/api.w.org\/{rel}","templated":true}]}}