{"id":4701,"date":"2025-03-12T00:07:39","date_gmt":"2025-03-11T23:07:39","guid":{"rendered":"https:\/\/agora.xtec.cat\/iessantquirze\/?page_id=4701"},"modified":"2026-04-15T10:53:49","modified_gmt":"2026-04-15T08:53:49","slug":"sortides-professionals","status":"publish","type":"page","link":"https:\/\/agora.xtec.cat\/iessantquirze\/batxillerat-artistic\/sortides-professionals\/","title":{"rendered":"Continu\u00eftat d&#8217;estudis"},"content":{"rendered":"<p data-pm-slice=\"1 1 []\">L\u2019elecci\u00f3 de la modalitat de batxillerat sovint la fem pensant m\u00e9s enll\u00e0 dels dos anys que dura aquesta etapa formativa i decidim a conseq\u00fc\u00e8ncia del \u201cqu\u00e8 vull fer despr\u00e9s\u201d. Si est\u00e0s aqu\u00ed segurament \u00e9s perqu\u00e8 est\u00e0s plantejant-te cursar el Batxillerat d\u2019Arts Pl\u00e0stiques, Imatge i Disseny, per\u00f2 no tens molt clares quines opcions tindr\u00e0s en acabat, \u00e9s a dir, quines possibilitats hi ha de continuaci\u00f3 d\u2019estudis i de sortides professionals.<\/p>\n<p>Des de l\u2019Institut Sant Quirze del Vall\u00e8s reivindiquem que la modalitat d\u2019arts del batxillerat no et condueix nom\u00e9s a ser pintor o escultor, sin\u00f3 que t\u2019obre molts camins lligats tant al m\u00f3n de l\u2019art com de les humanitats. Vols saber com?<\/p>\n<h6>1. Acc\u00e9s a la universitat<\/h6>\n<h6>2. Grau en Ensenyaments Arti\u0301stics Superiors<\/h6>\n<h6>3. Estudis en Arts Pl\u00e0stiques i Disseny<\/h6>\n<h6>4. Cicles de Formaci\u00f3 professional de Grau Superior<\/h6>\n<p>&nbsp;<\/p>\n<h4><b>1. Acc\u00e9s a la universitat<\/b><\/h4>\n<p><span style=\"font-weight: 400;\">Els estudis universitaris s\u00f3n la sortida m\u00e9s habitual en acabar el Batxillerat. Els graus universitaris tenen com a requisit superar les Proves d\u2019Acc\u00e9s a la Universitat i la nota de tall del grau. Consulta totes les<a href=\"https:\/\/universitats.gencat.cat\/web\/.content\/02_preinscripcio\/enllac-documents\/Ponderacions-2027_v1.pdf\" target=\"_blank\" rel=\"noopener\"><strong> ponderacions per al 2027<\/strong><\/a><\/span><\/p>\n<h6><span style=\"font-weight: 400;\">GRAUS UNIVERSITARIS ALS QUE ES POT ACCEDIR AMB EL BATXILLERAT ART\u00cdSTIC<\/span><\/h6>\n<ul>\n<li style=\"font-weight: 400;\" aria-level=\"1\"><span style=\"font-weight: 400;\">Arquitectura<\/span><\/li>\n<li style=\"font-weight: 400;\" aria-level=\"1\"><span style=\"font-weight: 400;\">Arts i Disseny \u201cMassana\u201d<\/span><\/li>\n<li style=\"font-weight: 400;\" aria-level=\"1\"><span style=\"font-weight: 400;\">Belles Arts<\/span><\/li>\n<li style=\"font-weight: 400;\" aria-level=\"1\"><span style=\"font-weight: 400;\">Ci\u00e8ncies de l&#8217;Activitat F\u00edsica i de l&#8217;Esport \/ Educaci\u00f3 Prim\u00e0ria<\/span><\/li>\n<li style=\"font-weight: 400;\" aria-level=\"1\"><span style=\"font-weight: 400;\">Cinematografia &#8220;ESCAC&#8221;<\/span><\/li>\n<li style=\"font-weight: 400;\" aria-level=\"1\"><span style=\"font-weight: 400;\">Comunicaci\u00f3 Audiovisual<\/span><\/li>\n<li style=\"font-weight: 400;\" aria-level=\"1\"><span style=\"font-weight: 400;\">Comunicaci\u00f3 Audiovisual \/ Gesti\u00f3 d&#8217;Informaci\u00f3 i Documentaci\u00f3 Digital (Simultane\u00eftat)<\/span><\/li>\n<li style=\"font-weight: 400;\" aria-level=\"1\"><span style=\"font-weight: 400;\">Comunicaci\u00f3 Cultural<\/span><\/li>\n<li style=\"font-weight: 400;\" aria-level=\"1\"><span style=\"font-weight: 400;\">Conservaci\u00f3 &#8211; Restauraci\u00f3 de B\u00e9ns Culturals<\/span><\/li>\n<li style=\"font-weight: 400;\" aria-level=\"1\"><span style=\"font-weight: 400;\">Disseny<\/span><\/li>\n<li style=\"font-weight: 400;\" aria-level=\"1\"><span style=\"font-weight: 400;\">Disseny, Animaci\u00f3 i Art Digital per a Videojocs i Jocs Aplicats &#8220;ENTI&#8221;<\/span><\/li>\n<li style=\"font-weight: 400;\" aria-level=\"1\"><span style=\"font-weight: 400;\">Disseny, Animaci\u00f3 i Art Digital<\/span><\/li>\n<li style=\"font-weight: 400;\" aria-level=\"1\"><span style=\"font-weight: 400;\">Disseny Digital i Tecnologies Multim\u00e8dia<\/span><\/li>\n<li style=\"font-weight: 400;\" aria-level=\"1\"><span style=\"font-weight: 400;\">Disseny Digital i Tecnologies Creatives<\/span><\/li>\n<li style=\"font-weight: 400;\" aria-level=\"1\"><span style=\"font-weight: 400;\">Disseny i Producci\u00f3 de Videojocs &#8220;Tecnocampus&#8221;<\/span><\/li>\n<li style=\"font-weight: 400;\" aria-level=\"1\"><span style=\"font-weight: 400;\">Disseny i Producci\u00f3 de Videojocs \/ Enginyeria Inform\u00e0tica de Gesti\u00f3 i Sistemes d&#8217;Informaci\u00f3 &#8220;Tecnocampus&#8221; (Simultane\u00eftat)<\/span><\/li>\n<li style=\"font-weight: 400;\" aria-level=\"1\"><span style=\"font-weight: 400;\">Educaci\u00f3 Infantil<\/span><\/li>\n<li style=\"font-weight: 400;\" aria-level=\"1\"><span style=\"font-weight: 400;\">Educaci\u00f3 Infantil \/ Educaci\u00f3 Prim\u00e0ria (5 anys) (Simultane\u00eftat)<\/span><\/li>\n<li style=\"font-weight: 400;\" aria-level=\"1\"><span style=\"font-weight: 400;\">Educaci\u00f3 Prim\u00e0ria<\/span><\/li>\n<li style=\"font-weight: 400;\" aria-level=\"1\"><span style=\"font-weight: 400;\">Enginyeria de Disseny Industrial &#8220;Elisava&#8221;<\/span><\/li>\n<li style=\"font-weight: 400;\" aria-level=\"1\"><span style=\"font-weight: 400;\">Enginyeria de Disseny Industrial i Desenvolupament del Producte<\/span><\/li>\n<li style=\"font-weight: 400;\" aria-level=\"1\"><span style=\"font-weight: 400;\">Enginyeria Inform\u00e0tica de Gesti\u00f3 i Sistemes d&#8217;Informaci\u00f3 \/ Disseny i Producci\u00f3 de Videojocs &#8220;Tecnocampus&#8221;<\/span><\/li>\n<li style=\"font-weight: 400;\" aria-level=\"1\"><span style=\"font-weight: 400;\">Estudis Socioculturals de G\u00e8nere<\/span><\/li>\n<li style=\"font-weight: 400;\" aria-level=\"1\"><span style=\"font-weight: 400;\">Gesti\u00f3 d&#8217;Informaci\u00f3 i Documentaci\u00f3 Digital \/ Comunicaci\u00f3 Audiovisual (Simultane\u00eftat)<\/span><\/li>\n<li style=\"font-weight: 400;\" aria-level=\"1\"><span style=\"font-weight: 400;\">Humanitats<\/span><\/li>\n<li style=\"font-weight: 400;\" aria-level=\"1\"><span style=\"font-weight: 400;\">M\u00e0rqueting i Comunitats Digitals &#8220;Tecnocampus&#8221;<\/span><\/li>\n<li style=\"font-weight: 400;\" aria-level=\"1\"><span style=\"font-weight: 400;\">M\u00e0rqueting i Comunitats Digitals \/ Administraci\u00f3 d&#8217;Empreses i Gesti\u00f3 de la Innovaci\u00f3 &#8220;Tecnocampus&#8221; (Simultane\u00eftat)<\/span><\/li>\n<li style=\"font-weight: 400;\" aria-level=\"1\"><span style=\"font-weight: 400;\">M\u00e0rqueting i Comunitats Digitals \/ Turisme i Gesti\u00f3 del Lleure &#8220;Tecnocampus&#8221; (Simultane\u00eftat)<\/span><\/li>\n<li style=\"font-weight: 400;\" aria-level=\"1\"><span style=\"font-weight: 400;\">Mitjans Audiovisuals &#8220;Tecnocampus&#8221;<\/span><\/li>\n<li style=\"font-weight: 400;\" aria-level=\"1\"><span style=\"font-weight: 400;\">Moda &#8220;ERAM&#8221;<\/span><\/li>\n<li style=\"font-weight: 400;\" aria-level=\"1\"><span style=\"font-weight: 400;\">Multim\u00e8dia. Aplicacions i Videojocs<\/span><\/li>\n<li style=\"font-weight: 400;\" aria-level=\"1\"><span style=\"font-weight: 400;\">Publicitat i Relacions P\u00fabliques<\/span><\/li>\n<li style=\"font-weight: 400;\" aria-level=\"1\"><span style=\"font-weight: 400;\">Publicitat i Relacions P\u00fabliques \/ Turisme (Simultane\u00eftat)<\/span><\/li>\n<li style=\"font-weight: 400;\" aria-level=\"1\"><span style=\"font-weight: 400;\">Turisme i Gesti\u00f3 del Lleure \/ M\u00e0rqueting i Comunitats Digitals &#8220;Tecnocampus&#8221; (Simultane\u00eftat)<\/span><\/li>\n<\/ul>\n<p>&nbsp;<\/p>\n<h4><b>2. Grau en Ensenyament Art\u00edstics Superiors<\/b><\/h4>\n<p data-pm-slice=\"1 1 []\">Els ti\u0301tols de grau en Ensenyaments Arti\u0301stics Superiors s&#8217;organitzen en quatre cursos, que equivalen a 240 cre\u0300dits ECTS, i la superacio\u0301 d&#8217;aquests ensenyaments dona dret a l&#8217;obtencio\u0301 del ti\u0301tol de grau en la disciplina i en l&#8217;especialitat corresponent. So\u0301n oficials i estan acreditats en qualitat per l&#8217;Age\u0300ncia de Qualitat Universita\u0300ria de Catalunya. Aquests estudis donen acce\u0301s als nivells de ma\u0300sters i doctorat.<\/p>\n<p>La modalitat de Batxillerat d\u2019Arts Pl\u00e0stiques, Imatge i Disseny dona acc\u00e9s a les seg\u00fcents titulacions d\u2019Ensenyaments Art\u00edstics Superiors:<\/p>\n<h5><span style=\"text-decoration: underline;\"><strong>A. <a href=\"https:\/\/triaeducativa.gencat.cat\/ca\/graus-masters\/graus-artistics-superiors\/disciplines-artistiques\/crbc\/\" target=\"_blank\" rel=\"noopener\">Ensenyaments Superiors de Conservacio\u0301 i Restauracio\u0301 de Be\u0301ns Culturals<\/a><\/strong><\/span><\/h5>\n<p>Faciliten una formacio\u0301 te\u0300cnica, cienti\u0301fica i arti\u0301stica ido\u0300nies per preparar professionals amb capacitat d\u2019analitzar, diagnosticar i intervenir en la conservacio\u0301 i la restauracio\u0301 del patrimoni histo\u0300ric i cultural.<\/p>\n<p>Tenen una durada de quatre cursos, que equivalen a 240 cre\u0300dits ECTS.<\/p>\n<p>Consten de sis especialitats: Arts del llibre, Arqueologia, Escultura, Moble, Pintura, Te\u0300xtil.<\/p>\n<h5><strong><span style=\"text-decoration: underline;\">B. <a href=\"https:\/\/triaeducativa.gencat.cat\/ca\/graus-masters\/graus-artistics-superiors\/disciplines-artistiques\/disseny\/\">Ensenyaments Superiors de Disseny<\/a><\/span><\/strong><\/h5>\n<p>Faciliten una formacio\u0301 que desenvolupa de manera integrada les capacitats creatives, expressives, tecnolo\u0300giques i d\u2019investigacio\u0301 ido\u0300nies per preparar professionals aptes per definir la configuracio\u0301, la qualitat i el funcionament del disseny de les produccions.<\/p>\n<p>Tenen una durada de quatre cursos, que equivalen a 240 cre\u0300dits ECTS.<\/p>\n<p>Consten de quatre especialitats: Disseny gra\u0300fic, Disseny d&#8217;interiors, Disseny de productes, Disseny de moda.<\/p>\n<p><strong>ACCE\u0301S ALS GRAUS EN ENSENYAMENTS ARTI\u0301STICS SUPERIORS<\/strong><\/p>\n<p>Per a poder accedir a aquests ensenyaments es requereix els compliments dels requisits acade\u0300mics (tenir el ti\u0301tol de batxiller, de te\u0300cnic superior o acreditar l&#8217;acce\u0301s a la universitat per haver superat les proves d&#8217;acce\u0301s a la universitat per majors de 25 anys) i la superacio\u0301.<\/p>\n<p>D&#8217;una prova especi\u0301fica d&#8217;acce\u0301s que te\u0301 per objectiu comprovar que els aspirants tenen els coneixements, les habilitats i les capacitats necessa\u0300ries per cursar-los amb aprofitament.<\/p>\n<p><span style=\"font-weight: 400;\">Per a m\u00e9s informaci\u00f3 podeu consultar el seg\u00fcent <a href=\"https:\/\/triaeducativa.gencat.cat\/ca\/graus-masters\/graus-artistics-superiors\/index.html\" target=\"_blank\" rel=\"noopener\">enlla\u00e7<\/a><\/span><\/p>\n<p>&nbsp;<\/p>\n<h4><b>3. Estudis en Arts Pl\u00e0stiques i Disseny<\/b><\/h4>\n<h6><img loading=\"lazy\" decoding=\"async\" class=\"alignnone wp-image-4848\" src=\"https:\/\/agora.xtec.cat\/iessantquirze\/wp-content\/uploads\/usu1939\/2025\/03\/tab1-1.jpg\" alt=\"\" width=\"632\" height=\"178\" srcset=\"https:\/\/agora.xtec.cat\/iessantquirze\/wp-content\/uploads\/usu1939\/2025\/03\/tab1-1.jpg 639w, https:\/\/agora.xtec.cat\/iessantquirze\/wp-content\/uploads\/usu1939\/2025\/03\/tab1-1-300x85.jpg 300w\" sizes=\"auto, (max-width: 632px) 100vw, 632px\" \/><\/h6>\n<p><img loading=\"lazy\" decoding=\"async\" class=\"alignnone wp-image-4849\" src=\"https:\/\/agora.xtec.cat\/iessantquirze\/wp-content\/uploads\/usu1939\/2025\/03\/tab2.jpg\" alt=\"\" width=\"632\" height=\"519\" srcset=\"https:\/\/agora.xtec.cat\/iessantquirze\/wp-content\/uploads\/usu1939\/2025\/03\/tab2.jpg 638w, https:\/\/agora.xtec.cat\/iessantquirze\/wp-content\/uploads\/usu1939\/2025\/03\/tab2-300x246.jpg 300w\" sizes=\"auto, (max-width: 632px) 100vw, 632px\" \/><img loading=\"lazy\" decoding=\"async\" class=\"alignnone size-full wp-image-4857\" src=\"https:\/\/agora.xtec.cat\/iessantquirze\/wp-content\/uploads\/usu1939\/2025\/03\/tab4-2.jpg\" alt=\"\" width=\"632\" height=\"582\" srcset=\"https:\/\/agora.xtec.cat\/iessantquirze\/wp-content\/uploads\/usu1939\/2025\/03\/tab4-2.jpg 632w, https:\/\/agora.xtec.cat\/iessantquirze\/wp-content\/uploads\/usu1939\/2025\/03\/tab4-2-300x276.jpg 300w\" sizes=\"auto, (max-width: 632px) 100vw, 632px\" \/><\/p>\n<p><span style=\"font-weight: 400;\">Per a m\u00e9s informaci\u00f3 podeu consultar el seg\u00fcent <a href=\"https:\/\/triaeducativa.gencat.cat\/ca\/artistics-esportius\/apd\/\">enlla\u00e7<\/a><\/span><\/p>\n<h4><\/h4>\n<p>&nbsp;<\/p>\n<h4><b>4. Cicles de Formaci\u00f3 professional de Grau Superior<\/b><\/h4>\n<h6><\/h6>\n<p><img loading=\"lazy\" decoding=\"async\" class=\"alignnone size-full wp-image-4855\" src=\"https:\/\/agora.xtec.cat\/iessantquirze\/wp-content\/uploads\/usu1939\/2025\/03\/tab5.jpg\" alt=\"\" width=\"628\" height=\"661\" srcset=\"https:\/\/agora.xtec.cat\/iessantquirze\/wp-content\/uploads\/usu1939\/2025\/03\/tab5.jpg 628w, https:\/\/agora.xtec.cat\/iessantquirze\/wp-content\/uploads\/usu1939\/2025\/03\/tab5-285x300.jpg 285w\" sizes=\"auto, (max-width: 628px) 100vw, 628px\" \/><\/p>\n<p><span style=\"font-weight: 400;\">Per a m\u00e9s informaci\u00f3 podeu consultar el seg\u00fcent <a href=\"https:\/\/triaeducativa.gencat.cat\/ca\/fp\/grau-superior\/families-professionals\/\" target=\"_blank\" rel=\"noopener\">enlla\u00e7<\/a><\/span><\/p>\n<hr \/>\n<p><span style=\"font-weight: 400;\">Tens dubtes? Escriu-nos a <\/span><a href=\"mailto:batxilleratartistic.isqv@gmail.com\"><b>batxilleratartistic.isqv@gmail.com<\/b><\/a><\/p>\n<p>&nbsp;<\/p>\n","protected":false},"excerpt":{"rendered":"<p>L\u2019elecci\u00f3 de la modalitat de batxillerat sovint la fem pensant m\u00e9s enll\u00e0 dels dos anys que dura aquesta etapa formativa i decidim a conseq\u00fc\u00e8ncia del \u201cqu\u00e8 vull fer despr\u00e9s\u201d. Si est\u00e0s aqu\u00ed segurament \u00e9s perqu\u00e8 est\u00e0s plantejant-te cursar el Batxillerat d\u2019Arts Pl\u00e0stiques, Imatge i Disseny, per\u00f2 no tens molt clares quines opcions tindr\u00e0s en acabat, [&hellip;]<\/p>\n","protected":false},"author":1,"featured_media":0,"parent":4687,"menu_order":3,"comment_status":"closed","ping_status":"closed","template":"","meta":{"_bbp_topic_count":0,"_bbp_reply_count":0,"_bbp_total_topic_count":0,"_bbp_total_reply_count":0,"_bbp_voice_count":0,"_bbp_anonymous_reply_count":0,"_bbp_topic_count_hidden":0,"_bbp_reply_count_hidden":0,"_bbp_forum_subforum_count":0,"site-sidebar-layout":"default","site-content-layout":"","ast-site-content-layout":"default","site-content-style":"default","site-sidebar-style":"default","ast-global-header-display":"","ast-banner-title-visibility":"","ast-main-header-display":"","ast-hfb-above-header-display":"","ast-hfb-below-header-display":"","ast-hfb-mobile-header-display":"","site-post-title":"","ast-breadcrumbs-content":"","ast-featured-img":"","footer-sml-layout":"","theme-transparent-header-meta":"default","adv-header-id-meta":"","stick-header-meta":"","header-above-stick-meta":"","header-main-stick-meta":"","header-below-stick-meta":"","astra-migrate-meta-layouts":"set","ast-page-background-enabled":"default","ast-page-background-meta":{"desktop":{"background-color":"var(--ast-global-color-4)","background-image":"","background-repeat":"repeat","background-position":"center center","background-size":"auto","background-attachment":"scroll","background-type":"","background-media":"","overlay-type":"","overlay-color":"","overlay-opacity":"","overlay-gradient":""},"tablet":{"background-color":"","background-image":"","background-repeat":"repeat","background-position":"center center","background-size":"auto","background-attachment":"scroll","background-type":"","background-media":"","overlay-type":"","overlay-color":"","overlay-opacity":"","overlay-gradient":""},"mobile":{"background-color":"","background-image":"","background-repeat":"repeat","background-position":"center center","background-size":"auto","background-attachment":"scroll","background-type":"","background-media":"","overlay-type":"","overlay-color":"","overlay-opacity":"","overlay-gradient":""}},"ast-content-background-meta":{"desktop":{"background-color":"var(--ast-global-color-5)","background-image":"","background-repeat":"repeat","background-position":"center center","background-size":"auto","background-attachment":"scroll","background-type":"","background-media":"","overlay-type":"","overlay-color":"","overlay-opacity":"","overlay-gradient":""},"tablet":{"background-color":"var(--ast-global-color-5)","background-image":"","background-repeat":"repeat","background-position":"center center","background-size":"auto","background-attachment":"scroll","background-type":"","background-media":"","overlay-type":"","overlay-color":"","overlay-opacity":"","overlay-gradient":""},"mobile":{"background-color":"var(--ast-global-color-5)","background-image":"","background-repeat":"repeat","background-position":"center center","background-size":"auto","background-attachment":"scroll","background-type":"","background-media":"","overlay-type":"","overlay-color":"","overlay-opacity":"","overlay-gradient":""}},"footnotes":""},"class_list":["post-4701","page","type-page","status-publish","hentry"],"post_mailing_queue_ids":[],"_links":{"self":[{"href":"https:\/\/agora.xtec.cat\/iessantquirze\/wp-json\/wp\/v2\/pages\/4701","targetHints":{"allow":["GET"]}}],"collection":[{"href":"https:\/\/agora.xtec.cat\/iessantquirze\/wp-json\/wp\/v2\/pages"}],"about":[{"href":"https:\/\/agora.xtec.cat\/iessantquirze\/wp-json\/wp\/v2\/types\/page"}],"author":[{"embeddable":true,"href":"https:\/\/agora.xtec.cat\/iessantquirze\/wp-json\/wp\/v2\/users\/1"}],"replies":[{"embeddable":true,"href":"https:\/\/agora.xtec.cat\/iessantquirze\/wp-json\/wp\/v2\/comments?post=4701"}],"version-history":[{"count":7,"href":"https:\/\/agora.xtec.cat\/iessantquirze\/wp-json\/wp\/v2\/pages\/4701\/revisions"}],"predecessor-version":[{"id":5360,"href":"https:\/\/agora.xtec.cat\/iessantquirze\/wp-json\/wp\/v2\/pages\/4701\/revisions\/5360"}],"up":[{"embeddable":true,"href":"https:\/\/agora.xtec.cat\/iessantquirze\/wp-json\/wp\/v2\/pages\/4687"}],"wp:attachment":[{"href":"https:\/\/agora.xtec.cat\/iessantquirze\/wp-json\/wp\/v2\/media?parent=4701"}],"curies":[{"name":"wp","href":"https:\/\/api.w.org\/{rel}","templated":true}]}}