{"id":4700,"date":"2025-03-12T00:07:38","date_gmt":"2025-03-11T23:07:38","guid":{"rendered":"https:\/\/agora.xtec.cat\/iessantquirze\/?page_id=4700"},"modified":"2025-03-31T20:43:16","modified_gmt":"2025-03-31T18:43:16","slug":"curriculum","status":"publish","type":"page","link":"https:\/\/agora.xtec.cat\/iessantquirze\/batxillerat-artistic\/curriculum\/","title":{"rendered":"Curr\u00edculum"},"content":{"rendered":"<p style=\"text-align: left;\"><span style=\"font-weight: 400;\">L\u2019Institut Sant Quirze del Vall\u00e8s aposta per la creativitat i les arts incloent en l\u2019oferta formativa la modalitat de Batxillerat d\u2019Arts Pl\u00e0stiques, Imatge i Disseny. Des dels seus inicis hem treballat juntament amb el Departament d\u2019Educaci\u00f3 perqu\u00e8 els espais, les instal\u00b7lacions, els recursos i els materials disponibles siguin els m\u00e9s adients per al nostre alumnat.<\/span><\/p>\n<p style=\"text-align: left;\"><span style=\"font-weight: 400;\">El llenguatge visual constitueix la bastimentada del disseny gr\u00e0fic, la il\u00b7lustraci\u00f3, la publicitat i l\u2019animaci\u00f3 inform\u00e0tica per a qualsevol mitj\u00e0 audiovisual, des del cinema fins a internet. Per\u00f2 la creativitat no nom\u00e9s \u00e9s la base de les professions art\u00edstiques, sin\u00f3 tamb\u00e9 de les cient\u00edfiques i tecnol\u00f2giques on constantment es busquen solucions als reptes de cada investigaci\u00f3 o projecte. Segons Xavier Sala i Martin (economista, publicista i professor de la Universitat de Columbia): \u201cLes formacions del futur necessiten professionals creatius. Les grans idees empresarials no venen de cient\u00edfics sin\u00f3 d\u2019escriptors, artistes i creatius; nom\u00e9s el 8% de les idees venen del I+D dels cient\u00edfics.\u201d Aix\u00ed, des de les mat\u00e8ries del Batxillerat d\u2019Arts Pl\u00e0stiques, Imatge i Disseny busquem un enfocament pr\u00e0ctic per capacitar l\u2019alumnat a con\u00e8ixer i entendre el llenguatge gr\u00e0fic, tant en els seus aspectes de lectura i interpretaci\u00f3 com el de l\u2019expressi\u00f3 de les idees art\u00edstiques, tecnol\u00f2giques, cient\u00edfiques, i industrials.<\/span><\/p>\n<p>&nbsp;<\/p>\n<h4><span style=\"font-weight: 400;\">CURRICULUM DE BATXILLERAT D\u2019ARTS PL\u00c0STIQUES, IMATGE I DISSENY\u00a0<\/span><\/h4>\n<p>&nbsp;<\/p>\n<p><img loading=\"lazy\" decoding=\"async\" class=\"alignnone wp-image-4871\" src=\"https:\/\/agora.xtec.cat\/iessantquirze\/wp-content\/uploads\/usu1939\/2025\/03\/Curriculum-1rBTX.png\" alt=\"\" width=\"892\" height=\"543\" srcset=\"https:\/\/agora.xtec.cat\/iessantquirze\/wp-content\/uploads\/usu1939\/2025\/03\/Curriculum-1rBTX.png 1842w, https:\/\/agora.xtec.cat\/iessantquirze\/wp-content\/uploads\/usu1939\/2025\/03\/Curriculum-1rBTX-300x182.png 300w, https:\/\/agora.xtec.cat\/iessantquirze\/wp-content\/uploads\/usu1939\/2025\/03\/Curriculum-1rBTX-1024x623.png 1024w, https:\/\/agora.xtec.cat\/iessantquirze\/wp-content\/uploads\/usu1939\/2025\/03\/Curriculum-1rBTX-768x467.png 768w, https:\/\/agora.xtec.cat\/iessantquirze\/wp-content\/uploads\/usu1939\/2025\/03\/Curriculum-1rBTX-1536x934.png 1536w\" sizes=\"auto, (max-width: 892px) 100vw, 892px\" \/><\/p>\n<p>&nbsp;<\/p>\n<p><img loading=\"lazy\" decoding=\"async\" class=\"alignnone wp-image-4872\" src=\"https:\/\/agora.xtec.cat\/iessantquirze\/wp-content\/uploads\/usu1939\/2025\/03\/Curriculum-2nBTX.png\" alt=\"\" width=\"894\" height=\"490\" srcset=\"https:\/\/agora.xtec.cat\/iessantquirze\/wp-content\/uploads\/usu1939\/2025\/03\/Curriculum-2nBTX.png 1848w, https:\/\/agora.xtec.cat\/iessantquirze\/wp-content\/uploads\/usu1939\/2025\/03\/Curriculum-2nBTX-300x164.png 300w, https:\/\/agora.xtec.cat\/iessantquirze\/wp-content\/uploads\/usu1939\/2025\/03\/Curriculum-2nBTX-1024x561.png 1024w, https:\/\/agora.xtec.cat\/iessantquirze\/wp-content\/uploads\/usu1939\/2025\/03\/Curriculum-2nBTX-768x421.png 768w, https:\/\/agora.xtec.cat\/iessantquirze\/wp-content\/uploads\/usu1939\/2025\/03\/Curriculum-2nBTX-1536x841.png 1536w\" sizes=\"auto, (max-width: 894px) 100vw, 894px\" \/><\/p>\n<h4><\/h4>\n<p>&nbsp;<\/p>\n<h4>MAT\u00c8RIES DE MODALITAT<\/h4>\n<p><img loading=\"lazy\" decoding=\"async\" class=\"alignnone size-full wp-image-4930\" src=\"https:\/\/agora.xtec.cat\/iessantquirze\/wp-content\/uploads\/usu1939\/2025\/03\/d.jpg\" alt=\"\" width=\"1808\" height=\"212\" srcset=\"https:\/\/agora.xtec.cat\/iessantquirze\/wp-content\/uploads\/usu1939\/2025\/03\/d.jpg 1808w, https:\/\/agora.xtec.cat\/iessantquirze\/wp-content\/uploads\/usu1939\/2025\/03\/d-300x35.jpg 300w, https:\/\/agora.xtec.cat\/iessantquirze\/wp-content\/uploads\/usu1939\/2025\/03\/d-1024x120.jpg 1024w, https:\/\/agora.xtec.cat\/iessantquirze\/wp-content\/uploads\/usu1939\/2025\/03\/d-768x90.jpg 768w, https:\/\/agora.xtec.cat\/iessantquirze\/wp-content\/uploads\/usu1939\/2025\/03\/d-1536x180.jpg 1536w\" sizes=\"auto, (max-width: 1808px) 100vw, 1808px\" \/><\/p>\n<p data-pm-slice=\"1 1 []\">Busca l\u2019adquisici\u00f3 de les destreses i les t\u00e8cniques necess\u00e0ries, incloent-hi les digitals, i el descobriment del dibuix com a llenguatge gr\u00e0fic intel\u00b7lectual. Promou una sensibilitat est\u00e8tica cap a les obres pr\u00f2pies i les dels altres, i descobreix el dibuix com a mitj\u00e0 independent d\u2019expressi\u00f3 personal.<\/p>\n<p data-pm-slice=\"1 1 []\"><img loading=\"lazy\" decoding=\"async\" class=\"alignnone wp-image-4937\" src=\"https:\/\/agora.xtec.cat\/iessantquirze\/wp-content\/uploads\/usu1939\/2025\/03\/Olivia-resultat.png\" alt=\"\" width=\"295\" height=\"206\" srcset=\"https:\/\/agora.xtec.cat\/iessantquirze\/wp-content\/uploads\/usu1939\/2025\/03\/Olivia-resultat.png 849w, https:\/\/agora.xtec.cat\/iessantquirze\/wp-content\/uploads\/usu1939\/2025\/03\/Olivia-resultat-300x210.png 300w, https:\/\/agora.xtec.cat\/iessantquirze\/wp-content\/uploads\/usu1939\/2025\/03\/Olivia-resultat-768x537.png 768w\" sizes=\"auto, (max-width: 295px) 100vw, 295px\" \/> <img loading=\"lazy\" decoding=\"async\" class=\"alignnone wp-image-4938\" src=\"https:\/\/agora.xtec.cat\/iessantquirze\/wp-content\/uploads\/usu1939\/2025\/03\/Emma-dibuix-1.jpg\" alt=\"\" width=\"289\" height=\"208\" srcset=\"https:\/\/agora.xtec.cat\/iessantquirze\/wp-content\/uploads\/usu1939\/2025\/03\/Emma-dibuix-1.jpg 1280w, https:\/\/agora.xtec.cat\/iessantquirze\/wp-content\/uploads\/usu1939\/2025\/03\/Emma-dibuix-1-300x216.jpg 300w, https:\/\/agora.xtec.cat\/iessantquirze\/wp-content\/uploads\/usu1939\/2025\/03\/Emma-dibuix-1-1024x737.jpg 1024w, https:\/\/agora.xtec.cat\/iessantquirze\/wp-content\/uploads\/usu1939\/2025\/03\/Emma-dibuix-1-768x553.jpg 768w\" sizes=\"auto, (max-width: 289px) 100vw, 289px\" \/><\/p>\n<hr \/>\n<p><img loading=\"lazy\" decoding=\"async\" class=\"alignnone wp-image-4926\" src=\"https:\/\/agora.xtec.cat\/iessantquirze\/wp-content\/uploads\/usu1939\/2025\/03\/Volum.png\" alt=\"\" width=\"1243\" height=\"143\" srcset=\"https:\/\/agora.xtec.cat\/iessantquirze\/wp-content\/uploads\/usu1939\/2025\/03\/Volum.png 1808w, https:\/\/agora.xtec.cat\/iessantquirze\/wp-content\/uploads\/usu1939\/2025\/03\/Volum-300x35.png 300w, https:\/\/agora.xtec.cat\/iessantquirze\/wp-content\/uploads\/usu1939\/2025\/03\/Volum-1024x118.png 1024w, https:\/\/agora.xtec.cat\/iessantquirze\/wp-content\/uploads\/usu1939\/2025\/03\/Volum-768x88.png 768w, https:\/\/agora.xtec.cat\/iessantquirze\/wp-content\/uploads\/usu1939\/2025\/03\/Volum-1536x177.png 1536w\" sizes=\"auto, (max-width: 1243px) 100vw, 1243px\" \/><\/p>\n<div class=\"entry-content\">\n<p data-pm-slice=\"1 1 []\">Estudi i experimentaci\u00f3 de la tridimensionalitat a trav\u00e9s de l\u2019escultura, l\u2019arquitectura i el disseny. S\u2019analitzen\u00a0tots aquells conceptes que ens ajuden a poder llegir i\u00a0realitzar una escultura, com l\u2019estructura, el volum, l\u2019espai, la forma i la mat\u00e8ria, aprofundint en t\u00e8cniques i processos de creaci\u00f3 escult\u00f2rica per desenvolupar un llenguatge pl\u00e0stic propi.<\/p>\n<p data-pm-slice=\"1 1 []\">\n<\/div>\n<hr \/>\n<div class=\"entry-content\">\n<p data-pm-slice=\"1 1 []\"><img loading=\"lazy\" decoding=\"async\" class=\"alignnone wp-image-4932\" src=\"https:\/\/agora.xtec.cat\/iessantquirze\/wp-content\/uploads\/usu1939\/2025\/03\/ii.jpg\" alt=\"\" width=\"1812\" height=\"212\" srcset=\"https:\/\/agora.xtec.cat\/iessantquirze\/wp-content\/uploads\/usu1939\/2025\/03\/ii.jpg 1812w, https:\/\/agora.xtec.cat\/iessantquirze\/wp-content\/uploads\/usu1939\/2025\/03\/ii-300x35.jpg 300w, https:\/\/agora.xtec.cat\/iessantquirze\/wp-content\/uploads\/usu1939\/2025\/03\/ii-1024x120.jpg 1024w, https:\/\/agora.xtec.cat\/iessantquirze\/wp-content\/uploads\/usu1939\/2025\/03\/ii-768x90.jpg 768w, https:\/\/agora.xtec.cat\/iessantquirze\/wp-content\/uploads\/usu1939\/2025\/03\/ii-1536x180.jpg 1536w\" sizes=\"auto, (max-width: 1812px) 100vw, 1812px\" \/><\/p>\n<\/div>\n<p data-pm-slice=\"1 1 []\">Recorre la hist\u00f2ria de la fotografia i l\u2019audiovisual, estudia els elements formals de la imatge fotogr\u00e0fica i el llenguatge audiovisual, experimenta amb la creaci\u00f3 i producci\u00f3 audiovisual i aprofundeix en les t\u00e8cniques i procediments en la producci\u00f3 audiovisual.<\/p>\n<p data-pm-slice=\"1 1 []\"><img loading=\"lazy\" decoding=\"async\" class=\"alignnone wp-image-4738\" src=\"https:\/\/agora.xtec.cat\/iessantquirze\/wp-content\/uploads\/usu1939\/2025\/03\/20250130_120531-1-scaled.jpg\" alt=\"\" width=\"192\" height=\"256\" srcset=\"https:\/\/agora.xtec.cat\/iessantquirze\/wp-content\/uploads\/usu1939\/2025\/03\/20250130_120531-1-scaled.jpg 1920w, https:\/\/agora.xtec.cat\/iessantquirze\/wp-content\/uploads\/usu1939\/2025\/03\/20250130_120531-1-225x300.jpg 225w, https:\/\/agora.xtec.cat\/iessantquirze\/wp-content\/uploads\/usu1939\/2025\/03\/20250130_120531-1-768x1024.jpg 768w, https:\/\/agora.xtec.cat\/iessantquirze\/wp-content\/uploads\/usu1939\/2025\/03\/20250130_120531-1-1152x1536.jpg 1152w, https:\/\/agora.xtec.cat\/iessantquirze\/wp-content\/uploads\/usu1939\/2025\/03\/20250130_120531-1-1536x2048.jpg 1536w\" sizes=\"auto, (max-width: 192px) 100vw, 192px\" \/> <img loading=\"lazy\" decoding=\"async\" class=\"alignnone wp-image-4737\" src=\"https:\/\/agora.xtec.cat\/iessantquirze\/wp-content\/uploads\/usu1939\/2025\/03\/20250130_120702-scaled.jpg\" alt=\"\" width=\"339\" height=\"254\" srcset=\"https:\/\/agora.xtec.cat\/iessantquirze\/wp-content\/uploads\/usu1939\/2025\/03\/20250130_120702-scaled.jpg 2560w, https:\/\/agora.xtec.cat\/iessantquirze\/wp-content\/uploads\/usu1939\/2025\/03\/20250130_120702-300x225.jpg 300w, https:\/\/agora.xtec.cat\/iessantquirze\/wp-content\/uploads\/usu1939\/2025\/03\/20250130_120702-1024x768.jpg 1024w, https:\/\/agora.xtec.cat\/iessantquirze\/wp-content\/uploads\/usu1939\/2025\/03\/20250130_120702-768x576.jpg 768w, https:\/\/agora.xtec.cat\/iessantquirze\/wp-content\/uploads\/usu1939\/2025\/03\/20250130_120702-1536x1152.jpg 1536w, https:\/\/agora.xtec.cat\/iessantquirze\/wp-content\/uploads\/usu1939\/2025\/03\/20250130_120702-2048x1536.jpg 2048w, https:\/\/agora.xtec.cat\/iessantquirze\/wp-content\/uploads\/usu1939\/2025\/03\/20250130_120702-200x150.jpg 200w\" sizes=\"auto, (max-width: 339px) 100vw, 339px\" \/> <img loading=\"lazy\" decoding=\"async\" class=\"alignnone wp-image-4736\" src=\"https:\/\/agora.xtec.cat\/iessantquirze\/wp-content\/uploads\/usu1939\/2025\/03\/20250130_120636-scaled.jpg\" alt=\"\" width=\"191\" height=\"255\" srcset=\"https:\/\/agora.xtec.cat\/iessantquirze\/wp-content\/uploads\/usu1939\/2025\/03\/20250130_120636-scaled.jpg 1920w, https:\/\/agora.xtec.cat\/iessantquirze\/wp-content\/uploads\/usu1939\/2025\/03\/20250130_120636-225x300.jpg 225w, https:\/\/agora.xtec.cat\/iessantquirze\/wp-content\/uploads\/usu1939\/2025\/03\/20250130_120636-768x1024.jpg 768w, https:\/\/agora.xtec.cat\/iessantquirze\/wp-content\/uploads\/usu1939\/2025\/03\/20250130_120636-1152x1536.jpg 1152w, https:\/\/agora.xtec.cat\/iessantquirze\/wp-content\/uploads\/usu1939\/2025\/03\/20250130_120636-1536x2048.jpg 1536w\" sizes=\"auto, (max-width: 191px) 100vw, 191px\" \/><\/p>\n<hr \/>\n<p data-pm-slice=\"1 1 []\"><img loading=\"lazy\" decoding=\"async\" class=\"alignnone size-full wp-image-4933\" src=\"https:\/\/agora.xtec.cat\/iessantquirze\/wp-content\/uploads\/usu1939\/2025\/03\/aa.jpg\" alt=\"\" width=\"1810\" height=\"210\" srcset=\"https:\/\/agora.xtec.cat\/iessantquirze\/wp-content\/uploads\/usu1939\/2025\/03\/aa.jpg 1810w, https:\/\/agora.xtec.cat\/iessantquirze\/wp-content\/uploads\/usu1939\/2025\/03\/aa-300x35.jpg 300w, https:\/\/agora.xtec.cat\/iessantquirze\/wp-content\/uploads\/usu1939\/2025\/03\/aa-1024x119.jpg 1024w, https:\/\/agora.xtec.cat\/iessantquirze\/wp-content\/uploads\/usu1939\/2025\/03\/aa-768x89.jpg 768w, https:\/\/agora.xtec.cat\/iessantquirze\/wp-content\/uploads\/usu1939\/2025\/03\/aa-1536x178.jpg 1536w\" sizes=\"auto, (max-width: 1810px) 100vw, 1810px\" \/><\/p>\n<p>Exploraci\u00f3 del dibuix t\u00e8cnic com a eina essencial en la creaci\u00f3 art\u00edstica. Aplicaci\u00f3 de sistemes de representaci\u00f3, proporci\u00f3 i perspectiva en disciplines com la pintura, el dibuix i la il\u00b7lustraci\u00f3, potenciant la precisi\u00f3 i la construcci\u00f3 de l\u2019espai en les composicions visuals.<\/p>\n<p><img loading=\"lazy\" decoding=\"async\" class=\"alignnone wp-image-4946\" src=\"https:\/\/agora.xtec.cat\/iessantquirze\/wp-content\/uploads\/usu1939\/2025\/03\/1-1.png\" alt=\"\" width=\"210\" height=\"318\" srcset=\"https:\/\/agora.xtec.cat\/iessantquirze\/wp-content\/uploads\/usu1939\/2025\/03\/1-1.png 1319w, https:\/\/agora.xtec.cat\/iessantquirze\/wp-content\/uploads\/usu1939\/2025\/03\/1-1-198x300.png 198w, https:\/\/agora.xtec.cat\/iessantquirze\/wp-content\/uploads\/usu1939\/2025\/03\/1-1-675x1024.png 675w, https:\/\/agora.xtec.cat\/iessantquirze\/wp-content\/uploads\/usu1939\/2025\/03\/1-1-768x1165.png 768w, https:\/\/agora.xtec.cat\/iessantquirze\/wp-content\/uploads\/usu1939\/2025\/03\/1-1-1013x1536.png 1013w\" sizes=\"auto, (max-width: 210px) 100vw, 210px\" \/> <img loading=\"lazy\" decoding=\"async\" class=\"alignnone wp-image-4898\" src=\"https:\/\/agora.xtec.cat\/iessantquirze\/wp-content\/uploads\/usu1939\/2025\/03\/d2.jpg\" alt=\"\" width=\"238\" height=\"308\" srcset=\"https:\/\/agora.xtec.cat\/iessantquirze\/wp-content\/uploads\/usu1939\/2025\/03\/d2.jpg 494w, https:\/\/agora.xtec.cat\/iessantquirze\/wp-content\/uploads\/usu1939\/2025\/03\/d2-232x300.jpg 232w\" sizes=\"auto, (max-width: 238px) 100vw, 238px\" \/>\u00a0 \u00a0 <img loading=\"lazy\" decoding=\"async\" class=\"alignnone wp-image-4918\" src=\"https:\/\/agora.xtec.cat\/iessantquirze\/wp-content\/uploads\/usu1939\/2025\/03\/IMG_6237-scaled.jpg\" alt=\"\" width=\"230\" height=\"307\" srcset=\"https:\/\/agora.xtec.cat\/iessantquirze\/wp-content\/uploads\/usu1939\/2025\/03\/IMG_6237-scaled.jpg 1920w, https:\/\/agora.xtec.cat\/iessantquirze\/wp-content\/uploads\/usu1939\/2025\/03\/IMG_6237-225x300.jpg 225w, https:\/\/agora.xtec.cat\/iessantquirze\/wp-content\/uploads\/usu1939\/2025\/03\/IMG_6237-768x1024.jpg 768w, https:\/\/agora.xtec.cat\/iessantquirze\/wp-content\/uploads\/usu1939\/2025\/03\/IMG_6237-1152x1536.jpg 1152w, https:\/\/agora.xtec.cat\/iessantquirze\/wp-content\/uploads\/usu1939\/2025\/03\/IMG_6237-1536x2048.jpg 1536w\" sizes=\"auto, (max-width: 230px) 100vw, 230px\" \/><\/p>\n<hr \/>\n<p><img loading=\"lazy\" decoding=\"async\" class=\"alignnone wp-image-4934\" src=\"https:\/\/agora.xtec.cat\/iessantquirze\/wp-content\/uploads\/usu1939\/2025\/03\/aq.jpg\" alt=\"\" width=\"1243\" height=\"144\" srcset=\"https:\/\/agora.xtec.cat\/iessantquirze\/wp-content\/uploads\/usu1939\/2025\/03\/aq.jpg 1812w, https:\/\/agora.xtec.cat\/iessantquirze\/wp-content\/uploads\/usu1939\/2025\/03\/aq-300x35.jpg 300w, https:\/\/agora.xtec.cat\/iessantquirze\/wp-content\/uploads\/usu1939\/2025\/03\/aq-1024x119.jpg 1024w, https:\/\/agora.xtec.cat\/iessantquirze\/wp-content\/uploads\/usu1939\/2025\/03\/aq-768x89.jpg 768w, https:\/\/agora.xtec.cat\/iessantquirze\/wp-content\/uploads\/usu1939\/2025\/03\/aq-1536x178.jpg 1536w\" sizes=\"auto, (max-width: 1243px) 100vw, 1243px\" \/><\/p>\n<p>Introducci\u00f3 als fonaments del disseny com a disciplina creativa i funcional. An\u00e0lisi de la forma, el color, la composici\u00f3 i la tipografia aplicats al disseny gr\u00e0fic, industrial i d\u2019interiors. Es fomenta el pensament cr\u00edtic, la resoluci\u00f3 de problemes i les destreses socials en el treball col\u00b7laboratiu. A m\u00e9s, s\u2019integren les TIC com a eines de creaci\u00f3 i es promou la consci\u00e8ncia sostenible a trav\u00e9s de projectes que uneixen est\u00e8tica, funcionalitat i responsabilitat ambiental.<\/p>\n<p><img loading=\"lazy\" decoding=\"async\" class=\"alignnone wp-image-4950\" src=\"https:\/\/agora.xtec.cat\/iessantquirze\/wp-content\/uploads\/usu1939\/2025\/03\/IMG_6189-2-scaled.jpg\" alt=\"\" width=\"614\" height=\"278\" srcset=\"https:\/\/agora.xtec.cat\/iessantquirze\/wp-content\/uploads\/usu1939\/2025\/03\/IMG_6189-2-scaled.jpg 2560w, https:\/\/agora.xtec.cat\/iessantquirze\/wp-content\/uploads\/usu1939\/2025\/03\/IMG_6189-2-300x136.jpg 300w, https:\/\/agora.xtec.cat\/iessantquirze\/wp-content\/uploads\/usu1939\/2025\/03\/IMG_6189-2-1024x464.jpg 1024w, https:\/\/agora.xtec.cat\/iessantquirze\/wp-content\/uploads\/usu1939\/2025\/03\/IMG_6189-2-768x348.jpg 768w, https:\/\/agora.xtec.cat\/iessantquirze\/wp-content\/uploads\/usu1939\/2025\/03\/IMG_6189-2-1536x696.jpg 1536w, https:\/\/agora.xtec.cat\/iessantquirze\/wp-content\/uploads\/usu1939\/2025\/03\/IMG_6189-2-2048x928.jpg 2048w\" sizes=\"auto, (max-width: 614px) 100vw, 614px\" \/><\/p>\n<hr \/>\n<div class=\"entry-content\">\n<h5><img loading=\"lazy\" decoding=\"async\" class=\"alignnone wp-image-4927\" src=\"https:\/\/agora.xtec.cat\/iessantquirze\/wp-content\/uploads\/usu1939\/2025\/03\/TGP.png\" alt=\"\" width=\"1305\" height=\"148\" srcset=\"https:\/\/agora.xtec.cat\/iessantquirze\/wp-content\/uploads\/usu1939\/2025\/03\/TGP.png 1816w, https:\/\/agora.xtec.cat\/iessantquirze\/wp-content\/uploads\/usu1939\/2025\/03\/TGP-300x34.png 300w, https:\/\/agora.xtec.cat\/iessantquirze\/wp-content\/uploads\/usu1939\/2025\/03\/TGP-1024x116.png 1024w, https:\/\/agora.xtec.cat\/iessantquirze\/wp-content\/uploads\/usu1939\/2025\/03\/TGP-768x87.png 768w, https:\/\/agora.xtec.cat\/iessantquirze\/wp-content\/uploads\/usu1939\/2025\/03\/TGP-1536x174.png 1536w\" sizes=\"auto, (max-width: 1305px) 100vw, 1305px\" \/><\/h5>\n<p><span style=\"font-weight: 400;\">Desenvolupar els coneixements relatius als recursos, les t\u00e8cniques, els procediments i les aplicacions instrumentals que fan possible la producci\u00f3 art\u00edstica en general i les produccions pl\u00e0stiques, gr\u00e0fiques i visuals en particular. Per mitj\u00e0 de la mat\u00e8ria, l\u2019alumnat adquirir\u00e0 els coneixements relatius a les t\u00e8cniques classificades tradicionalment com a dibuix, pintura i gravat. De la mateixa manera, es far\u00e0 un apropament a les t\u00e8cniques m\u00e9s alternatives i innovadores que s\u2019escapin a aquesta classificaci\u00f3.<\/span><\/p>\n<\/div>\n<hr \/>\n<p><img loading=\"lazy\" decoding=\"async\" class=\"alignnone size-full wp-image-4935\" src=\"https:\/\/agora.xtec.cat\/iessantquirze\/wp-content\/uploads\/usu1939\/2025\/03\/qwa.jpg\" alt=\"\" width=\"1810\" height=\"212\" srcset=\"https:\/\/agora.xtec.cat\/iessantquirze\/wp-content\/uploads\/usu1939\/2025\/03\/qwa.jpg 1810w, https:\/\/agora.xtec.cat\/iessantquirze\/wp-content\/uploads\/usu1939\/2025\/03\/qwa-300x35.jpg 300w, https:\/\/agora.xtec.cat\/iessantquirze\/wp-content\/uploads\/usu1939\/2025\/03\/qwa-1024x120.jpg 1024w, https:\/\/agora.xtec.cat\/iessantquirze\/wp-content\/uploads\/usu1939\/2025\/03\/qwa-768x90.jpg 768w, https:\/\/agora.xtec.cat\/iessantquirze\/wp-content\/uploads\/usu1939\/2025\/03\/qwa-1536x180.jpg 1536w\" sizes=\"auto, (max-width: 1810px) 100vw, 1810px\" \/><\/p>\n<p data-pm-slice=\"1 1 []\">El punt clau de la mat\u00e8ria \u00e9s la comprensi\u00f3 dels corrents art\u00edstics que hi ha hagut al llarg de la hist\u00f2ria, des de les primeres manifestacions art\u00edstiques fins als nostres dies. Incentiva el pensament cr\u00edtic, la valoraci\u00f3 del patrimoni art\u00edstic, el descobriment dels artistes i el comentari de les obres d&#8217;art m\u00e9s representatives de l&#8217;arquitectura, l&#8217;escultura i la pintura universal.<\/p>\n<hr \/>\n<div class=\"entry-content\">\n<h5>Per a m\u00e9s informaci\u00f3 podeu\u00a0consultar la p\u00e0gina principal \u201c<a href=\"https:\/\/agora.xtec.cat\/iessantquirze\/estudis\/batxillerat\/\"><strong>Batxillerat<\/strong><\/a>\u201c<\/h5>\n<div class=\"addtoany_share_save_container addtoany_content addtoany_content_bottom\">\n<div class=\"a2a_kit a2a_kit_size_24 addtoany_list\" data-a2a-url=\"https:\/\/agora.xtec.cat\/iessantquirze\/estudis\/batxillerat\/modalitats-de-batxillerat-a-lisqv\/\" data-a2a-title=\"Modalitats de Batxillerat a l\u2019ISQV\"><\/div>\n<\/div>\n<\/div>\n<hr \/>\n<p><span style=\"font-weight: 400;\">Tens dubtes? Escriu-nos a <\/span><a href=\"mailto:batxilleratartistic.isqv@gmail.com\"><b>batxilleratartistic.isqv@gmail.com<\/b><\/a><\/p>\n","protected":false},"excerpt":{"rendered":"<p>L\u2019Institut Sant Quirze del Vall\u00e8s aposta per la creativitat i les arts incloent en l\u2019oferta formativa la modalitat de Batxillerat d\u2019Arts Pl\u00e0stiques, Imatge i Disseny. Des dels seus inicis hem treballat juntament amb el Departament d\u2019Educaci\u00f3 perqu\u00e8 els espais, les instal\u00b7lacions, els recursos i els materials disponibles siguin els m\u00e9s adients per al nostre alumnat. [&hellip;]<\/p>\n","protected":false},"author":1,"featured_media":0,"parent":4687,"menu_order":2,"comment_status":"closed","ping_status":"closed","template":"page-templates\/side-menu.php","meta":{"_bbp_topic_count":0,"_bbp_reply_count":0,"_bbp_total_topic_count":0,"_bbp_total_reply_count":0,"_bbp_voice_count":0,"_bbp_anonymous_reply_count":0,"_bbp_topic_count_hidden":0,"_bbp_reply_count_hidden":0,"_bbp_forum_subforum_count":0,"site-sidebar-layout":"default","site-content-layout":"","ast-site-content-layout":"","site-content-style":"default","site-sidebar-style":"default","ast-global-header-display":"","ast-banner-title-visibility":"","ast-main-header-display":"","ast-hfb-above-header-display":"","ast-hfb-below-header-display":"","ast-hfb-mobile-header-display":"","site-post-title":"","ast-breadcrumbs-content":"","ast-featured-img":"","footer-sml-layout":"","theme-transparent-header-meta":"","adv-header-id-meta":"","stick-header-meta":"","header-above-stick-meta":"","header-main-stick-meta":"","header-below-stick-meta":"","astra-migrate-meta-layouts":"default","ast-page-background-enabled":"default","ast-page-background-meta":{"desktop":{"background-color":"var(--ast-global-color-4)","background-image":"","background-repeat":"repeat","background-position":"center center","background-size":"auto","background-attachment":"scroll","background-type":"","background-media":"","overlay-type":"","overlay-color":"","overlay-opacity":"","overlay-gradient":""},"tablet":{"background-color":"","background-image":"","background-repeat":"repeat","background-position":"center center","background-size":"auto","background-attachment":"scroll","background-type":"","background-media":"","overlay-type":"","overlay-color":"","overlay-opacity":"","overlay-gradient":""},"mobile":{"background-color":"","background-image":"","background-repeat":"repeat","background-position":"center center","background-size":"auto","background-attachment":"scroll","background-type":"","background-media":"","overlay-type":"","overlay-color":"","overlay-opacity":"","overlay-gradient":""}},"ast-content-background-meta":{"desktop":{"background-color":"var(--ast-global-color-5)","background-image":"","background-repeat":"repeat","background-position":"center center","background-size":"auto","background-attachment":"scroll","background-type":"","background-media":"","overlay-type":"","overlay-color":"","overlay-opacity":"","overlay-gradient":""},"tablet":{"background-color":"var(--ast-global-color-5)","background-image":"","background-repeat":"repeat","background-position":"center center","background-size":"auto","background-attachment":"scroll","background-type":"","background-media":"","overlay-type":"","overlay-color":"","overlay-opacity":"","overlay-gradient":""},"mobile":{"background-color":"var(--ast-global-color-5)","background-image":"","background-repeat":"repeat","background-position":"center center","background-size":"auto","background-attachment":"scroll","background-type":"","background-media":"","overlay-type":"","overlay-color":"","overlay-opacity":"","overlay-gradient":""}},"footnotes":""},"class_list":["post-4700","page","type-page","status-publish","hentry"],"post_mailing_queue_ids":[],"_links":{"self":[{"href":"https:\/\/agora.xtec.cat\/iessantquirze\/wp-json\/wp\/v2\/pages\/4700","targetHints":{"allow":["GET"]}}],"collection":[{"href":"https:\/\/agora.xtec.cat\/iessantquirze\/wp-json\/wp\/v2\/pages"}],"about":[{"href":"https:\/\/agora.xtec.cat\/iessantquirze\/wp-json\/wp\/v2\/types\/page"}],"author":[{"embeddable":true,"href":"https:\/\/agora.xtec.cat\/iessantquirze\/wp-json\/wp\/v2\/users\/1"}],"replies":[{"embeddable":true,"href":"https:\/\/agora.xtec.cat\/iessantquirze\/wp-json\/wp\/v2\/comments?post=4700"}],"version-history":[{"count":6,"href":"https:\/\/agora.xtec.cat\/iessantquirze\/wp-json\/wp\/v2\/pages\/4700\/revisions"}],"predecessor-version":[{"id":4953,"href":"https:\/\/agora.xtec.cat\/iessantquirze\/wp-json\/wp\/v2\/pages\/4700\/revisions\/4953"}],"up":[{"embeddable":true,"href":"https:\/\/agora.xtec.cat\/iessantquirze\/wp-json\/wp\/v2\/pages\/4687"}],"wp:attachment":[{"href":"https:\/\/agora.xtec.cat\/iessantquirze\/wp-json\/wp\/v2\/media?parent=4700"}],"curies":[{"name":"wp","href":"https:\/\/api.w.org\/{rel}","templated":true}]}}