{"id":39,"date":"2014-09-17T16:36:44","date_gmt":"2014-09-17T16:36:44","guid":{"rendered":"http:\/\/agora.xtec.cat\/iessantquirze\/?page_id=39"},"modified":"2025-03-12T01:08:19","modified_gmt":"2025-03-12T00:08:19","slug":"instal%c2%b7lacions","status":"publish","type":"page","link":"https:\/\/agora.xtec.cat\/iessantquirze\/linstitut\/instal%c2%b7lacions\/","title":{"rendered":"Instal\u00b7lacions"},"content":{"rendered":"<p data-pm-slice=\"1 1 []\">Les principals instal\u00b7lacions del centre s\u00f3n:<\/p>\n<ul style=\"list-style-type: disc;\">\n<li><a href=\"https:\/\/photos.app.goo.gl\/dCnQwDXH7qhyZW7d8\"><strong>Aules<\/strong><\/a><\/li>\n<li><a href=\"https:\/\/photos.app.goo.gl\/tbd7qkgPkGe9vudN7\"><strong>Biblioteca<\/strong><\/a><\/li>\n<li><a href=\"https:\/\/photos.app.goo.gl\/ToWrafxJNmQDr2qf8\"><strong>Laboratoris<\/strong><\/a><\/li>\n<li><a href=\"https:\/\/photos.app.goo.gl\/88rgMrhW2MJatpNx7\"><strong>Tallers de Tecnologia<\/strong><\/a><\/li>\n<li><a href=\"https:\/\/photos.app.goo.gl\/v7AiuW5SGUydzH6L6\"><strong>Aula de M\u00fasica<\/strong><\/a><\/li>\n<li><a href=\"https:\/\/photos.app.goo.gl\/B3bfAv47cQbrE3CV8\"><strong>Aula de Dibuix<\/strong><\/a><\/li>\n<li><a href=\"https:\/\/photos.app.goo.gl\/ELJKA4FXfBgCfXg46\"><strong>Aula de Volum<\/strong><\/a><\/li>\n<li><a href=\"https:\/\/photos.app.goo.gl\/wBf18CEULjrJtc5e7\"><strong>Gimn\u00e0s<\/strong><\/a><\/li>\n<li><a href=\"https:\/\/photos.app.goo.gl\/qt4ZGQbiAeTWhikz7\"><strong>Hort<\/strong><\/a><\/li>\n<li><a href=\"https:\/\/photos.app.goo.gl\/ayJsNJhK4Gk6cj7g8\"><strong>Pati<\/strong><\/a><\/li>\n<li><a href=\"https:\/\/photos.app.goo.gl\/WEPLQ5PNaP88Cacr8\"><strong>Sum<\/strong><\/a><\/li>\n<\/ul>\n<p>&nbsp;<\/p>\n","protected":false},"excerpt":{"rendered":"<p>Les principals instal\u00b7lacions del centre s\u00f3n: Aules Biblioteca Laboratoris Tallers de Tecnologia Aula de M\u00fasica Aula de Dibuix Aula de Volum Gimn\u00e0s Hort Pati Sum &nbsp;<\/p>\n","protected":false},"author":1,"featured_media":0,"parent":19,"menu_order":30,"comment_status":"closed","ping_status":"closed","template":"page-templates\/side-menu.php","meta":{"_bbp_topic_count":0,"_bbp_reply_count":0,"_bbp_total_topic_count":0,"_bbp_total_reply_count":0,"_bbp_voice_count":0,"_bbp_anonymous_reply_count":0,"_bbp_topic_count_hidden":0,"_bbp_reply_count_hidden":0,"_bbp_forum_subforum_count":0,"site-sidebar-layout":"default","site-content-layout":"","ast-site-content-layout":"","site-content-style":"default","site-sidebar-style":"default","ast-global-header-display":"","ast-banner-title-visibility":"","ast-main-header-display":"","ast-hfb-above-header-display":"","ast-hfb-below-header-display":"","ast-hfb-mobile-header-display":"","site-post-title":"","ast-breadcrumbs-content":"","ast-featured-img":"","footer-sml-layout":"","theme-transparent-header-meta":"","adv-header-id-meta":"","stick-header-meta":"","header-above-stick-meta":"","header-main-stick-meta":"","header-below-stick-meta":"","astra-migrate-meta-layouts":"default","ast-page-background-enabled":"default","ast-page-background-meta":{"desktop":{"background-color":"var(--ast-global-color-4)","background-image":"","background-repeat":"repeat","background-position":"center center","background-size":"auto","background-attachment":"scroll","background-type":"","background-media":"","overlay-type":"","overlay-color":"","overlay-opacity":"","overlay-gradient":""},"tablet":{"background-color":"","background-image":"","background-repeat":"repeat","background-position":"center center","background-size":"auto","background-attachment":"scroll","background-type":"","background-media":"","overlay-type":"","overlay-color":"","overlay-opacity":"","overlay-gradient":""},"mobile":{"background-color":"","background-image":"","background-repeat":"repeat","background-position":"center center","background-size":"auto","background-attachment":"scroll","background-type":"","background-media":"","overlay-type":"","overlay-color":"","overlay-opacity":"","overlay-gradient":""}},"ast-content-background-meta":{"desktop":{"background-color":"var(--ast-global-color-5)","background-image":"","background-repeat":"repeat","background-position":"center center","background-size":"auto","background-attachment":"scroll","background-type":"","background-media":"","overlay-type":"","overlay-color":"","overlay-opacity":"","overlay-gradient":""},"tablet":{"background-color":"var(--ast-global-color-5)","background-image":"","background-repeat":"repeat","background-position":"center center","background-size":"auto","background-attachment":"scroll","background-type":"","background-media":"","overlay-type":"","overlay-color":"","overlay-opacity":"","overlay-gradient":""},"mobile":{"background-color":"var(--ast-global-color-5)","background-image":"","background-repeat":"repeat","background-position":"center center","background-size":"auto","background-attachment":"scroll","background-type":"","background-media":"","overlay-type":"","overlay-color":"","overlay-opacity":"","overlay-gradient":""}},"footnotes":""},"class_list":["post-39","page","type-page","status-publish","hentry"],"post_mailing_queue_ids":[],"_links":{"self":[{"href":"https:\/\/agora.xtec.cat\/iessantquirze\/wp-json\/wp\/v2\/pages\/39","targetHints":{"allow":["GET"]}}],"collection":[{"href":"https:\/\/agora.xtec.cat\/iessantquirze\/wp-json\/wp\/v2\/pages"}],"about":[{"href":"https:\/\/agora.xtec.cat\/iessantquirze\/wp-json\/wp\/v2\/types\/page"}],"author":[{"embeddable":true,"href":"https:\/\/agora.xtec.cat\/iessantquirze\/wp-json\/wp\/v2\/users\/1"}],"replies":[{"embeddable":true,"href":"https:\/\/agora.xtec.cat\/iessantquirze\/wp-json\/wp\/v2\/comments?post=39"}],"version-history":[{"count":7,"href":"https:\/\/agora.xtec.cat\/iessantquirze\/wp-json\/wp\/v2\/pages\/39\/revisions"}],"predecessor-version":[{"id":4749,"href":"https:\/\/agora.xtec.cat\/iessantquirze\/wp-json\/wp\/v2\/pages\/39\/revisions\/4749"}],"up":[{"embeddable":true,"href":"https:\/\/agora.xtec.cat\/iessantquirze\/wp-json\/wp\/v2\/pages\/19"}],"wp:attachment":[{"href":"https:\/\/agora.xtec.cat\/iessantquirze\/wp-json\/wp\/v2\/media?parent=39"}],"curies":[{"name":"wp","href":"https:\/\/api.w.org\/{rel}","templated":true}]}}