{"id":3682,"date":"2023-06-06T12:21:50","date_gmt":"2023-06-06T10:21:50","guid":{"rendered":"https:\/\/agora.xtec.cat\/iessantquirze\/?page_id=3682"},"modified":"2025-02-24T20:09:46","modified_gmt":"2025-02-24T19:09:46","slug":"acollida-a-lalumnat","status":"publish","type":"page","link":"https:\/\/agora.xtec.cat\/iessantquirze\/cultura-digital\/acollida-a-lalumnat\/","title":{"rendered":"Acollida a l&#8217;alumnat"},"content":{"rendered":"<p><span lang=\"CA\">A primer d\u2019ESO els alumnes se\u2019ls presta un ordinador destinat a l\u2019activitat acad\u00e8mica segons el Pla d\u2019estrat\u00e8gia digital de centre. El coordinador d\u2019inform\u00e0tica s\u2019encarrega de la distribuci\u00f3 i de la primera explicaci\u00f3 del seu funcionament. Inclou saber utilitzar la contrasenya i con\u00e8ixer l\u2019estructura i funcionament de l\u2019ordinador i l&#8217;acc\u00e9s a la Plataforma <a href=\"https:\/\/drive.google.com\/file\/d\/1b2-9riFnNLJfIvdWu8pAk9t6cP0s93Cg\/view?usp=sharing\">Clickedu<\/a>.<\/span><\/p>\n<p><span lang=\"CA\">A les primeres tutories s\u2019explica el funcionament de les eines m\u00e9s importants i des de les diferents mat\u00e8ries es va aprofundint en el seu \u00fas.<\/span><\/p>\n<p><span lang=\"CA\">El programa TEI (Tutoria Entre Iguals), ha dissenyat unes activitats a l\u2019hora de tutoria, on l\u2019alumnat de tercer que tutoritza als alumnes de primer, els ensenyaran a utilitzar la Plataforma digital. <\/span><\/p>\n<p><span lang=\"CA\">Disposen d\u2019un servei de reparaci\u00f3 de l\u2019ordinador, al qual s\u2019hi poden dirigir a l\u2019hora de l\u2019esbarjo. Veure apartat\u00a0 <a href=\"https:\/\/agora.xtec.cat\/iessantquirze\/serveis-i-recursos-digitals-del-centre\/\" target=\"_blank\" rel=\"noopener\">Serveis i recursos digitals del centre<\/a><\/span><\/p>\n<p>Us deixem un enlla\u00e7 al manual per fer servir la plataforma educativa <a href=\"https:\/\/drive.google.com\/file\/d\/1b2-9riFnNLJfIvdWu8pAk9t6cP0s93Cg\/view?usp=sharing\">clickedu<\/a> i un enlla\u00e7 a l&#8217;ajuda de la plataforma <a href=\"https:\/\/learning.clickedu.eu\/manual.php?id=CAT_103\" target=\"_blank\" rel=\"noopener\">clickedu.\u00a0<\/a><\/p>\n","protected":false},"excerpt":{"rendered":"<p>A primer d\u2019ESO els alumnes se\u2019ls presta un ordinador destinat a l\u2019activitat acad\u00e8mica segons el Pla d\u2019estrat\u00e8gia digital de centre. El coordinador d\u2019inform\u00e0tica s\u2019encarrega de la distribuci\u00f3 i de la primera explicaci\u00f3 del seu funcionament. Inclou saber utilitzar la contrasenya i con\u00e8ixer l\u2019estructura i funcionament de l\u2019ordinador i l&#8217;acc\u00e9s a la Plataforma Clickedu. A les [&hellip;]<\/p>\n","protected":false},"author":1,"featured_media":0,"parent":3080,"menu_order":1,"comment_status":"closed","ping_status":"closed","template":"page-templates\/side-menu.php","meta":{"_bbp_topic_count":0,"_bbp_reply_count":0,"_bbp_total_topic_count":0,"_bbp_total_reply_count":0,"_bbp_voice_count":0,"_bbp_anonymous_reply_count":0,"_bbp_topic_count_hidden":0,"_bbp_reply_count_hidden":0,"_bbp_forum_subforum_count":0,"site-sidebar-layout":"default","site-content-layout":"","ast-site-content-layout":"","site-content-style":"default","site-sidebar-style":"default","ast-global-header-display":"","ast-banner-title-visibility":"","ast-main-header-display":"","ast-hfb-above-header-display":"","ast-hfb-below-header-display":"","ast-hfb-mobile-header-display":"","site-post-title":"","ast-breadcrumbs-content":"","ast-featured-img":"","footer-sml-layout":"","theme-transparent-header-meta":"","adv-header-id-meta":"","stick-header-meta":"","header-above-stick-meta":"","header-main-stick-meta":"","header-below-stick-meta":"","astra-migrate-meta-layouts":"default","ast-page-background-enabled":"default","ast-page-background-meta":{"desktop":{"background-color":"var(--ast-global-color-4)","background-image":"","background-repeat":"repeat","background-position":"center center","background-size":"auto","background-attachment":"scroll","background-type":"","background-media":"","overlay-type":"","overlay-color":"","overlay-opacity":"","overlay-gradient":""},"tablet":{"background-color":"","background-image":"","background-repeat":"repeat","background-position":"center center","background-size":"auto","background-attachment":"scroll","background-type":"","background-media":"","overlay-type":"","overlay-color":"","overlay-opacity":"","overlay-gradient":""},"mobile":{"background-color":"","background-image":"","background-repeat":"repeat","background-position":"center center","background-size":"auto","background-attachment":"scroll","background-type":"","background-media":"","overlay-type":"","overlay-color":"","overlay-opacity":"","overlay-gradient":""}},"ast-content-background-meta":{"desktop":{"background-color":"var(--ast-global-color-5)","background-image":"","background-repeat":"repeat","background-position":"center center","background-size":"auto","background-attachment":"scroll","background-type":"","background-media":"","overlay-type":"","overlay-color":"","overlay-opacity":"","overlay-gradient":""},"tablet":{"background-color":"var(--ast-global-color-5)","background-image":"","background-repeat":"repeat","background-position":"center center","background-size":"auto","background-attachment":"scroll","background-type":"","background-media":"","overlay-type":"","overlay-color":"","overlay-opacity":"","overlay-gradient":""},"mobile":{"background-color":"var(--ast-global-color-5)","background-image":"","background-repeat":"repeat","background-position":"center center","background-size":"auto","background-attachment":"scroll","background-type":"","background-media":"","overlay-type":"","overlay-color":"","overlay-opacity":"","overlay-gradient":""}},"footnotes":""},"class_list":["post-3682","page","type-page","status-publish","hentry"],"post_mailing_queue_ids":[],"_links":{"self":[{"href":"https:\/\/agora.xtec.cat\/iessantquirze\/wp-json\/wp\/v2\/pages\/3682","targetHints":{"allow":["GET"]}}],"collection":[{"href":"https:\/\/agora.xtec.cat\/iessantquirze\/wp-json\/wp\/v2\/pages"}],"about":[{"href":"https:\/\/agora.xtec.cat\/iessantquirze\/wp-json\/wp\/v2\/types\/page"}],"author":[{"embeddable":true,"href":"https:\/\/agora.xtec.cat\/iessantquirze\/wp-json\/wp\/v2\/users\/1"}],"replies":[{"embeddable":true,"href":"https:\/\/agora.xtec.cat\/iessantquirze\/wp-json\/wp\/v2\/comments?post=3682"}],"version-history":[{"count":3,"href":"https:\/\/agora.xtec.cat\/iessantquirze\/wp-json\/wp\/v2\/pages\/3682\/revisions"}],"predecessor-version":[{"id":3782,"href":"https:\/\/agora.xtec.cat\/iessantquirze\/wp-json\/wp\/v2\/pages\/3682\/revisions\/3782"}],"up":[{"embeddable":true,"href":"https:\/\/agora.xtec.cat\/iessantquirze\/wp-json\/wp\/v2\/pages\/3080"}],"wp:attachment":[{"href":"https:\/\/agora.xtec.cat\/iessantquirze\/wp-json\/wp\/v2\/media?parent=3682"}],"curies":[{"name":"wp","href":"https:\/\/api.w.org\/{rel}","templated":true}]}}