{"id":3645,"date":"2023-06-05T19:43:37","date_gmt":"2023-06-05T17:43:37","guid":{"rendered":"https:\/\/agora.xtec.cat\/iessantquirze\/?page_id=3645"},"modified":"2025-02-24T20:12:17","modified_gmt":"2025-02-24T19:12:17","slug":"pla-tac","status":"publish","type":"page","link":"https:\/\/agora.xtec.cat\/iessantquirze\/estrategia-digital-de-centre\/pla-tac\/","title":{"rendered":"Pla TAC"},"content":{"rendered":"<h3>Pla de tecnologies de l\u2019aprenentatge i del coneixement.<\/h3>\n<p>La integraci\u00f3 plena de les tecnologies en un centre educatiu es pot enfocar com un proc\u00e9s d\u2019innovaci\u00f3 i gesti\u00f3 del canvi, que afecta, d\u2019una banda, tots els seus integrants i, de l\u2019altra, aspectes de funcionament: pedag\u00f2gic, formatiu, organitzatiu i tecnol\u00f2gic. Per facilitar que aquest proc\u00e9s es desenvolupi de forma harm\u00f2nica, \u00e9s necessari un Pla TAC espec\u00edfic que formi part del projecte educatiu del centre. Actualment, el Pla TAC forma part de l&#8217;Estrat\u00e8gia Digital de Centre (EDC)<\/p>\n<p>Podreu trobar el Pla TAC del centre en el seg\u00fcent <a href=\"https:\/\/drive.google.com\/file\/d\/15y_LH2_lhEsL3Gej7oYMme533cKVRjWY\/view?usp=sharing\">enlla\u00e7<\/a><\/p>\n<p>&nbsp;<\/p>\n","protected":false},"excerpt":{"rendered":"<p>Pla de tecnologies de l\u2019aprenentatge i del coneixement. La integraci\u00f3 plena de les tecnologies en un centre educatiu es pot enfocar com un proc\u00e9s d\u2019innovaci\u00f3 i gesti\u00f3 del canvi, que afecta, d\u2019una banda, tots els seus integrants i, de l\u2019altra, aspectes de funcionament: pedag\u00f2gic, formatiu, organitzatiu i tecnol\u00f2gic. Per facilitar que aquest proc\u00e9s es desenvolupi [&hellip;]<\/p>\n","protected":false},"author":1,"featured_media":0,"parent":3049,"menu_order":1,"comment_status":"closed","ping_status":"closed","template":"page-templates\/side-menu.php","meta":{"_bbp_topic_count":0,"_bbp_reply_count":0,"_bbp_total_topic_count":0,"_bbp_total_reply_count":0,"_bbp_voice_count":0,"_bbp_anonymous_reply_count":0,"_bbp_topic_count_hidden":0,"_bbp_reply_count_hidden":0,"_bbp_forum_subforum_count":0,"site-sidebar-layout":"default","site-content-layout":"","ast-site-content-layout":"","site-content-style":"default","site-sidebar-style":"default","ast-global-header-display":"","ast-banner-title-visibility":"","ast-main-header-display":"","ast-hfb-above-header-display":"","ast-hfb-below-header-display":"","ast-hfb-mobile-header-display":"","site-post-title":"","ast-breadcrumbs-content":"","ast-featured-img":"","footer-sml-layout":"","theme-transparent-header-meta":"","adv-header-id-meta":"","stick-header-meta":"","header-above-stick-meta":"","header-main-stick-meta":"","header-below-stick-meta":"","astra-migrate-meta-layouts":"default","ast-page-background-enabled":"default","ast-page-background-meta":{"desktop":{"background-color":"var(--ast-global-color-4)","background-image":"","background-repeat":"repeat","background-position":"center center","background-size":"auto","background-attachment":"scroll","background-type":"","background-media":"","overlay-type":"","overlay-color":"","overlay-opacity":"","overlay-gradient":""},"tablet":{"background-color":"","background-image":"","background-repeat":"repeat","background-position":"center center","background-size":"auto","background-attachment":"scroll","background-type":"","background-media":"","overlay-type":"","overlay-color":"","overlay-opacity":"","overlay-gradient":""},"mobile":{"background-color":"","background-image":"","background-repeat":"repeat","background-position":"center center","background-size":"auto","background-attachment":"scroll","background-type":"","background-media":"","overlay-type":"","overlay-color":"","overlay-opacity":"","overlay-gradient":""}},"ast-content-background-meta":{"desktop":{"background-color":"var(--ast-global-color-5)","background-image":"","background-repeat":"repeat","background-position":"center center","background-size":"auto","background-attachment":"scroll","background-type":"","background-media":"","overlay-type":"","overlay-color":"","overlay-opacity":"","overlay-gradient":""},"tablet":{"background-color":"var(--ast-global-color-5)","background-image":"","background-repeat":"repeat","background-position":"center center","background-size":"auto","background-attachment":"scroll","background-type":"","background-media":"","overlay-type":"","overlay-color":"","overlay-opacity":"","overlay-gradient":""},"mobile":{"background-color":"var(--ast-global-color-5)","background-image":"","background-repeat":"repeat","background-position":"center center","background-size":"auto","background-attachment":"scroll","background-type":"","background-media":"","overlay-type":"","overlay-color":"","overlay-opacity":"","overlay-gradient":""}},"footnotes":""},"class_list":["post-3645","page","type-page","status-publish","hentry"],"post_mailing_queue_ids":[],"_links":{"self":[{"href":"https:\/\/agora.xtec.cat\/iessantquirze\/wp-json\/wp\/v2\/pages\/3645","targetHints":{"allow":["GET"]}}],"collection":[{"href":"https:\/\/agora.xtec.cat\/iessantquirze\/wp-json\/wp\/v2\/pages"}],"about":[{"href":"https:\/\/agora.xtec.cat\/iessantquirze\/wp-json\/wp\/v2\/types\/page"}],"author":[{"embeddable":true,"href":"https:\/\/agora.xtec.cat\/iessantquirze\/wp-json\/wp\/v2\/users\/1"}],"replies":[{"embeddable":true,"href":"https:\/\/agora.xtec.cat\/iessantquirze\/wp-json\/wp\/v2\/comments?post=3645"}],"version-history":[{"count":4,"href":"https:\/\/agora.xtec.cat\/iessantquirze\/wp-json\/wp\/v2\/pages\/3645\/revisions"}],"predecessor-version":[{"id":3898,"href":"https:\/\/agora.xtec.cat\/iessantquirze\/wp-json\/wp\/v2\/pages\/3645\/revisions\/3898"}],"up":[{"embeddable":true,"href":"https:\/\/agora.xtec.cat\/iessantquirze\/wp-json\/wp\/v2\/pages\/3049"}],"wp:attachment":[{"href":"https:\/\/agora.xtec.cat\/iessantquirze\/wp-json\/wp\/v2\/media?parent=3645"}],"curies":[{"name":"wp","href":"https:\/\/api.w.org\/{rel}","templated":true}]}}