{"id":3504,"date":"2023-05-09T10:07:47","date_gmt":"2023-05-09T08:07:47","guid":{"rendered":"https:\/\/agora.xtec.cat\/iessantquirze\/?page_id=3504"},"modified":"2025-02-24T20:10:42","modified_gmt":"2025-02-24T19:10:42","slug":"canalsdecomunicacio","status":"publish","type":"page","link":"https:\/\/agora.xtec.cat\/iessantquirze\/cultura-digital\/canalsdecomunicacio\/","title":{"rendered":"Canals de Comunicaci\u00f3"},"content":{"rendered":"<p lang=\"ca-ES\" align=\"justify\">La comunicaci\u00f3 entre les fam\u00edlies i l\u2019institut es realitza preferentment a trav\u00e9s del tutor\/a mitjan\u00e7ant la web<a href=\"https:\/\/iessantquirze.clickedu.eu\/\"> https:\/\/iessantquirze.clickedu.eu<\/a> a l\u2019apartat comunicaci\u00f3\/converses tutor.<\/p>\n<p lang=\"ca-ES\" align=\"justify\">Per ordenar la comunicaci\u00f3 amb el centre hi ha una s\u00e8rie de vies de contacte disponibles:<\/p>\n<ul>\n<li>\n<p lang=\"ca-ES\" align=\"justify\">Per comunicar anticipadament una abs\u00e8ncia les fam\u00edlies hauran d\u2019enviar un correu a l\u2019adre\u00e7a <a href=\"mailto:consergeria.inssantquirze@gmail.com\">consergeria.inssantquirze@gmail.com<\/a><\/p>\n<\/li>\n<li>\n<p lang=\"ca-ES\" align=\"justify\">Per tr\u00e0mits administratius les fam\u00edlies hauran d\u2019enviar un correu a l\u2019adre\u00e7a <a href=\"mailto:ad.inssantquirze@gmail.com\">ad.inssantquirze@gmail.com<\/a><\/p>\n<\/li>\n<\/ul>\n<ul>\n<li>\n<p lang=\"ca-ES\" align=\"justify\">Per contactar amb l\u2019AFA les fam\u00edlies hauran d\u2019enviar un correu a l\u2019adre\u00e7a <a href=\"mailto:ampainssqv@gmail.com\">ampainssqv@gmail.com<\/a><\/p>\n<\/li>\n<\/ul>\n<ul>\n<li>\n<p lang=\"ca-ES\" align=\"justify\">Per altres consultes les fam\u00edlies hauran de trucar al tel\u00e8fon 937 213 144.<\/p>\n<\/li>\n<li>Per a comunicaci\u00f3 amb els tutors hauran d&#8217;enviar un missatge per la plataforma clickedu a trav\u00e9s dels passos seg\u00fcents:<a href=\"https:\/\/agora.xtec.cat\/iessantquirze\/wp-content\/uploads\/usu1939\/2023\/06\/Imatge1.png\"><img loading=\"lazy\" decoding=\"async\" class=\"wp-image-3785 aligncenter\" src=\"https:\/\/agora.xtec.cat\/iessantquirze\/wp-content\/uploads\/usu1939\/2023\/06\/Imatge1-1024x550.png\" alt=\"\" width=\"479\" height=\"257\" srcset=\"https:\/\/agora.xtec.cat\/iessantquirze\/wp-content\/uploads\/usu1939\/2023\/06\/Imatge1-1024x550.png 1024w, https:\/\/agora.xtec.cat\/iessantquirze\/wp-content\/uploads\/usu1939\/2023\/06\/Imatge1-300x161.png 300w, https:\/\/agora.xtec.cat\/iessantquirze\/wp-content\/uploads\/usu1939\/2023\/06\/Imatge1-768x413.png 768w, https:\/\/agora.xtec.cat\/iessantquirze\/wp-content\/uploads\/usu1939\/2023\/06\/Imatge1.png 1178w\" sizes=\"auto, (max-width: 479px) 100vw, 479px\" \/><\/a><\/li>\n<\/ul>\n<p lang=\"ca-ES\" align=\"justify\">\n","protected":false},"excerpt":{"rendered":"<p>La comunicaci\u00f3 entre les fam\u00edlies i l\u2019institut es realitza preferentment a trav\u00e9s del tutor\/a mitjan\u00e7ant la web https:\/\/iessantquirze.clickedu.eu a l\u2019apartat comunicaci\u00f3\/converses tutor. Per ordenar la comunicaci\u00f3 amb el centre hi ha una s\u00e8rie de vies de contacte disponibles: Per comunicar anticipadament una abs\u00e8ncia les fam\u00edlies hauran d\u2019enviar un correu a l\u2019adre\u00e7a consergeria.inssantquirze@gmail.com Per tr\u00e0mits administratius [&hellip;]<\/p>\n","protected":false},"author":1,"featured_media":0,"parent":3080,"menu_order":5,"comment_status":"closed","ping_status":"closed","template":"page-templates\/side-menu.php","meta":{"_bbp_topic_count":0,"_bbp_reply_count":0,"_bbp_total_topic_count":0,"_bbp_total_reply_count":0,"_bbp_voice_count":0,"_bbp_anonymous_reply_count":0,"_bbp_topic_count_hidden":0,"_bbp_reply_count_hidden":0,"_bbp_forum_subforum_count":0,"site-sidebar-layout":"default","site-content-layout":"","ast-site-content-layout":"","site-content-style":"default","site-sidebar-style":"default","ast-global-header-display":"","ast-banner-title-visibility":"","ast-main-header-display":"","ast-hfb-above-header-display":"","ast-hfb-below-header-display":"","ast-hfb-mobile-header-display":"","site-post-title":"","ast-breadcrumbs-content":"","ast-featured-img":"","footer-sml-layout":"","theme-transparent-header-meta":"","adv-header-id-meta":"","stick-header-meta":"","header-above-stick-meta":"","header-main-stick-meta":"","header-below-stick-meta":"","astra-migrate-meta-layouts":"default","ast-page-background-enabled":"default","ast-page-background-meta":{"desktop":{"background-color":"var(--ast-global-color-4)","background-image":"","background-repeat":"repeat","background-position":"center center","background-size":"auto","background-attachment":"scroll","background-type":"","background-media":"","overlay-type":"","overlay-color":"","overlay-opacity":"","overlay-gradient":""},"tablet":{"background-color":"","background-image":"","background-repeat":"repeat","background-position":"center center","background-size":"auto","background-attachment":"scroll","background-type":"","background-media":"","overlay-type":"","overlay-color":"","overlay-opacity":"","overlay-gradient":""},"mobile":{"background-color":"","background-image":"","background-repeat":"repeat","background-position":"center center","background-size":"auto","background-attachment":"scroll","background-type":"","background-media":"","overlay-type":"","overlay-color":"","overlay-opacity":"","overlay-gradient":""}},"ast-content-background-meta":{"desktop":{"background-color":"var(--ast-global-color-5)","background-image":"","background-repeat":"repeat","background-position":"center center","background-size":"auto","background-attachment":"scroll","background-type":"","background-media":"","overlay-type":"","overlay-color":"","overlay-opacity":"","overlay-gradient":""},"tablet":{"background-color":"var(--ast-global-color-5)","background-image":"","background-repeat":"repeat","background-position":"center center","background-size":"auto","background-attachment":"scroll","background-type":"","background-media":"","overlay-type":"","overlay-color":"","overlay-opacity":"","overlay-gradient":""},"mobile":{"background-color":"var(--ast-global-color-5)","background-image":"","background-repeat":"repeat","background-position":"center center","background-size":"auto","background-attachment":"scroll","background-type":"","background-media":"","overlay-type":"","overlay-color":"","overlay-opacity":"","overlay-gradient":""}},"footnotes":""},"class_list":["post-3504","page","type-page","status-publish","hentry"],"post_mailing_queue_ids":[],"_links":{"self":[{"href":"https:\/\/agora.xtec.cat\/iessantquirze\/wp-json\/wp\/v2\/pages\/3504","targetHints":{"allow":["GET"]}}],"collection":[{"href":"https:\/\/agora.xtec.cat\/iessantquirze\/wp-json\/wp\/v2\/pages"}],"about":[{"href":"https:\/\/agora.xtec.cat\/iessantquirze\/wp-json\/wp\/v2\/types\/page"}],"author":[{"embeddable":true,"href":"https:\/\/agora.xtec.cat\/iessantquirze\/wp-json\/wp\/v2\/users\/1"}],"replies":[{"embeddable":true,"href":"https:\/\/agora.xtec.cat\/iessantquirze\/wp-json\/wp\/v2\/comments?post=3504"}],"version-history":[{"count":3,"href":"https:\/\/agora.xtec.cat\/iessantquirze\/wp-json\/wp\/v2\/pages\/3504\/revisions"}],"predecessor-version":[{"id":3787,"href":"https:\/\/agora.xtec.cat\/iessantquirze\/wp-json\/wp\/v2\/pages\/3504\/revisions\/3787"}],"up":[{"embeddable":true,"href":"https:\/\/agora.xtec.cat\/iessantquirze\/wp-json\/wp\/v2\/pages\/3080"}],"wp:attachment":[{"href":"https:\/\/agora.xtec.cat\/iessantquirze\/wp-json\/wp\/v2\/media?parent=3504"}],"curies":[{"name":"wp","href":"https:\/\/api.w.org\/{rel}","templated":true}]}}