{"id":3503,"date":"2023-05-09T10:07:47","date_gmt":"2023-05-09T08:07:47","guid":{"rendered":"https:\/\/agora.xtec.cat\/iessantquirze\/?page_id=3503"},"modified":"2025-02-24T20:09:12","modified_gmt":"2025-02-24T19:09:12","slug":"acolliment-a-les-families","status":"publish","type":"page","link":"https:\/\/agora.xtec.cat\/iessantquirze\/cultura-digital\/acolliment-a-les-families\/","title":{"rendered":"Acollida a les Fam\u00edlies"},"content":{"rendered":"<p lang=\"ca-ES\" align=\"justify\">El primer contacte de les fam\u00edlies amb el centre \u00e9s durant els processos de preinscripci\u00f3.<\/p>\n<p lang=\"ca-ES\" align=\"justify\">Les fam\u00edlies dels nous alumnes al centre cal que entrin a la Plataforma Clikedu i facin la preinscripci\u00f3 al centre amb les dades de contacte. Per fer-ho tenen un manual i l\u2019enlla\u00e7 a la web del centre <a href=\"https:\/\/agora.xtec.cat\/iessantquirze\/\">https:\/\/agora.xtec.cat\/iessantquirze\/<\/a>. Per qualsevol dubte en aquest primer contacte amb el centre tenen el servei d\u2019acompanyament des de la secretaria del centre, que es realitza per correu electr\u00f2nic, via telef\u00f2nica o presencialment al centre segons necessitats de les fam\u00edlies.<\/p>\n<p lang=\"ca-ES\" align=\"justify\">Recollides les adreces de correu electr\u00f2nic a trav\u00e9s de la Plataforma Clickedu, tota la informaci\u00f3 necess\u00e0ria per al procediment de matr\u00edcula es realitza des de la secretaria del centre\u00a0 a trav\u00e9s dels correus electr\u00f2nics informats.<\/p>\n<p lang=\"ca-ES\" align=\"justify\">Tota la documentaci\u00f3 per la formalitzaci\u00f3 de la matr\u00edcula es fa per correu electr\u00f2nic a <a href=\"mailto:ad.inssantquirze@gmail.com\">ad.inssantquirze@gmail.com<\/a>, sempre amb suport telef\u00f2nic o presencial segons necessitats de les fam\u00edlies de la secretaria del centre.<\/p>\n<p lang=\"ca-ES\">Un cop els alumnes estan matriculats en el centre, reben tota la informaci\u00f3 necess\u00e0ria per l\u2019inici de curs a trav\u00e9s del correu electr\u00f2nic, acollida del primer dia de classe, dia de la reuni\u00f3 amb les fam\u00edlies, llibres, optatives, etc..<\/p>\n<p lang=\"ca-ES\" align=\"justify\">Des de la Secretaria del centre s\u2019envia per correu electr\u00f2nic les contrasenyes necess\u00e0ries per entrar a la Plataforma Clickedu, una per a cada responsable per tal de garantir la confidencialitat.<\/p>\n<p lang=\"ca-ES\" align=\"justify\">A les reunions amb les fam\u00edlies d\u2019inici de curs, cada tutor explica el funcionament b\u00e0sic de la Plataforma, la informaci\u00f3 del dia a dia que poden trobar, els resultats de l\u2019avaluaci\u00f3 cont\u00ednua i les formes b\u00e0siques de comunicaci\u00f3 amb l\u2019institut: les converses amb el tutor i el m\u00f2dul de comunicaci\u00f3.<\/p>\n<p lang=\"ca-ES\" align=\"justify\">Qualsevol problema, dubte que els sorgeix poden enviar un correu a la secretaria del centre que el resoldr\u00e0 o derivada a la coordinaci\u00f3 inform\u00e0tica del centre segons s&#8217;escaigui.<\/p>\n<p lang=\"ca-ES\">Us deixem un enlla\u00e7 al manual per fer servir la plataforma educativa <a href=\"https:\/\/drive.google.com\/file\/d\/1b2-9riFnNLJfIvdWu8pAk9t6cP0s93Cg\/view?usp=sharing\">clickedu<\/a> i un enlla\u00e7 a l&#8217;ajuda de la plataforma <a href=\"https:\/\/learning.clickedu.eu\/manual.php?id=CAT_103\" target=\"_blank\" rel=\"noopener\">clickedu.\u00a0<\/a><\/p>\n","protected":false},"excerpt":{"rendered":"<p>El primer contacte de les fam\u00edlies amb el centre \u00e9s durant els processos de preinscripci\u00f3. Les fam\u00edlies dels nous alumnes al centre cal que entrin a la Plataforma Clikedu i facin la preinscripci\u00f3 al centre amb les dades de contacte. Per fer-ho tenen un manual i l\u2019enlla\u00e7 a la web del centre https:\/\/agora.xtec.cat\/iessantquirze\/. Per qualsevol [&hellip;]<\/p>\n","protected":false},"author":1,"featured_media":0,"parent":3080,"menu_order":2,"comment_status":"closed","ping_status":"closed","template":"page-templates\/side-menu.php","meta":{"_bbp_topic_count":0,"_bbp_reply_count":0,"_bbp_total_topic_count":0,"_bbp_total_reply_count":0,"_bbp_voice_count":0,"_bbp_anonymous_reply_count":0,"_bbp_topic_count_hidden":0,"_bbp_reply_count_hidden":0,"_bbp_forum_subforum_count":0,"site-sidebar-layout":"default","site-content-layout":"","ast-site-content-layout":"","site-content-style":"default","site-sidebar-style":"default","ast-global-header-display":"","ast-banner-title-visibility":"","ast-main-header-display":"","ast-hfb-above-header-display":"","ast-hfb-below-header-display":"","ast-hfb-mobile-header-display":"","site-post-title":"","ast-breadcrumbs-content":"","ast-featured-img":"","footer-sml-layout":"","theme-transparent-header-meta":"","adv-header-id-meta":"","stick-header-meta":"","header-above-stick-meta":"","header-main-stick-meta":"","header-below-stick-meta":"","astra-migrate-meta-layouts":"default","ast-page-background-enabled":"default","ast-page-background-meta":{"desktop":{"background-color":"var(--ast-global-color-4)","background-image":"","background-repeat":"repeat","background-position":"center center","background-size":"auto","background-attachment":"scroll","background-type":"","background-media":"","overlay-type":"","overlay-color":"","overlay-opacity":"","overlay-gradient":""},"tablet":{"background-color":"","background-image":"","background-repeat":"repeat","background-position":"center center","background-size":"auto","background-attachment":"scroll","background-type":"","background-media":"","overlay-type":"","overlay-color":"","overlay-opacity":"","overlay-gradient":""},"mobile":{"background-color":"","background-image":"","background-repeat":"repeat","background-position":"center center","background-size":"auto","background-attachment":"scroll","background-type":"","background-media":"","overlay-type":"","overlay-color":"","overlay-opacity":"","overlay-gradient":""}},"ast-content-background-meta":{"desktop":{"background-color":"var(--ast-global-color-5)","background-image":"","background-repeat":"repeat","background-position":"center center","background-size":"auto","background-attachment":"scroll","background-type":"","background-media":"","overlay-type":"","overlay-color":"","overlay-opacity":"","overlay-gradient":""},"tablet":{"background-color":"var(--ast-global-color-5)","background-image":"","background-repeat":"repeat","background-position":"center center","background-size":"auto","background-attachment":"scroll","background-type":"","background-media":"","overlay-type":"","overlay-color":"","overlay-opacity":"","overlay-gradient":""},"mobile":{"background-color":"var(--ast-global-color-5)","background-image":"","background-repeat":"repeat","background-position":"center center","background-size":"auto","background-attachment":"scroll","background-type":"","background-media":"","overlay-type":"","overlay-color":"","overlay-opacity":"","overlay-gradient":""}},"footnotes":""},"class_list":["post-3503","page","type-page","status-publish","hentry"],"post_mailing_queue_ids":[],"_links":{"self":[{"href":"https:\/\/agora.xtec.cat\/iessantquirze\/wp-json\/wp\/v2\/pages\/3503","targetHints":{"allow":["GET"]}}],"collection":[{"href":"https:\/\/agora.xtec.cat\/iessantquirze\/wp-json\/wp\/v2\/pages"}],"about":[{"href":"https:\/\/agora.xtec.cat\/iessantquirze\/wp-json\/wp\/v2\/types\/page"}],"author":[{"embeddable":true,"href":"https:\/\/agora.xtec.cat\/iessantquirze\/wp-json\/wp\/v2\/users\/1"}],"replies":[{"embeddable":true,"href":"https:\/\/agora.xtec.cat\/iessantquirze\/wp-json\/wp\/v2\/comments?post=3503"}],"version-history":[{"count":3,"href":"https:\/\/agora.xtec.cat\/iessantquirze\/wp-json\/wp\/v2\/pages\/3503\/revisions"}],"predecessor-version":[{"id":3731,"href":"https:\/\/agora.xtec.cat\/iessantquirze\/wp-json\/wp\/v2\/pages\/3503\/revisions\/3731"}],"up":[{"embeddable":true,"href":"https:\/\/agora.xtec.cat\/iessantquirze\/wp-json\/wp\/v2\/pages\/3080"}],"wp:attachment":[{"href":"https:\/\/agora.xtec.cat\/iessantquirze\/wp-json\/wp\/v2\/media?parent=3503"}],"curies":[{"name":"wp","href":"https:\/\/api.w.org\/{rel}","templated":true}]}}