{"id":3502,"date":"2023-05-09T10:07:47","date_gmt":"2023-05-09T08:07:47","guid":{"rendered":"https:\/\/agora.xtec.cat\/iessantquirze\/?page_id=3502"},"modified":"2025-02-24T20:10:58","modified_gmt":"2025-02-24T19:10:58","slug":"serveis-i-recursos-digitals-del-centre","status":"publish","type":"page","link":"https:\/\/agora.xtec.cat\/iessantquirze\/cultura-digital\/serveis-i-recursos-digitals-del-centre\/","title":{"rendered":"Serveis i Recursos Digitals del Centre"},"content":{"rendered":"<p lang=\"ca-ES\" align=\"justify\">El centre disposa de panells interactius a totes les aules especifiques i a la majoria de les aules comunes. Nom\u00e9s queden 7 aules comunes que no disposen de panells, per\u00f2 tenen projector, ordinador i pissarra digital.<\/p>\n<p lang=\"ca-ES\" align=\"justify\">Cada professor\/a i alumne\/a compta amb un port\u00e0til cedit pel Departament d\u2019Ensenyament. Per accedir a aquests ordinadors cal fer una petici\u00f3 omplint els formularis seg\u00fcents:<\/p>\n<p lang=\"ca-ES\" style=\"padding-left: 40px;\" align=\"justify\"><a href=\"https:\/\/drive.google.com\/file\/d\/1xhpo3Pba6iMHrG0jE9YHVb8DZ1M-yayw\/view?usp=share_link\" target=\"_blank\" rel=\"noopener\">Document informatiu sobre l&#8217;\u00fas i condicions d&#8217;\u00fas dels ordinadors port\u00e0tils<\/a><\/p>\n<p lang=\"ca-ES\" style=\"padding-left: 40px;\" align=\"justify\"><span style=\"color: #ff0000;\"><a href=\"https:\/\/drive.google.com\/file\/d\/1V-3T79q9dGQoN2dVfuUBYkvLCr1zVGCi\/view?usp=share_link\" target=\"_blank\" rel=\"noopener\">Model de Sol.licitud\u00a0<\/a><\/span><\/p>\n<p lang=\"ca-ES\" style=\"padding-left: 40px;\" align=\"justify\"><a href=\"https:\/\/drive.google.com\/file\/d\/1JQ2i3n30MnxvfWlSnLIrdqI0Qc8fthwj\/view?usp=share_link\" target=\"_blank\" rel=\"noopener\">Carta de comprom\u00eds<\/a><\/p>\n<p lang=\"ca-ES\" align=\"justify\">En el seg\u00fcent formulari\u00a0 serveix per comunicar\/ registrar les possibles incid\u00e8ncies dels ordinadors, panells, altres tecnologies del centre:<\/p>\n<p lang=\"ca-ES\" style=\"padding-left: 40px;\" align=\"justify\"><a href=\"https:\/\/docs.google.com\/document\/d\/1VODP-DIwJ9r-SEJ39Ocag6MadVhQAL8i\/edit?usp=share_link&amp;ouid=104792183891342258257&amp;rtpof=true&amp;sd=true\" target=\"_blank\" rel=\"noopener\">Comunicat incid\u00e8ncia inform\u00e0tica\u00a0<\/a><\/p>\n<p lang=\"ca-ES\" align=\"justify\">La documentaci\u00f3 la podeu fer arribar en paper a trav\u00e9s del vostre fill\/a al coordinador inform\u00e0tic a l&#8217;hora de l&#8217;esbarjo o b\u00e9, enviant-la per correu a\u00a0 <span style=\"color: #339966;\">informaticainssantquirze@gmail.com<\/span><\/p>\n<p lang=\"ca-ES\" align=\"justify\">El mal \u00fas dels ordinadors pot ser objecte de sanci\u00f3, ja que les fam\u00edlies signen la Carta de comprom\u00eds on es comprometen a retornar els dispositiu en les mateixes condicions que els van rebre. En cas que el dispositiu no sigui retornat en la data acordada es procedeix a fer una reclamaci\u00f3 a la fam\u00edlia des de direcci\u00f3. En cas de p\u00e8rdua o danys, la reparaci\u00f3 de trencadisses, deteriorament excessiu o p\u00e8rdua de l\u2019ordinador seran a c\u00e0rrec de la fam\u00edlia (NOFC)<\/p>\n<p lang=\"ca-ES\" align=\"justify\">\n","protected":false},"excerpt":{"rendered":"<p>El centre disposa de panells interactius a totes les aules especifiques i a la majoria de les aules comunes. Nom\u00e9s queden 7 aules comunes que no disposen de panells, per\u00f2 tenen projector, ordinador i pissarra digital. Cada professor\/a i alumne\/a compta amb un port\u00e0til cedit pel Departament d\u2019Ensenyament. Per accedir a aquests ordinadors cal fer [&hellip;]<\/p>\n","protected":false},"author":1,"featured_media":0,"parent":3080,"menu_order":4,"comment_status":"closed","ping_status":"closed","template":"page-templates\/side-menu.php","meta":{"_bbp_topic_count":0,"_bbp_reply_count":0,"_bbp_total_topic_count":0,"_bbp_total_reply_count":0,"_bbp_voice_count":0,"_bbp_anonymous_reply_count":0,"_bbp_topic_count_hidden":0,"_bbp_reply_count_hidden":0,"_bbp_forum_subforum_count":0,"site-sidebar-layout":"default","site-content-layout":"","ast-site-content-layout":"","site-content-style":"default","site-sidebar-style":"default","ast-global-header-display":"","ast-banner-title-visibility":"","ast-main-header-display":"","ast-hfb-above-header-display":"","ast-hfb-below-header-display":"","ast-hfb-mobile-header-display":"","site-post-title":"","ast-breadcrumbs-content":"","ast-featured-img":"","footer-sml-layout":"","theme-transparent-header-meta":"","adv-header-id-meta":"","stick-header-meta":"","header-above-stick-meta":"","header-main-stick-meta":"","header-below-stick-meta":"","astra-migrate-meta-layouts":"default","ast-page-background-enabled":"default","ast-page-background-meta":{"desktop":{"background-color":"var(--ast-global-color-4)","background-image":"","background-repeat":"repeat","background-position":"center center","background-size":"auto","background-attachment":"scroll","background-type":"","background-media":"","overlay-type":"","overlay-color":"","overlay-opacity":"","overlay-gradient":""},"tablet":{"background-color":"","background-image":"","background-repeat":"repeat","background-position":"center center","background-size":"auto","background-attachment":"scroll","background-type":"","background-media":"","overlay-type":"","overlay-color":"","overlay-opacity":"","overlay-gradient":""},"mobile":{"background-color":"","background-image":"","background-repeat":"repeat","background-position":"center center","background-size":"auto","background-attachment":"scroll","background-type":"","background-media":"","overlay-type":"","overlay-color":"","overlay-opacity":"","overlay-gradient":""}},"ast-content-background-meta":{"desktop":{"background-color":"var(--ast-global-color-5)","background-image":"","background-repeat":"repeat","background-position":"center center","background-size":"auto","background-attachment":"scroll","background-type":"","background-media":"","overlay-type":"","overlay-color":"","overlay-opacity":"","overlay-gradient":""},"tablet":{"background-color":"var(--ast-global-color-5)","background-image":"","background-repeat":"repeat","background-position":"center center","background-size":"auto","background-attachment":"scroll","background-type":"","background-media":"","overlay-type":"","overlay-color":"","overlay-opacity":"","overlay-gradient":""},"mobile":{"background-color":"var(--ast-global-color-5)","background-image":"","background-repeat":"repeat","background-position":"center center","background-size":"auto","background-attachment":"scroll","background-type":"","background-media":"","overlay-type":"","overlay-color":"","overlay-opacity":"","overlay-gradient":""}},"footnotes":""},"class_list":["post-3502","page","type-page","status-publish","hentry"],"post_mailing_queue_ids":[],"_links":{"self":[{"href":"https:\/\/agora.xtec.cat\/iessantquirze\/wp-json\/wp\/v2\/pages\/3502","targetHints":{"allow":["GET"]}}],"collection":[{"href":"https:\/\/agora.xtec.cat\/iessantquirze\/wp-json\/wp\/v2\/pages"}],"about":[{"href":"https:\/\/agora.xtec.cat\/iessantquirze\/wp-json\/wp\/v2\/types\/page"}],"author":[{"embeddable":true,"href":"https:\/\/agora.xtec.cat\/iessantquirze\/wp-json\/wp\/v2\/users\/1"}],"replies":[{"embeddable":true,"href":"https:\/\/agora.xtec.cat\/iessantquirze\/wp-json\/wp\/v2\/comments?post=3502"}],"version-history":[{"count":3,"href":"https:\/\/agora.xtec.cat\/iessantquirze\/wp-json\/wp\/v2\/pages\/3502\/revisions"}],"predecessor-version":[{"id":3738,"href":"https:\/\/agora.xtec.cat\/iessantquirze\/wp-json\/wp\/v2\/pages\/3502\/revisions\/3738"}],"up":[{"embeddable":true,"href":"https:\/\/agora.xtec.cat\/iessantquirze\/wp-json\/wp\/v2\/pages\/3080"}],"wp:attachment":[{"href":"https:\/\/agora.xtec.cat\/iessantquirze\/wp-json\/wp\/v2\/media?parent=3502"}],"curies":[{"name":"wp","href":"https:\/\/api.w.org\/{rel}","templated":true}]}}