{"id":3207,"date":"2023-01-12T12:18:25","date_gmt":"2023-01-12T11:18:25","guid":{"rendered":"https:\/\/agora.xtec.cat\/iessantquirze\/?page_id=3207"},"modified":"2023-10-18T16:02:44","modified_gmt":"2023-10-18T14:02:44","slug":"agenda-2030","status":"publish","type":"page","link":"https:\/\/agora.xtec.cat\/iessantquirze\/projecte-educatiu\/agenda-2030\/","title":{"rendered":"Agenda 2030"},"content":{"rendered":"<p><a href=\"https:\/\/agora.xtec.cat\/iessantquirze\/wp-content\/uploads\/usu1939\/2023\/01\/PROJECTE-INNOVACIO_-Presentacio-Projecte-Agenda-2030_claustre_22-23-1-1.jpg\"><img loading=\"lazy\" decoding=\"async\" class=\"alignnone size-full wp-image-3214\" src=\"https:\/\/agora.xtec.cat\/iessantquirze\/wp-content\/uploads\/usu1939\/2023\/01\/PROJECTE-INNOVACIO_-Presentacio-Projecte-Agenda-2030_claustre_22-23-1-1.jpg\" alt=\"\" width=\"960\" height=\"540\" srcset=\"https:\/\/agora.xtec.cat\/iessantquirze\/wp-content\/uploads\/usu1939\/2023\/01\/PROJECTE-INNOVACIO_-Presentacio-Projecte-Agenda-2030_claustre_22-23-1-1.jpg 960w, https:\/\/agora.xtec.cat\/iessantquirze\/wp-content\/uploads\/usu1939\/2023\/01\/PROJECTE-INNOVACIO_-Presentacio-Projecte-Agenda-2030_claustre_22-23-1-1-300x169.jpg 300w, https:\/\/agora.xtec.cat\/iessantquirze\/wp-content\/uploads\/usu1939\/2023\/01\/PROJECTE-INNOVACIO_-Presentacio-Projecte-Agenda-2030_claustre_22-23-1-1-768x432.jpg 768w\" sizes=\"auto, (max-width: 960px) 100vw, 960px\" \/><\/a><\/p>\n<p>El Projecte Agenda 2030 pret\u00e9n agregar a tot el centre, si b\u00e9 hi destaquen els \u00e0mbits Cientificotecnol\u00f2gic, Social, Cultura i Valors i des de les tutories. Es treballa de forma integral posant atenci\u00f3 a la promoci\u00f3 d&#8217;una ciutadania democr\u00e0tica, cr\u00edtica, compromesa i amb consci\u00e8ncia global.<\/p>\n<p>Venint d&#8217;experi\u00e8ncies pr\u00e8vies, al curs 2018-19 s&#8217;inclou la base dels ODS a les programacions d&#8217;aula i es posen en marxa una Aula Mediambiental transversal i per a tots els nivells, l&#8217;embri\u00f3 del Projecte Agenda 2030 actual. Participaci\u00f3 de forma significativa, no nom\u00e9s de concepte te\u00f2ric.<\/p>\n<p>L&#8217;Agenda 2030 t\u00e9 per objectius fonamentals:<\/p>\n<ul>\n<li>Conscienciar sobre la contaminaci\u00f3 que generem en el nostre dia a dia i que est\u00e0 al nostra abast reduir<\/li>\n<li>Educar en el reciclatge facilitant la selecci\u00f3 de residus aix\u00ed com el consum responsable (fomentant el reduir, reciclar, reutilitzar)<\/li>\n<\/ul>\n<h4><a href=\"https:\/\/drive.google.com\/file\/d\/1dOTWyTps6adG_ZuCEQQOqLi5s_3Uois5\/view?usp=sharing\" target=\"_blank\" rel=\"noopener\">Per a m\u00e9s informaci\u00f3 sobre el projecte Agenda 2030 podeu consultar la presentaci\u00f3 aqu\u00ed.<\/a><\/h4>\n<p>S&#8217;estructura fins al moment al voltant dels eixos seg\u00fcents:<\/p>\n<p><a href=\"https:\/\/agora.xtec.cat\/iessantquirze\/wp-content\/uploads\/usu1939\/2023\/01\/PROJECTE-INNOVACIO_-Presentacio-Projecte-Agenda-2030_claustre_22-23-1.jpg\"><img loading=\"lazy\" decoding=\"async\" class=\"alignnone size-full wp-image-3209\" src=\"https:\/\/agora.xtec.cat\/iessantquirze\/wp-content\/uploads\/usu1939\/2023\/01\/PROJECTE-INNOVACIO_-Presentacio-Projecte-Agenda-2030_claustre_22-23-1.jpg\" alt=\"\" width=\"960\" height=\"720\" srcset=\"https:\/\/agora.xtec.cat\/iessantquirze\/wp-content\/uploads\/usu1939\/2023\/01\/PROJECTE-INNOVACIO_-Presentacio-Projecte-Agenda-2030_claustre_22-23-1.jpg 960w, https:\/\/agora.xtec.cat\/iessantquirze\/wp-content\/uploads\/usu1939\/2023\/01\/PROJECTE-INNOVACIO_-Presentacio-Projecte-Agenda-2030_claustre_22-23-1-300x225.jpg 300w, https:\/\/agora.xtec.cat\/iessantquirze\/wp-content\/uploads\/usu1939\/2023\/01\/PROJECTE-INNOVACIO_-Presentacio-Projecte-Agenda-2030_claustre_22-23-1-768x576.jpg 768w, https:\/\/agora.xtec.cat\/iessantquirze\/wp-content\/uploads\/usu1939\/2023\/01\/PROJECTE-INNOVACIO_-Presentacio-Projecte-Agenda-2030_claustre_22-23-1-200x150.jpg 200w\" sizes=\"auto, (max-width: 960px) 100vw, 960px\" \/><\/a><\/p>\n<h4><\/h4>\n","protected":false},"excerpt":{"rendered":"<p>El Projecte Agenda 2030 pret\u00e9n agregar a tot el centre, si b\u00e9 hi destaquen els \u00e0mbits Cientificotecnol\u00f2gic, Social, Cultura i Valors i des de les tutories. Es treballa de forma integral posant atenci\u00f3 a la promoci\u00f3 d&#8217;una ciutadania democr\u00e0tica, cr\u00edtica, compromesa i amb consci\u00e8ncia global. Venint d&#8217;experi\u00e8ncies pr\u00e8vies, al curs 2018-19 s&#8217;inclou la base dels [&hellip;]<\/p>\n","protected":false},"author":1,"featured_media":0,"parent":57,"menu_order":0,"comment_status":"closed","ping_status":"closed","template":"page-templates\/side-menu.php","meta":{"_bbp_topic_count":0,"_bbp_reply_count":0,"_bbp_total_topic_count":0,"_bbp_total_reply_count":0,"_bbp_voice_count":0,"_bbp_anonymous_reply_count":0,"_bbp_topic_count_hidden":0,"_bbp_reply_count_hidden":0,"_bbp_forum_subforum_count":0,"site-sidebar-layout":"default","site-content-layout":"","ast-site-content-layout":"","site-content-style":"default","site-sidebar-style":"default","ast-global-header-display":"","ast-banner-title-visibility":"","ast-main-header-display":"","ast-hfb-above-header-display":"","ast-hfb-below-header-display":"","ast-hfb-mobile-header-display":"","site-post-title":"","ast-breadcrumbs-content":"","ast-featured-img":"","footer-sml-layout":"","theme-transparent-header-meta":"","adv-header-id-meta":"","stick-header-meta":"","header-above-stick-meta":"","header-main-stick-meta":"","header-below-stick-meta":"","astra-migrate-meta-layouts":"default","ast-page-background-enabled":"default","ast-page-background-meta":{"desktop":{"background-color":"var(--ast-global-color-4)","background-image":"","background-repeat":"repeat","background-position":"center center","background-size":"auto","background-attachment":"scroll","background-type":"","background-media":"","overlay-type":"","overlay-color":"","overlay-opacity":"","overlay-gradient":""},"tablet":{"background-color":"","background-image":"","background-repeat":"repeat","background-position":"center center","background-size":"auto","background-attachment":"scroll","background-type":"","background-media":"","overlay-type":"","overlay-color":"","overlay-opacity":"","overlay-gradient":""},"mobile":{"background-color":"","background-image":"","background-repeat":"repeat","background-position":"center center","background-size":"auto","background-attachment":"scroll","background-type":"","background-media":"","overlay-type":"","overlay-color":"","overlay-opacity":"","overlay-gradient":""}},"ast-content-background-meta":{"desktop":{"background-color":"var(--ast-global-color-5)","background-image":"","background-repeat":"repeat","background-position":"center center","background-size":"auto","background-attachment":"scroll","background-type":"","background-media":"","overlay-type":"","overlay-color":"","overlay-opacity":"","overlay-gradient":""},"tablet":{"background-color":"var(--ast-global-color-5)","background-image":"","background-repeat":"repeat","background-position":"center center","background-size":"auto","background-attachment":"scroll","background-type":"","background-media":"","overlay-type":"","overlay-color":"","overlay-opacity":"","overlay-gradient":""},"mobile":{"background-color":"var(--ast-global-color-5)","background-image":"","background-repeat":"repeat","background-position":"center center","background-size":"auto","background-attachment":"scroll","background-type":"","background-media":"","overlay-type":"","overlay-color":"","overlay-opacity":"","overlay-gradient":""}},"footnotes":""},"class_list":["post-3207","page","type-page","status-publish","hentry"],"post_mailing_queue_ids":[],"_links":{"self":[{"href":"https:\/\/agora.xtec.cat\/iessantquirze\/wp-json\/wp\/v2\/pages\/3207","targetHints":{"allow":["GET"]}}],"collection":[{"href":"https:\/\/agora.xtec.cat\/iessantquirze\/wp-json\/wp\/v2\/pages"}],"about":[{"href":"https:\/\/agora.xtec.cat\/iessantquirze\/wp-json\/wp\/v2\/types\/page"}],"author":[{"embeddable":true,"href":"https:\/\/agora.xtec.cat\/iessantquirze\/wp-json\/wp\/v2\/users\/1"}],"replies":[{"embeddable":true,"href":"https:\/\/agora.xtec.cat\/iessantquirze\/wp-json\/wp\/v2\/comments?post=3207"}],"version-history":[{"count":5,"href":"https:\/\/agora.xtec.cat\/iessantquirze\/wp-json\/wp\/v2\/pages\/3207\/revisions"}],"predecessor-version":[{"id":3949,"href":"https:\/\/agora.xtec.cat\/iessantquirze\/wp-json\/wp\/v2\/pages\/3207\/revisions\/3949"}],"up":[{"embeddable":true,"href":"https:\/\/agora.xtec.cat\/iessantquirze\/wp-json\/wp\/v2\/pages\/57"}],"wp:attachment":[{"href":"https:\/\/agora.xtec.cat\/iessantquirze\/wp-json\/wp\/v2\/media?parent=3207"}],"curies":[{"name":"wp","href":"https:\/\/api.w.org\/{rel}","templated":true}]}}