{"id":3080,"date":"2022-11-03T19:39:13","date_gmt":"2022-11-03T18:39:13","guid":{"rendered":"https:\/\/agora.xtec.cat\/iessantquirze\/?page_id=3080"},"modified":"2025-07-21T08:13:56","modified_gmt":"2025-07-21T06:13:56","slug":"cultura-digital","status":"publish","type":"page","link":"https:\/\/agora.xtec.cat\/iessantquirze\/cultura-digital\/","title":{"rendered":"Cultura digital"},"content":{"rendered":"<p><a href=\"https:\/\/agora.xtec.cat\/iessantquirze\/wp-content\/uploads\/usu1939\/2023\/05\/cultura.jpg\"><img loading=\"lazy\" decoding=\"async\" class=\"alignnone size-large wp-image-3478\" src=\"https:\/\/agora.xtec.cat\/iessantquirze\/wp-content\/uploads\/usu1939\/2023\/05\/cultura-1024x307.jpg\" alt=\"\" width=\"1024\" height=\"307\" srcset=\"https:\/\/agora.xtec.cat\/iessantquirze\/wp-content\/uploads\/usu1939\/2023\/05\/cultura-1024x307.jpg 1024w, https:\/\/agora.xtec.cat\/iessantquirze\/wp-content\/uploads\/usu1939\/2023\/05\/cultura-300x90.jpg 300w, https:\/\/agora.xtec.cat\/iessantquirze\/wp-content\/uploads\/usu1939\/2023\/05\/cultura-768x230.jpg 768w, https:\/\/agora.xtec.cat\/iessantquirze\/wp-content\/uploads\/usu1939\/2023\/05\/cultura-1536x461.jpg 1536w, https:\/\/agora.xtec.cat\/iessantquirze\/wp-content\/uploads\/usu1939\/2023\/05\/cultura.jpg 2000w\" sizes=\"auto, (max-width: 1024px) 100vw, 1024px\" \/><\/a><\/p>\n<p>Dins de la cultura digital de centre una part essencial \u00e9s l\u2019atenci\u00f3 a les persones que s\u2019incorporen al centre. Cal facilitar la seva integraci\u00f3 i la comunicaci\u00f3 amb tot l\u2019entorn educatiu. Les dues eines essencials s\u00f3n con\u00e8ixer els canals de comunicaci\u00f3 establerts i el funcionament de la plataforma educativa Clickedu.<\/p>\n<p>A continuaci\u00f3 es detalla alguns aspectes concrets dels que podeu veure com es treballa actualment:<\/p>\n<p style=\"text-align: center;\"><span style=\"color: #339966;\"><strong><a style=\"color: #339966;\" href=\"https:\/\/agora.xtec.cat\/iessantquirze\/cultura-digital\/acollida-a-lalumnat\/\" target=\"_blank\" rel=\"noopener\">Acollida a l&#8217;alumnat<\/a><\/strong><\/span><\/p>\n<p style=\"text-align: center;\"><strong><span style=\"color: #339966;\"><a style=\"color: #339966;\" href=\"https:\/\/agora.xtec.cat\/iessantquirze\/cultura-digital\/acolliment-a-les-families\/\">Acollida a les\u00a0fam\u00edlies<\/a><\/span><\/strong><\/p>\n<p style=\"text-align: center;\"><strong><span style=\"color: #339966;\"><a style=\"color: #339966;\" href=\"https:\/\/agora.xtec.cat\/iessantquirze\/cultura-digital\/acollidaalprofessorat\/\">Acollida al professorat<\/a><\/span><\/strong><\/p>\n<p style=\"text-align: center;\"><strong><span style=\"color: #339966;\"><a style=\"color: #339966;\" href=\"https:\/\/agora.xtec.cat\/iessantquirze\/cultura-digital\/canalsdecomunicacio\/\">Canals de comunicaci\u00f3<\/a><\/span><\/strong><\/p>\n<p style=\"text-align: center;\"><strong><a href=\"https:\/\/agora.xtec.cat\/iessantquirze\/cultura-digital\/serveis-i-recursos-digitals-del-centre\/\" target=\"_blank\" rel=\"noopener\"><span style=\"color: #339966;\">Serveis i recursos digitals del centre<\/span><\/a><\/strong><\/p>\n<p>&nbsp;<\/p>\n<p class=\"western\" lang=\"ca-ES\">\n","protected":false},"excerpt":{"rendered":"<p>Dins de la cultura digital de centre una part essencial \u00e9s l\u2019atenci\u00f3 a les persones que s\u2019incorporen al centre. Cal facilitar la seva integraci\u00f3 i la comunicaci\u00f3 amb tot l\u2019entorn educatiu. Les dues eines essencials s\u00f3n con\u00e8ixer els canals de comunicaci\u00f3 establerts i el funcionament de la plataforma educativa Clickedu. A continuaci\u00f3 es detalla alguns [&hellip;]<\/p>\n","protected":false},"author":1,"featured_media":0,"parent":0,"menu_order":0,"comment_status":"closed","ping_status":"closed","template":"","meta":{"_bbp_topic_count":0,"_bbp_reply_count":0,"_bbp_total_topic_count":0,"_bbp_total_reply_count":0,"_bbp_voice_count":0,"_bbp_anonymous_reply_count":0,"_bbp_topic_count_hidden":0,"_bbp_reply_count_hidden":0,"_bbp_forum_subforum_count":0,"site-sidebar-layout":"default","site-content-layout":"","ast-site-content-layout":"default","site-content-style":"default","site-sidebar-style":"default","ast-global-header-display":"","ast-banner-title-visibility":"","ast-main-header-display":"","ast-hfb-above-header-display":"","ast-hfb-below-header-display":"","ast-hfb-mobile-header-display":"","site-post-title":"","ast-breadcrumbs-content":"","ast-featured-img":"","footer-sml-layout":"","theme-transparent-header-meta":"default","adv-header-id-meta":"","stick-header-meta":"","header-above-stick-meta":"","header-main-stick-meta":"","header-below-stick-meta":"","astra-migrate-meta-layouts":"set","ast-page-background-enabled":"default","ast-page-background-meta":{"desktop":{"background-color":"var(--ast-global-color-4)","background-image":"","background-repeat":"repeat","background-position":"center center","background-size":"auto","background-attachment":"scroll","background-type":"","background-media":"","overlay-type":"","overlay-color":"","overlay-opacity":"","overlay-gradient":""},"tablet":{"background-color":"","background-image":"","background-repeat":"repeat","background-position":"center center","background-size":"auto","background-attachment":"scroll","background-type":"","background-media":"","overlay-type":"","overlay-color":"","overlay-opacity":"","overlay-gradient":""},"mobile":{"background-color":"","background-image":"","background-repeat":"repeat","background-position":"center center","background-size":"auto","background-attachment":"scroll","background-type":"","background-media":"","overlay-type":"","overlay-color":"","overlay-opacity":"","overlay-gradient":""}},"ast-content-background-meta":{"desktop":{"background-color":"var(--ast-global-color-5)","background-image":"","background-repeat":"repeat","background-position":"center center","background-size":"auto","background-attachment":"scroll","background-type":"","background-media":"","overlay-type":"","overlay-color":"","overlay-opacity":"","overlay-gradient":""},"tablet":{"background-color":"var(--ast-global-color-5)","background-image":"","background-repeat":"repeat","background-position":"center center","background-size":"auto","background-attachment":"scroll","background-type":"","background-media":"","overlay-type":"","overlay-color":"","overlay-opacity":"","overlay-gradient":""},"mobile":{"background-color":"var(--ast-global-color-5)","background-image":"","background-repeat":"repeat","background-position":"center center","background-size":"auto","background-attachment":"scroll","background-type":"","background-media":"","overlay-type":"","overlay-color":"","overlay-opacity":"","overlay-gradient":""}},"footnotes":""},"class_list":["post-3080","page","type-page","status-publish","hentry"],"post_mailing_queue_ids":[],"_links":{"self":[{"href":"https:\/\/agora.xtec.cat\/iessantquirze\/wp-json\/wp\/v2\/pages\/3080","targetHints":{"allow":["GET"]}}],"collection":[{"href":"https:\/\/agora.xtec.cat\/iessantquirze\/wp-json\/wp\/v2\/pages"}],"about":[{"href":"https:\/\/agora.xtec.cat\/iessantquirze\/wp-json\/wp\/v2\/types\/page"}],"author":[{"embeddable":true,"href":"https:\/\/agora.xtec.cat\/iessantquirze\/wp-json\/wp\/v2\/users\/1"}],"replies":[{"embeddable":true,"href":"https:\/\/agora.xtec.cat\/iessantquirze\/wp-json\/wp\/v2\/comments?post=3080"}],"version-history":[{"count":6,"href":"https:\/\/agora.xtec.cat\/iessantquirze\/wp-json\/wp\/v2\/pages\/3080\/revisions"}],"predecessor-version":[{"id":5142,"href":"https:\/\/agora.xtec.cat\/iessantquirze\/wp-json\/wp\/v2\/pages\/3080\/revisions\/5142"}],"wp:attachment":[{"href":"https:\/\/agora.xtec.cat\/iessantquirze\/wp-json\/wp\/v2\/media?parent=3080"}],"curies":[{"name":"wp","href":"https:\/\/api.w.org\/{rel}","templated":true}]}}