{"id":19,"date":"2014-09-17T14:56:56","date_gmt":"2014-09-17T14:56:56","guid":{"rendered":"http:\/\/agora.xtec.cat\/iessantquirze\/?page_id=19"},"modified":"2019-03-05T17:08:26","modified_gmt":"2019-03-05T16:08:26","slug":"linstitut","status":"publish","type":"page","link":"https:\/\/agora.xtec.cat\/iessantquirze\/linstitut\/","title":{"rendered":"L&#8217;institut"},"content":{"rendered":"<p>L\u2019Institut Sant Quirze \u00e9s un centre de secund\u00e0ria de titularitat p\u00fablica que va ser creat el 1995. En tots aquests anys, hem esdevingut un centre que, amb la consolidaci\u00f3 d\u2019un equip estable de professorat, ha fet una aposta clara i efectiva per l\u2019educaci\u00f3 de qualitat, per la innovaci\u00f3 tecnol\u00f2gica i educativa, i per la voluntat d\u2019oferir als nostres alumnes una formaci\u00f3 s\u00f2lida que els permeti encarar amb efici\u00e8ncia els dif\u00edcils reptes que els planteja la nova societat globalitzada. Aix\u00ed doncs, hem definit un model curricular integrador, obert i flexible que permet donar resposta a les diferents necessitats educatives dels alumnes no nom\u00e9s potenciant la transmissi\u00f3 d\u2019aprenentatges, valors i experi\u00e8ncies, sin\u00f3 tamb\u00e9 proporcionant les estrat\u00e8gies i els recursos imprescindibles per afavorir el seu creixement emocional i estimular la seva independ\u00e8ncia personal. De la mateixa manera, considerem essencial la defensa d\u2019un model ling\u00fc\u00edstic que, partint de la llengua catalana com a llengua pr\u00f2pia i vehicular, afavoreixi l\u2019aprenentatge pluriling\u00fce adquirit no nom\u00e9s a trav\u00e9s del curr\u00edculum, sin\u00f3 tamb\u00e9 amb la participaci\u00f3 en diversos projectes d\u2019intercanvi i immersi\u00f3 en d\u2019altres lleng\u00fces.<\/p>\n","protected":false},"excerpt":{"rendered":"<p>L\u2019Institut Sant Quirze \u00e9s un centre de secund\u00e0ria de titularitat p\u00fablica que va ser creat el 1995. En tots aquests anys, hem esdevingut un centre que, amb la consolidaci\u00f3 d\u2019un equip estable de professorat, ha fet una aposta clara i efectiva per l\u2019educaci\u00f3 de qualitat, per la innovaci\u00f3 tecnol\u00f2gica i educativa, i per la voluntat [&hellip;]<\/p>\n","protected":false},"author":1,"featured_media":0,"parent":0,"menu_order":0,"comment_status":"closed","ping_status":"closed","template":"page-templates\/side-menu.php","meta":{"_bbp_topic_count":0,"_bbp_reply_count":0,"_bbp_total_topic_count":0,"_bbp_total_reply_count":0,"_bbp_voice_count":0,"_bbp_anonymous_reply_count":0,"_bbp_topic_count_hidden":0,"_bbp_reply_count_hidden":0,"_bbp_forum_subforum_count":0,"site-sidebar-layout":"default","site-content-layout":"","ast-site-content-layout":"","site-content-style":"default","site-sidebar-style":"default","ast-global-header-display":"","ast-banner-title-visibility":"","ast-main-header-display":"","ast-hfb-above-header-display":"","ast-hfb-below-header-display":"","ast-hfb-mobile-header-display":"","site-post-title":"","ast-breadcrumbs-content":"","ast-featured-img":"","footer-sml-layout":"","theme-transparent-header-meta":"","adv-header-id-meta":"","stick-header-meta":"","header-above-stick-meta":"","header-main-stick-meta":"","header-below-stick-meta":"","astra-migrate-meta-layouts":"default","ast-page-background-enabled":"default","ast-page-background-meta":{"desktop":{"background-color":"var(--ast-global-color-4)","background-image":"","background-repeat":"repeat","background-position":"center center","background-size":"auto","background-attachment":"scroll","background-type":"","background-media":"","overlay-type":"","overlay-color":"","overlay-opacity":"","overlay-gradient":""},"tablet":{"background-color":"","background-image":"","background-repeat":"repeat","background-position":"center center","background-size":"auto","background-attachment":"scroll","background-type":"","background-media":"","overlay-type":"","overlay-color":"","overlay-opacity":"","overlay-gradient":""},"mobile":{"background-color":"","background-image":"","background-repeat":"repeat","background-position":"center center","background-size":"auto","background-attachment":"scroll","background-type":"","background-media":"","overlay-type":"","overlay-color":"","overlay-opacity":"","overlay-gradient":""}},"ast-content-background-meta":{"desktop":{"background-color":"var(--ast-global-color-5)","background-image":"","background-repeat":"repeat","background-position":"center center","background-size":"auto","background-attachment":"scroll","background-type":"","background-media":"","overlay-type":"","overlay-color":"","overlay-opacity":"","overlay-gradient":""},"tablet":{"background-color":"var(--ast-global-color-5)","background-image":"","background-repeat":"repeat","background-position":"center center","background-size":"auto","background-attachment":"scroll","background-type":"","background-media":"","overlay-type":"","overlay-color":"","overlay-opacity":"","overlay-gradient":""},"mobile":{"background-color":"var(--ast-global-color-5)","background-image":"","background-repeat":"repeat","background-position":"center center","background-size":"auto","background-attachment":"scroll","background-type":"","background-media":"","overlay-type":"","overlay-color":"","overlay-opacity":"","overlay-gradient":""}},"footnotes":""},"class_list":["post-19","page","type-page","status-publish","hentry"],"post_mailing_queue_ids":[],"_links":{"self":[{"href":"https:\/\/agora.xtec.cat\/iessantquirze\/wp-json\/wp\/v2\/pages\/19","targetHints":{"allow":["GET"]}}],"collection":[{"href":"https:\/\/agora.xtec.cat\/iessantquirze\/wp-json\/wp\/v2\/pages"}],"about":[{"href":"https:\/\/agora.xtec.cat\/iessantquirze\/wp-json\/wp\/v2\/types\/page"}],"author":[{"embeddable":true,"href":"https:\/\/agora.xtec.cat\/iessantquirze\/wp-json\/wp\/v2\/users\/1"}],"replies":[{"embeddable":true,"href":"https:\/\/agora.xtec.cat\/iessantquirze\/wp-json\/wp\/v2\/comments?post=19"}],"version-history":[{"count":1,"href":"https:\/\/agora.xtec.cat\/iessantquirze\/wp-json\/wp\/v2\/pages\/19\/revisions"}],"predecessor-version":[{"id":747,"href":"https:\/\/agora.xtec.cat\/iessantquirze\/wp-json\/wp\/v2\/pages\/19\/revisions\/747"}],"wp:attachment":[{"href":"https:\/\/agora.xtec.cat\/iessantquirze\/wp-json\/wp\/v2\/media?parent=19"}],"curies":[{"name":"wp","href":"https:\/\/api.w.org\/{rel}","templated":true}]}}