{"id":1558,"date":"2019-10-20T15:27:26","date_gmt":"2019-10-20T13:27:26","guid":{"rendered":"https:\/\/agora.xtec.cat\/iessantquirze\/?page_id=1558"},"modified":"2024-01-31T19:40:24","modified_gmt":"2024-01-31T18:40:24","slug":"personal-dadministracio-i-serveis-pas","status":"publish","type":"page","link":"https:\/\/agora.xtec.cat\/iessantquirze\/linstitut\/organigrama\/personal-dadministracio-i-serveis-pas\/","title":{"rendered":"Personal d&#8217;administraci\u00f3 i serveis (PAS)"},"content":{"rendered":"<header class=\"entry-header\">\n<p class=\"entry-title\"><span style=\"font-family: inherit; font-size: 1em; font-weight: normal;\">El personal d\u2019administraci\u00f3 i serveis (PAS) est\u00e0 format per:<\/span><\/p>\n<\/header>\n<div class=\"entry-content\">\n<ul>\n<li><strong><a href=\"http:\/\/agora.xtec.cat\/iespauvila\/serveis\/consergeria\/\">Conserges<\/a><\/strong>, que s\u2019encarreguen de vigilar i custodiar el material, el mobiliari i les instal\u00b7lacions del centre, controlar els accessos i rebre les persones que accedeixen al centre, utilitzar i manipular el maquinari de reprografia, atendre l\u2019alumnat i donar suport al funcionament i estructura del centre.<\/li>\n<li><strong><a href=\"http:\/\/agora.xtec.cat\/iespauvila\/serveis\/secretaria\/\">Personal d\u2019administraci\u00f3<\/a><\/strong>, que s\u2019encarrega de la gesti\u00f3 administrativa dels processos de preinscripci\u00f3 i matriculaci\u00f3 d\u2019alumnes, dels documents acad\u00e8mics (llibres d\u2019escolaritat, historials acad\u00e8mics, expedients acad\u00e8mics, t\u00edtols, beques i ajuts, certificacions, dilig\u00e8ncies\u2026) i de la tramitaci\u00f3 dels assumptes propis del centre.<\/li>\n<\/ul>\n<h2>Composici\u00f3 curs 2023-2024<\/h2>\n<table style=\"height: 210px; width: 64.171%;\" width=\"247\">\n<tbody>\n<tr style=\"height: 119px;\">\n<td style=\"width: 40.1544%; height: 119px;\">Administraci\u00f3<\/td>\n<td style=\"width: 128.114%; height: 119px;\">\n<table style=\"height: 85px; width: 97.0514%;\" width=\"128\">\n<tbody>\n<tr style=\"height: 27px;\">\n<td style=\"height: 27px; width: 100%;\">N\u00faria Canals<\/td>\n<\/tr>\n<tr style=\"height: 27px;\">\n<td style=\"height: 27px; width: 100%;\">Vanessa Barnils<\/td>\n<\/tr>\n<\/tbody>\n<\/table>\n<\/td>\n<\/tr>\n<tr style=\"height: 128px;\">\n<td style=\"width: 40.1544%; height: 91px;\">Conserges<\/td>\n<td style=\"width: 128.114%; height: 91px;\">\n<table style=\"width: 96.1541%; height: 45px;\">\n<tbody>\n<tr style=\"height: 15px;\">\n<td style=\"width: 100%; height: 15px;\">Antonio Jim\u00e9nez<\/td>\n<\/tr>\n<tr style=\"height: 30px;\">\n<td style=\"width: 100%; height: 30px;\">Jos\u00e9 Manuel Montesinos<\/td>\n<\/tr>\n<\/tbody>\n<\/table>\n<\/td>\n<\/tr>\n<\/tbody>\n<\/table>\n<\/div>\n","protected":false},"excerpt":{"rendered":"<p>El personal d\u2019administraci\u00f3 i serveis (PAS) est\u00e0 format per: Conserges, que s\u2019encarreguen de vigilar i custodiar el material, el mobiliari i les instal\u00b7lacions del centre, controlar els accessos i rebre les persones que accedeixen al centre, utilitzar i manipular el maquinari de reprografia, atendre l\u2019alumnat i donar suport al funcionament i estructura del centre. Personal [&hellip;]<\/p>\n","protected":false},"author":1,"featured_media":0,"parent":46,"menu_order":0,"comment_status":"closed","ping_status":"closed","template":"page-templates\/side-menu.php","meta":{"_bbp_topic_count":0,"_bbp_reply_count":0,"_bbp_total_topic_count":0,"_bbp_total_reply_count":0,"_bbp_voice_count":0,"_bbp_anonymous_reply_count":0,"_bbp_topic_count_hidden":0,"_bbp_reply_count_hidden":0,"_bbp_forum_subforum_count":0,"site-sidebar-layout":"default","site-content-layout":"","ast-site-content-layout":"","site-content-style":"default","site-sidebar-style":"default","ast-global-header-display":"","ast-banner-title-visibility":"","ast-main-header-display":"","ast-hfb-above-header-display":"","ast-hfb-below-header-display":"","ast-hfb-mobile-header-display":"","site-post-title":"","ast-breadcrumbs-content":"","ast-featured-img":"","footer-sml-layout":"","theme-transparent-header-meta":"","adv-header-id-meta":"","stick-header-meta":"","header-above-stick-meta":"","header-main-stick-meta":"","header-below-stick-meta":"","astra-migrate-meta-layouts":"default","ast-page-background-enabled":"default","ast-page-background-meta":{"desktop":{"background-color":"var(--ast-global-color-4)","background-image":"","background-repeat":"repeat","background-position":"center center","background-size":"auto","background-attachment":"scroll","background-type":"","background-media":"","overlay-type":"","overlay-color":"","overlay-opacity":"","overlay-gradient":""},"tablet":{"background-color":"","background-image":"","background-repeat":"repeat","background-position":"center center","background-size":"auto","background-attachment":"scroll","background-type":"","background-media":"","overlay-type":"","overlay-color":"","overlay-opacity":"","overlay-gradient":""},"mobile":{"background-color":"","background-image":"","background-repeat":"repeat","background-position":"center center","background-size":"auto","background-attachment":"scroll","background-type":"","background-media":"","overlay-type":"","overlay-color":"","overlay-opacity":"","overlay-gradient":""}},"ast-content-background-meta":{"desktop":{"background-color":"var(--ast-global-color-5)","background-image":"","background-repeat":"repeat","background-position":"center center","background-size":"auto","background-attachment":"scroll","background-type":"","background-media":"","overlay-type":"","overlay-color":"","overlay-opacity":"","overlay-gradient":""},"tablet":{"background-color":"var(--ast-global-color-5)","background-image":"","background-repeat":"repeat","background-position":"center center","background-size":"auto","background-attachment":"scroll","background-type":"","background-media":"","overlay-type":"","overlay-color":"","overlay-opacity":"","overlay-gradient":""},"mobile":{"background-color":"var(--ast-global-color-5)","background-image":"","background-repeat":"repeat","background-position":"center center","background-size":"auto","background-attachment":"scroll","background-type":"","background-media":"","overlay-type":"","overlay-color":"","overlay-opacity":"","overlay-gradient":""}},"footnotes":""},"class_list":["post-1558","page","type-page","status-publish","hentry"],"post_mailing_queue_ids":[],"_links":{"self":[{"href":"https:\/\/agora.xtec.cat\/iessantquirze\/wp-json\/wp\/v2\/pages\/1558","targetHints":{"allow":["GET"]}}],"collection":[{"href":"https:\/\/agora.xtec.cat\/iessantquirze\/wp-json\/wp\/v2\/pages"}],"about":[{"href":"https:\/\/agora.xtec.cat\/iessantquirze\/wp-json\/wp\/v2\/types\/page"}],"author":[{"embeddable":true,"href":"https:\/\/agora.xtec.cat\/iessantquirze\/wp-json\/wp\/v2\/users\/1"}],"replies":[{"embeddable":true,"href":"https:\/\/agora.xtec.cat\/iessantquirze\/wp-json\/wp\/v2\/comments?post=1558"}],"version-history":[{"count":6,"href":"https:\/\/agora.xtec.cat\/iessantquirze\/wp-json\/wp\/v2\/pages\/1558\/revisions"}],"predecessor-version":[{"id":4111,"href":"https:\/\/agora.xtec.cat\/iessantquirze\/wp-json\/wp\/v2\/pages\/1558\/revisions\/4111"}],"up":[{"embeddable":true,"href":"https:\/\/agora.xtec.cat\/iessantquirze\/wp-json\/wp\/v2\/pages\/46"}],"wp:attachment":[{"href":"https:\/\/agora.xtec.cat\/iessantquirze\/wp-json\/wp\/v2\/media?parent=1558"}],"curies":[{"name":"wp","href":"https:\/\/api.w.org\/{rel}","templated":true}]}}