{"id":1525,"date":"2019-10-10T23:28:30","date_gmt":"2019-10-10T21:28:30","guid":{"rendered":"https:\/\/agora.xtec.cat\/iessantquirze\/?page_id=1525"},"modified":"2025-11-20T12:36:48","modified_gmt":"2025-11-20T11:36:48","slug":"consell-escolar","status":"publish","type":"page","link":"https:\/\/agora.xtec.cat\/iessantquirze\/linstitut\/organigrama\/consell-escolar\/","title":{"rendered":"Consell Escolar"},"content":{"rendered":"<header class=\"entry-header\">\n<h2 class=\"entry-title\">Qu\u00e8 \u00e9s?<\/h2>\n<\/header>\n<div class=\"entry-content\">\n<p>El consell escolar \u00e9s l\u2019\u00f2rgan de participaci\u00f3 de la comunitat escolar en el govern del centre. En el consell escolar hi ha representats tots els col\u00b7lectius que intervenen en la comunitat educativa: director, professorat, alumnat, personal d\u2019administraci\u00f3 i serveis, pares i mares d\u2019alumnes, etc. Els membres del consell escolar s\u00f3n elegits per un per\u00edode de quatre anys i es renoven per meitats cada dos anys.<\/p>\n<p>La funci\u00f3 principal del consell escolar \u00e9s participar en la presa de decisions en relaci\u00f3 amb aquells temes importants per al funcionament i l\u2019organitzaci\u00f3 del centre: el projecte educatiu, la programaci\u00f3 general, la gesti\u00f3 econ\u00f2mica, etc.<\/p>\n<\/div>\n<h2>Composici\u00f3 curs 2023-2024<\/h2>\n<table style=\"height: 366px; width: 472px;\">\n<tbody>\n<tr style=\"height: 31px;\">\n<td style=\"height: 31px; width: 105px;\">Direcci\u00f3<\/td>\n<td style=\"height: 31px; width: 367px;\">JUDITH MIR\u00d3 DALMAU<\/td>\n<\/tr>\n<tr style=\"height: 31px;\">\n<td style=\"height: 31px; width: 105px;\">Cap d\u2019estudis<\/td>\n<td style=\"height: 31px; width: 367px;\">M\u00c1XIMO MARCO GARC\u00cdA<\/td>\n<\/tr>\n<tr style=\"height: 31px;\">\n<td style=\"height: 31px; width: 105px;\">Secretari<\/td>\n<td style=\"height: 31px; width: 367px;\">C\u00c9SAR FERN\u00c1NDEZ DOM\u00cdNGUEZ<\/td>\n<\/tr>\n<tr style=\"height: 31px;\">\n<td style=\"height: 31px; width: 105px;\">Professorat<\/td>\n<td style=\"width: 367px; height: 31px;\">CRISTINA FIGUERAS PARERAS<\/p>\n<p>ANNA GALENDE S\u00c1NCHEZ<\/p>\n<p>M\u00aa EULALIA GUILLAM\u00d3N GUILLAM\u00d3N<\/p>\n<p>MONTSERRAT GONZ\u00c1LEZ L\u00d3PEZ<\/p>\n<p>\u00c0NGELS MOLT\u00d3 PALOMARES<\/p>\n<p>DOLORES OJEA RUEDA<\/p>\n<p>ELENA PALACINO ATENCIA<\/p>\n<p>M\u00aa ROSARIO VENEGAS OCHOA<\/td>\n<\/tr>\n<tr style=\"height: 31px;\">\n<td style=\"height: 31px; width: 105px;\">AFA<\/td>\n<td style=\"width: 367px; height: 31px;\">CARME CA\u00d1ERO MU\u00d1OZ<\/p>\n<p>ALEJANDRO CARRASQUER S\u00c1NCHEZ<\/p>\n<p>RICARD CODINACH i VANACLOCHA<\/p>\n<p>LAURA ROSEL SOLA<\/td>\n<\/tr>\n<tr style=\"height: 31px;\">\n<td style=\"height: 31px; width: 105px;\">Alumnat<\/td>\n<td style=\"width: 367px;\" width=\"487\">JAN GONZALEZ RAYA<\/p>\n<p>SARAI LYNCH DESCHOUWER<\/p>\n<p>PABLO RODRIGUEZ GRANERO<\/p>\n<p>ADRI\u00c0 SOPENA RAMIREZ<\/td>\n<\/tr>\n<tr style=\"height: 31px;\">\n<td style=\"height: 31px; width: 105px;\">PAS<\/td>\n<td style=\"width: 367px;\" width=\"487\">N\u00daRIA CANALS VIDAL<\/td>\n<\/tr>\n<tr style=\"height: 31px;\">\n<td style=\"height: 31px; width: 105px;\">Ajuntament<\/td>\n<td style=\"width: 367px;\" width=\"487\">ELISABETH OLIVERAS JORBA<\/td>\n<\/tr>\n<\/tbody>\n<\/table>\n","protected":false},"excerpt":{"rendered":"<p>Qu\u00e8 \u00e9s? El consell escolar \u00e9s l\u2019\u00f2rgan de participaci\u00f3 de la comunitat escolar en el govern del centre. En el consell escolar hi ha representats tots els col\u00b7lectius que intervenen en la comunitat educativa: director, professorat, alumnat, personal d\u2019administraci\u00f3 i serveis, pares i mares d\u2019alumnes, etc. Els membres del consell escolar s\u00f3n elegits per un [&hellip;]<\/p>\n","protected":false},"author":1,"featured_media":0,"parent":46,"menu_order":0,"comment_status":"closed","ping_status":"closed","template":"","meta":{"_bbp_topic_count":0,"_bbp_reply_count":0,"_bbp_total_topic_count":0,"_bbp_total_reply_count":0,"_bbp_voice_count":0,"_bbp_anonymous_reply_count":0,"_bbp_topic_count_hidden":0,"_bbp_reply_count_hidden":0,"_bbp_forum_subforum_count":0,"site-sidebar-layout":"default","site-content-layout":"","ast-site-content-layout":"default","site-content-style":"default","site-sidebar-style":"default","ast-global-header-display":"","ast-banner-title-visibility":"","ast-main-header-display":"","ast-hfb-above-header-display":"","ast-hfb-below-header-display":"","ast-hfb-mobile-header-display":"","site-post-title":"","ast-breadcrumbs-content":"","ast-featured-img":"","footer-sml-layout":"","theme-transparent-header-meta":"default","adv-header-id-meta":"","stick-header-meta":"","header-above-stick-meta":"","header-main-stick-meta":"","header-below-stick-meta":"","astra-migrate-meta-layouts":"set","ast-page-background-enabled":"default","ast-page-background-meta":{"desktop":{"background-color":"var(--ast-global-color-4)","background-image":"","background-repeat":"repeat","background-position":"center center","background-size":"auto","background-attachment":"scroll","background-type":"","background-media":"","overlay-type":"","overlay-color":"","overlay-opacity":"","overlay-gradient":""},"tablet":{"background-color":"","background-image":"","background-repeat":"repeat","background-position":"center center","background-size":"auto","background-attachment":"scroll","background-type":"","background-media":"","overlay-type":"","overlay-color":"","overlay-opacity":"","overlay-gradient":""},"mobile":{"background-color":"","background-image":"","background-repeat":"repeat","background-position":"center center","background-size":"auto","background-attachment":"scroll","background-type":"","background-media":"","overlay-type":"","overlay-color":"","overlay-opacity":"","overlay-gradient":""}},"ast-content-background-meta":{"desktop":{"background-color":"var(--ast-global-color-5)","background-image":"","background-repeat":"repeat","background-position":"center center","background-size":"auto","background-attachment":"scroll","background-type":"","background-media":"","overlay-type":"","overlay-color":"","overlay-opacity":"","overlay-gradient":""},"tablet":{"background-color":"var(--ast-global-color-5)","background-image":"","background-repeat":"repeat","background-position":"center center","background-size":"auto","background-attachment":"scroll","background-type":"","background-media":"","overlay-type":"","overlay-color":"","overlay-opacity":"","overlay-gradient":""},"mobile":{"background-color":"var(--ast-global-color-5)","background-image":"","background-repeat":"repeat","background-position":"center center","background-size":"auto","background-attachment":"scroll","background-type":"","background-media":"","overlay-type":"","overlay-color":"","overlay-opacity":"","overlay-gradient":""}},"footnotes":""},"class_list":["post-1525","page","type-page","status-publish","hentry"],"post_mailing_queue_ids":[],"_links":{"self":[{"href":"https:\/\/agora.xtec.cat\/iessantquirze\/wp-json\/wp\/v2\/pages\/1525","targetHints":{"allow":["GET"]}}],"collection":[{"href":"https:\/\/agora.xtec.cat\/iessantquirze\/wp-json\/wp\/v2\/pages"}],"about":[{"href":"https:\/\/agora.xtec.cat\/iessantquirze\/wp-json\/wp\/v2\/types\/page"}],"author":[{"embeddable":true,"href":"https:\/\/agora.xtec.cat\/iessantquirze\/wp-json\/wp\/v2\/users\/1"}],"replies":[{"embeddable":true,"href":"https:\/\/agora.xtec.cat\/iessantquirze\/wp-json\/wp\/v2\/comments?post=1525"}],"version-history":[{"count":6,"href":"https:\/\/agora.xtec.cat\/iessantquirze\/wp-json\/wp\/v2\/pages\/1525\/revisions"}],"predecessor-version":[{"id":4119,"href":"https:\/\/agora.xtec.cat\/iessantquirze\/wp-json\/wp\/v2\/pages\/1525\/revisions\/4119"}],"up":[{"embeddable":true,"href":"https:\/\/agora.xtec.cat\/iessantquirze\/wp-json\/wp\/v2\/pages\/46"}],"wp:attachment":[{"href":"https:\/\/agora.xtec.cat\/iessantquirze\/wp-json\/wp\/v2\/media?parent=1525"}],"curies":[{"name":"wp","href":"https:\/\/api.w.org\/{rel}","templated":true}]}}