{"id":1033,"date":"2025-03-30T01:37:53","date_gmt":"2025-03-30T00:37:53","guid":{"rendered":"https:\/\/agora.xtec.cat\/iessantquirze\/?page_id=1033"},"modified":"2026-04-08T11:54:26","modified_gmt":"2026-04-08T09:54:26","slug":"batxillerat-curs-2019-20","status":"publish","type":"page","link":"https:\/\/agora.xtec.cat\/iessantquirze\/estudis\/preinscripcio\/batxillerat-curs-2019-20\/","title":{"rendered":"Preinscripci\u00f3 Batxillerat curs 2026-2027"},"content":{"rendered":"<h2>Del 9 al 16 d&#8217;abril del 2026<\/h2>\n<p>&nbsp;<\/p>\n<h2><\/h2>\n<h2>\u2728 Vols estudiar a l\u2019Institut Sant Quirze del Vall\u00e8s?<\/h2>\n<p>T\u2019expliquem de manera f\u00e0cil com fer la teva preinscripci\u00f3 segons la teva situaci\u00f3 \ud83d\udc47<\/p>\n<h3>\ud83c\udf93 Si <strong>NO ets alumne\/a de l\u2019Institut Sant Quirze<\/strong><\/h3>\n<p>Per formar part del nostre centre, nom\u00e9s cal seguir <strong>dos passos molt senzills<\/strong>:<\/p>\n<p><strong>1. \ud83d\udcdd Preinscripci\u00f3 oficial (Generalitat)<\/strong><br \/>\n<a href=\"https:\/\/preinscripcio.gencat.cat\/ca\/estudis\/batxillerat\/preinscriute\/sollicitud\/\" target=\"_blank\" rel=\"noopener\">Omple la sol\u00b7licitud del Departament d\u2019Educaci\u00f3.<\/a><\/p>\n<ul>\n<li><strong>Codi de centre:<\/strong> 08047583 (Ins Sant Quirze del Vall\u00e8s)<\/li>\n<\/ul>\n<p><strong>2. \ud83d\udcbb Registre al centre (Clickedu)<\/strong><br \/>\nDona\u2019t d\u2019alta a la nostra plataforma virtual Clickedu per completar el proc\u00e9s.<\/p>\n<ul>\n<li><a href=\"https:\/\/iessantquirze.clickedu.eu\/preinscripcions\/preinscripcions_mw.php\" target=\"_blank\" rel=\"noopener\">CLIQUEU AQU\u00cd<\/a><\/li>\n<li><a href=\"https:\/\/drive.google.com\/file\/d\/1b5iGd745Kz4wZQUJbGdLem1Vv4FlahnA\/view?usp=share_link\" target=\"_blank\" rel=\"noopener\">Consulta aqu\u00ed les instruccions per fer-ho pas a pas<\/a><\/li>\n<\/ul>\n<h3><\/h3>\n<h3>\ud83c\udfeb Si <strong>JA ets alumne\/a de l\u2019Institut Sant Quirze<\/strong><\/h3>\n<p><strong>\u27a4 Batxillerat (modalitats no art\u00edstiques)<\/strong><br \/>\nNo cal que facis cap preinscripci\u00f3 addicional \ud83d\ude4c<br \/>\nNom\u00e9s has de respondre el formulari que t\u2019hem enviat per correu electr\u00f2nic.<\/p>\n<p><strong>\u27a4 Batxillerat de la modalitat art\u00edstica<\/strong><br \/>\nCal que facis la <strong><a href=\"https:\/\/preinscripcio.gencat.cat\/ca\/estudis\/batxillerat\/preinscriute\/sollicitud\/\" target=\"_blank\" rel=\"noopener\">preinscripci\u00f3 oficial de la Generalitat<\/a> i <\/strong>respondre el formulari que t&#8217;hem enviat per correu electr\u00f2nic.<br \/>\nNo \u00e9s necessari omplir Clickedu.<\/p>\n<h3><\/h3>\n<h3>\u26a0\ufe0f Important!<\/h3>\n<p>Recorda que la persona sol\u00b7licitant ha de ser <strong>sempre l\u2019alumne\/a<\/strong>, encara que el tr\u00e0mit es faci amb el certificat digital de la fam\u00edlia.<\/p>\n<p>&nbsp;<\/p>\n<p>\ud83d\udca1 <strong>T\u2019esperem a l\u2019Institut Sant Quirze del Vall\u00e8s per continuar creixent junts!<\/strong><\/p>\n<p>&nbsp;<\/p>\n<h4>NOVETATS<\/h4>\n<p>Aqu\u00ed anirem publicant totes les informacions referents al centre i el proc\u00e9s de preinscripci\u00f3<\/p>\n<h6><a href=\"https:\/\/preinscripcio.gencat.cat\/ca\/estudis\/batxillerat\/informat\/calendari\/\" target=\"_blank\" rel=\"noopener\">Calendari<\/a><\/h6>\n<h6><a href=\"https:\/\/drive.google.com\/file\/d\/1WQnVRCvkS8MYbPG_GE0isVXQlKBow71r\/view?usp=sharing\" target=\"_blank\" rel=\"noopener\">Publicaci\u00f3 de l&#8217;oferta inicial. 8 d&#8217;abril<\/a><\/h6>\n<h6><span lang=\"CA-ES\" data-contrast=\"none\"><strong>Publicaci\u00f3 de la llista de sol\u00b7licituds amb la puntuaci\u00f3 provisional. 14 de maig<\/strong><\/span><\/h6>\n<h6><strong>Publicaci\u00f3 de la llista amb la puntuaci\u00f3 un cop resoltes les reclamacions. 26 de maig<\/strong><\/h6>\n<h6>Publicaci\u00f3 de l&#8217;oferta final. 17 de juny<\/h6>\n<h6>Publicaci\u00f3 de la llista d&#8217;admesos i la llista d&#8217;espera. 17 de juny<\/h6>\n<p>&nbsp;<\/p>\n<h5><\/h5>\n<p>&nbsp;<\/p>\n<div><\/div>\n<div class=\"gmail_signature\" dir=\"ltr\" data-smartmail=\"gmail_signature\"><\/div>\n<div dir=\"ltr\" data-smartmail=\"gmail_signature\"><\/div>\n<p>&nbsp;<\/p>\n","protected":false},"excerpt":{"rendered":"<p>Del 9 al 16 d&#8217;abril del 2026 &nbsp; \u2728 Vols estudiar a l\u2019Institut Sant Quirze del Vall\u00e8s? T\u2019expliquem de manera f\u00e0cil com fer la teva preinscripci\u00f3 segons la teva situaci\u00f3 \ud83d\udc47 \ud83c\udf93 Si NO ets alumne\/a de l\u2019Institut Sant Quirze Per formar part del nostre centre, nom\u00e9s cal seguir dos passos molt senzills: 1. \ud83d\udcdd [&hellip;]<\/p>\n","protected":false},"author":1,"featured_media":0,"parent":984,"menu_order":109,"comment_status":"closed","ping_status":"closed","template":"","meta":{"_bbp_topic_count":0,"_bbp_reply_count":0,"_bbp_total_topic_count":0,"_bbp_total_reply_count":0,"_bbp_voice_count":0,"_bbp_anonymous_reply_count":0,"_bbp_topic_count_hidden":0,"_bbp_reply_count_hidden":0,"_bbp_forum_subforum_count":0,"site-sidebar-layout":"default","site-content-layout":"","ast-site-content-layout":"default","site-content-style":"default","site-sidebar-style":"default","ast-global-header-display":"","ast-banner-title-visibility":"","ast-main-header-display":"","ast-hfb-above-header-display":"","ast-hfb-below-header-display":"","ast-hfb-mobile-header-display":"","site-post-title":"","ast-breadcrumbs-content":"","ast-featured-img":"","footer-sml-layout":"","theme-transparent-header-meta":"default","adv-header-id-meta":"","stick-header-meta":"","header-above-stick-meta":"","header-main-stick-meta":"","header-below-stick-meta":"","astra-migrate-meta-layouts":"set","ast-page-background-enabled":"default","ast-page-background-meta":{"desktop":{"background-color":"var(--ast-global-color-4)","background-image":"","background-repeat":"repeat","background-position":"center center","background-size":"auto","background-attachment":"scroll","background-type":"","background-media":"","overlay-type":"","overlay-color":"","overlay-opacity":"","overlay-gradient":""},"tablet":{"background-color":"","background-image":"","background-repeat":"repeat","background-position":"center center","background-size":"auto","background-attachment":"scroll","background-type":"","background-media":"","overlay-type":"","overlay-color":"","overlay-opacity":"","overlay-gradient":""},"mobile":{"background-color":"","background-image":"","background-repeat":"repeat","background-position":"center center","background-size":"auto","background-attachment":"scroll","background-type":"","background-media":"","overlay-type":"","overlay-color":"","overlay-opacity":"","overlay-gradient":""}},"ast-content-background-meta":{"desktop":{"background-color":"var(--ast-global-color-5)","background-image":"","background-repeat":"repeat","background-position":"center center","background-size":"auto","background-attachment":"scroll","background-type":"","background-media":"","overlay-type":"","overlay-color":"","overlay-opacity":"","overlay-gradient":""},"tablet":{"background-color":"var(--ast-global-color-5)","background-image":"","background-repeat":"repeat","background-position":"center center","background-size":"auto","background-attachment":"scroll","background-type":"","background-media":"","overlay-type":"","overlay-color":"","overlay-opacity":"","overlay-gradient":""},"mobile":{"background-color":"var(--ast-global-color-5)","background-image":"","background-repeat":"repeat","background-position":"center center","background-size":"auto","background-attachment":"scroll","background-type":"","background-media":"","overlay-type":"","overlay-color":"","overlay-opacity":"","overlay-gradient":""}},"footnotes":""},"class_list":["post-1033","page","type-page","status-publish","hentry"],"post_mailing_queue_ids":[],"_links":{"self":[{"href":"https:\/\/agora.xtec.cat\/iessantquirze\/wp-json\/wp\/v2\/pages\/1033","targetHints":{"allow":["GET"]}}],"collection":[{"href":"https:\/\/agora.xtec.cat\/iessantquirze\/wp-json\/wp\/v2\/pages"}],"about":[{"href":"https:\/\/agora.xtec.cat\/iessantquirze\/wp-json\/wp\/v2\/types\/page"}],"author":[{"embeddable":true,"href":"https:\/\/agora.xtec.cat\/iessantquirze\/wp-json\/wp\/v2\/users\/1"}],"replies":[{"embeddable":true,"href":"https:\/\/agora.xtec.cat\/iessantquirze\/wp-json\/wp\/v2\/comments?post=1033"}],"version-history":[{"count":6,"href":"https:\/\/agora.xtec.cat\/iessantquirze\/wp-json\/wp\/v2\/pages\/1033\/revisions"}],"predecessor-version":[{"id":5345,"href":"https:\/\/agora.xtec.cat\/iessantquirze\/wp-json\/wp\/v2\/pages\/1033\/revisions\/5345"}],"up":[{"embeddable":true,"href":"https:\/\/agora.xtec.cat\/iessantquirze\/wp-json\/wp\/v2\/pages\/984"}],"wp:attachment":[{"href":"https:\/\/agora.xtec.cat\/iessantquirze\/wp-json\/wp\/v2\/media?parent=1033"}],"curies":[{"name":"wp","href":"https:\/\/api.w.org\/{rel}","templated":true}]}}