{"id":1027,"date":"2019-04-09T00:56:59","date_gmt":"2019-04-08T22:56:59","guid":{"rendered":"https:\/\/agora.xtec.cat\/iessantquirze\/?page_id=1027"},"modified":"2026-04-29T12:27:19","modified_gmt":"2026-04-29T10:27:19","slug":"https-agora-xtec-cat-iessantquirze-eso-curs-2019-20-eso-curs-2019-20","status":"publish","type":"page","link":"https:\/\/agora.xtec.cat\/iessantquirze\/estudis\/preinscripcio\/https-agora-xtec-cat-iessantquirze-eso-curs-2019-20-eso-curs-2019-20\/","title":{"rendered":"Preinscripci\u00f3 ESO curs 2026-2027"},"content":{"rendered":"<h3><span style=\"color: #003300;\">Del 6 al 18 de mar\u00e7 del 2026<\/span><\/h3>\n<p>&nbsp;<\/p>\n<h5 style=\"text-align: left;\"><span style=\"color: #003300;\">Com he de fer la preinscripci\u00f3 a l&#8217;Institut Sant Quirze del Vall\u00e8s?<\/span><\/h5>\n<p style=\"text-align: left;\"><span style=\"color: #003300;\">Us podeu trobar que el primer dia la sol\u00b7licitud de preinscripci\u00f3 de la Generalitat no funcioni per saturaci\u00f3 de peticions; no patiu, torneu-ho a provar al cap d&#8217;una estona o l&#8217;endem\u00e0.<\/span><\/p>\n<p style=\"text-align: left;\"><span style=\"color: #003300;\">Empleneu els dos apartats seg\u00fcents:<\/span><\/p>\n<ol style=\"text-align: left;\">\n<li style=\"list-style-type: none;\">\n<ol style=\"text-align: justify;\">\n<li><span style=\"color: #003300;\"><strong>Oficial.<\/strong> Heu d&#8217;omplir la sol\u00b7licitud de preinscripci\u00f3 de la Generalitat que no funcionar\u00e0 fins el dia de 6 de mar\u00e7.\u00a0 <a style=\"color: #003300;\" href=\"https:\/\/educacio.gencat.cat\/ca\/tramits\/tramits-temes\/perinscripcio-obligatoris?&amp;moda=3\" target=\"_blank\" rel=\"noopener\">Clicant aqu\u00ed accedireu a l&#8217;enlla\u00e7 a la sol\u00b7licitud del Departament d&#8217;Educaci\u00f3<\/a><\/span>\n<ol>\n<li style=\"list-style-type: none;\">\n<h6><span style=\"color: #993300;\">CODI DE CENTRE : 08047583\u00a0 Ins Sant Quirze del Vall\u00e8s<\/span><\/h6>\n<\/li>\n<li style=\"list-style-type: none;\">\n<h6><\/h6>\n<\/li>\n<\/ol>\n<\/li>\n<li><span style=\"color: #003300;\"><strong>Propi de l&#8217;Institut Sant Quirze.<\/strong> <a style=\"color: #003300;\" href=\"https:\/\/iessantquirze.clickedu.eu\/preinscripcions\/preinscripcions_mw.php\" target=\"_blank\" rel=\"noopener\">Cal donar-se d\u2019alta a la plataforma virtual interactiva Clickedu de l&#8217;Institut Sant Quirze, CLIQUEU AQU\u00cd.<\/a> (El nombre de places que surten aqu\u00ed no t\u00e9 res a veure amb el nombre real de places que s&#8217;oferten en el centre, per saber el nombre real de places cal anar a l&#8217;<a href=\"https:\/\/drive.google.com\/file\/d\/1ErPyYt0iXF6LdMb0shvv3zBTdUnaMVDb\/view?usp=sharing\" target=\"_blank\" rel=\"noopener\">oferta inicial<\/a>)<\/span><\/li>\n<\/ol>\n<\/li>\n<\/ol>\n<p style=\"padding-left: 80px; text-align: left;\"><span style=\"color: #003300;\"><a style=\"color: #003300;\" href=\"https:\/\/drive.google.com\/file\/d\/1b5iGd745Kz4wZQUJbGdLem1Vv4FlahnA\/view?usp=share_link\" target=\"_blank\" rel=\"noopener\">Clicant aqu\u00ed trobareu: Instruccions per a la plataforma Clickedu.<\/a><\/span><\/p>\n<h5 style=\"text-align: left;\"><span style=\"color: #003300;\">Molt important, <span style=\"color: #993300;\"><strong>recordeu que la persona sol\u00b7licitant SEMPRE \u00e9s l&#8217;alumne\/a<\/strong><\/span>, encara que us identifiqueu amb un certificat digital com a progenitors o tutores.<\/span><\/h5>\n<p>&nbsp;<\/p>\n<h5 style=\"text-align: left;\"><span style=\"color: #003300;\">Podreu trobar tota la informaci\u00f3 en el seg\u00fcent enlla\u00e7: <a style=\"color: #003300;\" href=\"https:\/\/preinscripcio.gencat.cat\/ca\/estudis\/eso\/inici\/\" target=\"_blank\" rel=\"noopener noreferrer\">preinscripci\u00f3.gencat.cat<\/a><\/span><\/h5>\n<h5 style=\"text-align: left;\"><\/h5>\n<h5 style=\"text-align: left;\"><span style=\"color: #003300;\">Si tinc dubtes omplint la sol\u00b7licitud on em puc adre\u00e7ar?<\/span><\/h5>\n<p style=\"padding-left: 40px; text-align: left;\"><span style=\"color: #003300;\">Podeu posar-vos en contacte amb <a style=\"color: #003300;\" href=\"https:\/\/www.santquirzevalles.cat\/temes\/educacio\/preinscripcio-a-centres-educatius\/ome-oficina-muncicipal-descolaritzacio\" target=\"_blank\" rel=\"noopener\">l&#8217;Oficina Municipal d&#8217;Escolaritzaci\u00f3, (OME)\u00a0<\/a><\/span><\/p>\n<p style=\"padding-left: 40px; text-align: left;\"><span style=\"color: #003300;\">Tamb\u00e9 podeu posar-vos en contacte amb nosaltres, us assessorarem telef\u00f2nicament trucant al 937213144 (de 9&#8217;00 a 13&#8217;30 del 6 al 18 de mar\u00e7) o per correu electr\u00f2nic a ad.inssantquirze@gmail.com. En el cas de no poder arreglar el problema, se us donar\u00e0 cita pr\u00e8via per tal de fer la gesti\u00f3 de manera presencial.<\/span><\/p>\n<h5 style=\"text-align: left;\"><span style=\"color: #003300;\">Puc presentar dues sol\u00b7licituds a dos centres diferents per uns mateixos estudis?<\/span><\/h5>\n<p style=\"padding-left: 40px; text-align: left;\"><span style=\"color: #003300;\">No, en cap cas. S\u2019ha de presentar una sola sol\u00b7licitud i indicar-hi per ordre de prefer\u00e8ncia els diferents centres als quals us interessa inscriure la vostra filla o fill.<\/span><\/p>\n<h4 style=\"text-align: left;\"><span style=\"color: #003300;\">NOVETATS\u00a0<\/span><\/h4>\n<p style=\"text-align: left;\"><span style=\"color: #003300;\">Aqu\u00ed anirem publicant totes les informacions referents al centre segons marca el <a style=\"color: #003300;\" href=\"https:\/\/preinscripcio.gencat.cat\/ca\/estudis\/eso\/inici\/\" target=\"_blank\" rel=\"noopener\">calendari<\/a><\/span><\/p>\n<hr \/>\n<h5><a href=\"https:\/\/drive.google.com\/file\/d\/1ErPyYt0iXF6LdMb0shvv3zBTdUnaMVDb\/view?usp=sharing\" target=\"_blank\" rel=\"noopener\">Publicaci\u00f3 de l&#8217;oferta inicial de places d&#8217;ESO. 3 de mar\u00e7<\/a><\/h5>\n<h5><a href=\"https:\/\/drive.google.com\/file\/d\/1xLJoj4o0rx_lerYGFjcM5GyGw4afqUQZ\/view?usp=sharing\" target=\"_blank\" rel=\"noopener\"><span lang=\"CA-ES\" data-contrast=\"none\"><strong>P<\/strong><strong>ublicaci\u00f3 de\u00a0la\u00a0llista de sol\u00b7licituds amb la puntuaci\u00f3 provisional.<\/strong><\/span><span data-ccp-props=\"{}\"> 15 d&#8217;abril<\/span><\/a><\/h5>\n<h5><a href=\"https:\/\/drive.google.com\/file\/d\/1aGFghJOy4jSnfx7Ky_KhGMuJ3qsjPJRZ\/view?usp=sharing\" target=\"_blank\" rel=\"noopener\"><span data-ccp-props=\"{}\"><span lang=\"CA-ES\" data-contrast=\"none\">Publicaci\u00f3 de la llista amb la puntuaci\u00f3, resoltes les reclamacions.23 d&#8217;abril<\/span><\/span><\/a><\/h5>\n<h5 style=\"font-weight: 400;\">N\u00famero per determinar l&#8217;ordre de les sol\u00b7licituds en cas d&#8217;empat:<strong> 42129<\/strong><\/h5>\n<h5 style=\"font-weight: 400;\">N\u00famero m\u00e9s alt de sol\u00b7licitud: <strong>153363<\/strong><\/h5>\n<h5><a href=\"https:\/\/drive.google.com\/file\/d\/1UXmqhJqE1TX-w4_uHEvHhkKb3MSArW4Z\/view?usp=sharing\" target=\"_blank\" rel=\"noopener\"><span lang=\"CA-ES\" data-contrast=\"none\"><strong>Publicaci\u00f3 de\u00a0la llist<\/strong><strong>a ordenada. 29 d&#8217;abril<\/strong><\/span><\/a><\/h5>\n<h5><span lang=\"CA-ES\" data-contrast=\"none\">Publicaci\u00f3 de l\u2019oferta final de places d&#8217;ESO. 10 de juny<\/span><\/h5>\n<h5><span lang=\"CA-ES\" data-contrast=\"none\">Publicaci\u00f3 de la llista d\u2019admesos i la llista d\u2019espera. 10 de juny<\/span><\/h5>\n<h5>Gesti\u00f3 de la llista d\u2019espera de l&#8217;ESO. Fins 2 de setembre de 2026<\/h5>\n<p>______________________________________________________________________<\/p>\n<p>&nbsp;<\/p>\n<p dir=\"ltr\"><span style=\"color: #003300;\">Us recordem que si el centre assignat no ha estat la primera petici\u00f3, l\u2019alumne\/a queda a la llista d\u2019espera dels centres sol\u00b7licitats en les peticions escollides abans de l\u2019assignada. Les llistes d\u2019espera s\u00f3n operatives fins al 2 de setembre de 2026.<\/span><\/p>\n<div><\/div>\n<div><\/div>\n<div><\/div>\n","protected":false},"excerpt":{"rendered":"<p>Del 6 al 18 de mar\u00e7 del 2026 &nbsp; Com he de fer la preinscripci\u00f3 a l&#8217;Institut Sant Quirze del Vall\u00e8s? Us podeu trobar que el primer dia la sol\u00b7licitud de preinscripci\u00f3 de la Generalitat no funcioni per saturaci\u00f3 de peticions; no patiu, torneu-ho a provar al cap d&#8217;una estona o l&#8217;endem\u00e0. Empleneu els dos [&hellip;]<\/p>\n","protected":false},"author":1,"featured_media":0,"parent":984,"menu_order":101,"comment_status":"closed","ping_status":"closed","template":"","meta":{"_bbp_topic_count":0,"_bbp_reply_count":0,"_bbp_total_topic_count":0,"_bbp_total_reply_count":0,"_bbp_voice_count":0,"_bbp_anonymous_reply_count":0,"_bbp_topic_count_hidden":0,"_bbp_reply_count_hidden":0,"_bbp_forum_subforum_count":0,"site-sidebar-layout":"default","site-content-layout":"","ast-site-content-layout":"default","site-content-style":"default","site-sidebar-style":"default","ast-global-header-display":"","ast-banner-title-visibility":"","ast-main-header-display":"","ast-hfb-above-header-display":"","ast-hfb-below-header-display":"","ast-hfb-mobile-header-display":"","site-post-title":"","ast-breadcrumbs-content":"","ast-featured-img":"","footer-sml-layout":"","theme-transparent-header-meta":"default","adv-header-id-meta":"","stick-header-meta":"","header-above-stick-meta":"","header-main-stick-meta":"","header-below-stick-meta":"","astra-migrate-meta-layouts":"set","ast-page-background-enabled":"default","ast-page-background-meta":{"desktop":{"background-color":"var(--ast-global-color-4)","background-image":"","background-repeat":"repeat","background-position":"center center","background-size":"auto","background-attachment":"scroll","background-type":"","background-media":"","overlay-type":"","overlay-color":"","overlay-opacity":"","overlay-gradient":""},"tablet":{"background-color":"","background-image":"","background-repeat":"repeat","background-position":"center center","background-size":"auto","background-attachment":"scroll","background-type":"","background-media":"","overlay-type":"","overlay-color":"","overlay-opacity":"","overlay-gradient":""},"mobile":{"background-color":"","background-image":"","background-repeat":"repeat","background-position":"center center","background-size":"auto","background-attachment":"scroll","background-type":"","background-media":"","overlay-type":"","overlay-color":"","overlay-opacity":"","overlay-gradient":""}},"ast-content-background-meta":{"desktop":{"background-color":"var(--ast-global-color-5)","background-image":"","background-repeat":"repeat","background-position":"center center","background-size":"auto","background-attachment":"scroll","background-type":"","background-media":"","overlay-type":"","overlay-color":"","overlay-opacity":"","overlay-gradient":""},"tablet":{"background-color":"var(--ast-global-color-5)","background-image":"","background-repeat":"repeat","background-position":"center center","background-size":"auto","background-attachment":"scroll","background-type":"","background-media":"","overlay-type":"","overlay-color":"","overlay-opacity":"","overlay-gradient":""},"mobile":{"background-color":"var(--ast-global-color-5)","background-image":"","background-repeat":"repeat","background-position":"center center","background-size":"auto","background-attachment":"scroll","background-type":"","background-media":"","overlay-type":"","overlay-color":"","overlay-opacity":"","overlay-gradient":""}},"footnotes":""},"class_list":["post-1027","page","type-page","status-publish","hentry"],"post_mailing_queue_ids":[],"_links":{"self":[{"href":"https:\/\/agora.xtec.cat\/iessantquirze\/wp-json\/wp\/v2\/pages\/1027","targetHints":{"allow":["GET"]}}],"collection":[{"href":"https:\/\/agora.xtec.cat\/iessantquirze\/wp-json\/wp\/v2\/pages"}],"about":[{"href":"https:\/\/agora.xtec.cat\/iessantquirze\/wp-json\/wp\/v2\/types\/page"}],"author":[{"embeddable":true,"href":"https:\/\/agora.xtec.cat\/iessantquirze\/wp-json\/wp\/v2\/users\/1"}],"replies":[{"embeddable":true,"href":"https:\/\/agora.xtec.cat\/iessantquirze\/wp-json\/wp\/v2\/comments?post=1027"}],"version-history":[{"count":7,"href":"https:\/\/agora.xtec.cat\/iessantquirze\/wp-json\/wp\/v2\/pages\/1027\/revisions"}],"predecessor-version":[{"id":5365,"href":"https:\/\/agora.xtec.cat\/iessantquirze\/wp-json\/wp\/v2\/pages\/1027\/revisions\/5365"}],"up":[{"embeddable":true,"href":"https:\/\/agora.xtec.cat\/iessantquirze\/wp-json\/wp\/v2\/pages\/984"}],"wp:attachment":[{"href":"https:\/\/agora.xtec.cat\/iessantquirze\/wp-json\/wp\/v2\/media?parent=1027"}],"curies":[{"name":"wp","href":"https:\/\/api.w.org\/{rel}","templated":true}]}}