{"id":865,"date":"2023-05-26T12:25:47","date_gmt":"2023-05-26T10:25:47","guid":{"rendered":"https:\/\/agora.xtec.cat\/iessantjust\/?page_id=865"},"modified":"2026-03-27T11:11:51","modified_gmt":"2026-03-27T10:11:51","slug":"orientacio","status":"publish","type":"page","link":"https:\/\/agora.xtec.cat\/iessantjust\/departaments\/orientacio\/","title":{"rendered":"Orientaci\u00f3"},"content":{"rendered":"\n<figure class=\"wp-block-image size-large\"><a href=\"https:\/\/agora.xtec.cat\/iessantjust\/wp-content\/uploads\/usu366\/2025\/02\/Departament3.png\"><img loading=\"lazy\" decoding=\"async\" width=\"1024\" height=\"256\" src=\"https:\/\/agora.xtec.cat\/iessantjust\/wp-content\/uploads\/usu366\/2025\/02\/Departament3-1024x256.png\" alt=\"\" class=\"wp-image-4211\" srcset=\"https:\/\/agora.xtec.cat\/iessantjust\/wp-content\/uploads\/usu366\/2025\/02\/Departament3-1024x256.png 1024w, https:\/\/agora.xtec.cat\/iessantjust\/wp-content\/uploads\/usu366\/2025\/02\/Departament3-300x75.png 300w, https:\/\/agora.xtec.cat\/iessantjust\/wp-content\/uploads\/usu366\/2025\/02\/Departament3-768x192.png 768w, https:\/\/agora.xtec.cat\/iessantjust\/wp-content\/uploads\/usu366\/2025\/02\/Departament3-1536x384.png 1536w, https:\/\/agora.xtec.cat\/iessantjust\/wp-content\/uploads\/usu366\/2025\/02\/Departament3.png 1920w\" sizes=\"auto, (max-width: 1024px) 100vw, 1024px\" \/><\/a><\/figure>\n\n\n\n<h2 class=\"wp-block-heading\"><\/h2>\n\n\n\n<p><\/p>\n\n\n\n<p>Benvingudes i benvinguts al Departament d\u2019Orientaci\u00f3 de l\u2019Institut de Sant Just.<\/p>\n\n\n\n<p>El <strong>Departament d\u2019Orientaci\u00f3<\/strong> \u00e9s un equip especialitzat que dona suport a la tasca educativa del centre i acompanya el professorat en totes aquelles accions destinades a garantir una formaci\u00f3 integral de l\u2019alumnat. Ens enfoquem a adaptar els processos d\u2019ensenyament a les necessitats i caracter\u00edstiques de tots els estudiants.<\/p>\n\n\n\n<p>Oferim orientaci\u00f3 i seguiment a l\u2019alumnat que necessita mesures i suports addicionals o intensius, aix\u00ed com a aquell que, per motius personals, emocionals o socials, requereix atenci\u00f3 especial. Cada nivell compta amb una orientadora de refer\u00e8ncia que treballa en coordinaci\u00f3 amb els equips docents corresponents.<\/p>\n\n\n\n<p>&#8211; <strong>Referent 1r i 2n ESO: Patricia C\u00e0novas <\/strong>&nbsp;<\/p>\n\n\n\n<p>&#8211; <strong>Referent 3r i 4t ESO: Paula G\u00f3mez de Cadi\u00f1anos<\/strong>&nbsp;&nbsp;<\/p>\n\n\n\n<p>Treballant sempre des de la responsabilitat, col\u00b7laborem amb les fam\u00edlies per desenvolupar el potencial de l\u2019alumnat en tots els \u00e0mbits: aprenentatge, personal i social. Aqu\u00ed podeu trobar un banc de recursos per a les fam\u00edlies: <a href=\"https:\/\/educacio.gencat.cat\/ca\/arees-actuacio\/families\/\">https:\/\/educacio.gencat.cat\/ca\/arees-actuacio\/families\/<\/a><\/p>\n\n\n\n<p>A m\u00e9s, estem en constant coordinaci\u00f3 amb l&#8217;Equip d\u2019Assessorament i Orientaci\u00f3 Psicopedag\u00f2gica (EAP), la professional sanit\u00e0ria de refer\u00e8ncia del programa Salut i Escola, Serveis Socials, entre altres serveis externs de salut i educaci\u00f3.&nbsp;<\/p>\n\n\n\n<p>El nostre comprom\u00eds \u00e9s estar al vostre costat, oferint la millor atenci\u00f3 i recolzament possible perqu\u00e8 els vostres fills i filles puguin rebre el suport necessari en el seu cam\u00ed educatiu.<\/p>\n\n\n\n<p><strong>Orientaci\u00f3 Post-ESO: <\/strong>De cara a la formaci\u00f3 despr\u00e9s de l\u2019ESO, hi ha aquestes opcions:<strong>&nbsp;<\/strong><\/p>\n\n\n\n<ul class=\"wp-block-list\">\n<li>Batxillerat: el batxillerat forma part de l&#8217;educaci\u00f3 secund\u00e0ria postobligat\u00f2ria i es distribueix en dos cursos acad\u00e8mics. Es desenvolupa en diverses modalitats (en 3 anys, de manera flexibilitzada, etc), s&#8217;organitza de manera oberta i flexible i, si cal, en vies diferents dins de cada modalitat, per tal d&#8217;oferir un itinerari personalitzat a l&#8217;alumnat d&#8217;acord amb les seves perspectives i interessos de formaci\u00f3. M\u00e9s informaci\u00f3: <a href=\"https:\/\/triaeducativa.gencat.cat\/ca\/batxillerat\/\">https:\/\/triaeducativa.gencat.cat\/ca\/batxillerat\/<\/a><\/li>\n\n\n\n<li>PFI (Programes de Formaci\u00f3 i Inserci\u00f3): els PFI s&#8217;adrecen a joves d&#8217;entre 16 i 21 anys que no han finalitzat l&#8217;educaci\u00f3 secund\u00e0ria obligat\u00f2ria. S\u00f3n estudis voluntaris i la seva durada \u00e9s d&#8217;un curs acad\u00e8mic (1.000 hores). M\u00e9s informaci\u00f3:<a href=\"https:\/\/triaeducativa.gencat.cat\/ca\/fp\/pfi\/\"> https:\/\/triaeducativa.gencat.cat\/ca\/fp\/pfi\/<\/a><\/li>\n\n\n\n<li>CFGM (Cicles Formatius de Grau Mitj\u00e0): s\u00f3n ensenyaments professionalitzadors que proporcionen la formaci\u00f3 necess\u00e0ria per adquirir la compet\u00e8ncia professional i el coneixement propis de cada sector. S&#8217;agrupen en fam\u00edlies professionals i tenen una durada de 2.000 hores (en dos cursos acad\u00e8mics). M\u00e9s informaci\u00f3: <a href=\"https:\/\/triaeducativa.gencat.cat\/ca\/fp\/grau-mitja\/\">https:\/\/triaeducativa.gencat.cat\/ca\/fp\/grau-mitja\/<\/a><\/li>\n\n\n\n<li>Proves d\u2019acc\u00e9s a cicles formatius de grau mitj\u00e0: <a href=\"https:\/\/triaeducativa.gencat.cat\/ca\/proves\/proves-acces\/fp\/fp-gm\/\">https:\/\/triaeducativa.gencat.cat\/ca\/proves\/proves-acces\/fp\/fp-gm\/<\/a><\/li>\n<\/ul>\n\n\n\n<p>Preinscripci\u00f3 26-27:  <a href=\"http:\/\/preinscripcio.gencat.cat\" target=\"_blank\" rel=\"noreferrer noopener\">preinscripcio.gencat.cat<\/a><\/p>\n\n\n\n<p><\/p>\n\n\n\n<p class=\"has-text-color has-link-color wp-elements-ddc1903fcdb81418ed2d30d03355172e\" style=\"color:#ff9900\"><strong>Orientaci\u00f3 post-ESO:<\/strong><\/p>\n\n\n\n<p><\/p>\n\n\n\n<div class=\"wp-block-buttons is-layout-flex wp-block-buttons-is-layout-flex\">\n<div class=\"wp-block-button\"><a class=\"wp-block-button__link has-black-color has-luminous-vivid-amber-background-color has-text-color has-background has-link-color wp-element-button\" href=\"https:\/\/agora.xtec.cat\/iessantjust\/wp-content\/uploads\/usu366\/2026\/03\/Presentacio-Orientacio-Post-ESO_.pdf\" target=\"_blank\" rel=\"noreferrer noopener\">Orientaci\u00f3 post ESO<\/a><\/div>\n\n\n\n<div class=\"wp-block-button\"><a class=\"wp-block-button__link has-black-color has-luminous-vivid-amber-background-color has-text-color has-background has-link-color wp-element-button\" href=\"https:\/\/agora.xtec.cat\/iessantjust\/wp-content\/uploads\/usu366\/2026\/03\/Presentacio-BATXILLERAT-26-27_Families-4t.pdf\" target=\"_blank\" rel=\"noreferrer noopener\">Presentaci\u00f3 Batxillerat<\/a><\/div>\n\n\n\n<div class=\"wp-block-button\"><a class=\"wp-block-button__link has-black-color has-luminous-vivid-amber-background-color has-text-color has-background has-link-color wp-element-button\" href=\"https:\/\/agora.xtec.cat\/iessantjust\/wp-content\/uploads\/usu366\/2026\/03\/Itineraris-i-perfills-BTX_26-27-1.pdf\" target=\"_blank\" rel=\"noreferrer noopener\">Itineraris Batxillerat<\/a><\/div>\n\n\n\n<div class=\"wp-block-button\"><a class=\"wp-block-button__link has-black-color has-luminous-vivid-amber-background-color has-text-color has-background has-link-color wp-element-button\" href=\"https:\/\/agora.xtec.cat\/iessantjust\/wp-content\/uploads\/usu366\/2026\/03\/Breu-descripcio-materies-1r-BTX_26-27-1.pdf\" target=\"_blank\" rel=\"noreferrer noopener\">Mat\u00e8ries 1r Batxillerat<\/a><\/div>\n<\/div>\n","protected":false},"excerpt":{"rendered":"<p>Benvingudes i benvinguts al Departament d\u2019Orientaci\u00f3 de l\u2019Institut de Sant Just. El Departament d\u2019Orientaci\u00f3 \u00e9s un equip especialitzat que dona suport a la tasca educativa del centre i acompanya el professorat en totes aquelles accions destinades a garantir una formaci\u00f3 integral de l\u2019alumnat. Ens enfoquem a adaptar els processos d\u2019ensenyament a les necessitats i caracter\u00edstiques [&hellip;]<\/p>\n","protected":false},"author":1,"featured_media":0,"parent":746,"menu_order":30,"comment_status":"closed","ping_status":"closed","template":"","meta":{"_bbp_topic_count":0,"_bbp_reply_count":0,"_bbp_total_topic_count":0,"_bbp_total_reply_count":0,"_bbp_voice_count":0,"_bbp_anonymous_reply_count":0,"_bbp_topic_count_hidden":0,"_bbp_reply_count_hidden":0,"_bbp_forum_subforum_count":0,"site-sidebar-layout":"default","site-content-layout":"","ast-site-content-layout":"default","site-content-style":"default","site-sidebar-style":"default","ast-global-header-display":"","ast-banner-title-visibility":"","ast-main-header-display":"","ast-hfb-above-header-display":"","ast-hfb-below-header-display":"","ast-hfb-mobile-header-display":"","site-post-title":"","ast-breadcrumbs-content":"","ast-featured-img":"","footer-sml-layout":"","theme-transparent-header-meta":"","adv-header-id-meta":"","stick-header-meta":"","header-above-stick-meta":"","header-main-stick-meta":"","header-below-stick-meta":"","astra-migrate-meta-layouts":"set","ast-page-background-enabled":"default","ast-page-background-meta":{"desktop":{"background-color":"var(--ast-global-color-4)","background-image":"","background-repeat":"repeat","background-position":"center center","background-size":"auto","background-attachment":"scroll","background-type":"","background-media":"","overlay-type":"","overlay-color":"","overlay-opacity":"","overlay-gradient":""},"tablet":{"background-color":"","background-image":"","background-repeat":"repeat","background-position":"center center","background-size":"auto","background-attachment":"scroll","background-type":"","background-media":"","overlay-type":"","overlay-color":"","overlay-opacity":"","overlay-gradient":""},"mobile":{"background-color":"","background-image":"","background-repeat":"repeat","background-position":"center center","background-size":"auto","background-attachment":"scroll","background-type":"","background-media":"","overlay-type":"","overlay-color":"","overlay-opacity":"","overlay-gradient":""}},"ast-content-background-meta":{"desktop":{"background-color":"var(--ast-global-color-5)","background-image":"","background-repeat":"repeat","background-position":"center center","background-size":"auto","background-attachment":"scroll","background-type":"","background-media":"","overlay-type":"","overlay-color":"","overlay-opacity":"","overlay-gradient":""},"tablet":{"background-color":"var(--ast-global-color-5)","background-image":"","background-repeat":"repeat","background-position":"center center","background-size":"auto","background-attachment":"scroll","background-type":"","background-media":"","overlay-type":"","overlay-color":"","overlay-opacity":"","overlay-gradient":""},"mobile":{"background-color":"var(--ast-global-color-5)","background-image":"","background-repeat":"repeat","background-position":"center center","background-size":"auto","background-attachment":"scroll","background-type":"","background-media":"","overlay-type":"","overlay-color":"","overlay-opacity":"","overlay-gradient":""}},"footnotes":""},"class_list":["post-865","page","type-page","status-publish","hentry"],"post_mailing_queue_ids":[],"_links":{"self":[{"href":"https:\/\/agora.xtec.cat\/iessantjust\/wp-json\/wp\/v2\/pages\/865","targetHints":{"allow":["GET"]}}],"collection":[{"href":"https:\/\/agora.xtec.cat\/iessantjust\/wp-json\/wp\/v2\/pages"}],"about":[{"href":"https:\/\/agora.xtec.cat\/iessantjust\/wp-json\/wp\/v2\/types\/page"}],"author":[{"embeddable":true,"href":"https:\/\/agora.xtec.cat\/iessantjust\/wp-json\/wp\/v2\/users\/1"}],"replies":[{"embeddable":true,"href":"https:\/\/agora.xtec.cat\/iessantjust\/wp-json\/wp\/v2\/comments?post=865"}],"version-history":[{"count":6,"href":"https:\/\/agora.xtec.cat\/iessantjust\/wp-json\/wp\/v2\/pages\/865\/revisions"}],"predecessor-version":[{"id":5962,"href":"https:\/\/agora.xtec.cat\/iessantjust\/wp-json\/wp\/v2\/pages\/865\/revisions\/5962"}],"up":[{"embeddable":true,"href":"https:\/\/agora.xtec.cat\/iessantjust\/wp-json\/wp\/v2\/pages\/746"}],"wp:attachment":[{"href":"https:\/\/agora.xtec.cat\/iessantjust\/wp-json\/wp\/v2\/media?parent=865"}],"curies":[{"name":"wp","href":"https:\/\/api.w.org\/{rel}","templated":true}]}}