{"id":789,"date":"2023-05-24T10:08:15","date_gmt":"2023-05-24T08:08:15","guid":{"rendered":"https:\/\/agora.xtec.cat\/iessantjust\/?page_id=789"},"modified":"2025-09-01T21:25:00","modified_gmt":"2025-09-01T19:25:00","slug":"llengues-estrangeres","status":"publish","type":"page","link":"https:\/\/agora.xtec.cat\/iessantjust\/departaments\/llengues-estrangeres\/","title":{"rendered":"Lleng\u00fces estrangeres"},"content":{"rendered":"\n<figure class=\"wp-block-image size-large\"><a href=\"https:\/\/agora.xtec.cat\/iessantjust\/wp-content\/uploads\/usu366\/2025\/02\/Departament2.png\"><img loading=\"lazy\" decoding=\"async\" width=\"1024\" height=\"256\" src=\"https:\/\/agora.xtec.cat\/iessantjust\/wp-content\/uploads\/usu366\/2025\/02\/Departament2-1024x256.png\" alt=\"\" class=\"wp-image-4210\" srcset=\"https:\/\/agora.xtec.cat\/iessantjust\/wp-content\/uploads\/usu366\/2025\/02\/Departament2-1024x256.png 1024w, https:\/\/agora.xtec.cat\/iessantjust\/wp-content\/uploads\/usu366\/2025\/02\/Departament2-300x75.png 300w, https:\/\/agora.xtec.cat\/iessantjust\/wp-content\/uploads\/usu366\/2025\/02\/Departament2-768x192.png 768w, https:\/\/agora.xtec.cat\/iessantjust\/wp-content\/uploads\/usu366\/2025\/02\/Departament2-1536x384.png 1536w, https:\/\/agora.xtec.cat\/iessantjust\/wp-content\/uploads\/usu366\/2025\/02\/Departament2.png 1920w\" sizes=\"auto, (max-width: 1024px) 100vw, 1024px\" \/><\/a><\/figure>\n\n\n\n<h2 class=\"wp-block-heading\"><\/h2>\n\n\n\n<p>El nostre departament imparteix les mat\u00e8ries optatives de Franc\u00e8s i les comunes d&#8217;Angl\u00e8s a l&#8217;ESO i al Batxillerat. Aqu\u00ed podreu veure els projectes i les activitats que organitzem al llarg del curs, aix\u00ed com la documentaci\u00f3 que anem compartint.<\/p>\n\n\n\n<h2 class=\"wp-block-heading\"><\/h2>\n\n\n\n<p class=\"has-medium-font-size\"><a style=\"color: #2795b6;\" href=\"https:\/\/agora.xtec.cat\/iessantjust\/departaments\/biologia-i-geologia-fisica-i-quimica\/activitats-experimentals\/\"><strong><b>\u2192<\/b><\/strong><\/a><a href=\"https:\/\/agora.xtec.cat\/iessantjust\/departaments\/llengues-estrangeres\/activitats-idiomes\/\"><strong>Activitats<\/strong><\/a><\/p>\n\n\n\n<h2 class=\"wp-block-heading\"><\/h2>\n\n\n\n<p><a href=\"https:\/\/agora.xtec.cat\/iessantjust\/wp-content\/uploads\/usu366\/2025\/06\/2025-26-LLIBRES-DE-TEXT-I-LECTURES-LLENGUES-ESTRANGERES.pdf\" target=\"_blank\" rel=\"noreferrer noopener\">Llibres de text 25-26<\/a><\/p>\n\n\n\n<p><a href=\"https:\/\/agora.xtec.cat\/iessantjust\/departaments\/llengues-estrangeres\/criteris-avaluacio-idiomes\/\" target=\"_blank\" rel=\"noreferrer noopener\">Criteris d&#8217;avaluaci\u00f3 25-26<\/a><\/p>\n\n\n\n<p><\/p>\n\n\n\n<p><strong>Normes d&#8217;aula&nbsp;<a href=\"https:\/\/agora.xtec.cat\/iessantjust\/wp-content\/uploads\/usu366\/2023\/07\/AVALUACIO-ANGLES-ESO.pdf\" target=\"_blank\" rel=\"noopener\">angl\u00e8s&nbsp;<\/a>\/&nbsp;<a href=\"https:\/\/agora.xtec.cat\/iessantjust\/wp-content\/uploads\/usu366\/2023\/09\/AVALUACIO-FRANCES-ESO.pdf\" target=\"_blank\" rel=\"noopener\">franc\u00e8s<\/a><\/strong><\/p>\n\n\n\n<p><\/p>\n\n\n\n<p>Rep\u00e0s d&#8217;estiu 24-25 <a href=\"https:\/\/agora.xtec.cat\/iessantjust\/departaments\/llengues-estrangeres\/practica-estiu-llengues-estrangeres\/\" data-type=\"page\" data-id=\"5293\">angl\u00e8s<\/a><\/p>\n\n\n\n<p><\/p>\n","protected":false},"excerpt":{"rendered":"<p>El nostre departament imparteix les mat\u00e8ries optatives de Franc\u00e8s i les comunes d&#8217;Angl\u00e8s a l&#8217;ESO i al Batxillerat. Aqu\u00ed podreu veure els projectes i les activitats que organitzem al llarg del curs, aix\u00ed com la documentaci\u00f3 que anem compartint. \u2192Activitats Llibres de text 25-26 Criteris d&#8217;avaluaci\u00f3 25-26 Normes d&#8217;aula&nbsp;angl\u00e8s&nbsp;\/&nbsp;franc\u00e8s Rep\u00e0s d&#8217;estiu 24-25 angl\u00e8s<\/p>\n","protected":false},"author":1,"featured_media":0,"parent":746,"menu_order":20,"comment_status":"closed","ping_status":"closed","template":"","meta":{"_bbp_topic_count":0,"_bbp_reply_count":0,"_bbp_total_topic_count":0,"_bbp_total_reply_count":0,"_bbp_voice_count":0,"_bbp_anonymous_reply_count":0,"_bbp_topic_count_hidden":0,"_bbp_reply_count_hidden":0,"_bbp_forum_subforum_count":0,"site-sidebar-layout":"default","site-content-layout":"","ast-site-content-layout":"default","site-content-style":"default","site-sidebar-style":"default","ast-global-header-display":"","ast-banner-title-visibility":"","ast-main-header-display":"","ast-hfb-above-header-display":"","ast-hfb-below-header-display":"","ast-hfb-mobile-header-display":"","site-post-title":"","ast-breadcrumbs-content":"","ast-featured-img":"","footer-sml-layout":"","theme-transparent-header-meta":"","adv-header-id-meta":"","stick-header-meta":"","header-above-stick-meta":"","header-main-stick-meta":"","header-below-stick-meta":"","astra-migrate-meta-layouts":"set","ast-page-background-enabled":"default","ast-page-background-meta":{"desktop":{"background-color":"var(--ast-global-color-4)","background-image":"","background-repeat":"repeat","background-position":"center center","background-size":"auto","background-attachment":"scroll","background-type":"","background-media":"","overlay-type":"","overlay-color":"","overlay-opacity":"","overlay-gradient":""},"tablet":{"background-color":"","background-image":"","background-repeat":"repeat","background-position":"center center","background-size":"auto","background-attachment":"scroll","background-type":"","background-media":"","overlay-type":"","overlay-color":"","overlay-opacity":"","overlay-gradient":""},"mobile":{"background-color":"","background-image":"","background-repeat":"repeat","background-position":"center center","background-size":"auto","background-attachment":"scroll","background-type":"","background-media":"","overlay-type":"","overlay-color":"","overlay-opacity":"","overlay-gradient":""}},"ast-content-background-meta":{"desktop":{"background-color":"var(--ast-global-color-5)","background-image":"","background-repeat":"repeat","background-position":"center center","background-size":"auto","background-attachment":"scroll","background-type":"","background-media":"","overlay-type":"","overlay-color":"","overlay-opacity":"","overlay-gradient":""},"tablet":{"background-color":"var(--ast-global-color-5)","background-image":"","background-repeat":"repeat","background-position":"center center","background-size":"auto","background-attachment":"scroll","background-type":"","background-media":"","overlay-type":"","overlay-color":"","overlay-opacity":"","overlay-gradient":""},"mobile":{"background-color":"var(--ast-global-color-5)","background-image":"","background-repeat":"repeat","background-position":"center center","background-size":"auto","background-attachment":"scroll","background-type":"","background-media":"","overlay-type":"","overlay-color":"","overlay-opacity":"","overlay-gradient":""}},"footnotes":""},"class_list":["post-789","page","type-page","status-publish","hentry"],"post_mailing_queue_ids":[],"_links":{"self":[{"href":"https:\/\/agora.xtec.cat\/iessantjust\/wp-json\/wp\/v2\/pages\/789","targetHints":{"allow":["GET"]}}],"collection":[{"href":"https:\/\/agora.xtec.cat\/iessantjust\/wp-json\/wp\/v2\/pages"}],"about":[{"href":"https:\/\/agora.xtec.cat\/iessantjust\/wp-json\/wp\/v2\/types\/page"}],"author":[{"embeddable":true,"href":"https:\/\/agora.xtec.cat\/iessantjust\/wp-json\/wp\/v2\/users\/1"}],"replies":[{"embeddable":true,"href":"https:\/\/agora.xtec.cat\/iessantjust\/wp-json\/wp\/v2\/comments?post=789"}],"version-history":[{"count":6,"href":"https:\/\/agora.xtec.cat\/iessantjust\/wp-json\/wp\/v2\/pages\/789\/revisions"}],"predecessor-version":[{"id":5548,"href":"https:\/\/agora.xtec.cat\/iessantjust\/wp-json\/wp\/v2\/pages\/789\/revisions\/5548"}],"up":[{"embeddable":true,"href":"https:\/\/agora.xtec.cat\/iessantjust\/wp-json\/wp\/v2\/pages\/746"}],"wp:attachment":[{"href":"https:\/\/agora.xtec.cat\/iessantjust\/wp-json\/wp\/v2\/media?parent=789"}],"curies":[{"name":"wp","href":"https:\/\/api.w.org\/{rel}","templated":true}]}}