{"id":675,"date":"2023-05-16T20:22:25","date_gmt":"2023-05-16T18:22:25","guid":{"rendered":"https:\/\/agora.xtec.cat\/iessantjust\/?page_id=675"},"modified":"2025-10-14T17:51:22","modified_gmt":"2025-10-14T15:51:22","slug":"activitats-idiomes","status":"publish","type":"page","link":"https:\/\/agora.xtec.cat\/iessantjust\/departaments\/llengues-estrangeres\/activitats-idiomes\/","title":{"rendered":"Activitats Idiomes"},"content":{"rendered":"\n<ul class=\"wp-block-list\">\n<li><a href=\"https:\/\/agora.xtec.cat\/iessantjust\/departaments\/llengues-estrangeres\/activitats-idiomes\/activitats-idiomes-25-26-2\/\">Activitats 2025-2026<\/a><\/li>\n\n\n\n<li><a href=\"https:\/\/agora.xtec.cat\/iessantjust\/departaments\/llengues-estrangeres\/activitats-idiomes\/activitats-idiomes-24-25\/\">Activitats 2024-2025 <\/a><\/li>\n\n\n\n<li><a href=\"https:\/\/agora.xtec.cat\/iessantjust\/departaments\/llengues-estrangeres\/activitats-idiomes\/activitats-idiomes-23-24\/\">Activitats 2023-2024 <\/a><\/li>\n<\/ul>\n\n\n\n<p>Els nostres alumnes participen anualment en les seg\u00fcents activitats:<\/p>\n\n\n\n<ul class=\"wp-block-list\">\n<li><a href=\"https:\/\/agora.xtec.cat\/iessantjust\/activitats-idiomes\/sharing-to-lear\/\">Sharing to Learn<\/a><\/li>\n<\/ul>\n\n\n\n<p>Des del curs 2009-2010 alguns alumnes de 4t participen com a assistents ling\u00fc\u00edstics a les escoles de prim\u00e0ria de Sant Just i, juntament amb els mestres, ajuden als petits a practicar oralment la llengua anglesa. Aquesta activitats est\u00e0 inclosa dins de l&#8217;APS. Cliqueu al t\u00edtol per a m\u00e9s detalls.<\/p>\n\n\n\n<ul class=\"wp-block-list\">\n<li>Visita a Carcassonne<\/li>\n<\/ul>\n\n\n\n<p>Els alumnes de franc\u00e8s de 3r d&#8217;ESO visiten la ciutat de Carcassona i hi fan activitats. S&#8217;allotgen en un alberg i visiten un castell, o fan rafting quan el cabal del riu ho permet. Segons l&#8217;any, van a visitar Perpiny\u00e0, tamb\u00e9. Podeu veure l&#8217;\u00e0lbum de Google Photos en mida original si cliqueu a qualsevol foto <img loading=\"lazy\" decoding=\"async\" class=\"alignnone wp-image-1355\" src=\"https:\/\/agora.xtec.cat\/iessantjust\/wp-content\/uploads\/usu366\/2023\/06\/Google_Photos_icon_2020-1024x1024.png\" alt=\"\" width=\"28\" height=\"28\" srcset=\"https:\/\/agora.xtec.cat\/iessantjust\/wp-content\/uploads\/usu366\/2023\/06\/Google_Photos_icon_2020-1024x1024.png 1024w, https:\/\/agora.xtec.cat\/iessantjust\/wp-content\/uploads\/usu366\/2023\/06\/Google_Photos_icon_2020-300x300.png 300w, https:\/\/agora.xtec.cat\/iessantjust\/wp-content\/uploads\/usu366\/2023\/06\/Google_Photos_icon_2020-150x150.png 150w, https:\/\/agora.xtec.cat\/iessantjust\/wp-content\/uploads\/usu366\/2023\/06\/Google_Photos_icon_2020-768x768.png 768w, https:\/\/agora.xtec.cat\/iessantjust\/wp-content\/uploads\/usu366\/2023\/06\/Google_Photos_icon_2020.png 1280w\" sizes=\"auto, (max-width: 28px) 100vw, 28px\" \/>.<\/p>\n\n\n\r\n\t<div class=\"slideshow_container slideshow_container_style-light\" style=\"height: 300px; \" data-slideshow-id=\"1707\" data-style-name=\"style-light\" data-style-version=\"2.3.1\" >\r\n\r\n\t\t\t\t\t<div class=\"slideshow_loading_icon\"><\/div>\r\n\t\t\r\n\t\t<div class=\"slideshow_content\" style=\"display: none;\">\r\n\r\n\t\t\t<div class=\"slideshow_view\"><div class=\"slideshow_slide slideshow_slide_image\">\n        <a href=\"https:\/\/photos.google.com\/u\/0\/share\/AF1QipO0PDPixwsL8vlunhlDhp81F0SKbPI7LxCy_VzKelGF09cGS6D0zMwNXRxmlVu67Q\/photo\/AF1QipMlRfwW-WD2aa6-OZxPYBRKRxqd7roehBPgqZJM?key=VldYcnlrbjFxTzltZFFuQVRTT1ZrZGRaZTJaaF9n\" target=\"_blank\">        <img src=\"https:\/\/lh3.googleusercontent.com\/BH_QY-MhQHxG_x4pRq2q8Z_7PMwX0_2lYAzaTTfaIoajt32Z_Qe9uO8h1yO7LqvalUQkb-tNti6-XPp0VBg79pnFM1pYW3lFFEZge8pP11EpZbRZvaSPV20YSelPxchCa9N0La_WqjfzloaeHq_ouh2UKLqpIovCT4ztNKhtBZ32L_xIX2zomGegpiqPSNoGys6TnnOdl_ARcfCg4_otEVOySqljBABm8p-UPMQS_PysRi9_bEmoLiPJUki-ry8oJpwmUDMjPGELJyn222GExBHiVKckzhbhf-YxFrw6wvNZp-kapLbbmogQbQwJd8H0ZXmR-Q--bCRob0-2-Gce2xJFvwxXAFUNmljaoJM-WIMg2AuPjZ9WuoomyRns9KhZ4NWCSr65uIiQl6bRbO7d8ULDPuazGeZQIBW2naPeE118CHjzU164w3R7f0JYMyJjl17bzZAb25mT61WgV66YJWQ_o7WOKoL_krR0CqJZgx_cp8oiGlqgZ5k64JNx_BwdseK3k-PmEFacxSraRjSi9n2n88whNt-V_y2E1NLTVGAwKW1llRRVdrwKm1tfREBg6kHvbsvaUUjzowVKyqDKubaeONDrHhKPKUyDD-3rmqIFcwmI1u6eQdDkd8e0TehkTHnL9Icl_Y_QEoZthrlubc15olZR2sgEnP3K30LG1LtSNfiEL01XXXjy_3vLemr0z6ZIjrNGBaY9wN-Le9XSw5TRMUpO1aTtj7LVfqi6jF1cCI1cib23NB8wHhAIqBYtXZ6YZpsKtNjhusRT-vmruEXWIb07h_I4x5JZmWzyDRbsOG9G0pBRI_3lvT4qOmAOl6IbFTFjPKkvFNL4g94wuxiaOdAWf3qAU7T4XfUh1h3Mp6Eajt5U7rPeGGpARDfufDFjIFSLB1A4OIZBmXCsiRPEB4_Dl35kFik-w7cQRTFIbq38Ls1VG55qskeLUJbETMDsdwebfrW7hjzJXZMq9XCnIDZcEeW26X6u3v6hInjMylxgKQBrx4arPGTj5BuL4FcLKZUvSjhFIjQmN7NkmFQa5uiPVuc-9s8RzEgSJ4ijYicRI6w2F1oJE8wdn4boVBQxycjK1-vDQ_RXDnpAMENjr1GFnMB_DVSbyENqafTCT1goc_FSwz_KrLqpm0KiJGyhMWoKkJZw1ptnOjme8iQIhHxdF3Rm49AwLea5L-6cO9HLgVIYkUKH1Q0X=w216-h288-no?authuser=0\" alt=\"\"   \/>\n        <\/a>        <div class=\"slideshow_description_box slideshow_transparent\">\n                                        <\/div>\n<\/div>\n\t\n<div style=\"clear: both;\"><\/div><\/div><div class=\"slideshow_view\"><div class=\"slideshow_slide slideshow_slide_image\">\n        <a href=\"https:\/\/photos.google.com\/u\/0\/share\/AF1QipO0PDPixwsL8vlunhlDhp81F0SKbPI7LxCy_VzKelGF09cGS6D0zMwNXRxmlVu67Q\/photo\/AF1QipPXBD9FQG_WqFefNhquvFeGR-zQuYdRGumAqaqr?key=VldYcnlrbjFxTzltZFFuQVRTT1ZrZGRaZTJaaF9n\" target=\"_blank\">        <img src=\"https:\/\/lh3.googleusercontent.com\/X9ZjKB79IlKPu9TlB7H1r4xwVl6U5-YKyjAd-lys5HVxAG4Cf76kfWTcXt5IXYIDJa98LwWutPA1tCCAtF49hXR6GIBLtHG0eaGp49g4DR1CcDJZWRwKBvKFpazL8zqv0joOWh-gP8IRQBtXXyjfKA8m6-HMDIKzW6SjYtMHKOl7-kLBNUf7LjUULRlH1BpL0beDOEcVzMBhzDv9W5BjnOzWNQ5QhNR7U9ka_bS9rjiOM93whwChu4FCo7zoseQ9rmLMqfHTBxhuNWNmiA2n32dSNIaUbfggtdDeLvYtUHf18QAqfyaHvOtpRZ835U8LCfNVZ-iSvtzpEeoMO-dRPFInmuLVrC1NIZT0ZVXxkNSzJcIUKwqsjpvxbnX6qg5KNxm9ud8tKTFE2k90ea6W9zwhq5VYCsqFcrgiqpE6VwAeLq0dFa-44YB8RMDEqr8VYzp5wwUkaqXVJ6h5YnO8Bcl3Ob4Gcrmc9RqY8TUnQigkBAKVUuqT-7FJFWVuUjD4O2RqX0UKkwTfoB7T3hfZinGnpD4xxKPpn_ixn7TEv7PFepfZqnwfe4iN4Ku4MNFqvnnH--6HzYqFfPZrshoaLmrd9kLlU3HF3n-E2dKioppS1KU14ACsrvanlvbVw1kfgSbGxbmYnzmgs0gv8nsUN8ueiHaizgR5JcQ12IISMl1LmCrI4B2RtyssEmtR3cftCamkrExTBsyb6V_8IR3ORiXhZIno4sSW74lGcGzqVB5T9wrGGzQq8l88mxxJWeHze7OjmcQNI918-2sA2vtmvmdE9gpu5gTpLONPRIl8ir3bS6rYAGIvr9Vf7wpLXpJVd0mWuZ0ilUGuvzFinw2DNhTv6IXqqBmMY8TifZ2a6fmtfMemZ01JwAAjNuV_4dj60NHy59aVJ248vQoImg92HzFVD6ioVKEL3kWukZ1-1DS5hn21NWRZ1SP9U6cLjolH04CKlJLwl3k2bHKjYnCyKZPsmhJnzTaLFYIVegU1d8lizVYZNMA2fHMwwGZo66VSlTH1IbqxmhUg7SaJZ3kAKgaF8WQC7eus8UmyunBi3cQ1wrCHLwpkx2SLkJIpw1VaumwHwHo28vTE2QGaCzAvHhzhqg5UO-lCutogAqWggbFAouC5LGSgsSgPPUOeIFtWUzNaGhycd_lQPai1HKGW5vqXzpZTAT6bho-z7HasMoGdQl7TYTcFISvmb-_G=w216-h288-no?authuser=0\" alt=\"\"   \/>\n        <\/a>        <div class=\"slideshow_description_box slideshow_transparent\">\n                                        <\/div>\n<\/div>\n\t\n<div style=\"clear: both;\"><\/div><\/div><div class=\"slideshow_view\"><div class=\"slideshow_slide slideshow_slide_image\">\n        <a href=\"https:\/\/photos.google.com\/u\/0\/share\/AF1QipO0PDPixwsL8vlunhlDhp81F0SKbPI7LxCy_VzKelGF09cGS6D0zMwNXRxmlVu67Q\/photo\/AF1QipOCa-iTcVgkoh5K07utEsyNHVOI29xvGaD92DDm?key=VldYcnlrbjFxTzltZFFuQVRTT1ZrZGRaZTJaaF9n\" target=\"_blank\">        <img src=\"https:\/\/lh3.googleusercontent.com\/yiJZXamUcIZK4PF9VVabhhsHGez8xkG4qlzwfpLq_f1oaNwd3QOqjvw3VaUVlb_Bh2bu9MpcCFk2FkgV85FFF-LNuy6DIbBsknfBLdIiusMgGsM4YLcR7y8K67xQXvxbi3kE1KBCEb0LggdGUMtdziyXdyBr58FcvnqIn9iaMdj22KBN4pJJEETGatW5LiPmW4wEfvqDc2d-S-uoTjL0U8esDU82jWPf6Uzsma0D7zzX51XqLYvhzgRfmICdydwr-2WbPz06zAEZJOfqeR3AkVSQQWQfKYpTtY-c23BsxHQRN207DQd4UFSREQ4Jo9YwPANf0q0Ta7rUH9YV3gSJFSz67AyGyRPEdfpD-ulLYO2pwOnv4bHq1wGdPXgrO2P6USyon3pCFqvc4yRXwwztYnT_ob7hImecC40ebzmrSf_XSqXWNERxJfun24uI1HrgBdIuujJ5gHx0avQc5QMbwyaOt2GI1kjnlzLRhEJ0PMh_dXtZNprktwMNX_QG-lL9MuKjYZbebtE03AwYHmhM-5m72hm5UeXWHP-tFVJYjj_Brz_2N2CZdjGi91wGy7Z3x7cN28ToDfMsXgcIY-nIB_rP_JCSA5AkJT3X8XRW9Ll1dEvG3_X4JUpStcvboKN1K9SqWZnn53Sy6EZ7-Z7dLKyNfS8zucoH88MbLprgK6IO1OaPthRfksaBgJPf2CdkTcVmuyjJUYI2jsP86G6UQ_vlZkEHjnywUxXMI0XqAzXgXD3XOHFYKJF45815d1bsU-pSqFpH5-GZLxJSnzGWGNSvdJsDQPncavHWsN5BhBXygmdnHERxL-X-Bwqy6cSD_bR5y0SCJVt0CyOtk28D79VdTdF_nZzB1XE6PYi13Zw0uVlpQzd1Vmx4haPm2_ffbzUPKJTNjrvFnHoef3UM1QZ601r2JI61VEdLvIk-RodCwUA3nnZJDHzoja0CsfPlOxrtWISfFpvo1wR0m_TB8Uiq-wvUGOS1iY33qlVwKtxN8G3QzGGli8uQSjcKvSjmfOy_DfckKNfdMo3OjRIEhpXusETpuGlF33bz8-bAwvIwomo89cLel3igGIo_6nVx1ciNzYarzBdHxW1YJiwO2QbRrjaOHkUNLgrJM898QQNyB7dZkSnd8IjSp8sCuCx5D7Zkqn6hzsuqFyqIvMZKa6P5g5Z5nk2LB5Z1ZxAnfZINbKMw07tJFfAfAt6z=w216-h288-no?authuser=0\" alt=\"\"   \/>\n        <\/a>        <div class=\"slideshow_description_box slideshow_transparent\">\n                                        <\/div>\n<\/div>\n\t\n<div style=\"clear: both;\"><\/div><\/div><div class=\"slideshow_view\"><div class=\"slideshow_slide slideshow_slide_image\">\n        <a href=\"https:\/\/photos.google.com\/u\/0\/share\/AF1QipO0PDPixwsL8vlunhlDhp81F0SKbPI7LxCy_VzKelGF09cGS6D0zMwNXRxmlVu67Q\/photo\/AF1QipOoFKOKx1aoTMmfx5ONav6imDWt5em1_UUJKobA?key=VldYcnlrbjFxTzltZFFuQVRTT1ZrZGRaZTJaaF9n\" target=\"_blank\">        <img src=\"https:\/\/lh3.googleusercontent.com\/Kbd2KW0bUFgJ-bx0NG8HG2BbSog0NfUQQpVj67Ux7fBFL2VHAzWDTn122cJY6T-TDo1O1F-2AgWL1PnGSeIiKhyPs-X4_cx5k0K6YrfqvhBJNhbypQwA8oF0BBDEqdOoP9rw2wR5Bh59fusGzo1eu_GVXt6hIQiY2UHYxGyU9oBBqrMj4R9k6R-ccb-vBu6boynEmmejXno0n8YTys4Yls-e9qo_Tt0ibSzIJhaxtY5KFZIfe3jYVCv8TSS7bPtzcez8UDzCHbrjsp4sYsrKbJo0tOkFcaNRtes-zX44ZrjCWlAxl8bY_m-CLls9mxs559aw9Fr59fvfJcLTCQzVp0oPWeILC5meoyM7ZgNaOhYnlIX8SUuoyTY6UzpHqUBY6TytjWFO4OXWA43rBk5oWdIAIrJXCaP-YdUdv6_A4ihZ3pfALo8G2fqNVyXp33GuE-4Zw0Ncgs1QNNqLtuJgFQXuzf4jB6ZiSLUOzServnRxp7w0ZGbMXQGX8OWuspUbL9Vl0cb6ZnL9GaZQcVK0bRkr2urrtxWtpLsncXNnoSxef5WsvZEp5woqdIjhTPkrQ6yV6i1WXg-ECc6Lw0zllVtj4esU4bMpUqX9R049LriMIdo7kWtvz4qIbtkgNW5HahFsbrC-WxAm7jQ3TZyrVvpk8xjXRiqWyj5WYN1soV8LUm1NRvYDyZXriKrYX0Op5IEJ7bIglZcfW8rdOfyE8YCjDtpOSBmKb8WUG4jI-bEc3aPtL1EGAoYhiUcG3Kz16oqDKtkcQOrVycBgOSvQl_dGsbViwRFmP4HPYgWIqApIS-Q2dK9B5KDy0QBT7WV7aHs2CK1c7FztKWSl2tSnEB8bzT-B86EDsZRMysT07NjbljOwjuM2t9CJPrD8L69AZXLLiMGhsR8zNDVvxOpzvH73e1SMzFJ_cRCIAttqcitrHijvLTfL-bkgk8RU6OTX2STaRDzitJTyfoJAsbWLmK2zxYGcaYGwg8H3QUpb4lWr1V_bCfpngd29paNNr3wmcEtm15VSs0QV-tHYqPQuXLUuzv51ErgkJljuQP-U54-DDql1Zg-Nzca4d3lQjGHdb8Lmd9pE4Kk-SSN_f5VwrI_3L-k_nF4joaEc7eEt_RZ8MWptqX_k461ELRBqIAPt3okPrkmI7GraUUhnswvPOqXiq_rgs0Z4sHpNCvI1UCs8m2TKse9dFKKhPSxM=w216-h288-no?authuser=0\" alt=\"\"   \/>\n        <\/a>        <div class=\"slideshow_description_box slideshow_transparent\">\n                                        <\/div>\n<\/div>\n\t\n<div style=\"clear: both;\"><\/div><\/div>\r\n\t\t<\/div>\r\n\r\n\t\t<div class=\"slideshow_controlPanel slideshow_transparent\" style=\"display: none;\"><ul><li class=\"slideshow_togglePlay\" data-play-text=\"Visualitza\" data-pause-text=\"Pausa\"><\/li><\/ul><\/div>\r\n\r\n\t\t<div class=\"slideshow_button slideshow_previous slideshow_transparent\" role=\"button\" data-previous-text=\"Anterior\" style=\"display: none;\"><\/div>\r\n\t\t<div class=\"slideshow_button slideshow_next slideshow_transparent\" role=\"button\" data-next-text=\"Seg\u00fcent\" style=\"display: none;\"><\/div>\r\n\r\n\t\t<div class=\"slideshow_pagination\" style=\"display: none;\" data-go-to-text=\"V\u00e9s a la diapositiva\"><div class=\"slideshow_pagination_center\"><\/div><\/div>\r\n\r\n\t\t<!-- WordPress Slideshow Version 2.3.1 -->\r\n\r\n\t\t\t<\/div>\r\n\r\n\n\n\n\n<ul class=\"wp-block-list\">\n<li>Concours de d\u00e9clamation<\/li>\n<\/ul>\n\n\n\n<p>Aguns alumnes del centre participen al concurs de lectura en veu alta en franc\u00e8s. <span style=\"font-weight: 400;\">Durant el segon trimestre es planteja com un projecte de la classe de franc\u00e8s. Els alumnes llegeixen les bases del concurs i per parelles es preparen el text que han de declamar. Envien els v\u00eddeos i els millors s\u00f3n enviats a la final. El curs 2022-23 han quedat finalistes 5 parelles del nostre centre. El curs 2021-22 van quedar finalistes 4 parelles. Podeu veure l&#8217;\u00e0lbum de Google Photos en mida original si cliqueu a qualsevol foto <img loading=\"lazy\" decoding=\"async\" class=\"alignnone wp-image-1355\" src=\"https:\/\/agora.xtec.cat\/iessantjust\/wp-content\/uploads\/usu366\/2023\/06\/Google_Photos_icon_2020-1024x1024.png\" alt=\"\" width=\"28\" height=\"28\" srcset=\"https:\/\/agora.xtec.cat\/iessantjust\/wp-content\/uploads\/usu366\/2023\/06\/Google_Photos_icon_2020-1024x1024.png 1024w, https:\/\/agora.xtec.cat\/iessantjust\/wp-content\/uploads\/usu366\/2023\/06\/Google_Photos_icon_2020-300x300.png 300w, https:\/\/agora.xtec.cat\/iessantjust\/wp-content\/uploads\/usu366\/2023\/06\/Google_Photos_icon_2020-150x150.png 150w, https:\/\/agora.xtec.cat\/iessantjust\/wp-content\/uploads\/usu366\/2023\/06\/Google_Photos_icon_2020-768x768.png 768w, https:\/\/agora.xtec.cat\/iessantjust\/wp-content\/uploads\/usu366\/2023\/06\/Google_Photos_icon_2020.png 1280w\" sizes=\"auto, (max-width: 28px) 100vw, 28px\" \/>.<\/span><\/p>\n\n\n\r\n\t<div class=\"slideshow_container slideshow_container_style-light\" style=\"height: 400px; \" data-slideshow-id=\"1949\" data-style-name=\"style-light\" data-style-version=\"2.3.1\" >\r\n\r\n\t\t\t\t\t<div class=\"slideshow_loading_icon\"><\/div>\r\n\t\t\r\n\t\t<div class=\"slideshow_content\" style=\"display: none;\">\r\n\r\n\t\t\t<div class=\"slideshow_view\"><div class=\"slideshow_slide slideshow_slide_image\">\n        <a href=\"https:\/\/photos.google.com\/share\/AF1QipMcRCftumQpKwRINv2UD58kpfQeLwCfRvKqT--yREi190GWhmfCmXURQBQavLn_Og\/photo\/AF1QipMd7RhfokUbDRjWAlR_COVpC3WZb0Z2pUTj_eeO?key=WTFjRmpEbVA3Z0RuQ3llYzNXNXdCaEREc1FGMlRn\" target=\"_blank\">        <img src=\"https:\/\/lh3.googleusercontent.com\/fUtSRsItH9ORRHE-Zn2WtDdbGxx56TIXXvGQZjU59S4MdgeIdTfseeMWEBEFabyYlgx7qJlgB9bNfDsx9Bk11HnbASpKWEo6tJfz53L7bndMqnb4kjD1Kzo5HTtnzI_pHjNfUBClTj2OLCpGjQSFvsNWAYetBSwPJribMHXaRL6JOk_dkEYsMvciNjUdYBm2pSYON_3YBvpknlKWYQWOvAuv0S1ye_PlpgMl98j5VYFbeV468z2mHD86hCCO4QrtlYX71M3E-KyhXgUIpfCDAM3wjrHpat-ler1sdONYqWScs0F-2FHWlXi4j_5jWY0lvyGexL1mD3WiJAxCBFE_afS4SRErL0izjv-jThZRrux7etUSsaewWMacYN4VK0mw7VQkvYqvUgOIv1UQaYLeC5a0qqpskAp9EqLGb3cWbq8FBw3dBvS_f1zZNQD4obgk8Ps17JUoMUJBVnb-xaRZHTmJD8GymKjiRZriYF-Kfp161jF03VEe5f_nyhVxwZKA1BI2y15t05kZ-MngHcXP3ZOjvqM3YvgwzA1TMXEy9rWAgZbk5MtF-m8IFljKBwnerYFPujcH2VsEOPtBlxyXRI4jQDz2_HxVNp5BxnAN0o2cZP5abNy_9SrJYNL4MnFhTRbQFejIFSxxqF_5XIsKwFbVNVb4fxU8dvKEUlM6fIj0t4A7in5DZCBjpaF5EUD-U2MO6eQ_ibzbuqP6ZT9pabd98vX93kKrEGCZstOWUawn3q40mUvbXzg5Z-WuPSWG40s1Bvfrd6jSMV2i2WwSwC_EZtcHEuy88zaGUGXjeBfADa7x8sTt_Rcul8qNPmgVIT32-ftg8_X9Mj1mnbHmb8SLphOfbekJaXQFEtMJYMlb8oLlkHQb4uvFY7r55y-MyXansgAPREXX1P2ubAZhAGFuj74BYAr3bNoiTsLicn2QnbKj_b7rM5SL2c3q1RZr3bPgUcm_eRgNyfte7Vjj8vA7uqFyzf7KngyYEaMi3KMQWxJ1olzkckYzbmLSG0oSHbtDga9f7nVTrDxxlM6sNjmZ6Mm40-6bc0Ha3zZaSMAtiLoKCkwXZrudd0BJOxXV3Ye5vugwKM3KWNxMwaGUWxVDpmH_5uBCe1NIH7iViWSetCFHo02YWErSPbh02MCBXvL5APdN_XjtDxCv4s4mEv982dFncc1nA_4jwaT4MuC-1s-QRyZ3LYE5kQ2I=w384-h288-no?authuser=0\" alt=\"\"   \/>\n        <\/a>        <div class=\"slideshow_description_box slideshow_transparent\">\n                                        <\/div>\n<\/div>\n\t\n<div style=\"clear: both;\"><\/div><\/div><div class=\"slideshow_view\"><div class=\"slideshow_slide slideshow_slide_image\">\n        <a href=\"https:\/\/photos.google.com\/share\/AF1QipMcRCftumQpKwRINv2UD58kpfQeLwCfRvKqT--yREi190GWhmfCmXURQBQavLn_Og\/photo\/AF1QipNLfe3Z-M3JvHkhrU3qgKuGhyJ6IdYhaT1jZzic?key=WTFjRmpEbVA3Z0RuQ3llYzNXNXdCaEREc1FGMlRn\" target=\"_blank\">        <img src=\"https:\/\/lh3.googleusercontent.com\/tg5QmpdmuCIhfZDrQY5QxzxA3nGYF5zJo5ZJOkquw5G7Yt242cpzIz1KgV7cDbdaYIMUEzvw7lrakOCVvTH6II5SMdytOQiWe3XccRLQ84sGc4tlG2RE0VkCeeVbSzD9XL_5siKjW2GQqcr23aVWlluhP9P4I-S1jOhHQqmgtznHuDMAHe78QsuuwgEwTNFAljt3cMUweFDb08BK3ofK5lEKk7BLMASaYCAooQ65U6pfiG014gYHz-EP7vNUchAo7jXXi0sIaNpa9Sed7Ap9MWGwjok5RvAuOIDzRAKBCcOFI2hAHdJJVPKMpS1vNce_2WbM0cJUGFtpzZu4hKyzoAxSZUlyaV5W59CUl1ja_YHNei0FDtvi11Br6crHX0ZsLMdQ-jNxP31pcFRLg7Ol41PZua0LmkRo3rGC-67wCuyr3qcLPDpfjZnjloT8fSfwF44Drh8M4Mgv1UDLoDVgxFtRgZno0-hjkf3Pw5SaHTQ7AqF0H_EdyU2tfJhc51rafD-qnJCLKka19IvhjGxaYaAEvJx2gWHjEWOdfYhnJzT0UfqNQJCx8lqBPWSi862Yksprr4NwwC_JcewYYEljKRsSF_JJhWS6RBLtDxKdNzpRMp91As-EzYmhTOZi-Et3DjeCTdENQx0orxwd4RNlnm4U6i_O7UWwx4sGBtP2ZMylwYMAQ2pI-_3f_hizojbEIEQH8h4M6ENyMhYAf-2rAOt6opcyjWgmaxG0l4_aS2gkfi7VB3nxtdZYrASlkxE3NFG_F2DG_OOdVlP30haAXbDXBgT0f7UL4-1xveUto8Tkw5q4uv98a717WF-VH-y7I0C9aIipWlutmn56c7sKIRPeB-XNsngcjCS0DfGJvRvtxusd5CbrN8yiMNO1pingT9uc1a9UH3xsmaDRoCE20tzZ5b7Cb6XtURnF3tk41HYaq0I6HzgX4b0hADAWrRnCd7mspqh_r6nPxBNX0TmtEge6TATgkN8bVjPa8MfWmnE2NLmVo6QOi7dNp47-Lo_Dm9sbUebArrlC4n88ePCwHF548vz8VTjeinaAyrzLa2VtnnrCLvxpxa4t8OJf_cKm2FFe9K2m8pGvwMDluEsLxCBSuEKQGgU_Mce8engi4IhqxC0qsde-c-TgS64y0XqCKglf_2x8Y-l8Dd9CdD3INDqkkSdJOj5HDN2VIwWdjB62xdXNlfOa0jPWRjn-=w384-h288-no?authuser=0\" alt=\"\"   \/>\n        <\/a>        <div class=\"slideshow_description_box slideshow_transparent\">\n                                        <\/div>\n<\/div>\n\t\n<div style=\"clear: both;\"><\/div><\/div><div class=\"slideshow_view\"><div class=\"slideshow_slide slideshow_slide_image\">\n        <a href=\"https:\/\/photos.google.com\/share\/AF1QipMcRCftumQpKwRINv2UD58kpfQeLwCfRvKqT--yREi190GWhmfCmXURQBQavLn_Og\/photo\/AF1QipNGvBPLaRrgPdAaKd4SGgkF_eD3h9CSTbJzSpYy?key=WTFjRmpEbVA3Z0RuQ3llYzNXNXdCaEREc1FGMlRn\" target=\"_blank\">        <img src=\"https:\/\/lh3.googleusercontent.com\/moj_R4IqOPxIXLVdZ_Z26uOvW23F8P8n4DC0n8yR6UNQBKbg4FHyDFHFLBVgBhq_gLfHgJIrkzqBbdd_3u9WHxpCqJL_NHIDgPwEfJwmz047hvyyD9OlYfvkJcaNLkbBCgR3oI-m4CTu8uKpSvvg_iOto6sKVVXpK-lNTekUr10SG_krMHGExkow7W3pVajTsah8yY8sco7nSf3FlH4GQrMtR0vHP5Bj4B9uEYEj5HKQU98O_aBz2WvUPVWnTgA45I5fbvpwptlz3T_NYOLN_Ozwoz7w3ubCBJZB89KsGuzOlrTpa-c40POsRfIZqTfPtsJN8tua6mXcBrOHIxuXYxduoyDy0aHzlg0tBK6KmHAVqtRFmGOzHh0xpnqcWK_UzGzPOKqvzuDfeMqACmoCFojqJyHw-CVkmnBr7q1-3nsAsMw9ilDioJ65pX3Qp3kJGy7aPalG-gpzwndkSIawtdfGVoc8klrUCWuucoZzBZ264MlRdmun9Bztw1Aty9sJn7zoRir9BCdYR42T_72nwxWLSYJhEHdVQQ1OWdu3iWqbOAPraOfVlZmKlJGsblI8qe-9vdC0eoU2Xz9c4S2OTsAxUIhMQTisrOqHtokuGsc-wmOcEryGA8Yi6DLbd3Zf1AsxODabITpVW6WBQ_e7L9oMEtyVH_amXg1Gmj9O48y1V-yvVWRPjq8eNsX1fCzEK2OIHJWikHuXkoDmv0XTeeYuOB22jOLCy8bLXebp1uOheF_rj3qVcjwSltpFvYqReZcayVAIF2CmBy3p0N-LyWb5bPMnMY8QyCb7BPhES53JriwsiXz4afzHH4eCk2_PWZX_hVEycvwl-fy-jyDXQjHMUKrHTufU8g49idDKl24FrAXqjZAb7vLQqswAZQz9tOrPHV-w84FwiW6TXQogjAdoTFxqwFBpYrqDD1dhAmMfHJpGIdlaeKcQTv3e_QDs9nC1gMGrKFDUz1ubVBJdEvgmzPrC50oRjMlYM9o6tivFDubeh9CJQIJCx_RHLtWarFmGjN7YkL4CZtGUNa7ZILNWtBsZqrxUoBNnFuVU6dNahHWPyq2eiAfWjQU1Z3VhmfDGjQ5ASugpjiB3sDbzfyaIv-bM0gpldBQCIBL0vGLLB_-xUt3_i-Z_2rHo1bDMhSdrlY5kVMgRVT0h2csHbf3rdNeHugpQJkrNmWBGonNWEi9l0B_7iIpRZpCR=w384-h288-no?authuser=0\" alt=\"\"   \/>\n        <\/a>        <div class=\"slideshow_description_box slideshow_transparent\">\n                                        <\/div>\n<\/div>\n\t\n<div style=\"clear: both;\"><\/div><\/div>\r\n\t\t<\/div>\r\n\r\n\t\t<div class=\"slideshow_controlPanel slideshow_transparent\" style=\"display: none;\"><ul><li class=\"slideshow_togglePlay\" data-play-text=\"Visualitza\" data-pause-text=\"Pausa\"><\/li><\/ul><\/div>\r\n\r\n\t\t<div class=\"slideshow_button slideshow_previous slideshow_transparent\" role=\"button\" data-previous-text=\"Anterior\" style=\"display: none;\"><\/div>\r\n\t\t<div class=\"slideshow_button slideshow_next slideshow_transparent\" role=\"button\" data-next-text=\"Seg\u00fcent\" style=\"display: none;\"><\/div>\r\n\r\n\t\t<div class=\"slideshow_pagination\" style=\"display: none;\" data-go-to-text=\"V\u00e9s a la diapositiva\"><div class=\"slideshow_pagination_center\"><\/div><\/div>\r\n\r\n\t\t<!-- WordPress Slideshow Version 2.3.1 -->\r\n\r\n\t\t\t<\/div>\r\n\r\n\n","protected":false},"excerpt":{"rendered":"<p>Els nostres alumnes participen anualment en les seg\u00fcents activitats: Des del curs 2009-2010 alguns alumnes de 4t participen com a assistents ling\u00fc\u00edstics a les escoles de prim\u00e0ria de Sant Just i, juntament amb els mestres, ajuden als petits a practicar oralment la llengua anglesa. Aquesta activitats est\u00e0 inclosa dins de l&#8217;APS. Cliqueu al t\u00edtol per [&hellip;]<\/p>\n","protected":false},"author":1,"featured_media":0,"parent":789,"menu_order":10,"comment_status":"closed","ping_status":"closed","template":"","meta":{"_bbp_topic_count":0,"_bbp_reply_count":0,"_bbp_total_topic_count":0,"_bbp_total_reply_count":0,"_bbp_voice_count":0,"_bbp_anonymous_reply_count":0,"_bbp_topic_count_hidden":0,"_bbp_reply_count_hidden":0,"_bbp_forum_subforum_count":0,"site-sidebar-layout":"default","site-content-layout":"","ast-site-content-layout":"default","site-content-style":"default","site-sidebar-style":"default","ast-global-header-display":"","ast-banner-title-visibility":"","ast-main-header-display":"","ast-hfb-above-header-display":"","ast-hfb-below-header-display":"","ast-hfb-mobile-header-display":"","site-post-title":"","ast-breadcrumbs-content":"","ast-featured-img":"","footer-sml-layout":"","theme-transparent-header-meta":"","adv-header-id-meta":"","stick-header-meta":"","header-above-stick-meta":"","header-main-stick-meta":"","header-below-stick-meta":"","astra-migrate-meta-layouts":"set","ast-page-background-enabled":"default","ast-page-background-meta":{"desktop":{"background-color":"var(--ast-global-color-4)","background-image":"","background-repeat":"repeat","background-position":"center center","background-size":"auto","background-attachment":"scroll","background-type":"","background-media":"","overlay-type":"","overlay-color":"","overlay-opacity":"","overlay-gradient":""},"tablet":{"background-color":"","background-image":"","background-repeat":"repeat","background-position":"center center","background-size":"auto","background-attachment":"scroll","background-type":"","background-media":"","overlay-type":"","overlay-color":"","overlay-opacity":"","overlay-gradient":""},"mobile":{"background-color":"","background-image":"","background-repeat":"repeat","background-position":"center center","background-size":"auto","background-attachment":"scroll","background-type":"","background-media":"","overlay-type":"","overlay-color":"","overlay-opacity":"","overlay-gradient":""}},"ast-content-background-meta":{"desktop":{"background-color":"var(--ast-global-color-5)","background-image":"","background-repeat":"repeat","background-position":"center center","background-size":"auto","background-attachment":"scroll","background-type":"","background-media":"","overlay-type":"","overlay-color":"","overlay-opacity":"","overlay-gradient":""},"tablet":{"background-color":"var(--ast-global-color-5)","background-image":"","background-repeat":"repeat","background-position":"center center","background-size":"auto","background-attachment":"scroll","background-type":"","background-media":"","overlay-type":"","overlay-color":"","overlay-opacity":"","overlay-gradient":""},"mobile":{"background-color":"var(--ast-global-color-5)","background-image":"","background-repeat":"repeat","background-position":"center center","background-size":"auto","background-attachment":"scroll","background-type":"","background-media":"","overlay-type":"","overlay-color":"","overlay-opacity":"","overlay-gradient":""}},"footnotes":""},"class_list":["post-675","page","type-page","status-publish","hentry"],"post_mailing_queue_ids":[],"_links":{"self":[{"href":"https:\/\/agora.xtec.cat\/iessantjust\/wp-json\/wp\/v2\/pages\/675","targetHints":{"allow":["GET"]}}],"collection":[{"href":"https:\/\/agora.xtec.cat\/iessantjust\/wp-json\/wp\/v2\/pages"}],"about":[{"href":"https:\/\/agora.xtec.cat\/iessantjust\/wp-json\/wp\/v2\/types\/page"}],"author":[{"embeddable":true,"href":"https:\/\/agora.xtec.cat\/iessantjust\/wp-json\/wp\/v2\/users\/1"}],"replies":[{"embeddable":true,"href":"https:\/\/agora.xtec.cat\/iessantjust\/wp-json\/wp\/v2\/comments?post=675"}],"version-history":[{"count":6,"href":"https:\/\/agora.xtec.cat\/iessantjust\/wp-json\/wp\/v2\/pages\/675\/revisions"}],"predecessor-version":[{"id":5582,"href":"https:\/\/agora.xtec.cat\/iessantjust\/wp-json\/wp\/v2\/pages\/675\/revisions\/5582"}],"up":[{"embeddable":true,"href":"https:\/\/agora.xtec.cat\/iessantjust\/wp-json\/wp\/v2\/pages\/789"}],"wp:attachment":[{"href":"https:\/\/agora.xtec.cat\/iessantjust\/wp-json\/wp\/v2\/media?parent=675"}],"curies":[{"name":"wp","href":"https:\/\/api.w.org\/{rel}","templated":true}]}}