{"id":633,"date":"2023-05-09T22:00:59","date_gmt":"2023-05-09T20:00:59","guid":{"rendered":"https:\/\/agora.xtec.cat\/iessantjust\/?page_id=633"},"modified":"2025-05-08T19:16:27","modified_gmt":"2025-05-08T17:16:27","slug":"ampa","status":"publish","type":"page","link":"https:\/\/agora.xtec.cat\/iessantjust\/ampa\/","title":{"rendered":"AMPA"},"content":{"rendered":"\n<p>Per contactar amb l&#8217;AMPA, heu de fer servir el tel\u00e8fon de l&#8217;Institut 93 371 50 50 (opci\u00f3 2) o el correu electr\u00f2nic <a href=\"mailto:ampainssantjust@gmail.com\">ampainssantjust@gmail.com<\/a>.<\/p>\n\n\n\n<p>L&#8217;horari d&#8217;atenci\u00f3 al p\u00fablic \u00e9s&nbsp;<span style=\"font-family: inherit; font-size: 1em;\">de dilluns a dijous de 11 a 14 hores.<\/span><\/p>\n\n\n\n<p><span style=\"font-family: inherit; font-size: 1em;\">L\u2019AMPA col\u00b7labora de manera molt estreta en la gestio\u0301 del centre, especialment pel que fa al menjador i la cafeteria, sortides i activitats complementa\u0300ries (jornades de salut, cursos de te\u0300cniques d\u2019estudi, d\u2019expressio\u0301 oral, d\u2019informa\u0300tica, de teatre &#8230;). Te\u0301 tambe\u0301 altres serveis com el lloguer de taquilles i la&nbsp;<\/span><span style=\"font-family: inherit; font-size: 1em;\">venda de llibres de text<\/span><span style=\"font-family: inherit; font-size: 1em;\">.<\/span><\/p>\n\n\n\n<p>Teniu a la vostra disposici\u00f3 la <a href=\"https:\/\/sites.google.com\/site\/ampaiessjust\" target=\"_blank\" rel=\"noopener\">web de l&#8217;AMPA.<\/a><\/p>\n","protected":false},"excerpt":{"rendered":"<p>Per contactar amb l&#8217;AMPA, heu de fer servir el tel\u00e8fon de l&#8217;Institut 93 371 50 50 (opci\u00f3 2) o el correu electr\u00f2nic ampainssantjust@gmail.com. L&#8217;horari d&#8217;atenci\u00f3 al p\u00fablic \u00e9s&nbsp;de dilluns a dijous de 11 a 14 hores. L\u2019AMPA col\u00b7labora de manera molt estreta en la gestio\u0301 del centre, especialment pel que fa al menjador i la [&hellip;]<\/p>\n","protected":false},"author":1,"featured_media":0,"parent":0,"menu_order":0,"comment_status":"closed","ping_status":"closed","template":"","meta":{"_bbp_topic_count":0,"_bbp_reply_count":0,"_bbp_total_topic_count":0,"_bbp_total_reply_count":0,"_bbp_voice_count":0,"_bbp_anonymous_reply_count":0,"_bbp_topic_count_hidden":0,"_bbp_reply_count_hidden":0,"_bbp_forum_subforum_count":0,"site-sidebar-layout":"default","site-content-layout":"","ast-site-content-layout":"default","site-content-style":"default","site-sidebar-style":"default","ast-global-header-display":"","ast-banner-title-visibility":"","ast-main-header-display":"","ast-hfb-above-header-display":"","ast-hfb-below-header-display":"","ast-hfb-mobile-header-display":"","site-post-title":"","ast-breadcrumbs-content":"","ast-featured-img":"","footer-sml-layout":"","theme-transparent-header-meta":"","adv-header-id-meta":"","stick-header-meta":"","header-above-stick-meta":"","header-main-stick-meta":"","header-below-stick-meta":"","astra-migrate-meta-layouts":"set","ast-page-background-enabled":"default","ast-page-background-meta":{"desktop":{"background-color":"var(--ast-global-color-4)","background-image":"","background-repeat":"repeat","background-position":"center center","background-size":"auto","background-attachment":"scroll","background-type":"","background-media":"","overlay-type":"","overlay-color":"","overlay-opacity":"","overlay-gradient":""},"tablet":{"background-color":"","background-image":"","background-repeat":"repeat","background-position":"center center","background-size":"auto","background-attachment":"scroll","background-type":"","background-media":"","overlay-type":"","overlay-color":"","overlay-opacity":"","overlay-gradient":""},"mobile":{"background-color":"","background-image":"","background-repeat":"repeat","background-position":"center center","background-size":"auto","background-attachment":"scroll","background-type":"","background-media":"","overlay-type":"","overlay-color":"","overlay-opacity":"","overlay-gradient":""}},"ast-content-background-meta":{"desktop":{"background-color":"var(--ast-global-color-5)","background-image":"","background-repeat":"repeat","background-position":"center center","background-size":"auto","background-attachment":"scroll","background-type":"","background-media":"","overlay-type":"","overlay-color":"","overlay-opacity":"","overlay-gradient":""},"tablet":{"background-color":"var(--ast-global-color-5)","background-image":"","background-repeat":"repeat","background-position":"center center","background-size":"auto","background-attachment":"scroll","background-type":"","background-media":"","overlay-type":"","overlay-color":"","overlay-opacity":"","overlay-gradient":""},"mobile":{"background-color":"var(--ast-global-color-5)","background-image":"","background-repeat":"repeat","background-position":"center center","background-size":"auto","background-attachment":"scroll","background-type":"","background-media":"","overlay-type":"","overlay-color":"","overlay-opacity":"","overlay-gradient":""}},"footnotes":""},"class_list":["post-633","page","type-page","status-publish","hentry"],"post_mailing_queue_ids":[],"_links":{"self":[{"href":"https:\/\/agora.xtec.cat\/iessantjust\/wp-json\/wp\/v2\/pages\/633","targetHints":{"allow":["GET"]}}],"collection":[{"href":"https:\/\/agora.xtec.cat\/iessantjust\/wp-json\/wp\/v2\/pages"}],"about":[{"href":"https:\/\/agora.xtec.cat\/iessantjust\/wp-json\/wp\/v2\/types\/page"}],"author":[{"embeddable":true,"href":"https:\/\/agora.xtec.cat\/iessantjust\/wp-json\/wp\/v2\/users\/1"}],"replies":[{"embeddable":true,"href":"https:\/\/agora.xtec.cat\/iessantjust\/wp-json\/wp\/v2\/comments?post=633"}],"version-history":[{"count":6,"href":"https:\/\/agora.xtec.cat\/iessantjust\/wp-json\/wp\/v2\/pages\/633\/revisions"}],"predecessor-version":[{"id":5176,"href":"https:\/\/agora.xtec.cat\/iessantjust\/wp-json\/wp\/v2\/pages\/633\/revisions\/5176"}],"wp:attachment":[{"href":"https:\/\/agora.xtec.cat\/iessantjust\/wp-json\/wp\/v2\/media?parent=633"}],"curies":[{"name":"wp","href":"https:\/\/api.w.org\/{rel}","templated":true}]}}