{"id":57,"date":"2014-09-17T17:01:07","date_gmt":"2014-09-17T17:01:07","guid":{"rendered":"http:\/\/agora.xtec.cat\/iessantjust\/?page_id=57"},"modified":"2025-02-24T20:17:04","modified_gmt":"2025-02-24T19:17:04","slug":"projecte-educatiu","status":"publish","type":"page","link":"https:\/\/agora.xtec.cat\/iessantjust\/linsti\/projecte-educatiu\/","title":{"rendered":"Projecte educatiu"},"content":{"rendered":"\n<p><span style=\"font-family: inherit; font-size: 1em;\">El nostre centre accepta la responsabilitat de formar el seu alumnat en el marc del conjunt de valors, actituds i normes que caracteritzen una societat plural i democra\u0300tica, i procura que aquesta formacio\u0301 abasti totes les dimensions importants d&#8217;una educacio\u0301 integral. E\u0301s per aixo\u0300, que vetllem perque\u0300 la vida de relacio\u0301 en el centre s&#8217;orienti cap a la tolera\u0300ncia, la llibertat, la responsabilitat i el dia\u0300leg, a la vegada que treballem perque\u0300 aquests valors serveixin de fonament a qualsevol activitat educativa i s&#8217;incorporin a la seva programacio\u0301.<\/span><\/p>\n\n\n\n<p><span style=\"font-family: inherit; font-size: 1em;\">Ens plantegem l&#8217;educacio\u0301 com una tasca col\u00b7lectiva i d&#8217;equip, adrec\u0327ada al desenvolupament integral de l&#8217;alumnat. Per aquest motiu fem de l&#8217;accio\u0301 tutorial l&#8217;eix vertebrador del conjunt d&#8217;activitats que contribueixen a la formacio\u0301 integral del nostre alumnat, des de la dinamitzacio\u0301 del grup-classe i la coordinacio\u0301 de l&#8217;activitat educativa entre el professorat i les persones responsables de l&#8217;alumne\/a, a l&#8217;orientacio\u0301 acade\u0300mica, personal i professional de l&#8217;alumnat.<\/span><\/p>\n\n\n\n<p>Podeu veure la nostra oferta educativa clicant en aquest <a href=\"https:\/\/agora.xtec.cat\/iessantjust\/linsti\/estudis\/\">enlla\u00e7<\/a>.<\/p>\n\n\n\n<p>Podeu llegir el PEC (projecte Educatiu de Centre) aqu\u00ed: <a href=\"https:\/\/agora.xtec.cat\/iessantjust\/linsti\/projecte-educatiu\/attachment\/pec-ins-sant-just\/\" target=\"_blank\" rel=\"attachment noopener wp-att-892\">PEC Ins Sant Just<\/a>.<\/p>\n\n\n\n<p>Podeu veure l\u2019EDC (Estrat\u00e8gia Digital de Centre) aqu\u00ed:&nbsp;<a href=\"https:\/\/sites.google.com\/xtec.cat\/edc-inssantjust\/p\u00e0gina-principal\/part-estrat\u00e8gica\" target=\"_blank\" rel=\"noopener\">EDC<\/a>.<\/p>\n\n\n\n<p>Podeu llegir el PLC (Projecte Ling\u00fc\u00edstic de Centre) aqu\u00ed: <a href=\"https:\/\/agora.xtec.cat\/iessantjust\/linsti\/projecte-educatiu\/attachment\/plc-ins-sant-just\/\" target=\"_blank\" rel=\"attachment noopener wp-att-895\">PLC<\/a>. En revisi\u00f3 el curs 2024-2025<\/p>\n\n\n\n<p>Podeu llegir el Llibre blanc de les lleng\u00fces maternes <a href=\"https:\/\/agora.xtec.cat\/iessantjust\/portada\/dia-internacional-de-la-llengua-materna\/\" data-type=\"link\" data-id=\"https:\/\/agora.xtec.cat\/iessantjust\/portada\/dia-internacional-de-la-llengua-materna\/\" target=\"_blank\" rel=\"noreferrer noopener\">aqu\u00ed.<\/a><\/p>\n\n\n\n<p>Podeu llegir el Projecte de Direcci\u00f3 2022-2026 aqu\u00ed: <a href=\"https:\/\/agora.xtec.cat\/iessantjust\/linsti\/projecte-educatiu\/attachment\/projecte-de-direccio-22-26\/\" target=\"_blank\" rel=\"attachment noopener wp-att-893\">PD 22-26.<\/a><\/p>\n","protected":false},"excerpt":{"rendered":"<p>El nostre centre accepta la responsabilitat de formar el seu alumnat en el marc del conjunt de valors, actituds i normes que caracteritzen una societat plural i democra\u0300tica, i procura que aquesta formacio\u0301 abasti totes les dimensions importants d&#8217;una educacio\u0301 integral. E\u0301s per aixo\u0300, que vetllem perque\u0300 la vida de relacio\u0301 en el centre s&#8217;orienti [&hellip;]<\/p>\n","protected":false},"author":1,"featured_media":0,"parent":834,"menu_order":30,"comment_status":"closed","ping_status":"closed","template":"page-templates\/side-menu.php","meta":{"_bbp_topic_count":0,"_bbp_reply_count":0,"_bbp_total_topic_count":0,"_bbp_total_reply_count":0,"_bbp_voice_count":0,"_bbp_anonymous_reply_count":0,"_bbp_topic_count_hidden":0,"_bbp_reply_count_hidden":0,"_bbp_forum_subforum_count":0,"site-sidebar-layout":"default","site-content-layout":"","ast-site-content-layout":"","site-content-style":"default","site-sidebar-style":"default","ast-global-header-display":"","ast-banner-title-visibility":"","ast-main-header-display":"","ast-hfb-above-header-display":"","ast-hfb-below-header-display":"","ast-hfb-mobile-header-display":"","site-post-title":"","ast-breadcrumbs-content":"","ast-featured-img":"","footer-sml-layout":"","theme-transparent-header-meta":"","adv-header-id-meta":"","stick-header-meta":"","header-above-stick-meta":"","header-main-stick-meta":"","header-below-stick-meta":"","astra-migrate-meta-layouts":"default","ast-page-background-enabled":"default","ast-page-background-meta":{"desktop":{"background-color":"var(--ast-global-color-4)","background-image":"","background-repeat":"repeat","background-position":"center center","background-size":"auto","background-attachment":"scroll","background-type":"","background-media":"","overlay-type":"","overlay-color":"","overlay-opacity":"","overlay-gradient":""},"tablet":{"background-color":"","background-image":"","background-repeat":"repeat","background-position":"center center","background-size":"auto","background-attachment":"scroll","background-type":"","background-media":"","overlay-type":"","overlay-color":"","overlay-opacity":"","overlay-gradient":""},"mobile":{"background-color":"","background-image":"","background-repeat":"repeat","background-position":"center center","background-size":"auto","background-attachment":"scroll","background-type":"","background-media":"","overlay-type":"","overlay-color":"","overlay-opacity":"","overlay-gradient":""}},"ast-content-background-meta":{"desktop":{"background-color":"var(--ast-global-color-5)","background-image":"","background-repeat":"repeat","background-position":"center center","background-size":"auto","background-attachment":"scroll","background-type":"","background-media":"","overlay-type":"","overlay-color":"","overlay-opacity":"","overlay-gradient":""},"tablet":{"background-color":"var(--ast-global-color-5)","background-image":"","background-repeat":"repeat","background-position":"center center","background-size":"auto","background-attachment":"scroll","background-type":"","background-media":"","overlay-type":"","overlay-color":"","overlay-opacity":"","overlay-gradient":""},"mobile":{"background-color":"var(--ast-global-color-5)","background-image":"","background-repeat":"repeat","background-position":"center center","background-size":"auto","background-attachment":"scroll","background-type":"","background-media":"","overlay-type":"","overlay-color":"","overlay-opacity":"","overlay-gradient":""}},"footnotes":""},"class_list":["post-57","page","type-page","status-publish","hentry"],"post_mailing_queue_ids":[],"_links":{"self":[{"href":"https:\/\/agora.xtec.cat\/iessantjust\/wp-json\/wp\/v2\/pages\/57","targetHints":{"allow":["GET"]}}],"collection":[{"href":"https:\/\/agora.xtec.cat\/iessantjust\/wp-json\/wp\/v2\/pages"}],"about":[{"href":"https:\/\/agora.xtec.cat\/iessantjust\/wp-json\/wp\/v2\/types\/page"}],"author":[{"embeddable":true,"href":"https:\/\/agora.xtec.cat\/iessantjust\/wp-json\/wp\/v2\/users\/1"}],"replies":[{"embeddable":true,"href":"https:\/\/agora.xtec.cat\/iessantjust\/wp-json\/wp\/v2\/comments?post=57"}],"version-history":[{"count":6,"href":"https:\/\/agora.xtec.cat\/iessantjust\/wp-json\/wp\/v2\/pages\/57\/revisions"}],"predecessor-version":[{"id":4361,"href":"https:\/\/agora.xtec.cat\/iessantjust\/wp-json\/wp\/v2\/pages\/57\/revisions\/4361"}],"up":[{"embeddable":true,"href":"https:\/\/agora.xtec.cat\/iessantjust\/wp-json\/wp\/v2\/pages\/834"}],"wp:attachment":[{"href":"https:\/\/agora.xtec.cat\/iessantjust\/wp-json\/wp\/v2\/media?parent=57"}],"curies":[{"name":"wp","href":"https:\/\/api.w.org\/{rel}","templated":true}]}}