{"id":5323,"date":"2025-06-09T21:38:30","date_gmt":"2025-06-09T19:38:30","guid":{"rendered":"https:\/\/agora.xtec.cat\/iessantjust\/?page_id=5323"},"modified":"2025-09-01T21:27:26","modified_gmt":"2025-09-01T19:27:26","slug":"projectes-de-centre-2","status":"publish","type":"page","link":"https:\/\/agora.xtec.cat\/iessantjust\/projectes\/projectes-de-centre-2\/","title":{"rendered":"Projectes de centre"},"content":{"rendered":"\n<figure class=\"wp-block-image size-large\"><a href=\"https:\/\/agora.xtec.cat\/iessantjust\/wp-content\/uploads\/usu366\/2025\/06\/Projectes.png\"><img loading=\"lazy\" decoding=\"async\" width=\"1024\" height=\"256\" src=\"https:\/\/agora.xtec.cat\/iessantjust\/wp-content\/uploads\/usu366\/2025\/06\/Projectes-1024x256.png\" alt=\"\" class=\"wp-image-5326\" srcset=\"https:\/\/agora.xtec.cat\/iessantjust\/wp-content\/uploads\/usu366\/2025\/06\/Projectes-1024x256.png 1024w, https:\/\/agora.xtec.cat\/iessantjust\/wp-content\/uploads\/usu366\/2025\/06\/Projectes-300x75.png 300w, https:\/\/agora.xtec.cat\/iessantjust\/wp-content\/uploads\/usu366\/2025\/06\/Projectes-768x192.png 768w, https:\/\/agora.xtec.cat\/iessantjust\/wp-content\/uploads\/usu366\/2025\/06\/Projectes-1536x384.png 1536w, https:\/\/agora.xtec.cat\/iessantjust\/wp-content\/uploads\/usu366\/2025\/06\/Projectes.png 1920w\" sizes=\"auto, (max-width: 1024px) 100vw, 1024px\" \/><\/a><\/figure>\n\n\n\n<h2 class=\"wp-block-heading\"><\/h2>\n\n\n\n<p>El curs 2023-2024, el professorat i l&#8217;equip directiu de l&#8217;institut de Sant Just Desvern, ens vam posar a treballar en l&#8217;elaboraci\u00f3 de projectes de centre. Amb aquesta intenci\u00f3, es va crear una COMISSI\u00d3 DE PROJECTES formada per professorat de totes les mat\u00e8ries que s&#8217;imparteixen a l&#8217;ESO i, com a membre&nbsp;representant de l&#8217;Equip Directiu, la Coordinaci\u00f3 Pedag\u00f2gica.<\/p>\n\n\n\n<p>Com que som molt agosarats, ens vam llan\u00e7ar de ple en l&#8217;elaboraci\u00f3 de dos projectes a la vegada: IL\u00b7LUSTRACI\u00d3 BOT\u00c0NICA, a 1r d&#8217;ESO, i LES OLIMP\u00cdADES DE L&#8217;ISJD, a 2n ESO.&nbsp;<\/p>\n\n\n\n<p>I ens en vam sortir molt b\u00e9 gr\u00e0cies a la col\u00b7laboraci\u00f3 dels equips docents i de l&#8217;alumnat, que van treballar de valent, de l&#8217;AMPA i de les entitats col\u00b7laboradores, entre les quals es troba l&#8217;Ajuntament de Sant Just i el Casal de Joves.<\/p>\n\n\n\n<p>Aquests projectes s&#8217;aniran ampliant als quatre cursos d&#8217;ESO, per la qual cosa, el curs 2025-2026 iniciarem projecte a 3r ESO i el curs 2026-2027 a 4t.<\/p>\n\n\n\n<p>Moltes gr\u00e0cies a la Comissi\u00f3 de Projectes, al professorat i a l&#8217;alumnat participant que es deixen la pell cada curs per a qu\u00e8 aquesta iniciativa es pugui dur a terme amb \u00e8xit!<\/p>\n\n\n\n<p><a href=\"https:\/\/agora.xtec.cat\/iessantjust\/eso\/projecte-olimpiades-2n-eso\/\">24-25: Projecte Olimp\u00edades 2n ESO <\/a><\/p>\n\n\n\n<p><a href=\"https:\/\/agora.xtec.cat\/iessantjust\/eso\/cloenda-del-projecte-illustracio-botanica-de-1r-eso\/\">24-25: Projecte Il\u00b7lustraci\u00f3 bot\u00e0nica 1r ESO<\/a><\/p>\n\n\n\n<p><a href=\"https:\/\/agora.xtec.cat\/iessantjust\/eso\/projectes-a-1r-i-2n-deso\/\">23-24: Projectes 1r i 2n d&#8217;ESO<\/a><\/p>\n","protected":false},"excerpt":{"rendered":"<p>El curs 2023-2024, el professorat i l&#8217;equip directiu de l&#8217;institut de Sant Just Desvern, ens vam posar a treballar en l&#8217;elaboraci\u00f3 de projectes de centre. Amb aquesta intenci\u00f3, es va crear una COMISSI\u00d3 DE PROJECTES formada per professorat de totes les mat\u00e8ries que s&#8217;imparteixen a l&#8217;ESO i, com a membre&nbsp;representant de l&#8217;Equip Directiu, la Coordinaci\u00f3 [&hellip;]<\/p>\n","protected":false},"author":1,"featured_media":0,"parent":1050,"menu_order":90,"comment_status":"closed","ping_status":"close","template":"","meta":{"_bbp_topic_count":0,"_bbp_reply_count":0,"_bbp_total_topic_count":0,"_bbp_total_reply_count":0,"_bbp_voice_count":0,"_bbp_anonymous_reply_count":0,"_bbp_topic_count_hidden":0,"_bbp_reply_count_hidden":0,"_bbp_forum_subforum_count":0,"site-sidebar-layout":"default","site-content-layout":"","ast-site-content-layout":"default","site-content-style":"default","site-sidebar-style":"default","ast-global-header-display":"","ast-banner-title-visibility":"","ast-main-header-display":"","ast-hfb-above-header-display":"","ast-hfb-below-header-display":"","ast-hfb-mobile-header-display":"","site-post-title":"","ast-breadcrumbs-content":"","ast-featured-img":"","footer-sml-layout":"","theme-transparent-header-meta":"","adv-header-id-meta":"","stick-header-meta":"","header-above-stick-meta":"","header-main-stick-meta":"","header-below-stick-meta":"","astra-migrate-meta-layouts":"set","ast-page-background-enabled":"default","ast-page-background-meta":{"desktop":{"background-color":"var(--ast-global-color-4)","background-image":"","background-repeat":"repeat","background-position":"center center","background-size":"auto","background-attachment":"scroll","background-type":"","background-media":"","overlay-type":"","overlay-color":"","overlay-opacity":"","overlay-gradient":""},"tablet":{"background-color":"","background-image":"","background-repeat":"repeat","background-position":"center center","background-size":"auto","background-attachment":"scroll","background-type":"","background-media":"","overlay-type":"","overlay-color":"","overlay-opacity":"","overlay-gradient":""},"mobile":{"background-color":"","background-image":"","background-repeat":"repeat","background-position":"center center","background-size":"auto","background-attachment":"scroll","background-type":"","background-media":"","overlay-type":"","overlay-color":"","overlay-opacity":"","overlay-gradient":""}},"ast-content-background-meta":{"desktop":{"background-color":"var(--ast-global-color-5)","background-image":"","background-repeat":"repeat","background-position":"center center","background-size":"auto","background-attachment":"scroll","background-type":"","background-media":"","overlay-type":"","overlay-color":"","overlay-opacity":"","overlay-gradient":""},"tablet":{"background-color":"var(--ast-global-color-5)","background-image":"","background-repeat":"repeat","background-position":"center center","background-size":"auto","background-attachment":"scroll","background-type":"","background-media":"","overlay-type":"","overlay-color":"","overlay-opacity":"","overlay-gradient":""},"mobile":{"background-color":"var(--ast-global-color-5)","background-image":"","background-repeat":"repeat","background-position":"center center","background-size":"auto","background-attachment":"scroll","background-type":"","background-media":"","overlay-type":"","overlay-color":"","overlay-opacity":"","overlay-gradient":""}},"footnotes":""},"class_list":["post-5323","page","type-page","status-publish","hentry"],"post_mailing_queue_ids":[],"_links":{"self":[{"href":"https:\/\/agora.xtec.cat\/iessantjust\/wp-json\/wp\/v2\/pages\/5323","targetHints":{"allow":["GET"]}}],"collection":[{"href":"https:\/\/agora.xtec.cat\/iessantjust\/wp-json\/wp\/v2\/pages"}],"about":[{"href":"https:\/\/agora.xtec.cat\/iessantjust\/wp-json\/wp\/v2\/types\/page"}],"author":[{"embeddable":true,"href":"https:\/\/agora.xtec.cat\/iessantjust\/wp-json\/wp\/v2\/users\/1"}],"replies":[{"embeddable":true,"href":"https:\/\/agora.xtec.cat\/iessantjust\/wp-json\/wp\/v2\/comments?post=5323"}],"version-history":[{"count":4,"href":"https:\/\/agora.xtec.cat\/iessantjust\/wp-json\/wp\/v2\/pages\/5323\/revisions"}],"predecessor-version":[{"id":5549,"href":"https:\/\/agora.xtec.cat\/iessantjust\/wp-json\/wp\/v2\/pages\/5323\/revisions\/5549"}],"up":[{"embeddable":true,"href":"https:\/\/agora.xtec.cat\/iessantjust\/wp-json\/wp\/v2\/pages\/1050"}],"wp:attachment":[{"href":"https:\/\/agora.xtec.cat\/iessantjust\/wp-json\/wp\/v2\/media?parent=5323"}],"curies":[{"name":"wp","href":"https:\/\/api.w.org\/{rel}","templated":true}]}}