{"id":5293,"date":"2025-06-06T10:56:29","date_gmt":"2025-06-06T08:56:29","guid":{"rendered":"https:\/\/agora.xtec.cat\/iessantjust\/?page_id=5293"},"modified":"2025-06-06T10:56:30","modified_gmt":"2025-06-06T08:56:30","slug":"practica-estiu-llengues-estrangeres","status":"publish","type":"page","link":"https:\/\/agora.xtec.cat\/iessantjust\/departaments\/llengues-estrangeres\/practica-estiu-llengues-estrangeres\/","title":{"rendered":"Pr\u00e0ctica estiu Lleng\u00fces estrangeres"},"content":{"rendered":"\n<p>En aquest apartat podeu trobar materials per repassar i practicar els continguts d&#8217;angl\u00e8s de tots els nivells. Si teniu la mat\u00e8ria pendent, \u00e9s molt convenient posar-vos al dia per poder recuperar. Cada alumne pot fer la quantitat d&#8217;exercicis que consideri necess\u00e0ria.<\/p>\n\n\n\n<p>Per recuperar les compet\u00e8ncies no assolides de cursos anteriors, recordeu que podeu fer-ho durant el curs aprovant la mat\u00e8ria o a l&#8217;abril amb un examen extraordinari.&nbsp;<\/p>\n\n\n\n<p>Hi ha eines per practicar les diferents compet\u00e8ncies de manera on-line i gratu\u00efta i les podeu trobar en aquest enlla\u00e7 i al workbook digital.<\/p>\n\n\n\n<p><a href=\"https:\/\/elt.oup.com\/student\/oupesecondary\/?cc=global&amp;selLanguage=en\" target=\"_blank\" rel=\"noreferrer noopener\">Angl\u00e8s:&nbsp;Pr\u00e0ctica extra on-line<\/a><\/p>\n\n\n\n<div class=\"wp-block-file\"><a id=\"wp-block-file--media-b5dc38e6-1fec-4873-8c21-da10224b49dd\" href=\"https:\/\/agora.xtec.cat\/iessantjust\/wp-content\/uploads\/usu366\/2025\/06\/1r-ESO-apunts.pdf\">1r ESO apunts<\/a><a href=\"https:\/\/agora.xtec.cat\/iessantjust\/wp-content\/uploads\/usu366\/2025\/06\/1r-ESO-apunts.pdf\" class=\"wp-block-file__button wp-element-button\" download aria-describedby=\"wp-block-file--media-b5dc38e6-1fec-4873-8c21-da10224b49dd\">Baixa<\/a><\/div>\n\n\n\n<div class=\"wp-block-file\"><a id=\"wp-block-file--media-33e06e91-4f4f-4e4c-b202-536446cb9d71\" href=\"https:\/\/agora.xtec.cat\/iessantjust\/wp-content\/uploads\/usu366\/2025\/06\/2n-ESO-apunts.pdf\">2n ESO apunts<\/a><a href=\"https:\/\/agora.xtec.cat\/iessantjust\/wp-content\/uploads\/usu366\/2025\/06\/2n-ESO-apunts.pdf\" class=\"wp-block-file__button wp-element-button\" download aria-describedby=\"wp-block-file--media-33e06e91-4f4f-4e4c-b202-536446cb9d71\">Baixa<\/a><\/div>\n\n\n\n<div class=\"wp-block-file\"><a id=\"wp-block-file--media-a4d37ae4-b3c3-4643-9cac-2a54c8354c22\" href=\"https:\/\/agora.xtec.cat\/iessantjust\/wp-content\/uploads\/usu366\/2025\/06\/3r-ESO-apunts.pdf\">3r ESO apunts<\/a><a href=\"https:\/\/agora.xtec.cat\/iessantjust\/wp-content\/uploads\/usu366\/2025\/06\/3r-ESO-apunts.pdf\" class=\"wp-block-file__button wp-element-button\" download aria-describedby=\"wp-block-file--media-a4d37ae4-b3c3-4643-9cac-2a54c8354c22\">Baixa<\/a><\/div>\n\n\n\n<div class=\"wp-block-file\"><a id=\"wp-block-file--media-03257c11-d0d2-4075-bc5a-a4df1d9af4ed\" href=\"https:\/\/agora.xtec.cat\/iessantjust\/wp-content\/uploads\/usu366\/2025\/06\/4t-ESO-apunts.pdf\">4t ESO apunts<\/a><a href=\"https:\/\/agora.xtec.cat\/iessantjust\/wp-content\/uploads\/usu366\/2025\/06\/4t-ESO-apunts.pdf\" class=\"wp-block-file__button wp-element-button\" download aria-describedby=\"wp-block-file--media-03257c11-d0d2-4075-bc5a-a4df1d9af4ed\">Baixa<\/a><\/div>\n\n\n\n<p><\/p>\n","protected":false},"excerpt":{"rendered":"<p>En aquest apartat podeu trobar materials per repassar i practicar els continguts d&#8217;angl\u00e8s de tots els nivells. Si teniu la mat\u00e8ria pendent, \u00e9s molt convenient posar-vos al dia per poder recuperar. Cada alumne pot fer la quantitat d&#8217;exercicis que consideri necess\u00e0ria. Per recuperar les compet\u00e8ncies no assolides de cursos anteriors, recordeu que podeu fer-ho durant [&hellip;]<\/p>\n","protected":false},"author":1,"featured_media":0,"parent":789,"menu_order":0,"comment_status":"closed","ping_status":"close","template":"","meta":{"_bbp_topic_count":0,"_bbp_reply_count":0,"_bbp_total_topic_count":0,"_bbp_total_reply_count":0,"_bbp_voice_count":0,"_bbp_anonymous_reply_count":0,"_bbp_topic_count_hidden":0,"_bbp_reply_count_hidden":0,"_bbp_forum_subforum_count":0,"site-sidebar-layout":"default","site-content-layout":"","ast-site-content-layout":"default","site-content-style":"default","site-sidebar-style":"default","ast-global-header-display":"","ast-banner-title-visibility":"","ast-main-header-display":"","ast-hfb-above-header-display":"","ast-hfb-below-header-display":"","ast-hfb-mobile-header-display":"","site-post-title":"","ast-breadcrumbs-content":"","ast-featured-img":"","footer-sml-layout":"","theme-transparent-header-meta":"","adv-header-id-meta":"","stick-header-meta":"","header-above-stick-meta":"","header-main-stick-meta":"","header-below-stick-meta":"","astra-migrate-meta-layouts":"set","ast-page-background-enabled":"default","ast-page-background-meta":{"desktop":{"background-color":"var(--ast-global-color-4)","background-image":"","background-repeat":"repeat","background-position":"center center","background-size":"auto","background-attachment":"scroll","background-type":"","background-media":"","overlay-type":"","overlay-color":"","overlay-opacity":"","overlay-gradient":""},"tablet":{"background-color":"","background-image":"","background-repeat":"repeat","background-position":"center center","background-size":"auto","background-attachment":"scroll","background-type":"","background-media":"","overlay-type":"","overlay-color":"","overlay-opacity":"","overlay-gradient":""},"mobile":{"background-color":"","background-image":"","background-repeat":"repeat","background-position":"center center","background-size":"auto","background-attachment":"scroll","background-type":"","background-media":"","overlay-type":"","overlay-color":"","overlay-opacity":"","overlay-gradient":""}},"ast-content-background-meta":{"desktop":{"background-color":"var(--ast-global-color-5)","background-image":"","background-repeat":"repeat","background-position":"center center","background-size":"auto","background-attachment":"scroll","background-type":"","background-media":"","overlay-type":"","overlay-color":"","overlay-opacity":"","overlay-gradient":""},"tablet":{"background-color":"var(--ast-global-color-5)","background-image":"","background-repeat":"repeat","background-position":"center center","background-size":"auto","background-attachment":"scroll","background-type":"","background-media":"","overlay-type":"","overlay-color":"","overlay-opacity":"","overlay-gradient":""},"mobile":{"background-color":"var(--ast-global-color-5)","background-image":"","background-repeat":"repeat","background-position":"center center","background-size":"auto","background-attachment":"scroll","background-type":"","background-media":"","overlay-type":"","overlay-color":"","overlay-opacity":"","overlay-gradient":""}},"footnotes":""},"class_list":["post-5293","page","type-page","status-publish","hentry"],"post_mailing_queue_ids":[],"_links":{"self":[{"href":"https:\/\/agora.xtec.cat\/iessantjust\/wp-json\/wp\/v2\/pages\/5293","targetHints":{"allow":["GET"]}}],"collection":[{"href":"https:\/\/agora.xtec.cat\/iessantjust\/wp-json\/wp\/v2\/pages"}],"about":[{"href":"https:\/\/agora.xtec.cat\/iessantjust\/wp-json\/wp\/v2\/types\/page"}],"author":[{"embeddable":true,"href":"https:\/\/agora.xtec.cat\/iessantjust\/wp-json\/wp\/v2\/users\/1"}],"replies":[{"embeddable":true,"href":"https:\/\/agora.xtec.cat\/iessantjust\/wp-json\/wp\/v2\/comments?post=5293"}],"version-history":[{"count":1,"href":"https:\/\/agora.xtec.cat\/iessantjust\/wp-json\/wp\/v2\/pages\/5293\/revisions"}],"predecessor-version":[{"id":5300,"href":"https:\/\/agora.xtec.cat\/iessantjust\/wp-json\/wp\/v2\/pages\/5293\/revisions\/5300"}],"up":[{"embeddable":true,"href":"https:\/\/agora.xtec.cat\/iessantjust\/wp-json\/wp\/v2\/pages\/789"}],"wp:attachment":[{"href":"https:\/\/agora.xtec.cat\/iessantjust\/wp-json\/wp\/v2\/media?parent=5293"}],"curies":[{"name":"wp","href":"https:\/\/api.w.org\/{rel}","templated":true}]}}