{"id":46,"date":"2014-09-17T16:53:45","date_gmt":"2014-09-17T16:53:45","guid":{"rendered":"http:\/\/agora.xtec.cat\/iessantjust\/?page_id=46"},"modified":"2025-09-08T17:26:53","modified_gmt":"2025-09-08T15:26:53","slug":"organigrama","status":"publish","type":"page","link":"https:\/\/agora.xtec.cat\/iessantjust\/linsti\/organigrama\/","title":{"rendered":"Organigrama"},"content":{"rendered":"\n<figure class=\"wp-block-image\"><a href=\"https:\/\/agora.xtec.cat\/iessantjust\/linsti\/organigrama\/attachment\/2n-organigrama-institut-2\/\" rel=\"attachment wp-att-1234\"><img loading=\"lazy\" decoding=\"async\" width=\"1024\" height=\"768\" src=\"https:\/\/agora.xtec.cat\/iessantjust\/wp-content\/uploads\/usu366\/2023\/05\/2n-Organigrama-Institut-1.png\" alt=\"\" class=\"wp-image-1234\" srcset=\"https:\/\/agora.xtec.cat\/iessantjust\/wp-content\/uploads\/usu366\/2023\/05\/2n-Organigrama-Institut-1.png 1024w, https:\/\/agora.xtec.cat\/iessantjust\/wp-content\/uploads\/usu366\/2023\/05\/2n-Organigrama-Institut-1-300x225.png 300w, https:\/\/agora.xtec.cat\/iessantjust\/wp-content\/uploads\/usu366\/2023\/05\/2n-Organigrama-Institut-1-768x576.png 768w, https:\/\/agora.xtec.cat\/iessantjust\/wp-content\/uploads\/usu366\/2023\/05\/2n-Organigrama-Institut-1-200x150.png 200w\" sizes=\"auto, (max-width: 1024px) 100vw, 1024px\" \/><\/a><\/figure>\n\n\n\n<p><a href=\"https:\/\/agora.xtec.cat\/iessantjust\/wp-content\/uploads\/usu366\/2019\/07\/Captura-1.png\"><br><\/a><\/p>\n\n\n\n<p>Descarregueu els c\u00e0rrecs de govern i de coordinaci\u00f3 clicant a\u00a0<a href=\"https:\/\/agora.xtec.cat\/iessantjust\/wp-content\/uploads\/usu366\/2025\/09\/Tutories-i-coordinacions-2025-2026.pdf\" target=\"_blank\" rel=\"noreferrer noopener\">Tutories i coordinacions 2025-2026<\/a>.<\/p>\n\n\n\n<h4 class=\"wp-block-heading\">\u00d2rgans de govern<\/h4>\n\n\n\n<p>Unipersonals:<\/p>\n\n\n\n<ul class=\"wp-block-list\">\n<li>Direcci\u00f3: director, cap d&#8217;estudis, coordinadora pedag\u00f2gica i secret\u00e0ria<\/li>\n<\/ul>\n\n\n\n<p>Col\u00b7legiats:<\/p>\n\n\n\n<ul class=\"wp-block-list\">\n<li><a href=\"https:\/\/agora.xtec.cat\/iessantjust\/linsti\/consell-escolar\/\">Consell escolar<\/a>&nbsp;representat per:&nbsp;director,&nbsp;cap d&#8217;estudis,&nbsp;secret\u00e0ria,&nbsp;mares i pares,&nbsp;AMPA,&nbsp;alumnat,&nbsp;professorat,&nbsp;PAS i representant municipal,&nbsp;<span style=\"font-family: inherit; font-size: 1em;\">e\u0301s el ma\u0300xim o\u0300rgan decisori del centre pel que fa a la gestio\u0301 econo\u0300mica i acade\u0300mica i a l&#8217;organitzacio\u0301 i el funcionament general.<\/span><\/li>\n\n\n\n<li>Claustre de professors:&nbsp;<span style=\"font-family: inherit; font-size: 1em;\">e\u0301s el ma\u0300xim o\u0300rgan de decisio\u0301 en les qu\u0308estions referides a la programacio\u0301 educativa.<\/span><\/li>\n<\/ul>\n","protected":false},"excerpt":{"rendered":"<p>Descarregueu els c\u00e0rrecs de govern i de coordinaci\u00f3 clicant a\u00a0Tutories i coordinacions 2025-2026. \u00d2rgans de govern Unipersonals: Col\u00b7legiats:<\/p>\n","protected":false},"author":1,"featured_media":0,"parent":834,"menu_order":70,"comment_status":"closed","ping_status":"closed","template":"","meta":{"_bbp_topic_count":0,"_bbp_reply_count":0,"_bbp_total_topic_count":0,"_bbp_total_reply_count":0,"_bbp_voice_count":0,"_bbp_anonymous_reply_count":0,"_bbp_topic_count_hidden":0,"_bbp_reply_count_hidden":0,"_bbp_forum_subforum_count":0,"site-sidebar-layout":"default","site-content-layout":"","ast-site-content-layout":"default","site-content-style":"default","site-sidebar-style":"default","ast-global-header-display":"","ast-banner-title-visibility":"","ast-main-header-display":"","ast-hfb-above-header-display":"","ast-hfb-below-header-display":"","ast-hfb-mobile-header-display":"","site-post-title":"","ast-breadcrumbs-content":"","ast-featured-img":"","footer-sml-layout":"","theme-transparent-header-meta":"","adv-header-id-meta":"","stick-header-meta":"","header-above-stick-meta":"","header-main-stick-meta":"","header-below-stick-meta":"","astra-migrate-meta-layouts":"set","ast-page-background-enabled":"default","ast-page-background-meta":{"desktop":{"background-color":"var(--ast-global-color-4)","background-image":"","background-repeat":"repeat","background-position":"center center","background-size":"auto","background-attachment":"scroll","background-type":"","background-media":"","overlay-type":"","overlay-color":"","overlay-opacity":"","overlay-gradient":""},"tablet":{"background-color":"","background-image":"","background-repeat":"repeat","background-position":"center center","background-size":"auto","background-attachment":"scroll","background-type":"","background-media":"","overlay-type":"","overlay-color":"","overlay-opacity":"","overlay-gradient":""},"mobile":{"background-color":"","background-image":"","background-repeat":"repeat","background-position":"center center","background-size":"auto","background-attachment":"scroll","background-type":"","background-media":"","overlay-type":"","overlay-color":"","overlay-opacity":"","overlay-gradient":""}},"ast-content-background-meta":{"desktop":{"background-color":"var(--ast-global-color-5)","background-image":"","background-repeat":"repeat","background-position":"center center","background-size":"auto","background-attachment":"scroll","background-type":"","background-media":"","overlay-type":"","overlay-color":"","overlay-opacity":"","overlay-gradient":""},"tablet":{"background-color":"var(--ast-global-color-5)","background-image":"","background-repeat":"repeat","background-position":"center center","background-size":"auto","background-attachment":"scroll","background-type":"","background-media":"","overlay-type":"","overlay-color":"","overlay-opacity":"","overlay-gradient":""},"mobile":{"background-color":"var(--ast-global-color-5)","background-image":"","background-repeat":"repeat","background-position":"center center","background-size":"auto","background-attachment":"scroll","background-type":"","background-media":"","overlay-type":"","overlay-color":"","overlay-opacity":"","overlay-gradient":""}},"footnotes":""},"class_list":["post-46","page","type-page","status-publish","hentry"],"post_mailing_queue_ids":[],"_links":{"self":[{"href":"https:\/\/agora.xtec.cat\/iessantjust\/wp-json\/wp\/v2\/pages\/46","targetHints":{"allow":["GET"]}}],"collection":[{"href":"https:\/\/agora.xtec.cat\/iessantjust\/wp-json\/wp\/v2\/pages"}],"about":[{"href":"https:\/\/agora.xtec.cat\/iessantjust\/wp-json\/wp\/v2\/types\/page"}],"author":[{"embeddable":true,"href":"https:\/\/agora.xtec.cat\/iessantjust\/wp-json\/wp\/v2\/users\/1"}],"replies":[{"embeddable":true,"href":"https:\/\/agora.xtec.cat\/iessantjust\/wp-json\/wp\/v2\/comments?post=46"}],"version-history":[{"count":6,"href":"https:\/\/agora.xtec.cat\/iessantjust\/wp-json\/wp\/v2\/pages\/46\/revisions"}],"predecessor-version":[{"id":5560,"href":"https:\/\/agora.xtec.cat\/iessantjust\/wp-json\/wp\/v2\/pages\/46\/revisions\/5560"}],"up":[{"embeddable":true,"href":"https:\/\/agora.xtec.cat\/iessantjust\/wp-json\/wp\/v2\/pages\/834"}],"wp:attachment":[{"href":"https:\/\/agora.xtec.cat\/iessantjust\/wp-json\/wp\/v2\/media?parent=46"}],"curies":[{"name":"wp","href":"https:\/\/api.w.org\/{rel}","templated":true}]}}