{"id":4115,"date":"2025-02-16T17:30:28","date_gmt":"2025-02-16T16:30:28","guid":{"rendered":"https:\/\/agora.xtec.cat\/iessantjust\/?page_id=4115"},"modified":"2026-02-19T19:51:43","modified_gmt":"2026-02-19T18:51:43","slug":"documents-secretaria","status":"publish","type":"page","link":"https:\/\/agora.xtec.cat\/iessantjust\/secretaria\/documents-secretaria\/","title":{"rendered":"Documents Secretaria"},"content":{"rendered":"\n<p>Cliqueu a la pestanya del vostre inter\u00e8s per accedir als diferents documents.<\/p>\n\n\n\n<div class=\"wp-block-getwid-tabs\" data-active-tab=\"0\"><ul class=\"wp-block-getwid-tabs__nav-links\"><\/ul>\n<div class=\"wp-block-getwid-tabs__nav-link\"><span class=\"wp-block-getwid-tabs__title-wrapper\"><a href=\"#\"><span class=\"wp-block-getwid-tabs__title\"><strong>Preinscripci\u00f3<\/strong><\/span><\/a><\/span><\/div><div class=\"wp-block-getwid-tabs__tab-content-wrapper\"><div class=\"wp-block-getwid-tabs__tab-content\">\n<h2 class=\"wp-block-heading has-text-color has-link-color wp-elements-a4bb730b57dfb914d3cc8057e57bae44\" style=\"color:#3c7c80\">2026-2027<\/h2>\n\n\n\n<h2 class=\"wp-block-heading\"><\/h2>\n\n\n\n<div class=\"wp-block-file\"><a id=\"wp-block-file--media-c46bd9be-9ee8-422a-952f-203c0128614c\" href=\"https:\/\/agora.xtec.cat\/iessantjust\/wp-content\/uploads\/usu366\/2026\/02\/Calendari-preinscripcio-ESO-26.pdf\" target=\"_blank\" rel=\"noreferrer noopener\">Calendari preinscripci\u00f3 ESO<\/a><\/div>\n\n\n\n<h2 class=\"wp-block-heading\"><\/h2>\n\n\n\n<div class=\"wp-block-file\"><a id=\"wp-block-file--media-9444645f-977c-45e4-aee9-33f5775b2df3\" href=\"https:\/\/agora.xtec.cat\/iessantjust\/wp-content\/uploads\/usu366\/2026\/02\/PREINSCRIPCIO-ESO-2026-2027.pdf\" target=\"_blank\" rel=\"noreferrer noopener\">PREINSCRIPCI\u00d3 ESO<\/a><\/div>\n\n\n\n<h2 class=\"wp-block-heading\"><\/h2>\n\n\n\n<div class=\"wp-block-file\"><a id=\"wp-block-file--media-6e380397-82d9-4e67-8935-3b5a0488e0e1\" href=\"https:\/\/agora.xtec.cat\/iessantjust\/wp-content\/uploads\/usu366\/2026\/02\/Informacions-familia-Preinscripcio.pdf\" target=\"_blank\" rel=\"noreferrer noopener\">Informacions familia Preinscripci\u00f3 ESO<\/a><\/div>\n\n\n\n<h2 class=\"wp-block-heading\"><\/h2>\n\n\n\n<div class=\"wp-block-file\"><a id=\"wp-block-file--media-0c852a7d-763f-4cfc-8a4b-1976a27354fb\" href=\"https:\/\/agora.xtec.cat\/iessantjust\/wp-content\/uploads\/usu366\/2026\/02\/Calendari-preinscripcio-BTX-27.pdf\" target=\"_blank\" rel=\"noreferrer noopener\">Calendari preinscripci\u00f3 BTX<\/a><\/div>\n\n\n\n<h2 class=\"wp-block-heading\"><\/h2>\n\n\n\n<div class=\"wp-block-file\"><a id=\"wp-block-file--media-5bbf4081-1f23-4082-bf6e-8c6f6f8a8f88\" href=\"https:\/\/agora.xtec.cat\/iessantjust\/wp-content\/uploads\/usu366\/2026\/02\/PREINSCRIPCIO-BTX-2026-2027.pdf\" target=\"_blank\" rel=\"noreferrer noopener\">PREINSCRIPCIO BTX<\/a><\/div>\n\n\n\n<h2 class=\"wp-block-heading\"><\/h2>\n\n\n\n<div class=\"wp-block-file\"><a id=\"wp-block-file--media-645dca55-4614-4cb6-b8bd-c3b4a3ad4b24\" href=\"https:\/\/agora.xtec.cat\/iessantjust\/wp-content\/uploads\/usu366\/2026\/02\/Informacions-familia-Preinscripcio.pdf\" target=\"_blank\" rel=\"noreferrer noopener\">Informacions familia Preinscripci\u00f3 Batx<\/a><\/div>\n\n\n\n<h2 class=\"wp-block-heading\"><\/h2>\n\n\n\n<div class=\"wp-block-file\"><a id=\"wp-block-file--media-3f8f3706-fe8b-4463-9bff-638a39b2bc14\" href=\"https:\/\/agora.xtec.cat\/iessantjust\/wp-content\/uploads\/usu366\/2025\/02\/FULL-TRIA-ITINERARI-1r-BATXILLERAT-25-26.pdf\" target=\"_blank\" rel=\"noreferrer noopener\">FULL TRIA ITINERARI 1r BATXILLERAT 25-26 (26-27 properament)<\/a><\/div>\n\n\n\n<h2 class=\"wp-block-heading\"><\/h2>\n\n\n\n<div class=\"wp-block-file\"><a id=\"wp-block-file--media-31184ff4-7849-46ea-92bf-a626c265c98e\" href=\"https:\/\/agora.xtec.cat\/iessantjust\/wp-content\/uploads\/usu366\/2025\/02\/FULL-TRIA-ITINERARI-2n-BATXILLERAT-25-26.pdf\" target=\"_blank\" rel=\"noreferrer noopener\">FULL TRIA ITINERARI 2n BATXILLERAT 25-26 (26-27 properament)<\/a><\/div>\n<\/div><\/div>\n\n\n\n<div class=\"wp-block-getwid-tabs__nav-link\"><span class=\"wp-block-getwid-tabs__title-wrapper\"><a href=\"#\"><span class=\"wp-block-getwid-tabs__title\"><strong>Matr\u00edcula<\/strong><\/span><\/a><\/span><\/div><div class=\"wp-block-getwid-tabs__tab-content-wrapper\"><div class=\"wp-block-getwid-tabs__tab-content\">\n<h2 class=\"wp-block-heading has-text-color has-link-color wp-elements-a4bb730b57dfb914d3cc8057e57bae44\" style=\"color:#3c7c80\">2026-2027<\/h2>\n\n\n\n<div class=\"wp-block-getwid-tabs\" data-active-tab=\"0\"><ul class=\"wp-block-getwid-tabs__nav-links\"><\/ul>\n<div class=\"wp-block-getwid-tabs__nav-link\"><span class=\"wp-block-getwid-tabs__title-wrapper\"><a href=\"#\"><span class=\"wp-block-getwid-tabs__title\">ESO<\/span><\/a><\/span><\/div><div class=\"wp-block-getwid-tabs__tab-content-wrapper\"><div class=\"wp-block-getwid-tabs__tab-content\">\n<h2 class=\"wp-block-heading\"><\/h2>\n\n\n\n<div class=\"wp-block-file\"><a id=\"wp-block-file--media-6ee846c6-cca7-41dc-ba60-d7ff0e397cf0\" href=\"https:\/\/agora.xtec.cat\/iessantjust\/wp-content\/uploads\/usu366\/2026\/02\/1-Matricula-nous.pdf\" target=\"_blank\" rel=\"noreferrer noopener\">1-Matr\u00edcula-nous<\/a><\/div>\n\n\n\n<h2 class=\"wp-block-heading\"><\/h2>\n\n\n\n<div class=\"wp-block-file\"><a id=\"wp-block-file--media-d6d164e2-8bf0-4244-8bd5-8730b4700555\" href=\"https:\/\/agora.xtec.cat\/iessantjust\/wp-content\/uploads\/usu366\/2026\/02\/2-Full_dades_curs_26-27.pdf\" target=\"_blank\" rel=\"noreferrer noopener\">2-Full_dades_curs_26-27<\/a><\/div>\n\n\n\n<h2 class=\"wp-block-heading\"><\/h2>\n\n\n\n<div class=\"wp-block-file\"><a id=\"wp-block-file--media-00e8575a-8b13-48d1-a3e7-935c27f6a624\" href=\"https:\/\/agora.xtec.cat\/iessantjust\/wp-content\/uploads\/usu366\/2026\/02\/3-Autoritzacio-SEPA-sortides-escolars.pdf\" target=\"_blank\" rel=\"noreferrer noopener\">3-Autoritzaci\u00f3 SEPA-sortides escolars<\/a><\/div>\n\n\n\n<h2 class=\"wp-block-heading\"><\/h2>\n\n\n\n<div class=\"wp-block-file\"><a id=\"wp-block-file--media-cea982bb-a2a8-4694-af6e-4013a5c9ffdf\" href=\"https:\/\/agora.xtec.cat\/iessantjust\/wp-content\/uploads\/usu366\/2026\/02\/4-Autoritzacio-us-imatges-majors-14-anys.pdf\" target=\"_blank\" rel=\"noreferrer noopener\">4-Autoritzaci\u00f3 \u00fas imatges majors 14 anys<\/a><\/div>\n\n\n\n<h2 class=\"wp-block-heading\"><\/h2>\n\n\n\n<div class=\"wp-block-file\"><a id=\"wp-block-file--media-7e563090-e513-4925-8335-98f4eafd7f0d\" href=\"https:\/\/agora.xtec.cat\/iessantjust\/wp-content\/uploads\/usu366\/2026\/02\/4-Autoritzacio-us-imatges-menors-14-anys.pdf\" target=\"_blank\" rel=\"noreferrer noopener\">4-Autoritzaci\u00f3 \u00fas imatges menors 14 anys<\/a><\/div>\n\n\n\n<h2 class=\"wp-block-heading\"><\/h2>\n\n\n\n<div class=\"wp-block-file\"><a id=\"wp-block-file--media-8b509de5-0dac-4e0e-ba0c-422c9f87ab39\" href=\"https:\/\/agora.xtec.cat\/iessantjust\/wp-content\/uploads\/usu366\/2026\/02\/5-Autoritzacio-sortides.pdf\" target=\"_blank\" rel=\"noreferrer noopener\">5-Autoritzaci\u00f3 sortides<\/a><\/div>\n\n\n\n<h2 class=\"wp-block-heading\"><\/h2>\n\n\n\n<div class=\"wp-block-file\"><a id=\"wp-block-file--media-9496399b-568c-472c-8752-94d50701b6f3\" href=\"https:\/\/agora.xtec.cat\/iessantjust\/wp-content\/uploads\/usu366\/2026\/02\/6-Autoritzacio-correu-elect-ronic-alumnes-majors-14a.pdf\" target=\"_blank\" rel=\"noreferrer noopener\">6-Autoritzaci\u00f3 correu electr\u00f2nic alumnes majors 14a<\/a><\/div>\n\n\n\n<h2 class=\"wp-block-heading\"><\/h2>\n\n\n\n<div class=\"wp-block-file\"><a id=\"wp-block-file--media-867368cf-701f-4d86-9e58-29c5c281f674\" href=\"https:\/\/agora.xtec.cat\/iessantjust\/wp-content\/uploads\/usu366\/2026\/02\/6-Autoritzacio-correu-elect-ronic-alumnes-menors-14a.pdf\" target=\"_blank\" rel=\"noreferrer noopener\">6-Autoritzaci\u00f3 correu electr\u00f2nic alumnes menors 14a<\/a><\/div>\n\n\n\n<h2 class=\"wp-block-heading\"><\/h2>\n\n\n\n<div class=\"wp-block-file\"><a id=\"wp-block-file--media-225c4814-a870-423c-b346-3f88c66db0bd\" href=\"https:\/\/agora.xtec.cat\/iessantjust\/wp-content\/uploads\/usu366\/2026\/02\/7-Autoritzacio-INS_paracetamol.pdf\" target=\"_blank\" rel=\"noreferrer noopener\">7-Autoritzaci\u00f3 INS_paracetamol<\/a><\/div>\n\n\n\n<h2 class=\"wp-block-heading\"><\/h2>\n\n\n\n<div class=\"wp-block-file\"><a id=\"wp-block-file--media-4cecaa7e-f789-44ae-9e54-a6e6f91a034f\" href=\"https:\/\/agora.xtec.cat\/iessantjust\/wp-content\/uploads\/usu366\/2026\/02\/8-Autoritzacio-dalumnes-menors-de-18-any-s.-Publicacio-de-treballs-i-creacions.pdf\" target=\"_blank\" rel=\"noreferrer noopener\">8-Autoritzaci\u00f3 d\u2019alumnes menors de 18 any s. Publicacio de treballs i creacions<\/a><\/div>\n\n\n\n<h2 class=\"wp-block-heading\"><\/h2>\n\n\n\n<div class=\"wp-block-file\"><a id=\"wp-block-file--media-530715e7-1032-457b-95ef-e1cbf4d2b5d7\" href=\"https:\/\/agora.xtec.cat\/iessantjust\/wp-content\/uploads\/usu366\/2026\/02\/9-Carta-de-Compromis-Educatiu-INS-SJD.pdf\" target=\"_blank\" rel=\"noreferrer noopener\">9-Carta de Comprom\u00eds Educatiu INS SJD<\/a><\/div>\n\n\n\n<h2 class=\"wp-block-heading\"><\/h2>\n\n\n\n<div class=\"wp-block-file\"><a id=\"wp-block-file--media-b060e1cd-a3bb-4cef-9957-3d6c65b4bc8b\" href=\"https:\/\/agora.xtec.cat\/iessantjust\/wp-content\/uploads\/usu366\/2026\/02\/10-Assistencia-cas-daccident.pdf\" target=\"_blank\" rel=\"noreferrer noopener\">10-Assist\u00e8ncia cas d&#8217;accident<\/a><\/div>\n\n\n\n<h2 class=\"wp-block-heading\"><\/h2>\n\n\n\n<div class=\"wp-block-file\"><a id=\"wp-block-file--media-c27bc8f5-f72e-44d3-85f2-ed35b9be1e02\" href=\"https:\/\/agora.xtec.cat\/iessantjust\/wp-content\/uploads\/usu366\/2026\/02\/11-Frances.pdf\" target=\"_blank\" rel=\"noreferrer noopener\">11-Franc\u00e8s<\/a><\/div>\n\n\n\n<h2 class=\"wp-block-heading\"><\/h2>\n\n\n\n<div class=\"wp-block-file\"><a id=\"wp-block-file--media-62048c01-d0d6-4313-89aa-e47d54e33d2c\" href=\"https:\/\/agora.xtec.cat\/iessantjust\/wp-content\/uploads\/usu366\/2026\/02\/12-Religio.pdf\" target=\"_blank\" rel=\"noreferrer noopener\">12-Religi\u00f3<\/a><\/div>\n\n\n\n<h2 class=\"wp-block-heading\"><\/h2>\n\n\n\n<div class=\"wp-block-file\"><a id=\"wp-block-file--media-2393ead0-4516-4907-9eea-70255ed2a470\" href=\"https:\/\/agora.xtec.cat\/iessantjust\/wp-content\/uploads\/usu366\/2026\/02\/13-tria_optatives-4-ESO.pdf\" target=\"_blank\" rel=\"noreferrer noopener\">13-Tria_optatives-4 ESO<\/a><\/div>\n\n\n\n<h2 class=\"wp-block-heading\"><\/h2>\n\n\n\n<div class=\"wp-block-file\"><a id=\"wp-block-file--media-b103b808-3e34-4be5-bda0-3508f3c59c00\" href=\"https:\/\/agora.xtec.cat\/iessantjust\/wp-content\/uploads\/usu366\/2026\/02\/14-carta-families-us-mobil.pdf\" target=\"_blank\" rel=\"noreferrer noopener\">14-Carta families us m\u00f2bil<\/a><\/div>\n\n\n\n<h2 class=\"wp-block-heading\"><\/h2>\n\n\n\n<div class=\"wp-block-file\"><a id=\"wp-block-file--media-de9305ad-7081-424e-9229-aae698cb9b31\" href=\"https:\/\/agora.xtec.cat\/iessantjust\/wp-content\/uploads\/usu366\/2026\/02\/15-Full-dades-AMPA-2026-2027.pdf\" target=\"_blank\" rel=\"noreferrer noopener\">15-Full dades AMPA 2026-2027<\/a><\/div>\n\n\n\n<p><\/p>\n<\/div><\/div>\n\n\n\n<div class=\"wp-block-getwid-tabs__nav-link\"><span class=\"wp-block-getwid-tabs__title-wrapper\"><a href=\"#\"><span class=\"wp-block-getwid-tabs__title\">BATXILLERAT<\/span><\/a><\/span><\/div><div class=\"wp-block-getwid-tabs__tab-content-wrapper\"><div class=\"wp-block-getwid-tabs__tab-content\">\n<h2 class=\"wp-block-heading\"><\/h2>\n\n\n\n<div class=\"wp-block-file\"><a id=\"wp-block-file--media-39273a7d-a5f5-4454-8dc9-1b327180c2d9\" href=\"https:\/\/agora.xtec.cat\/iessantjust\/wp-content\/uploads\/usu366\/2026\/02\/1-Matricula-batxillerat-nous.pdf\" target=\"_blank\" rel=\"noreferrer noopener\">1-Matr\u00edcula-batxillerat-nous<\/a><\/div>\n\n\n\n<h2 class=\"wp-block-heading\"><\/h2>\n\n\n\n<div class=\"wp-block-file\"><a id=\"wp-block-file--media-34aaa7b4-8e7d-49a9-92c2-0416b0143d9a\" href=\"https:\/\/agora.xtec.cat\/iessantjust\/wp-content\/uploads\/usu366\/2026\/02\/2-Full_dades_curs_26-27-1.pdf\" target=\"_blank\" rel=\"noreferrer noopener\">2-Full_dades_curs_26-27<\/a><\/div>\n\n\n\n<h2 class=\"wp-block-heading\"><\/h2>\n\n\n\n<div class=\"wp-block-file\"><a id=\"wp-block-file--media-4eec677d-2749-416b-8706-0da51eeff844\" href=\"https:\/\/agora.xtec.cat\/iessantjust\/wp-content\/uploads\/usu366\/2026\/02\/3-Autoritzacio-SEPA-sortides-escolars-1.pdf\" target=\"_blank\" rel=\"noreferrer noopener\">3-Autoritzaci\u00f3 SEPA-sortides escolars<\/a><\/div>\n\n\n\n<h2 class=\"wp-block-heading\"><\/h2>\n\n\n\n<div class=\"wp-block-file\"><a id=\"wp-block-file--media-83601409-11e2-4569-bfc5-a234d55300b3\" href=\"https:\/\/agora.xtec.cat\/iessantjust\/wp-content\/uploads\/usu366\/2026\/02\/4-Autoritzacio-us-imatge-menors-dedat.pdf\" target=\"_blank\" rel=\"noreferrer noopener\">4-Autoritzaci\u00f3 \u00fas imatge menors d&#8217;edat<\/a><\/div>\n\n\n\n<h2 class=\"wp-block-heading\"><\/h2>\n\n\n\n<div class=\"wp-block-file\"><a id=\"wp-block-file--media-4dd7b66b-9382-4995-8e47-7a428f772235\" href=\"https:\/\/agora.xtec.cat\/iessantjust\/wp-content\/uploads\/usu366\/2026\/02\/5-Autoritzacio-sortides-1.pdf\" target=\"_blank\" rel=\"noreferrer noopener\">5-Autoritzaci\u00f3 sortides<\/a><\/div>\n\n\n\n<h2 class=\"wp-block-heading\"><\/h2>\n\n\n\n<div class=\"wp-block-file\"><a id=\"wp-block-file--media-bac67dbe-1ee8-4d9a-add8-c474871da921\" href=\"https:\/\/agora.xtec.cat\/iessantjust\/wp-content\/uploads\/usu366\/2026\/02\/6-Autoritzacio-correu-elect-ronic-alumnes-majors-14a-1.pdf\" target=\"_blank\" rel=\"noreferrer noopener\">6-Autoritzacio correu electr\u00f2nic alumnes majors 14a<\/a><\/div>\n\n\n\n<h2 class=\"wp-block-heading\"><\/h2>\n\n\n\n<div class=\"wp-block-file\"><a id=\"wp-block-file--media-bec2977e-4436-4480-a2b0-36cdd99d3561\" href=\"https:\/\/agora.xtec.cat\/iessantjust\/wp-content\/uploads\/usu366\/2026\/02\/7-Autoritzacio-INS_paracetamol-1.pdf\" target=\"_blank\" rel=\"noreferrer noopener\">7-Autoritzaci\u00f3 INS_paracetamol<\/a><\/div>\n\n\n\n<h2 class=\"wp-block-heading\"><\/h2>\n\n\n\n<div class=\"wp-block-file\"><a id=\"wp-block-file--media-e95ac26c-f502-4b8a-afb2-630ead2f9839\" href=\"https:\/\/agora.xtec.cat\/iessantjust\/wp-content\/uploads\/usu366\/2026\/02\/8-Autoritzacio-dalumnes-menors-de-18-any-s.-Publicacio-de-treballs-i-creacions-1.pdf\" target=\"_blank\" rel=\"noreferrer noopener\">8-Autoritzaci\u00f3 d\u2019alumnes menors de 18 any s. Publicacio de treballs i creacions<\/a><\/div>\n\n\n\n<h2 class=\"wp-block-heading\"><\/h2>\n\n\n\n<div class=\"wp-block-file\"><a id=\"wp-block-file--media-12f9be17-abbf-45bc-a3f1-ddce29c89f57\" href=\"https:\/\/agora.xtec.cat\/iessantjust\/wp-content\/uploads\/usu366\/2026\/02\/9-Carta-de-Compromis-Educatiu-INS-SJD-1.pdf\" target=\"_blank\" rel=\"noreferrer noopener\">9-Carta de Comprom\u00eds Educatiu INS SJD<\/a><\/div>\n\n\n\n<h2 class=\"wp-block-heading\"><\/h2>\n\n\n\n<div class=\"wp-block-file\"><a id=\"wp-block-file--media-4ea39fb8-6109-47b9-99a5-b87280955eac\" href=\"https:\/\/agora.xtec.cat\/iessantjust\/wp-content\/uploads\/usu366\/2026\/02\/10-Carta-families-us-mobil.pdf\" target=\"_blank\" rel=\"noreferrer noopener\">10-Carta families us m\u00f2bil<\/a><\/div>\n\n\n\n<h2 class=\"wp-block-heading\"><\/h2>\n\n\n\n<div class=\"wp-block-file\"><a id=\"wp-block-file--media-dee52000-1fec-4c3a-91ee-4e5579527752\" href=\"https:\/\/agora.xtec.cat\/iessantjust\/wp-content\/uploads\/usu366\/2026\/02\/11-Full-dades-AMPA-2026-2027.pdf\" target=\"_blank\" rel=\"noreferrer noopener\">11-Full dades AMPA 2026-2027<\/a><\/div>\n\n\n\n<p><\/p>\n<\/div><\/div>\n<\/div>\n\n\n\n<h2 class=\"wp-block-heading\"><\/h2>\n<\/div><\/div>\n\n\n\n<div class=\"wp-block-getwid-tabs__nav-link\"><span class=\"wp-block-getwid-tabs__title-wrapper\"><a href=\"#\"><span class=\"wp-block-getwid-tabs__title\"><strong>Normativa<\/strong><\/span><\/a><\/span><\/div><div class=\"wp-block-getwid-tabs__tab-content-wrapper\"><div class=\"wp-block-getwid-tabs__tab-content\">\n<div class=\"wp-block-file\"><a id=\"wp-block-file--media-231d4217-ba07-473b-9ea3-a3fc49890843\" href=\"https:\/\/agora.xtec.cat\/iessantjust\/wp-content\/uploads\/usu366\/2025\/02\/10-Assistencia-cas-daccident.pdf\">Assistencia-cas-daccident<\/a><\/div>\n\n\n\n<h2 class=\"wp-block-heading\"><\/h2>\n\n\n\n<div class=\"wp-block-file\"><a id=\"wp-block-file--media-92a6e35f-35df-4f0b-a2b7-a63be86cbca8\" href=\"https:\/\/agora.xtec.cat\/iessantjust\/wp-content\/uploads\/usu366\/2025\/02\/14-Carta-families-us-mobil.pdf\" target=\"_blank\" rel=\"noreferrer noopener\">Carta-fam\u00edlies-\u00fas-m\u00f2bil<\/a><\/div>\n\n\n\n<h2 class=\"wp-block-heading\"><\/h2>\n\n\n\n<div class=\"wp-block-file\"><a id=\"wp-block-file--media-53787e9b-bc4f-43dd-8e03-2e3297e02196\" href=\"https:\/\/agora.xtec.cat\/iessantjust\/wp-content\/uploads\/usu366\/2025\/02\/9-Carta-de-Compromis-Educatiu-INS-SJD-definitiva.pdf\" target=\"_blank\" rel=\"noreferrer noopener\">Carta-de-Comprom\u00eds-Educatiu-INS-SJD<\/a><\/div>\n<\/div><\/div>\n\n\n\n<div class=\"wp-block-getwid-tabs__nav-link\"><span class=\"wp-block-getwid-tabs__title-wrapper\"><a href=\"#\"><span class=\"wp-block-getwid-tabs__title\"><strong>Tr\u00e0mits<\/strong><\/span><\/a><\/span><\/div><div class=\"wp-block-getwid-tabs__tab-content-wrapper\"><div class=\"wp-block-getwid-tabs__tab-content\">\n<div class=\"wp-block-file\"><a id=\"wp-block-file--media-b789144f-87f1-45dd-a2e9-5bd108a9340e\" href=\"https:\/\/agora.xtec.cat\/iessantjust\/wp-content\/uploads\/usu366\/bp-attachments\/1111\/Sollicitud_titol_academic.pdf\">Sol\u00b7licitud t\u00edtol acad\u00e8mic<\/a><\/div>\n\n\n\n<h2 class=\"wp-block-heading\"><\/h2>\n\n\n\n<div class=\"wp-block-file\"><a id=\"wp-block-file--media-e9292901-fbaf-41d8-890c-2b941d272f5e\" href=\"https:\/\/agora.xtec.cat\/iessantjust\/wp-content\/uploads\/usu366\/2025\/02\/3-Autoritzacio-SEPA-sortides-1.pdf\">Autoritzaci\u00f3 SEPA-sortides<\/a><\/div>\n\n\n\n<h2 class=\"wp-block-heading\"><\/h2>\n\n\n\n<div class=\"wp-block-file\"><a id=\"wp-block-file--media-41a7f20c-9453-4ad3-bef8-bb64e2af0650\" href=\"https:\/\/agora.xtec.cat\/iessantjust\/wp-content\/uploads\/usu366\/2025\/02\/model-baixa-renuncia-alumne.pdf\">Model baixa-ren\u00fancia alumne<\/a><\/div>\n\n\n\n<h2 class=\"wp-block-heading\"><\/h2>\n\n\n\n<div class=\"wp-block-file\"><a id=\"wp-block-file--media-6411b2c2-a629-4bda-9346-f6c42321f886\" href=\"https:\/\/agora.xtec.cat\/iessantjust\/wp-content\/uploads\/usu366\/2025\/02\/QUOTA-MATERIAL-DIDACTIC.pdf\">QUOTA MATERIAL DID\u00c0CTIC<\/a><\/div>\n<\/div><\/div>\n<\/div>\n\n\n\n<h2 class=\"wp-block-heading\"><\/h2>\n","protected":false},"excerpt":{"rendered":"<p>Cliqueu a la pestanya del vostre inter\u00e8s per accedir als diferents documents.<\/p>\n","protected":false},"author":1,"featured_media":0,"parent":1006,"menu_order":50,"comment_status":"closed","ping_status":"close","template":"","meta":{"_bbp_topic_count":0,"_bbp_reply_count":0,"_bbp_total_topic_count":0,"_bbp_total_reply_count":0,"_bbp_voice_count":0,"_bbp_anonymous_reply_count":0,"_bbp_topic_count_hidden":0,"_bbp_reply_count_hidden":0,"_bbp_forum_subforum_count":0,"site-sidebar-layout":"default","site-content-layout":"","ast-site-content-layout":"default","site-content-style":"default","site-sidebar-style":"default","ast-global-header-display":"","ast-banner-title-visibility":"","ast-main-header-display":"","ast-hfb-above-header-display":"","ast-hfb-below-header-display":"","ast-hfb-mobile-header-display":"","site-post-title":"","ast-breadcrumbs-content":"","ast-featured-img":"","footer-sml-layout":"","theme-transparent-header-meta":"","adv-header-id-meta":"","stick-header-meta":"","header-above-stick-meta":"","header-main-stick-meta":"","header-below-stick-meta":"","astra-migrate-meta-layouts":"set","ast-page-background-enabled":"default","ast-page-background-meta":{"desktop":{"background-color":"var(--ast-global-color-4)","background-image":"","background-repeat":"repeat","background-position":"center center","background-size":"auto","background-attachment":"scroll","background-type":"","background-media":"","overlay-type":"","overlay-color":"","overlay-opacity":"","overlay-gradient":""},"tablet":{"background-color":"","background-image":"","background-repeat":"repeat","background-position":"center center","background-size":"auto","background-attachment":"scroll","background-type":"","background-media":"","overlay-type":"","overlay-color":"","overlay-opacity":"","overlay-gradient":""},"mobile":{"background-color":"","background-image":"","background-repeat":"repeat","background-position":"center center","background-size":"auto","background-attachment":"scroll","background-type":"","background-media":"","overlay-type":"","overlay-color":"","overlay-opacity":"","overlay-gradient":""}},"ast-content-background-meta":{"desktop":{"background-color":"var(--ast-global-color-5)","background-image":"","background-repeat":"repeat","background-position":"center center","background-size":"auto","background-attachment":"scroll","background-type":"","background-media":"","overlay-type":"","overlay-color":"","overlay-opacity":"","overlay-gradient":""},"tablet":{"background-color":"var(--ast-global-color-5)","background-image":"","background-repeat":"repeat","background-position":"center center","background-size":"auto","background-attachment":"scroll","background-type":"","background-media":"","overlay-type":"","overlay-color":"","overlay-opacity":"","overlay-gradient":""},"mobile":{"background-color":"var(--ast-global-color-5)","background-image":"","background-repeat":"repeat","background-position":"center center","background-size":"auto","background-attachment":"scroll","background-type":"","background-media":"","overlay-type":"","overlay-color":"","overlay-opacity":"","overlay-gradient":""}},"footnotes":""},"class_list":["post-4115","page","type-page","status-publish","hentry"],"post_mailing_queue_ids":[],"_links":{"self":[{"href":"https:\/\/agora.xtec.cat\/iessantjust\/wp-json\/wp\/v2\/pages\/4115","targetHints":{"allow":["GET"]}}],"collection":[{"href":"https:\/\/agora.xtec.cat\/iessantjust\/wp-json\/wp\/v2\/pages"}],"about":[{"href":"https:\/\/agora.xtec.cat\/iessantjust\/wp-json\/wp\/v2\/types\/page"}],"author":[{"embeddable":true,"href":"https:\/\/agora.xtec.cat\/iessantjust\/wp-json\/wp\/v2\/users\/1"}],"replies":[{"embeddable":true,"href":"https:\/\/agora.xtec.cat\/iessantjust\/wp-json\/wp\/v2\/comments?post=4115"}],"version-history":[{"count":6,"href":"https:\/\/agora.xtec.cat\/iessantjust\/wp-json\/wp\/v2\/pages\/4115\/revisions"}],"predecessor-version":[{"id":5885,"href":"https:\/\/agora.xtec.cat\/iessantjust\/wp-json\/wp\/v2\/pages\/4115\/revisions\/5885"}],"up":[{"embeddable":true,"href":"https:\/\/agora.xtec.cat\/iessantjust\/wp-json\/wp\/v2\/pages\/1006"}],"wp:attachment":[{"href":"https:\/\/agora.xtec.cat\/iessantjust\/wp-json\/wp\/v2\/media?parent=4115"}],"curies":[{"name":"wp","href":"https:\/\/api.w.org\/{rel}","templated":true}]}}