{"id":2952,"date":"2024-04-24T18:16:39","date_gmt":"2024-04-24T16:16:39","guid":{"rendered":"https:\/\/agora.xtec.cat\/iessantjust\/?page_id=2952"},"modified":"2025-06-02T09:20:21","modified_gmt":"2025-06-02T07:20:21","slug":"colonies-2n-eso-2023-2024","status":"publish","type":"page","link":"https:\/\/agora.xtec.cat\/iessantjust\/colonies-2n-eso-2023-2024\/","title":{"rendered":"Col\u00f2nies 2n ESO 2023-2024"},"content":{"rendered":"\n<figure class=\"wp-block-image size-large\"><a href=\"https:\/\/agora.xtec.cat\/iessantjust\/wp-content\/uploads\/usu366\/2023\/06\/Anem-de.png\"><img loading=\"lazy\" decoding=\"async\" width=\"1024\" height=\"256\" src=\"https:\/\/agora.xtec.cat\/iessantjust\/wp-content\/uploads\/usu366\/2023\/06\/Anem-de-1024x256.png\" alt=\"\" class=\"wp-image-1351\" srcset=\"https:\/\/agora.xtec.cat\/iessantjust\/wp-content\/uploads\/usu366\/2023\/06\/Anem-de-1024x256.png 1024w, https:\/\/agora.xtec.cat\/iessantjust\/wp-content\/uploads\/usu366\/2023\/06\/Anem-de-300x75.png 300w, https:\/\/agora.xtec.cat\/iessantjust\/wp-content\/uploads\/usu366\/2023\/06\/Anem-de-768x192.png 768w, https:\/\/agora.xtec.cat\/iessantjust\/wp-content\/uploads\/usu366\/2023\/06\/Anem-de-1536x384.png 1536w, https:\/\/agora.xtec.cat\/iessantjust\/wp-content\/uploads\/usu366\/2023\/06\/Anem-de.png 1920w\" sizes=\"auto, (max-width: 1024px) 100vw, 1024px\" \/><\/a><\/figure>\n\n\n\n<figure class=\"wp-block-image size-large\"><a href=\"https:\/\/agora.xtec.cat\/iessantjust\/wp-content\/uploads\/usu366\/2024\/04\/colonies-2n.png\"><img loading=\"lazy\" decoding=\"async\" width=\"1024\" height=\"465\" src=\"https:\/\/agora.xtec.cat\/iessantjust\/wp-content\/uploads\/usu366\/2024\/04\/colonies-2n-1024x465.png\" alt=\"\" class=\"wp-image-2953\" srcset=\"https:\/\/agora.xtec.cat\/iessantjust\/wp-content\/uploads\/usu366\/2024\/04\/colonies-2n-1024x465.png 1024w, https:\/\/agora.xtec.cat\/iessantjust\/wp-content\/uploads\/usu366\/2024\/04\/colonies-2n-300x136.png 300w, https:\/\/agora.xtec.cat\/iessantjust\/wp-content\/uploads\/usu366\/2024\/04\/colonies-2n-768x349.png 768w, https:\/\/agora.xtec.cat\/iessantjust\/wp-content\/uploads\/usu366\/2024\/04\/colonies-2n-1536x697.png 1536w, https:\/\/agora.xtec.cat\/iessantjust\/wp-content\/uploads\/usu366\/2024\/04\/colonies-2n.png 1802w\" sizes=\"auto, (max-width: 1024px) 100vw, 1024px\" \/><\/a><\/figure>\n\n\n\n<h2 class=\"wp-block-heading\"><\/h2>\n\n\n\n<p>Clicant en aquest <a href=\"https:\/\/agora.xtec.cat\/iessantjust\/wp-content\/uploads\/usu366\/2024\/04\/Presentacio-TS-2n-ESO-23-24-FAMILIES.pptx.pdf\" target=\"_blank\" rel=\"noopener\">enlla\u00e7 podreu descarregar la presentaci\u00f3<\/a> per a les fam\u00edlies amb informaci\u00f3 per preparar les Col\u00f2nies a Vilanova de Sau.<\/p>\n\n\n\n<p>Clicant aqu\u00ed podeu veure l&#8217;<a href=\"https:\/\/agora.xtec.cat\/iessantjust\/eso\/colonies-2n-eso-2023-2024\/\">article<\/a> relacionat.<\/p>\n\n\n\n<p>A m\u00e9s, en aquest <a href=\"https:\/\/photos.app.goo.gl\/dWmkF7MkBD3aDQtTA\" target=\"_blank\" rel=\"noopener\">\u00e0lbum de Google Fotos<\/a> podreu anar veient les imatges que vagin compartint els professors acompanyants durant els dies que duri l\u2019activitat <img loading=\"lazy\" decoding=\"async\" class=\"alignnone wp-image-1355\" src=\"https:\/\/agora.xtec.cat\/iessantjust\/wp-content\/uploads\/usu366\/2023\/06\/Google_Photos_icon_2020-150x150.png\" sizes=\"auto, (max-width: 23px) 100vw, 23px\" srcset=\"https:\/\/agora.xtec.cat\/iessantjust\/wp-content\/uploads\/usu366\/2023\/06\/Google_Photos_icon_2020-150x150.png 150w, https:\/\/agora.xtec.cat\/iessantjust\/wp-content\/uploads\/usu366\/2023\/06\/Google_Photos_icon_2020-300x300.png 300w, https:\/\/agora.xtec.cat\/iessantjust\/wp-content\/uploads\/usu366\/2023\/06\/Google_Photos_icon_2020-1024x1024.png 1024w, https:\/\/agora.xtec.cat\/iessantjust\/wp-content\/uploads\/usu366\/2023\/06\/Google_Photos_icon_2020-768x768.png 768w, https:\/\/agora.xtec.cat\/iessantjust\/wp-content\/uploads\/usu366\/2023\/06\/Google_Photos_icon_2020.png 1280w\" alt=\"\" width=\"23\" height=\"23\">.<\/p>\n","protected":false},"excerpt":{"rendered":"<p>Clicant en aquest enlla\u00e7 podreu descarregar la presentaci\u00f3 per a les fam\u00edlies amb informaci\u00f3 per preparar les Col\u00f2nies a Vilanova de Sau. Clicant aqu\u00ed podeu veure l&#8217;article relacionat. A m\u00e9s, en aquest \u00e0lbum de Google Fotos podreu anar veient les imatges que vagin compartint els professors acompanyants durant els dies que duri l\u2019activitat .<\/p>\n","protected":false},"author":1,"featured_media":0,"parent":0,"menu_order":20,"comment_status":"closed","ping_status":"closed","template":"","meta":{"_bbp_topic_count":0,"_bbp_reply_count":0,"_bbp_total_topic_count":0,"_bbp_total_reply_count":0,"_bbp_voice_count":0,"_bbp_anonymous_reply_count":0,"_bbp_topic_count_hidden":0,"_bbp_reply_count_hidden":0,"_bbp_forum_subforum_count":0,"site-sidebar-layout":"default","site-content-layout":"","ast-site-content-layout":"default","site-content-style":"default","site-sidebar-style":"default","ast-global-header-display":"","ast-banner-title-visibility":"","ast-main-header-display":"","ast-hfb-above-header-display":"","ast-hfb-below-header-display":"","ast-hfb-mobile-header-display":"","site-post-title":"","ast-breadcrumbs-content":"","ast-featured-img":"","footer-sml-layout":"","theme-transparent-header-meta":"","adv-header-id-meta":"","stick-header-meta":"","header-above-stick-meta":"","header-main-stick-meta":"","header-below-stick-meta":"","astra-migrate-meta-layouts":"set","ast-page-background-enabled":"default","ast-page-background-meta":{"desktop":{"background-color":"var(--ast-global-color-4)","background-image":"","background-repeat":"repeat","background-position":"center center","background-size":"auto","background-attachment":"scroll","background-type":"","background-media":"","overlay-type":"","overlay-color":"","overlay-opacity":"","overlay-gradient":""},"tablet":{"background-color":"","background-image":"","background-repeat":"repeat","background-position":"center center","background-size":"auto","background-attachment":"scroll","background-type":"","background-media":"","overlay-type":"","overlay-color":"","overlay-opacity":"","overlay-gradient":""},"mobile":{"background-color":"","background-image":"","background-repeat":"repeat","background-position":"center center","background-size":"auto","background-attachment":"scroll","background-type":"","background-media":"","overlay-type":"","overlay-color":"","overlay-opacity":"","overlay-gradient":""}},"ast-content-background-meta":{"desktop":{"background-color":"var(--ast-global-color-5)","background-image":"","background-repeat":"repeat","background-position":"center center","background-size":"auto","background-attachment":"scroll","background-type":"","background-media":"","overlay-type":"","overlay-color":"","overlay-opacity":"","overlay-gradient":""},"tablet":{"background-color":"var(--ast-global-color-5)","background-image":"","background-repeat":"repeat","background-position":"center center","background-size":"auto","background-attachment":"scroll","background-type":"","background-media":"","overlay-type":"","overlay-color":"","overlay-opacity":"","overlay-gradient":""},"mobile":{"background-color":"var(--ast-global-color-5)","background-image":"","background-repeat":"repeat","background-position":"center center","background-size":"auto","background-attachment":"scroll","background-type":"","background-media":"","overlay-type":"","overlay-color":"","overlay-opacity":"","overlay-gradient":""}},"footnotes":""},"class_list":["post-2952","page","type-page","status-publish","hentry"],"post_mailing_queue_ids":[],"_links":{"self":[{"href":"https:\/\/agora.xtec.cat\/iessantjust\/wp-json\/wp\/v2\/pages\/2952","targetHints":{"allow":["GET"]}}],"collection":[{"href":"https:\/\/agora.xtec.cat\/iessantjust\/wp-json\/wp\/v2\/pages"}],"about":[{"href":"https:\/\/agora.xtec.cat\/iessantjust\/wp-json\/wp\/v2\/types\/page"}],"author":[{"embeddable":true,"href":"https:\/\/agora.xtec.cat\/iessantjust\/wp-json\/wp\/v2\/users\/1"}],"replies":[{"embeddable":true,"href":"https:\/\/agora.xtec.cat\/iessantjust\/wp-json\/wp\/v2\/comments?post=2952"}],"version-history":[{"count":6,"href":"https:\/\/agora.xtec.cat\/iessantjust\/wp-json\/wp\/v2\/pages\/2952\/revisions"}],"predecessor-version":[{"id":5263,"href":"https:\/\/agora.xtec.cat\/iessantjust\/wp-json\/wp\/v2\/pages\/2952\/revisions\/5263"}],"wp:attachment":[{"href":"https:\/\/agora.xtec.cat\/iessantjust\/wp-json\/wp\/v2\/media?parent=2952"}],"curies":[{"name":"wp","href":"https:\/\/api.w.org\/{rel}","templated":true}]}}