{"id":27,"date":"2014-09-17T16:24:03","date_gmt":"2014-09-17T16:24:03","guid":{"rendered":"http:\/\/agora.xtec.cat\/iessantjust\/?page_id=27"},"modified":"2025-09-23T11:37:04","modified_gmt":"2025-09-23T09:37:04","slug":"historia","status":"publish","type":"page","link":"https:\/\/agora.xtec.cat\/iessantjust\/linsti\/historia\/","title":{"rendered":"Qui som"},"content":{"rendered":"\n<p><span class=\"wixui-rich-text__text\" style=\"color: #ff9900;\">HIST\u00d2RIA<\/span><\/p>\n\n\n\n<p><span class=\"wixui-rich-text__text\">L\u2019Institut Sant Just va ser fundat el curs 1978 com Institut de Batxillerat en un entorn privilegiat, envoltats de natura, en un paratge tranquil que, m\u00e9s de quaranta anys despr\u00e9s, continua sent una marca de distinci\u00f3 del centre. Aquest Institut va n\u00e9ixer gr\u00e0cies a la voluntat del poble, que ha volgut sempre que els seus adolescents es formessin prop de l\u2019entorn familiar i amb les millors garanties per al seu futur. El seu Projecte Educatiu del Centre marca com a fita \u201cl\u2019establiment d\u2019una educaci\u00f3 integral en la qual, tant la vida estrictament acad\u00e8mica, com la relaci\u00f3 entre els companys, el professorat i tots els membres de la comunitat educativa, es basi en la llibertat, la toler\u00e0ncia i el respecte mutus\u201d. Des del curs 1996-97, amb la implantaci\u00f3 de la LOGSE, es va convertir en un Institut d\u2019Ensenyament Secundari, la qual cosa que va obligar a la construcci\u00f3 d\u2019un segon edifici, per allotjar el primer cicle de l\u2019ESO, que es va inaugurar el 1999.&nbsp;<\/span><span class=\"wixui-rich-text__text\">L\u2019exist\u00e8ncia d\u2019aquests dos edificis, aix\u00ed com l\u2019extens jard\u00ed situat al mig, d\u00f3na al centre un perfil diferenciat i de particular encant est\u00e8tic.<\/span><\/p>\n\n\n\n<p><span style=\"font-family: inherit; font-size: 1em;\">Ens plantegem l&#8217;educacio\u0301 com una tasca col\u00b7lectiva i d&#8217;equip, adrec\u0327ada al desenvolupament integral de l&#8217;alumnat. Per aquest motiu fem de l&#8217;accio\u0301 tutorial l&#8217;eix vertebrador del conjunt d&#8217;activitats que contribueixen a la formacio\u0301 integral del nostre alumnat, des de la dinamitzacio\u0301 del grup-classe i la coordinacio\u0301 de l&#8217;activitat educativa entre el professorat i les persones responsables de l&#8217;alumne\/a, a l&#8217;orientacio\u0301 acade\u0300mica, personal i professional de l&#8217;alumnat.<\/span><\/p>\n\n\n\n<p><span style=\"color: #ff9900;\">PROJECTE EDUCATIU<\/span><\/p>\n\n\n\n<p><a href=\"https:\/\/agora.xtec.cat\/iessantjust\/linsti\/projecte-educatiu\/\">Cliqueu aqu\u00ed<\/a><\/p>\n\n\n\n<p><span class=\"wixGuard wixui-rich-text__text\" style=\"color: #ff9900;\">EQUIP DIRECTIU 2022-2026<\/span><\/p>\n\n\n\n<p><span class=\"wixui-rich-text__text\">DIRECTOR: Jes\u00fas Margarit Varas<\/span><\/p>\n\n\n\n<p><span class=\"wixui-rich-text__text\">SECRET\u00c0RIA : Marta Jansana Borrajo<\/span><\/p>\n\n\n\n<p><span class=\"wixui-rich-text__text\">CAP D&#8217;ESTUDIS: Pilar Fuster Blasco<\/span><\/p>\n\n\n\n<p><span class=\"wixui-rich-text__text\">COORDINADORA PEDAG\u00d2GICA:  Montse Horta Gim\u00e9nez<\/span><\/p>\n\n\n\n<p><span style=\"color: #ff9900;\">ORGANIGRAMA<\/span>&nbsp;<a href=\"https:\/\/agora.xtec.cat\/iessantjust\/linsti\/organigrama\/\">(cliqueu per accedir-hi)<\/a><\/p>\n\n\n\n<p><span style=\"color: #ff9900;\">COORDINACIONS 2025-2026 \u00a0<\/span><a href=\"https:\/\/agora.xtec.cat\/iessantjust\/wp-content\/uploads\/usu366\/2025\/09\/Tutories-i-coordinacions-2025-2026.pdf\" data-type=\"attachment\" data-id=\"3259\" target=\"_blank\" rel=\"noreferrer noopener\">(cliqueu per descarregar)<\/a><\/p>\n\n\n\n<p><span style=\"color: #ff9900;\">INSTAL\u00b7LACIONS <\/span><span style=\"color: #ff9900;\"><a style=\"color: #ff9900;\" href=\"https:\/\/agora.xtec.cat\/iessantjust\/linsti\/instal%c2%b7lacions\/\">(cliqueu per accedir-hi)<\/a><\/span><\/p>\n","protected":false},"excerpt":{"rendered":"<p>HIST\u00d2RIA L\u2019Institut Sant Just va ser fundat el curs 1978 com Institut de Batxillerat en un entorn privilegiat, envoltats de natura, en un paratge tranquil que, m\u00e9s de quaranta anys despr\u00e9s, continua sent una marca de distinci\u00f3 del centre. Aquest Institut va n\u00e9ixer gr\u00e0cies a la voluntat del poble, que ha volgut sempre que els [&hellip;]<\/p>\n","protected":false},"author":1,"featured_media":0,"parent":834,"menu_order":20,"comment_status":"closed","ping_status":"closed","template":"","meta":{"_bbp_topic_count":0,"_bbp_reply_count":0,"_bbp_total_topic_count":0,"_bbp_total_reply_count":0,"_bbp_voice_count":0,"_bbp_anonymous_reply_count":0,"_bbp_topic_count_hidden":0,"_bbp_reply_count_hidden":0,"_bbp_forum_subforum_count":0,"site-sidebar-layout":"default","site-content-layout":"","ast-site-content-layout":"default","site-content-style":"default","site-sidebar-style":"default","ast-global-header-display":"","ast-banner-title-visibility":"","ast-main-header-display":"","ast-hfb-above-header-display":"","ast-hfb-below-header-display":"","ast-hfb-mobile-header-display":"","site-post-title":"","ast-breadcrumbs-content":"","ast-featured-img":"","footer-sml-layout":"","theme-transparent-header-meta":"","adv-header-id-meta":"","stick-header-meta":"","header-above-stick-meta":"","header-main-stick-meta":"","header-below-stick-meta":"","astra-migrate-meta-layouts":"set","ast-page-background-enabled":"default","ast-page-background-meta":{"desktop":{"background-color":"var(--ast-global-color-4)","background-image":"","background-repeat":"repeat","background-position":"center center","background-size":"auto","background-attachment":"scroll","background-type":"","background-media":"","overlay-type":"","overlay-color":"","overlay-opacity":"","overlay-gradient":""},"tablet":{"background-color":"","background-image":"","background-repeat":"repeat","background-position":"center center","background-size":"auto","background-attachment":"scroll","background-type":"","background-media":"","overlay-type":"","overlay-color":"","overlay-opacity":"","overlay-gradient":""},"mobile":{"background-color":"","background-image":"","background-repeat":"repeat","background-position":"center center","background-size":"auto","background-attachment":"scroll","background-type":"","background-media":"","overlay-type":"","overlay-color":"","overlay-opacity":"","overlay-gradient":""}},"ast-content-background-meta":{"desktop":{"background-color":"var(--ast-global-color-5)","background-image":"","background-repeat":"repeat","background-position":"center center","background-size":"auto","background-attachment":"scroll","background-type":"","background-media":"","overlay-type":"","overlay-color":"","overlay-opacity":"","overlay-gradient":""},"tablet":{"background-color":"var(--ast-global-color-5)","background-image":"","background-repeat":"repeat","background-position":"center center","background-size":"auto","background-attachment":"scroll","background-type":"","background-media":"","overlay-type":"","overlay-color":"","overlay-opacity":"","overlay-gradient":""},"mobile":{"background-color":"var(--ast-global-color-5)","background-image":"","background-repeat":"repeat","background-position":"center center","background-size":"auto","background-attachment":"scroll","background-type":"","background-media":"","overlay-type":"","overlay-color":"","overlay-opacity":"","overlay-gradient":""}},"footnotes":""},"class_list":["post-27","page","type-page","status-publish","hentry"],"post_mailing_queue_ids":[],"_links":{"self":[{"href":"https:\/\/agora.xtec.cat\/iessantjust\/wp-json\/wp\/v2\/pages\/27","targetHints":{"allow":["GET"]}}],"collection":[{"href":"https:\/\/agora.xtec.cat\/iessantjust\/wp-json\/wp\/v2\/pages"}],"about":[{"href":"https:\/\/agora.xtec.cat\/iessantjust\/wp-json\/wp\/v2\/types\/page"}],"author":[{"embeddable":true,"href":"https:\/\/agora.xtec.cat\/iessantjust\/wp-json\/wp\/v2\/users\/1"}],"replies":[{"embeddable":true,"href":"https:\/\/agora.xtec.cat\/iessantjust\/wp-json\/wp\/v2\/comments?post=27"}],"version-history":[{"count":6,"href":"https:\/\/agora.xtec.cat\/iessantjust\/wp-json\/wp\/v2\/pages\/27\/revisions"}],"predecessor-version":[{"id":5568,"href":"https:\/\/agora.xtec.cat\/iessantjust\/wp-json\/wp\/v2\/pages\/27\/revisions\/5568"}],"up":[{"embeddable":true,"href":"https:\/\/agora.xtec.cat\/iessantjust\/wp-json\/wp\/v2\/pages\/834"}],"wp:attachment":[{"href":"https:\/\/agora.xtec.cat\/iessantjust\/wp-json\/wp\/v2\/media?parent=27"}],"curies":[{"name":"wp","href":"https:\/\/api.w.org\/{rel}","templated":true}]}}