{"id":21,"date":"2023-05-03T21:14:14","date_gmt":"2023-05-03T19:14:14","guid":{"rendered":"http:\/\/agora.xtec.cat\/iessantjust\/?page_id=21"},"modified":"2025-04-12T20:05:18","modified_gmt":"2025-04-12T18:05:18","slug":"on-som","status":"publish","type":"page","link":"https:\/\/agora.xtec.cat\/iessantjust\/on-som\/","title":{"rendered":"On som"},"content":{"rendered":"\n<p><span style=\"color: #ff9900;\"><strong>Adre\u00e7a:<\/strong><\/span><\/p>\n\n\n\n<p>Passeig de la Muntanya 19<br>08960 Sant just Desvern<\/p>\n\n\n\n<p><strong><span style=\"color: #ff9900;\">Tel\u00e8fon:<\/span>&nbsp;<\/strong>93 371 50 50<\/p>\n\n\n\n<p>Marc horari escolar: de dilluns a divendres de 8.30 a 15.00<\/p>\n\n\n\n<p>Esbarjo: de 11.30 a 12.00<\/p>\n\n\n\n<p><span class=\"color_24 wixui-rich-text__text\">Horari atenci\u00f3 Secretaria Acad\u00e8mica:&nbsp;de dilluns a divendres de 9 a 12h.<\/span><\/p>\n\n\n\n<p>Horari d\u2019atenci\u00f3 AMPA: de dilluns a dijous de 11 a 14 hores.<\/p>\n\n\n\n<p><span style=\"color: #ff9900;\"><strong>Correus electr\u00f2nics de contacte:<\/strong><\/span><\/p>\n\n\n\n<ul class=\"wp-block-list\">\n<li><span style=\"font-size: medium;\">B\u00fastia General:&nbsp; <a data-content=\"iessantjust@xtec.cat\" href=\"mailto:iessantjust@xtec.cat\" data-type=\"mail\" target=\"_self\" rel=\"noopener noreferrer\"><span class=\"color_24\">iessantjust@xtec.cat<\/span><\/a> &nbsp; \/<\/span><span style=\"font-size: medium;\">&nbsp;&nbsp;<a href=\"a8033985@xtec.cat\">a8033985@xtec.cat<\/a><\/span><\/li>\n\n\n\n<li>Secretaria acad\u00e8mica:&nbsp;<span style=\"font-size: medium;\"> <a data-content=\"iessantjust@xtec.cat\" href=\"mailto:iessantjust@xtec.cat\" data-type=\"mail\" target=\"_self\" rel=\"noopener noreferrer\"><span class=\"color_24\">iessantjust@xtec.cat<\/span><\/a> &nbsp; \/<\/span><span style=\"font-size: medium;\">&nbsp;&nbsp;<a href=\"a8033985@xtec.cat\">a8033985@xtec.cat<\/a><\/span><\/li>\n\n\n\n<li>Secretaria econ\u00f2mica: <a href=\"mailto:secretaria@institutsantjust.cat\">secretaria@institutsantjust.cat<\/a><\/li>\n\n\n\n<li><p class=\"font_8 wixui-rich-text__text\"><span class=\"wixui-rich-text__text\"><span class=\"color_24 wixui-rich-text__text\">Correu AMPA: <a class=\"wixui-rich-text__text\" data-auto-recognition=\"true\" href=\"mailto:ampainssantjust@gmail.com\">ampainssantjust@gmail.com<\/a>\u00a0<\/span><\/span><\/p><\/li>\n<\/ul>\n\n\n\n<p><span style=\"color: #ff9900;\"><strong>Com arribar-hi:<\/strong><\/span><\/p>\n\n\n\n<ul class=\"wp-block-list\">\n<li>A peu o en cotxe: <a href=\"https:\/\/goo.gl\/maps\/X4rnvZqSHMYgoa759?coh=178573&amp;entry=tt\">Indicacions GPS<\/a><\/li>\n\n\n\n<li>Per Trambaix: L\u00ednea T3<\/li>\n\n\n\n<li>Per bus: L\u00ednies L10 (des de Sant Feliu de Llobregat) i E30 (des de Sant Joan desp\u00ed) JM i 63<\/li>\n<\/ul>\n\n\n\n<p><span style=\"color: #ff9900;\"><strong>Centres adscrits a l&#8217;institut:<\/strong><\/span><\/p>\n\n\n\n<ul class=\"wp-block-list\">\n<li>Escola Canig\u00f3, Sant Just Desvern<\/li>\n\n\n\n<li>Escola Montseny, Sant Just Desvern<\/li>\n\n\n\n<li>Escola Montserrat, Sant Just Desvern<\/li>\n\n\n\n<li>Institut Maria Aur\u00e8lia Capmany, Cornell\u00e0 (Batxillerat art\u00edstic)<\/li>\n<\/ul>\n","protected":false},"excerpt":{"rendered":"<p>Adre\u00e7a: Passeig de la Muntanya 1908960 Sant just Desvern Tel\u00e8fon:&nbsp;93 371 50 50 Marc horari escolar: de dilluns a divendres de 8.30 a 15.00 Esbarjo: de 11.30 a 12.00 Horari atenci\u00f3 Secretaria Acad\u00e8mica:&nbsp;de dilluns a divendres de 9 a 12h. Horari d\u2019atenci\u00f3 AMPA: de dilluns a dijous de 11 a 14 hores. Correus electr\u00f2nics de [&hellip;]<\/p>\n","protected":false},"author":1,"featured_media":0,"parent":0,"menu_order":10,"comment_status":"closed","ping_status":"closed","template":"","meta":{"_bbp_topic_count":0,"_bbp_reply_count":0,"_bbp_total_topic_count":0,"_bbp_total_reply_count":0,"_bbp_voice_count":0,"_bbp_anonymous_reply_count":0,"_bbp_topic_count_hidden":0,"_bbp_reply_count_hidden":0,"_bbp_forum_subforum_count":0,"site-sidebar-layout":"default","site-content-layout":"","ast-site-content-layout":"default","site-content-style":"default","site-sidebar-style":"default","ast-global-header-display":"","ast-banner-title-visibility":"","ast-main-header-display":"","ast-hfb-above-header-display":"","ast-hfb-below-header-display":"","ast-hfb-mobile-header-display":"","site-post-title":"","ast-breadcrumbs-content":"","ast-featured-img":"","footer-sml-layout":"","theme-transparent-header-meta":"","adv-header-id-meta":"","stick-header-meta":"","header-above-stick-meta":"","header-main-stick-meta":"","header-below-stick-meta":"","astra-migrate-meta-layouts":"set","ast-page-background-enabled":"default","ast-page-background-meta":{"desktop":{"background-color":"var(--ast-global-color-4)","background-image":"","background-repeat":"repeat","background-position":"center center","background-size":"auto","background-attachment":"scroll","background-type":"","background-media":"","overlay-type":"","overlay-color":"","overlay-opacity":"","overlay-gradient":""},"tablet":{"background-color":"","background-image":"","background-repeat":"repeat","background-position":"center center","background-size":"auto","background-attachment":"scroll","background-type":"","background-media":"","overlay-type":"","overlay-color":"","overlay-opacity":"","overlay-gradient":""},"mobile":{"background-color":"","background-image":"","background-repeat":"repeat","background-position":"center center","background-size":"auto","background-attachment":"scroll","background-type":"","background-media":"","overlay-type":"","overlay-color":"","overlay-opacity":"","overlay-gradient":""}},"ast-content-background-meta":{"desktop":{"background-color":"var(--ast-global-color-5)","background-image":"","background-repeat":"repeat","background-position":"center center","background-size":"auto","background-attachment":"scroll","background-type":"","background-media":"","overlay-type":"","overlay-color":"","overlay-opacity":"","overlay-gradient":""},"tablet":{"background-color":"var(--ast-global-color-5)","background-image":"","background-repeat":"repeat","background-position":"center center","background-size":"auto","background-attachment":"scroll","background-type":"","background-media":"","overlay-type":"","overlay-color":"","overlay-opacity":"","overlay-gradient":""},"mobile":{"background-color":"var(--ast-global-color-5)","background-image":"","background-repeat":"repeat","background-position":"center center","background-size":"auto","background-attachment":"scroll","background-type":"","background-media":"","overlay-type":"","overlay-color":"","overlay-opacity":"","overlay-gradient":""}},"footnotes":""},"class_list":["post-21","page","type-page","status-publish","hentry"],"post_mailing_queue_ids":[],"_links":{"self":[{"href":"https:\/\/agora.xtec.cat\/iessantjust\/wp-json\/wp\/v2\/pages\/21","targetHints":{"allow":["GET"]}}],"collection":[{"href":"https:\/\/agora.xtec.cat\/iessantjust\/wp-json\/wp\/v2\/pages"}],"about":[{"href":"https:\/\/agora.xtec.cat\/iessantjust\/wp-json\/wp\/v2\/types\/page"}],"author":[{"embeddable":true,"href":"https:\/\/agora.xtec.cat\/iessantjust\/wp-json\/wp\/v2\/users\/1"}],"replies":[{"embeddable":true,"href":"https:\/\/agora.xtec.cat\/iessantjust\/wp-json\/wp\/v2\/comments?post=21"}],"version-history":[{"count":5,"href":"https:\/\/agora.xtec.cat\/iessantjust\/wp-json\/wp\/v2\/pages\/21\/revisions"}],"predecessor-version":[{"id":4833,"href":"https:\/\/agora.xtec.cat\/iessantjust\/wp-json\/wp\/v2\/pages\/21\/revisions\/4833"}],"wp:attachment":[{"href":"https:\/\/agora.xtec.cat\/iessantjust\/wp-json\/wp\/v2\/media?parent=21"}],"curies":[{"name":"wp","href":"https:\/\/api.w.org\/{rel}","templated":true}]}}