{"id":195,"date":"2014-09-22T10:39:39","date_gmt":"2014-09-22T10:39:39","guid":{"rendered":"http:\/\/agora.xtec.cat\/iessantjust\/?page_id=195"},"modified":"2025-09-14T21:42:51","modified_gmt":"2025-09-14T19:42:51","slug":"estudis","status":"publish","type":"page","link":"https:\/\/agora.xtec.cat\/iessantjust\/linsti\/estudis\/","title":{"rendered":"Estudis"},"content":{"rendered":"\n<h2 class=\"wp-block-heading\"><\/h2>\n\n\n\n<p>OFERTA FORMATIVA: 1r, 2n, 3r i 4t ESO i 1r i 2n de Batxillerat d&#8217;Humanitats i ci\u00e8ncies socials i Cient\u00edfico-tecnol\u00f2gic.<\/p>\n\n\n\n<p>Dossier informatiu 1r i 2n d&#8217;ESO: <a href=\"https:\/\/agora.xtec.cat\/iessantjust\/wp-content\/uploads\/usu366\/2025\/09\/DOSSIER-1r-i-2n-ESO-25_26.pdf\" target=\"_blank\" rel=\"noreferrer noopener\">descarregar<\/a><\/p>\n\n\n\n<p>Dossier informatiu 3r i 4t d&#8217;ESO: <a href=\"https:\/\/agora.xtec.cat\/iessantjust\/wp-content\/uploads\/usu366\/2025\/09\/DOSSIER-3r-i-4t-ESO-25_26.pdf\" target=\"_blank\" rel=\"noreferrer noopener\">descarregar<\/a><\/p>\n\n\n\n<p>Dossier informatiu 1r i 2n de Batxillerat: <a href=\"https:\/\/agora.xtec.cat\/iessantjust\/wp-content\/uploads\/usu366\/2025\/09\/GUIA-DE-LESTUDIANT-BATXILLERAT-25_26.pdf\" target=\"_blank\" rel=\"noreferrer noopener\">descarregar<\/a><\/p>\n\n\n\n<p class=\"has-text-align-left\"><span style=\"color: #000000;\"><span style=\"color: #222222;\">Orientacions sobre els estudis post obligatoris aqu\u00ed:<\/span><span style=\"color: #222222;\">&nbsp;<\/span><a href=\"https:\/\/agora.xtec.cat\/iessantjust\/departaments\/orientacio\/\">Orientaci\u00f3 post ESO<\/a><\/span><\/p>\n\n\n\n<h2 class=\"wp-block-heading\"><\/h2>\n\n\n\n<p class=\"has-text-align-center\"><span style=\"color: #000000;\"><strong>HORES SETMANALS DE LES MAT\u00c8RIES QUE ES CURSEN A L&#8217;ESO<\/strong><\/span><\/p>\n\n\n\n<p><\/p>\n\n\n\n<figure class=\"wp-block-image alignleft size-full\"><a href=\"https:\/\/agora.xtec.cat\/iessantjust\/wp-content\/uploads\/usu366\/2025\/09\/curriculum-25-26.png\"><img loading=\"lazy\" decoding=\"async\" width=\"808\" height=\"904\" src=\"https:\/\/agora.xtec.cat\/iessantjust\/wp-content\/uploads\/usu366\/2025\/09\/curriculum-25-26.png\" alt=\"\" class=\"wp-image-5561\" style=\"object-fit:cover\" srcset=\"https:\/\/agora.xtec.cat\/iessantjust\/wp-content\/uploads\/usu366\/2025\/09\/curriculum-25-26.png 808w, https:\/\/agora.xtec.cat\/iessantjust\/wp-content\/uploads\/usu366\/2025\/09\/curriculum-25-26-268x300.png 268w, https:\/\/agora.xtec.cat\/iessantjust\/wp-content\/uploads\/usu366\/2025\/09\/curriculum-25-26-768x859.png 768w\" sizes=\"auto, (max-width: 808px) 100vw, 808px\" \/><\/a><\/figure>\n\n\n\n<figure class=\"wp-block-image alignleft size-full\"><a href=\"https:\/\/agora.xtec.cat\/iessantjust\/wp-content\/uploads\/usu366\/2025\/09\/curriculum-25-26-4t.png\"><img loading=\"lazy\" decoding=\"async\" width=\"658\" height=\"840\" src=\"https:\/\/agora.xtec.cat\/iessantjust\/wp-content\/uploads\/usu366\/2025\/09\/curriculum-25-26-4t.png\" alt=\"\" class=\"wp-image-5562\" style=\"object-fit:cover\" srcset=\"https:\/\/agora.xtec.cat\/iessantjust\/wp-content\/uploads\/usu366\/2025\/09\/curriculum-25-26-4t.png 658w, https:\/\/agora.xtec.cat\/iessantjust\/wp-content\/uploads\/usu366\/2025\/09\/curriculum-25-26-4t-235x300.png 235w\" sizes=\"auto, (max-width: 658px) 100vw, 658px\" \/><\/a><\/figure>\n","protected":false},"excerpt":{"rendered":"<p>OFERTA FORMATIVA: 1r, 2n, 3r i 4t ESO i 1r i 2n de Batxillerat d&#8217;Humanitats i ci\u00e8ncies socials i Cient\u00edfico-tecnol\u00f2gic. Dossier informatiu 1r i 2n d&#8217;ESO: descarregar Dossier informatiu 3r i 4t d&#8217;ESO: descarregar Dossier informatiu 1r i 2n de Batxillerat: descarregar Orientacions sobre els estudis post obligatoris aqu\u00ed:&nbsp;Orientaci\u00f3 post ESO HORES SETMANALS DE LES [&hellip;]<\/p>\n","protected":false},"author":1,"featured_media":0,"parent":834,"menu_order":40,"comment_status":"closed","ping_status":"closed","template":"","meta":{"_bbp_topic_count":0,"_bbp_reply_count":0,"_bbp_total_topic_count":0,"_bbp_total_reply_count":0,"_bbp_voice_count":0,"_bbp_anonymous_reply_count":0,"_bbp_topic_count_hidden":0,"_bbp_reply_count_hidden":0,"_bbp_forum_subforum_count":0,"site-sidebar-layout":"default","site-content-layout":"","ast-site-content-layout":"default","site-content-style":"default","site-sidebar-style":"default","ast-global-header-display":"","ast-banner-title-visibility":"","ast-main-header-display":"","ast-hfb-above-header-display":"","ast-hfb-below-header-display":"","ast-hfb-mobile-header-display":"","site-post-title":"","ast-breadcrumbs-content":"","ast-featured-img":"","footer-sml-layout":"","theme-transparent-header-meta":"","adv-header-id-meta":"","stick-header-meta":"","header-above-stick-meta":"","header-main-stick-meta":"","header-below-stick-meta":"","astra-migrate-meta-layouts":"set","ast-page-background-enabled":"default","ast-page-background-meta":{"desktop":{"background-color":"var(--ast-global-color-4)","background-image":"","background-repeat":"repeat","background-position":"center center","background-size":"auto","background-attachment":"scroll","background-type":"","background-media":"","overlay-type":"","overlay-color":"","overlay-opacity":"","overlay-gradient":""},"tablet":{"background-color":"","background-image":"","background-repeat":"repeat","background-position":"center center","background-size":"auto","background-attachment":"scroll","background-type":"","background-media":"","overlay-type":"","overlay-color":"","overlay-opacity":"","overlay-gradient":""},"mobile":{"background-color":"","background-image":"","background-repeat":"repeat","background-position":"center center","background-size":"auto","background-attachment":"scroll","background-type":"","background-media":"","overlay-type":"","overlay-color":"","overlay-opacity":"","overlay-gradient":""}},"ast-content-background-meta":{"desktop":{"background-color":"var(--ast-global-color-5)","background-image":"","background-repeat":"repeat","background-position":"center center","background-size":"auto","background-attachment":"scroll","background-type":"","background-media":"","overlay-type":"","overlay-color":"","overlay-opacity":"","overlay-gradient":""},"tablet":{"background-color":"var(--ast-global-color-5)","background-image":"","background-repeat":"repeat","background-position":"center center","background-size":"auto","background-attachment":"scroll","background-type":"","background-media":"","overlay-type":"","overlay-color":"","overlay-opacity":"","overlay-gradient":""},"mobile":{"background-color":"var(--ast-global-color-5)","background-image":"","background-repeat":"repeat","background-position":"center center","background-size":"auto","background-attachment":"scroll","background-type":"","background-media":"","overlay-type":"","overlay-color":"","overlay-opacity":"","overlay-gradient":""}},"footnotes":""},"class_list":["post-195","page","type-page","status-publish","hentry"],"post_mailing_queue_ids":[],"_links":{"self":[{"href":"https:\/\/agora.xtec.cat\/iessantjust\/wp-json\/wp\/v2\/pages\/195","targetHints":{"allow":["GET"]}}],"collection":[{"href":"https:\/\/agora.xtec.cat\/iessantjust\/wp-json\/wp\/v2\/pages"}],"about":[{"href":"https:\/\/agora.xtec.cat\/iessantjust\/wp-json\/wp\/v2\/types\/page"}],"author":[{"embeddable":true,"href":"https:\/\/agora.xtec.cat\/iessantjust\/wp-json\/wp\/v2\/users\/1"}],"replies":[{"embeddable":true,"href":"https:\/\/agora.xtec.cat\/iessantjust\/wp-json\/wp\/v2\/comments?post=195"}],"version-history":[{"count":6,"href":"https:\/\/agora.xtec.cat\/iessantjust\/wp-json\/wp\/v2\/pages\/195\/revisions"}],"predecessor-version":[{"id":5566,"href":"https:\/\/agora.xtec.cat\/iessantjust\/wp-json\/wp\/v2\/pages\/195\/revisions\/5566"}],"up":[{"embeddable":true,"href":"https:\/\/agora.xtec.cat\/iessantjust\/wp-json\/wp\/v2\/pages\/834"}],"wp:attachment":[{"href":"https:\/\/agora.xtec.cat\/iessantjust\/wp-json\/wp\/v2\/media?parent=195"}],"curies":[{"name":"wp","href":"https:\/\/api.w.org\/{rel}","templated":true}]}}