{"id":1911,"date":"2023-06-28T13:04:13","date_gmt":"2023-06-28T11:04:13","guid":{"rendered":"https:\/\/agora.xtec.cat\/iessantjust\/?page_id=1911"},"modified":"2025-04-12T22:23:54","modified_gmt":"2025-04-12T20:23:54","slug":"nadal-2","status":"publish","type":"page","link":"https:\/\/agora.xtec.cat\/iessantjust\/nadal-2\/","title":{"rendered":"Nadal"},"content":{"rendered":"\n<figure class=\"wp-block-image size-large\"><a href=\"https:\/\/agora.xtec.cat\/iessantjust\/wp-content\/uploads\/usu366\/2023\/06\/banners-NADAL.png\"><img loading=\"lazy\" decoding=\"async\" width=\"1024\" height=\"256\" src=\"https:\/\/agora.xtec.cat\/iessantjust\/wp-content\/uploads\/usu366\/2023\/06\/banners-NADAL-1024x256.png\" alt=\"\" class=\"wp-image-1926\" srcset=\"https:\/\/agora.xtec.cat\/iessantjust\/wp-content\/uploads\/usu366\/2023\/06\/banners-NADAL-1024x256.png 1024w, https:\/\/agora.xtec.cat\/iessantjust\/wp-content\/uploads\/usu366\/2023\/06\/banners-NADAL-300x75.png 300w, https:\/\/agora.xtec.cat\/iessantjust\/wp-content\/uploads\/usu366\/2023\/06\/banners-NADAL-768x192.png 768w, https:\/\/agora.xtec.cat\/iessantjust\/wp-content\/uploads\/usu366\/2023\/06\/banners-NADAL-1536x384.png 1536w, https:\/\/agora.xtec.cat\/iessantjust\/wp-content\/uploads\/usu366\/2023\/06\/banners-NADAL.png 1920w\" sizes=\"auto, (max-width: 1024px) 100vw, 1024px\" \/><\/a><\/figure>\n\n\n\n<h2 class=\"wp-block-heading\"><\/h2>\n\n\n\n<p>2024: Bon Nadal, fam\u00edlies! Aquest any hem tornat a fer manualitats personalitzades individuals, per a que els alumnes les puguin dur a casa. Tamb\u00e9 podeu gaudir de la <a href=\"https:\/\/drive.google.com\/file\/d\/1aDLo1Chvn3yFIhyThXCJovAHjavVEDq0\/view?usp=share_link\" target=\"_blank\" rel=\"noreferrer noopener\">videfelicitaci\u00f3 de 1r ESO D<\/a> i de les postals que han fet els nostres alumnes <a href=\"https:\/\/agora.xtec.cat\/iessantjust\/portada\/bones-festes-ins-de-sant-just-desvern\/\" data-type=\"post\" data-id=\"3431\" target=\"_blank\" rel=\"noreferrer noopener\">aqu\u00ed<\/a>.<\/p>\n\n\n\n<hr class=\"wp-block-separator has-alpha-channel-opacity\"\/>\n\n\n\n<h2 class=\"wp-block-heading\"><\/h2>\n\n\n\n<p>2023: Bones festes, fam\u00edlies! Alguns grups d\u2019alumnes han gravat una felicitaci\u00f3 de Nadal per a la comunitat educativa. Podeu veure-les clicant a l\u2019enlla\u00e7 de cada grup-classe.<\/p>\n\n\n\n<p><a href=\"https:\/\/agora.xtec.cat\/iessantjust\/eso\/videofelicitacions-de-nadal\/\" data-type=\"link\" data-id=\"https:\/\/drive.google.com\/drive\/folders\/1QXS31TkqTrjv4j_-DC1S6u4K3b3fFHaW?usp=share_link\" target=\"_blank\" rel=\"noreferrer noopener\">Videofelicitacions<\/a><\/p>\n\n\n\n<p>A m\u00e9s, alguns alumnes han fet un concert que ha servit per entretenir-nos i mostrar el seu art. Us deixem aqu\u00ed un petit <a href=\"https:\/\/drive.google.com\/file\/d\/1_R7uL_LXrrkrjNAlFeqGgIzIPrTdoRRe\/view?usp=share_link\" target=\"_blank\" rel=\"noopener\">video<\/a> de mostra.<\/p>\n\n\n\n<hr class=\"wp-block-separator has-alpha-channel-opacity\"\/>\n\n\n\n<h2 class=\"wp-block-heading\"><\/h2>\n\n\n\n<p>2022: El passat 21 de desembre vam gaudir de la festa de Nadal 2022. L&#8217;alumnat va poder realitzar tallers a l&#8217;aula i, despr\u00e9s, participar en una gimcana organitzada per professorat i alumnat de 4t d&#8217;ESO i 1r de Batxillerat. Qui ho va preferir, va poder participar del torneig 3&#215;3 de b\u00e0squet. El dia va acabar amb un partit amist\u00f3s de b\u00e0squet entre un equip d&#8217;alumnes i un altre de professors.<\/p>\n\n\n\n<p>Podeu veure les fotografies de la diada a l&#8217;\u00e0lbum de Google Photos <a href=\"https:\/\/photos.app.goo.gl\/PU7wkc5EAtDCqM1j9\" target=\"_blank\" rel=\"noopener\"><img loading=\"lazy\" decoding=\"async\" class=\"alignnone wp-image-1355\" src=\"https:\/\/agora.xtec.cat\/iessantjust\/wp-content\/uploads\/usu366\/2023\/06\/Google_Photos_icon_2020-150x150.png\" alt=\"\" width=\"38\" height=\"38\" srcset=\"https:\/\/agora.xtec.cat\/iessantjust\/wp-content\/uploads\/usu366\/2023\/06\/Google_Photos_icon_2020-150x150.png 150w, https:\/\/agora.xtec.cat\/iessantjust\/wp-content\/uploads\/usu366\/2023\/06\/Google_Photos_icon_2020-300x300.png 300w, https:\/\/agora.xtec.cat\/iessantjust\/wp-content\/uploads\/usu366\/2023\/06\/Google_Photos_icon_2020-1024x1024.png 1024w, https:\/\/agora.xtec.cat\/iessantjust\/wp-content\/uploads\/usu366\/2023\/06\/Google_Photos_icon_2020-768x768.png 768w, https:\/\/agora.xtec.cat\/iessantjust\/wp-content\/uploads\/usu366\/2023\/06\/Google_Photos_icon_2020.png 1280w\" sizes=\"auto, (max-width: 38px) 100vw, 38px\" \/><\/a><\/p>\n","protected":false},"excerpt":{"rendered":"<p>2024: Bon Nadal, fam\u00edlies! Aquest any hem tornat a fer manualitats personalitzades individuals, per a que els alumnes les puguin dur a casa. Tamb\u00e9 podeu gaudir de la videfelicitaci\u00f3 de 1r ESO D i de les postals que han fet els nostres alumnes aqu\u00ed. 2023: Bones festes, fam\u00edlies! Alguns grups d\u2019alumnes han gravat una felicitaci\u00f3 [&hellip;]<\/p>\n","protected":false},"author":1,"featured_media":0,"parent":0,"menu_order":0,"comment_status":"closed","ping_status":"closed","template":"","meta":{"_bbp_topic_count":0,"_bbp_reply_count":0,"_bbp_total_topic_count":0,"_bbp_total_reply_count":0,"_bbp_voice_count":0,"_bbp_anonymous_reply_count":0,"_bbp_topic_count_hidden":0,"_bbp_reply_count_hidden":0,"_bbp_forum_subforum_count":0,"site-sidebar-layout":"default","site-content-layout":"","ast-site-content-layout":"default","site-content-style":"default","site-sidebar-style":"default","ast-global-header-display":"","ast-banner-title-visibility":"","ast-main-header-display":"","ast-hfb-above-header-display":"","ast-hfb-below-header-display":"","ast-hfb-mobile-header-display":"","site-post-title":"","ast-breadcrumbs-content":"","ast-featured-img":"","footer-sml-layout":"","theme-transparent-header-meta":"","adv-header-id-meta":"","stick-header-meta":"","header-above-stick-meta":"","header-main-stick-meta":"","header-below-stick-meta":"","astra-migrate-meta-layouts":"set","ast-page-background-enabled":"default","ast-page-background-meta":{"desktop":{"background-color":"var(--ast-global-color-4)","background-image":"","background-repeat":"repeat","background-position":"center center","background-size":"auto","background-attachment":"scroll","background-type":"","background-media":"","overlay-type":"","overlay-color":"","overlay-opacity":"","overlay-gradient":""},"tablet":{"background-color":"","background-image":"","background-repeat":"repeat","background-position":"center center","background-size":"auto","background-attachment":"scroll","background-type":"","background-media":"","overlay-type":"","overlay-color":"","overlay-opacity":"","overlay-gradient":""},"mobile":{"background-color":"","background-image":"","background-repeat":"repeat","background-position":"center center","background-size":"auto","background-attachment":"scroll","background-type":"","background-media":"","overlay-type":"","overlay-color":"","overlay-opacity":"","overlay-gradient":""}},"ast-content-background-meta":{"desktop":{"background-color":"var(--ast-global-color-5)","background-image":"","background-repeat":"repeat","background-position":"center center","background-size":"auto","background-attachment":"scroll","background-type":"","background-media":"","overlay-type":"","overlay-color":"","overlay-opacity":"","overlay-gradient":""},"tablet":{"background-color":"var(--ast-global-color-5)","background-image":"","background-repeat":"repeat","background-position":"center center","background-size":"auto","background-attachment":"scroll","background-type":"","background-media":"","overlay-type":"","overlay-color":"","overlay-opacity":"","overlay-gradient":""},"mobile":{"background-color":"var(--ast-global-color-5)","background-image":"","background-repeat":"repeat","background-position":"center center","background-size":"auto","background-attachment":"scroll","background-type":"","background-media":"","overlay-type":"","overlay-color":"","overlay-opacity":"","overlay-gradient":""}},"footnotes":""},"class_list":["post-1911","page","type-page","status-publish","hentry"],"post_mailing_queue_ids":[],"_links":{"self":[{"href":"https:\/\/agora.xtec.cat\/iessantjust\/wp-json\/wp\/v2\/pages\/1911","targetHints":{"allow":["GET"]}}],"collection":[{"href":"https:\/\/agora.xtec.cat\/iessantjust\/wp-json\/wp\/v2\/pages"}],"about":[{"href":"https:\/\/agora.xtec.cat\/iessantjust\/wp-json\/wp\/v2\/types\/page"}],"author":[{"embeddable":true,"href":"https:\/\/agora.xtec.cat\/iessantjust\/wp-json\/wp\/v2\/users\/1"}],"replies":[{"embeddable":true,"href":"https:\/\/agora.xtec.cat\/iessantjust\/wp-json\/wp\/v2\/comments?post=1911"}],"version-history":[{"count":6,"href":"https:\/\/agora.xtec.cat\/iessantjust\/wp-json\/wp\/v2\/pages\/1911\/revisions"}],"predecessor-version":[{"id":4852,"href":"https:\/\/agora.xtec.cat\/iessantjust\/wp-json\/wp\/v2\/pages\/1911\/revisions\/4852"}],"wp:attachment":[{"href":"https:\/\/agora.xtec.cat\/iessantjust\/wp-json\/wp\/v2\/media?parent=1911"}],"curies":[{"name":"wp","href":"https:\/\/api.w.org\/{rel}","templated":true}]}}