{"id":1909,"date":"2023-06-28T12:57:24","date_gmt":"2023-06-28T10:57:24","guid":{"rendered":"https:\/\/agora.xtec.cat\/iessantjust\/?page_id=1909"},"modified":"2025-04-12T22:47:50","modified_gmt":"2025-04-12T20:47:50","slug":"sant-jordi-2","status":"publish","type":"page","link":"https:\/\/agora.xtec.cat\/iessantjust\/sant-jordi-2\/","title":{"rendered":"Sant Jordi"},"content":{"rendered":"\n<figure class=\"wp-block-image size-large\"><a href=\"https:\/\/agora.xtec.cat\/iessantjust\/wp-content\/uploads\/usu366\/2023\/06\/banners-jordi-e1687970704551.png\"><img loading=\"lazy\" decoding=\"async\" width=\"1024\" height=\"256\" src=\"https:\/\/agora.xtec.cat\/iessantjust\/wp-content\/uploads\/usu366\/2023\/06\/banners-jordi-e1687970704551-1024x256.png\" alt=\"\" class=\"wp-image-1923\" srcset=\"https:\/\/agora.xtec.cat\/iessantjust\/wp-content\/uploads\/usu366\/2023\/06\/banners-jordi-e1687970704551-1024x256.png 1024w, https:\/\/agora.xtec.cat\/iessantjust\/wp-content\/uploads\/usu366\/2023\/06\/banners-jordi-e1687970704551-300x75.png 300w, https:\/\/agora.xtec.cat\/iessantjust\/wp-content\/uploads\/usu366\/2023\/06\/banners-jordi-e1687970704551-768x192.png 768w, https:\/\/agora.xtec.cat\/iessantjust\/wp-content\/uploads\/usu366\/2023\/06\/banners-jordi-e1687970704551-1536x384.png 1536w, https:\/\/agora.xtec.cat\/iessantjust\/wp-content\/uploads\/usu366\/2023\/06\/banners-jordi-e1687970704551.png 1920w\" sizes=\"auto, (max-width: 1024px) 100vw, 1024px\" \/><\/a><\/figure>\n\n\n\n<h2 class=\"wp-block-heading\"><\/h2>\n\n\n\n<p>2024: Aquest any hem celebrat Sant Jordi a l\u2019Institut de moltes maneres diferents. Els alumnes han fet manualitats, com punts de llibres i roses, han fet tallers i proves esportives, han fet m\u00fasica, han comprat i venut roses i han guanyat premis. Un b\u00e9 de D\u00e9u d\u2019activitats que han fet d\u2019aquesta Diada una jornada d\u2019art i cultura per compartir i gaudir en companyonia.<\/p>\n\n\n\n<p>Podeu llegir l&#8217;article <a href=\"https:\/\/agora.xtec.cat\/iessantjust\/eso\/diada-de-sant-jordi-2024\/\">aqu\u00ed.<\/a><\/p>\n\n\n\n<p>Podeu veure un bon recull de fotografies i v\u00eddeos dels tallers, les manualitats, els esports, les actuacions musicals i les entregues de premis en aquest <a href=\"https:\/\/photos.app.goo.gl\/cDc1wNwXiphFqQio8\" target=\"_blank\" rel=\"noopener\">\u00e0lbum de Google Fotos <img loading=\"lazy\" decoding=\"async\" class=\"alignnone wp-image-1355\" src=\"https:\/\/agora.xtec.cat\/iessantjust\/wp-content\/uploads\/usu366\/2023\/06\/Google_Photos_icon_2020-150x150.png\" sizes=\"auto, (max-width: 25px) 100vw, 25px\" srcset=\"https:\/\/agora.xtec.cat\/iessantjust\/wp-content\/uploads\/usu366\/2023\/06\/Google_Photos_icon_2020-150x150.png 150w, https:\/\/agora.xtec.cat\/iessantjust\/wp-content\/uploads\/usu366\/2023\/06\/Google_Photos_icon_2020-300x300.png 300w, https:\/\/agora.xtec.cat\/iessantjust\/wp-content\/uploads\/usu366\/2023\/06\/Google_Photos_icon_2020-1024x1024.png 1024w, https:\/\/agora.xtec.cat\/iessantjust\/wp-content\/uploads\/usu366\/2023\/06\/Google_Photos_icon_2020-768x768.png 768w, https:\/\/agora.xtec.cat\/iessantjust\/wp-content\/uploads\/usu366\/2023\/06\/Google_Photos_icon_2020.png 1280w\" alt=\"\" width=\"25\" height=\"25\">.<\/a><\/p>\n\n\n\n<hr class=\"wp-block-separator has-text-color has-black-color has-alpha-channel-opacity has-black-background-color has-background\"\/>\n\n\n\n<p>2023: La Diada de Sant Jordi 2023 va estar plena d&#8217;activitats i tallers preparats pel professorat del centre. Hi va haver estampaci\u00f3 de samarretes, 3&#215;3 de b\u00e0squet, torneig de futbol 7, slime, elaboraci\u00f3 de roses de paper&#8230; Per acabar l&#8217;acte, es va fer entrega dels premis del <span style=\"color: #ff9900;\"><a href=\"#concurs\">certamen literari<\/a><\/span>, del concurs de fotografia matem\u00e0tica i del concurs de dibuix del departament de Visual i pl\u00e0stica. Tamb\u00e9 vam poder gaudir d&#8217;unes actuacions musicals d&#8217;alumnes de 4t d&#8217;ESO acompanyats pel professor de m\u00fasica, el Carles Quesada. Podeu veure les fotografies de la diada a l&#8217;\u00e0lbum de Google Photos <a href=\"https:\/\/photos.google.com\/u\/9\/share\/AF1QipMDHHC4P8K_qkY8M7ZdQT7gOOPfzniWCksAUk1gm8ZjQUjhtrm677nHkt0JZz4jXQ?pli=1&amp;key=TnZGSVVSSWdrSFdJZ1BJaFZMbVZ2am9wSU15ZXFn\" target=\"_blank\" rel=\"noopener\"><img loading=\"lazy\" decoding=\"async\" width=\"30\" height=\"30\" class=\"alignnone wp-image-1355\" src=\"https:\/\/agora.xtec.cat\/iessantjust\/wp-content\/uploads\/usu366\/2023\/06\/Google_Photos_icon_2020-150x150.png\" alt=\"\" srcset=\"https:\/\/agora.xtec.cat\/iessantjust\/wp-content\/uploads\/usu366\/2023\/06\/Google_Photos_icon_2020-150x150.png 150w, https:\/\/agora.xtec.cat\/iessantjust\/wp-content\/uploads\/usu366\/2023\/06\/Google_Photos_icon_2020-300x300.png 300w, https:\/\/agora.xtec.cat\/iessantjust\/wp-content\/uploads\/usu366\/2023\/06\/Google_Photos_icon_2020-1024x1024.png 1024w, https:\/\/agora.xtec.cat\/iessantjust\/wp-content\/uploads\/usu366\/2023\/06\/Google_Photos_icon_2020-768x768.png 768w, https:\/\/agora.xtec.cat\/iessantjust\/wp-content\/uploads\/usu366\/2023\/06\/Google_Photos_icon_2020.png 1280w\" sizes=\"auto, (max-width: 30px) 100vw, 30px\" \/><\/a><\/p>\n\n\n\n<p><a id=\"concurs\"><\/a><strong>Activitat Concurs literari 2023<\/strong><\/p>\n\n\n\n<p>Festejant Sant Jordi 23<\/p>\n\n\n\n<p>De nou, un curs m\u00e9s, i pels volts de Sant Jordi apareix i sorgeix de l\u2019interior, de la part m\u00e9s rec\u00f2ndita del pensament d\u2019aquests joves (que, d\u2019entrada, comenten que s\u00f3n incapa\u00e7os, que no en saben, ni de fer poemes ni de crear hist\u00f2ries) un munt de reflexions, de sentiments de sensacions, de preocupacions, de frustracions o simplement de meditacions\u2026 i ens sorprenen i ens il\u00b7lustren amb tot all\u00f2 que diuen i com ho diuen!!<\/p>\n\n\n\n<p>Continueu escrivint i no defalliu\u2026 Enhorabona a tothom per la vostra col\u00b7laboraci\u00f3 i participaci\u00f3!&nbsp; I enhorabona, esclar, a tots aquests\/es que heu rebut un merescut premi!<\/p>\n\n\n\n<p>Premis Sant Jordi<\/p>\n\n\n\n<figure class=\"wp-block-image\"><img decoding=\"async\" src=\"https:\/\/lh4.googleusercontent.com\/Sk-Mvc-46fqPLiWp3lnLjCNL5y2ehEd4FiVULdXY4wpWNgkfjLIR_q1KLpSx0mfHbQhMIBskvE3hWOJIgOU4cZ5qoKQUFertnV6vCBDnVSNKemFjdchFFaYh-3SkIyc2R3FzWyIk0oGfob5mjcSn1kA\" alt=\"\"\/><\/figure>\n\n\n\n<p><\/p>\n","protected":false},"excerpt":{"rendered":"<p>2024: Aquest any hem celebrat Sant Jordi a l\u2019Institut de moltes maneres diferents. Els alumnes han fet manualitats, com punts de llibres i roses, han fet tallers i proves esportives, han fet m\u00fasica, han comprat i venut roses i han guanyat premis. Un b\u00e9 de D\u00e9u d\u2019activitats que han fet d\u2019aquesta Diada una jornada d\u2019art [&hellip;]<\/p>\n","protected":false},"author":1,"featured_media":0,"parent":0,"menu_order":0,"comment_status":"closed","ping_status":"closed","template":"","meta":{"_bbp_topic_count":0,"_bbp_reply_count":0,"_bbp_total_topic_count":0,"_bbp_total_reply_count":0,"_bbp_voice_count":0,"_bbp_anonymous_reply_count":0,"_bbp_topic_count_hidden":0,"_bbp_reply_count_hidden":0,"_bbp_forum_subforum_count":0,"site-sidebar-layout":"default","site-content-layout":"","ast-site-content-layout":"default","site-content-style":"default","site-sidebar-style":"default","ast-global-header-display":"","ast-banner-title-visibility":"","ast-main-header-display":"","ast-hfb-above-header-display":"","ast-hfb-below-header-display":"","ast-hfb-mobile-header-display":"","site-post-title":"","ast-breadcrumbs-content":"","ast-featured-img":"","footer-sml-layout":"","theme-transparent-header-meta":"","adv-header-id-meta":"","stick-header-meta":"","header-above-stick-meta":"","header-main-stick-meta":"","header-below-stick-meta":"","astra-migrate-meta-layouts":"set","ast-page-background-enabled":"default","ast-page-background-meta":{"desktop":{"background-color":"var(--ast-global-color-4)","background-image":"","background-repeat":"repeat","background-position":"center center","background-size":"auto","background-attachment":"scroll","background-type":"","background-media":"","overlay-type":"","overlay-color":"","overlay-opacity":"","overlay-gradient":""},"tablet":{"background-color":"","background-image":"","background-repeat":"repeat","background-position":"center center","background-size":"auto","background-attachment":"scroll","background-type":"","background-media":"","overlay-type":"","overlay-color":"","overlay-opacity":"","overlay-gradient":""},"mobile":{"background-color":"","background-image":"","background-repeat":"repeat","background-position":"center center","background-size":"auto","background-attachment":"scroll","background-type":"","background-media":"","overlay-type":"","overlay-color":"","overlay-opacity":"","overlay-gradient":""}},"ast-content-background-meta":{"desktop":{"background-color":"var(--ast-global-color-5)","background-image":"","background-repeat":"repeat","background-position":"center center","background-size":"auto","background-attachment":"scroll","background-type":"","background-media":"","overlay-type":"","overlay-color":"","overlay-opacity":"","overlay-gradient":""},"tablet":{"background-color":"var(--ast-global-color-5)","background-image":"","background-repeat":"repeat","background-position":"center center","background-size":"auto","background-attachment":"scroll","background-type":"","background-media":"","overlay-type":"","overlay-color":"","overlay-opacity":"","overlay-gradient":""},"mobile":{"background-color":"var(--ast-global-color-5)","background-image":"","background-repeat":"repeat","background-position":"center center","background-size":"auto","background-attachment":"scroll","background-type":"","background-media":"","overlay-type":"","overlay-color":"","overlay-opacity":"","overlay-gradient":""}},"footnotes":""},"class_list":["post-1909","page","type-page","status-publish","hentry"],"post_mailing_queue_ids":[],"_links":{"self":[{"href":"https:\/\/agora.xtec.cat\/iessantjust\/wp-json\/wp\/v2\/pages\/1909","targetHints":{"allow":["GET"]}}],"collection":[{"href":"https:\/\/agora.xtec.cat\/iessantjust\/wp-json\/wp\/v2\/pages"}],"about":[{"href":"https:\/\/agora.xtec.cat\/iessantjust\/wp-json\/wp\/v2\/types\/page"}],"author":[{"embeddable":true,"href":"https:\/\/agora.xtec.cat\/iessantjust\/wp-json\/wp\/v2\/users\/1"}],"replies":[{"embeddable":true,"href":"https:\/\/agora.xtec.cat\/iessantjust\/wp-json\/wp\/v2\/comments?post=1909"}],"version-history":[{"count":6,"href":"https:\/\/agora.xtec.cat\/iessantjust\/wp-json\/wp\/v2\/pages\/1909\/revisions"}],"predecessor-version":[{"id":4867,"href":"https:\/\/agora.xtec.cat\/iessantjust\/wp-json\/wp\/v2\/pages\/1909\/revisions\/4867"}],"wp:attachment":[{"href":"https:\/\/agora.xtec.cat\/iessantjust\/wp-json\/wp\/v2\/media?parent=1909"}],"curies":[{"name":"wp","href":"https:\/\/api.w.org\/{rel}","templated":true}]}}