{"id":1874,"date":"2023-06-23T18:38:33","date_gmt":"2023-06-23T16:38:33","guid":{"rendered":"https:\/\/agora.xtec.cat\/iessantjust\/?page_id=1874"},"modified":"2025-06-10T11:17:16","modified_gmt":"2025-06-10T09:17:16","slug":"salut-i-escola","status":"publish","type":"page","link":"https:\/\/agora.xtec.cat\/iessantjust\/salut-i-escola\/","title":{"rendered":"Salut i escola"},"content":{"rendered":"\n<figure class=\"wp-block-image size-large\"><a href=\"https:\/\/agora.xtec.cat\/iessantjust\/wp-content\/uploads\/usu366\/2025\/06\/salut-i-escola-1.png\"><img loading=\"lazy\" decoding=\"async\" width=\"1024\" height=\"256\" src=\"https:\/\/agora.xtec.cat\/iessantjust\/wp-content\/uploads\/usu366\/2025\/06\/salut-i-escola-1-1024x256.png\" alt=\"\" class=\"wp-image-5350\" srcset=\"https:\/\/agora.xtec.cat\/iessantjust\/wp-content\/uploads\/usu366\/2025\/06\/salut-i-escola-1-1024x256.png 1024w, https:\/\/agora.xtec.cat\/iessantjust\/wp-content\/uploads\/usu366\/2025\/06\/salut-i-escola-1-300x75.png 300w, https:\/\/agora.xtec.cat\/iessantjust\/wp-content\/uploads\/usu366\/2025\/06\/salut-i-escola-1-768x192.png 768w, https:\/\/agora.xtec.cat\/iessantjust\/wp-content\/uploads\/usu366\/2025\/06\/salut-i-escola-1-1536x384.png 1536w, https:\/\/agora.xtec.cat\/iessantjust\/wp-content\/uploads\/usu366\/2025\/06\/salut-i-escola-1.png 1920w\" sizes=\"auto, (max-width: 1024px) 100vw, 1024px\" \/><\/a><\/figure>\n\n\n\n<h2 class=\"wp-block-heading\"><\/h2>\n\n\n\n<p>Al nostre centre comptem amb el servei&nbsp;<b>\u201cSalut i escola: Consulta oberta\u201d<\/b>.<span class=\"gmail-Apple-converted-space\">&nbsp;<\/span><\/p>\n\n\n\n<p>Aquest servei est\u00e0 adre\u00e7at a l\u2019alumnat de 3r i 4t d\u2019ESO, tot i que est\u00e0 obert als altres cursos. El seu objectiu \u00e9s que l\u2019alumnat pugui fer consultes de tot tipus relacionades amb el tema de la salut de manera confidencial.<span class=\"gmail-Apple-converted-space\">&nbsp;<\/span><\/p>\n\n\n\n<p>La nostra infermera de refer\u00e8ncia del CAP de Sant Just \u00e9s Nat\u00e0lia Areste. Les atencions es fan durant dos dimecres al mes d\u201911.30 a 13.00 hores.<\/p>\n\n\n\n<h2 class=\"wp-block-heading\"><\/h2>\n\n\n\n<p>Les visites programades per al curs 2024-2025 son les seg\u00fcents:<\/p>\n\n\n\n<figure class=\"wp-block-table\"><table><tbody><tr><td colspan=\"4\"><strong>VISITES CONSULTA OBERTA CURS 24-25 &#8211; INS SANT JUST DESVERN<\/strong><\/td><\/tr><tr><td><strong>OCTUBRE 2024<\/strong><\/td><td><strong>NOVEMBRE 2024<\/strong><\/td><td><strong>DESEMBRE 2024<\/strong><\/td><td><strong>GENER 2025<\/strong><\/td><\/tr><tr><td>16\/10\/2024<\/td><td>13\/11\/2024<\/td><td>4\/12\/2024<\/td><td>15\/01\/2025<\/td><\/tr><tr><td>30\/10\/2024<\/td><td>27\/11\/2024<\/td><td>18\/12\/2024<\/td><td>29\/01\/2025<\/td><\/tr><tr><td><strong>FEBRER 2025<\/strong><\/td><td><strong>MAR\u00c7 2025<\/strong><\/td><td><strong>ABRIL 2025<\/strong><\/td><td><strong>MAIG 2025<\/strong><\/td><\/tr><tr><td>12\/02\/2025<\/td><td>12\/03\/2025<\/td><td>09\/04\/2025<\/td><td>07\/05\/2025<\/td><\/tr><tr><td>26\/02\/2025<\/td><td>26\/03\/2025<\/td><td>30\/04\/2025<\/td><td>21\/05\/2025<\/td><\/tr><\/tbody><\/table><\/figure>\n\n\n\n<p>Aquest curs seguim comptant amb l&#8217;assessorament d\u2019una psic\u00f2loga i una nutricionista comunit\u00e0ria, amb la possibilitat de la realitzaci\u00f3 de tallers al centre.<\/p>\n","protected":false},"excerpt":{"rendered":"<p>Al nostre centre comptem amb el servei&nbsp;\u201cSalut i escola: Consulta oberta\u201d.&nbsp; Aquest servei est\u00e0 adre\u00e7at a l\u2019alumnat de 3r i 4t d\u2019ESO, tot i que est\u00e0 obert als altres cursos. El seu objectiu \u00e9s que l\u2019alumnat pugui fer consultes de tot tipus relacionades amb el tema de la salut de manera confidencial.&nbsp; La nostra infermera [&hellip;]<\/p>\n","protected":false},"author":1,"featured_media":0,"parent":0,"menu_order":80,"comment_status":"closed","ping_status":"closed","template":"","meta":{"_bbp_topic_count":0,"_bbp_reply_count":0,"_bbp_total_topic_count":0,"_bbp_total_reply_count":0,"_bbp_voice_count":0,"_bbp_anonymous_reply_count":0,"_bbp_topic_count_hidden":0,"_bbp_reply_count_hidden":0,"_bbp_forum_subforum_count":0,"site-sidebar-layout":"default","site-content-layout":"","ast-site-content-layout":"default","site-content-style":"default","site-sidebar-style":"default","ast-global-header-display":"","ast-banner-title-visibility":"","ast-main-header-display":"","ast-hfb-above-header-display":"","ast-hfb-below-header-display":"","ast-hfb-mobile-header-display":"","site-post-title":"","ast-breadcrumbs-content":"","ast-featured-img":"","footer-sml-layout":"","theme-transparent-header-meta":"","adv-header-id-meta":"","stick-header-meta":"","header-above-stick-meta":"","header-main-stick-meta":"","header-below-stick-meta":"","astra-migrate-meta-layouts":"set","ast-page-background-enabled":"default","ast-page-background-meta":{"desktop":{"background-color":"var(--ast-global-color-4)","background-image":"","background-repeat":"repeat","background-position":"center center","background-size":"auto","background-attachment":"scroll","background-type":"","background-media":"","overlay-type":"","overlay-color":"","overlay-opacity":"","overlay-gradient":""},"tablet":{"background-color":"","background-image":"","background-repeat":"repeat","background-position":"center center","background-size":"auto","background-attachment":"scroll","background-type":"","background-media":"","overlay-type":"","overlay-color":"","overlay-opacity":"","overlay-gradient":""},"mobile":{"background-color":"","background-image":"","background-repeat":"repeat","background-position":"center center","background-size":"auto","background-attachment":"scroll","background-type":"","background-media":"","overlay-type":"","overlay-color":"","overlay-opacity":"","overlay-gradient":""}},"ast-content-background-meta":{"desktop":{"background-color":"var(--ast-global-color-5)","background-image":"","background-repeat":"repeat","background-position":"center center","background-size":"auto","background-attachment":"scroll","background-type":"","background-media":"","overlay-type":"","overlay-color":"","overlay-opacity":"","overlay-gradient":""},"tablet":{"background-color":"var(--ast-global-color-5)","background-image":"","background-repeat":"repeat","background-position":"center center","background-size":"auto","background-attachment":"scroll","background-type":"","background-media":"","overlay-type":"","overlay-color":"","overlay-opacity":"","overlay-gradient":""},"mobile":{"background-color":"var(--ast-global-color-5)","background-image":"","background-repeat":"repeat","background-position":"center center","background-size":"auto","background-attachment":"scroll","background-type":"","background-media":"","overlay-type":"","overlay-color":"","overlay-opacity":"","overlay-gradient":""}},"footnotes":""},"class_list":["post-1874","page","type-page","status-publish","hentry"],"post_mailing_queue_ids":[],"_links":{"self":[{"href":"https:\/\/agora.xtec.cat\/iessantjust\/wp-json\/wp\/v2\/pages\/1874","targetHints":{"allow":["GET"]}}],"collection":[{"href":"https:\/\/agora.xtec.cat\/iessantjust\/wp-json\/wp\/v2\/pages"}],"about":[{"href":"https:\/\/agora.xtec.cat\/iessantjust\/wp-json\/wp\/v2\/types\/page"}],"author":[{"embeddable":true,"href":"https:\/\/agora.xtec.cat\/iessantjust\/wp-json\/wp\/v2\/users\/1"}],"replies":[{"embeddable":true,"href":"https:\/\/agora.xtec.cat\/iessantjust\/wp-json\/wp\/v2\/comments?post=1874"}],"version-history":[{"count":6,"href":"https:\/\/agora.xtec.cat\/iessantjust\/wp-json\/wp\/v2\/pages\/1874\/revisions"}],"predecessor-version":[{"id":5351,"href":"https:\/\/agora.xtec.cat\/iessantjust\/wp-json\/wp\/v2\/pages\/1874\/revisions\/5351"}],"wp:attachment":[{"href":"https:\/\/agora.xtec.cat\/iessantjust\/wp-json\/wp\/v2\/media?parent=1874"}],"curies":[{"name":"wp","href":"https:\/\/api.w.org\/{rel}","templated":true}]}}