{"id":1747,"date":"2023-06-22T23:03:39","date_gmt":"2023-06-22T21:03:39","guid":{"rendered":"https:\/\/agora.xtec.cat\/iessantjust\/?page_id=1747"},"modified":"2026-02-18T18:23:42","modified_gmt":"2026-02-18T17:23:42","slug":"llibres-de-text","status":"publish","type":"page","link":"https:\/\/agora.xtec.cat\/iessantjust\/organitzacio\/llibres-de-text\/","title":{"rendered":"Llibres de text 25-26"},"content":{"rendered":"\n<p><\/p>\n\n\n\n<figure class=\"wp-block-image size-large\"><a href=\"https:\/\/agora.xtec.cat\/iessantjust\/wp-content\/uploads\/usu366\/2023\/06\/2.png\"><img loading=\"lazy\" decoding=\"async\" width=\"1024\" height=\"256\" src=\"https:\/\/agora.xtec.cat\/iessantjust\/wp-content\/uploads\/usu366\/2023\/06\/2-1024x256.png\" alt=\"\" class=\"wp-image-1751\" srcset=\"https:\/\/agora.xtec.cat\/iessantjust\/wp-content\/uploads\/usu366\/2023\/06\/2-1024x256.png 1024w, https:\/\/agora.xtec.cat\/iessantjust\/wp-content\/uploads\/usu366\/2023\/06\/2-300x75.png 300w, https:\/\/agora.xtec.cat\/iessantjust\/wp-content\/uploads\/usu366\/2023\/06\/2-768x192.png 768w, https:\/\/agora.xtec.cat\/iessantjust\/wp-content\/uploads\/usu366\/2023\/06\/2-1536x384.png 1536w, https:\/\/agora.xtec.cat\/iessantjust\/wp-content\/uploads\/usu366\/2023\/06\/2.png 1920w\" sizes=\"auto, (max-width: 1024px) 100vw, 1024px\" \/><\/a><\/figure>\n\n\n\n<p><em>Darrera versi\u00f3 dels llistats: <\/em> <em>12 de juny de 2025.<\/em><\/p>\n\n\n\n<div class=\"wp-block-columns is-layout-flex wp-container-core-columns-is-layout-1 wp-block-columns-is-layout-flex\">\n<div class=\"wp-block-column is-layout-flow wp-block-column-is-layout-flow\">\n<div class=\"wp-block-file\"><a id=\"wp-block-file--media-95cf22f2-379d-45b6-9893-4b2853eba119\" href=\"https:\/\/agora.xtec.cat\/iessantjust\/wp-content\/uploads\/usu366\/2025\/06\/LLIBRES-1r-ESO-25-26-St-Just.pdf\">LLIBRES 1r ESO 25-26 St Just<\/a><a href=\"https:\/\/agora.xtec.cat\/iessantjust\/wp-content\/uploads\/usu366\/2025\/06\/LLIBRES-1r-ESO-25-26-St-Just.pdf\" class=\"wp-block-file__button wp-element-button\" download aria-describedby=\"wp-block-file--media-95cf22f2-379d-45b6-9893-4b2853eba119\">Baixa<\/a><\/div>\n\n\n\n<div class=\"wp-block-file\"><a id=\"wp-block-file--media-da16c708-01f0-44b1-bdd5-c9f034633b8b\" href=\"https:\/\/agora.xtec.cat\/iessantjust\/wp-content\/uploads\/usu366\/2025\/06\/LLIBRES-2n-ESO-25-26-St-Just.pdf\">LLIBRES 2n ESO 25-26 St Just<\/a><a href=\"https:\/\/agora.xtec.cat\/iessantjust\/wp-content\/uploads\/usu366\/2025\/06\/LLIBRES-2n-ESO-25-26-St-Just.pdf\" class=\"wp-block-file__button wp-element-button\" download aria-describedby=\"wp-block-file--media-da16c708-01f0-44b1-bdd5-c9f034633b8b\">Baixa<\/a><\/div>\n\n\n\n<div class=\"wp-block-file\"><a id=\"wp-block-file--media-1dcd3f7e-258b-44e5-8f46-247efecf9860\" href=\"https:\/\/agora.xtec.cat\/iessantjust\/wp-content\/uploads\/usu366\/2025\/06\/LLIBRES-3r-ESO-25-26-St-Just.pdf\">LLIBRES 3r ESO 25- 26 St Just<\/a><a href=\"https:\/\/agora.xtec.cat\/iessantjust\/wp-content\/uploads\/usu366\/2025\/06\/LLIBRES-3r-ESO-25-26-St-Just.pdf\" class=\"wp-block-file__button wp-element-button\" download aria-describedby=\"wp-block-file--media-1dcd3f7e-258b-44e5-8f46-247efecf9860\">Baixa<\/a><\/div>\n\n\n\n<div class=\"wp-block-file\"><a id=\"wp-block-file--media-70c29284-2adc-4da8-9f1c-dd192be4f6f1\" href=\"https:\/\/agora.xtec.cat\/iessantjust\/wp-content\/uploads\/usu366\/2025\/06\/LLIBRES-4t-ESO-25-26-St-Just.pdf\">LLIBRES 4t ESO 25 -26 St Just<\/a><a href=\"https:\/\/agora.xtec.cat\/iessantjust\/wp-content\/uploads\/usu366\/2025\/06\/LLIBRES-4t-ESO-25-26-St-Just.pdf\" class=\"wp-block-file__button wp-element-button\" download aria-describedby=\"wp-block-file--media-70c29284-2adc-4da8-9f1c-dd192be4f6f1\">Baixa<\/a><\/div>\n\n\n\n<div class=\"wp-block-file\"><a id=\"wp-block-file--media-80d8bbcf-00f8-49b3-a96a-ea2754210792\" href=\"https:\/\/agora.xtec.cat\/iessantjust\/wp-content\/uploads\/usu366\/2025\/06\/LLIBRES-1r-BATXILLERAT-25-26-St-Just.pdf\">LLIBRES 1r BATXILLERAT 25-26 St Just<\/a><a href=\"https:\/\/agora.xtec.cat\/iessantjust\/wp-content\/uploads\/usu366\/2025\/06\/LLIBRES-1r-BATXILLERAT-25-26-St-Just.pdf\" class=\"wp-block-file__button wp-element-button\" download aria-describedby=\"wp-block-file--media-80d8bbcf-00f8-49b3-a96a-ea2754210792\">Baixa<\/a><\/div>\n\n\n\n<div class=\"wp-block-file\"><a id=\"wp-block-file--media-1a7023d9-eab6-4ea4-b5b1-96eb81b29801\" href=\"https:\/\/agora.xtec.cat\/iessantjust\/wp-content\/uploads\/usu366\/2025\/06\/LLIBRES-2n-BATXILLERAT-25-26-St-Just.pdf\">LLIBRES 2n BATXILLERAT 25- 26 St Just<\/a><a href=\"https:\/\/agora.xtec.cat\/iessantjust\/wp-content\/uploads\/usu366\/2025\/06\/LLIBRES-2n-BATXILLERAT-25-26-St-Just.pdf\" class=\"wp-block-file__button wp-element-button\" download aria-describedby=\"wp-block-file--media-1a7023d9-eab6-4ea4-b5b1-96eb81b29801\">Baixa<\/a><\/div>\n<\/div>\n\n\n\n<div class=\"wp-block-column is-layout-flow wp-block-column-is-layout-flow\"><\/div>\n<\/div>\n\n\n\n<p>Per informaci\u00f3 sobre la plataforma Iddink, podeu clicar <a href=\"https:\/\/agora.xtec.cat\/iessantjust\/portada\/informacions-iddink\/\">aqu\u00ed<\/a> (curs 25-26) i <a href=\"https:\/\/agora.xtec.cat\/iessantjust\/portada\/informacions-iddink-2026-2027\/\">aqu\u00ed<\/a> (curs 26-27).<\/p>\n","protected":false},"excerpt":{"rendered":"<p>Darrera versi\u00f3 dels llistats: 12 de juny de 2025. Per informaci\u00f3 sobre la plataforma Iddink, podeu clicar aqu\u00ed (curs 25-26) i aqu\u00ed (curs 26-27).<\/p>\n","protected":false},"author":1,"featured_media":0,"parent":1742,"menu_order":10,"comment_status":"closed","ping_status":"closed","template":"","meta":{"_bbp_topic_count":0,"_bbp_reply_count":0,"_bbp_total_topic_count":0,"_bbp_total_reply_count":0,"_bbp_voice_count":0,"_bbp_anonymous_reply_count":0,"_bbp_topic_count_hidden":0,"_bbp_reply_count_hidden":0,"_bbp_forum_subforum_count":0,"site-sidebar-layout":"default","site-content-layout":"","ast-site-content-layout":"default","site-content-style":"default","site-sidebar-style":"default","ast-global-header-display":"","ast-banner-title-visibility":"","ast-main-header-display":"","ast-hfb-above-header-display":"","ast-hfb-below-header-display":"","ast-hfb-mobile-header-display":"","site-post-title":"","ast-breadcrumbs-content":"","ast-featured-img":"","footer-sml-layout":"","theme-transparent-header-meta":"","adv-header-id-meta":"","stick-header-meta":"","header-above-stick-meta":"","header-main-stick-meta":"","header-below-stick-meta":"","astra-migrate-meta-layouts":"set","ast-page-background-enabled":"default","ast-page-background-meta":{"desktop":{"background-color":"var(--ast-global-color-4)","background-image":"","background-repeat":"repeat","background-position":"center center","background-size":"auto","background-attachment":"scroll","background-type":"","background-media":"","overlay-type":"","overlay-color":"","overlay-opacity":"","overlay-gradient":""},"tablet":{"background-color":"","background-image":"","background-repeat":"repeat","background-position":"center center","background-size":"auto","background-attachment":"scroll","background-type":"","background-media":"","overlay-type":"","overlay-color":"","overlay-opacity":"","overlay-gradient":""},"mobile":{"background-color":"","background-image":"","background-repeat":"repeat","background-position":"center center","background-size":"auto","background-attachment":"scroll","background-type":"","background-media":"","overlay-type":"","overlay-color":"","overlay-opacity":"","overlay-gradient":""}},"ast-content-background-meta":{"desktop":{"background-color":"var(--ast-global-color-5)","background-image":"","background-repeat":"repeat","background-position":"center center","background-size":"auto","background-attachment":"scroll","background-type":"","background-media":"","overlay-type":"","overlay-color":"","overlay-opacity":"","overlay-gradient":""},"tablet":{"background-color":"var(--ast-global-color-5)","background-image":"","background-repeat":"repeat","background-position":"center center","background-size":"auto","background-attachment":"scroll","background-type":"","background-media":"","overlay-type":"","overlay-color":"","overlay-opacity":"","overlay-gradient":""},"mobile":{"background-color":"var(--ast-global-color-5)","background-image":"","background-repeat":"repeat","background-position":"center center","background-size":"auto","background-attachment":"scroll","background-type":"","background-media":"","overlay-type":"","overlay-color":"","overlay-opacity":"","overlay-gradient":""}},"footnotes":""},"class_list":["post-1747","page","type-page","status-publish","hentry"],"post_mailing_queue_ids":[],"_links":{"self":[{"href":"https:\/\/agora.xtec.cat\/iessantjust\/wp-json\/wp\/v2\/pages\/1747","targetHints":{"allow":["GET"]}}],"collection":[{"href":"https:\/\/agora.xtec.cat\/iessantjust\/wp-json\/wp\/v2\/pages"}],"about":[{"href":"https:\/\/agora.xtec.cat\/iessantjust\/wp-json\/wp\/v2\/types\/page"}],"author":[{"embeddable":true,"href":"https:\/\/agora.xtec.cat\/iessantjust\/wp-json\/wp\/v2\/users\/1"}],"replies":[{"embeddable":true,"href":"https:\/\/agora.xtec.cat\/iessantjust\/wp-json\/wp\/v2\/comments?post=1747"}],"version-history":[{"count":6,"href":"https:\/\/agora.xtec.cat\/iessantjust\/wp-json\/wp\/v2\/pages\/1747\/revisions"}],"predecessor-version":[{"id":5832,"href":"https:\/\/agora.xtec.cat\/iessantjust\/wp-json\/wp\/v2\/pages\/1747\/revisions\/5832"}],"up":[{"embeddable":true,"href":"https:\/\/agora.xtec.cat\/iessantjust\/wp-json\/wp\/v2\/pages\/1742"}],"wp:attachment":[{"href":"https:\/\/agora.xtec.cat\/iessantjust\/wp-json\/wp\/v2\/media?parent=1747"}],"curies":[{"name":"wp","href":"https:\/\/api.w.org\/{rel}","templated":true}]}}