{"id":1100,"date":"2023-05-30T22:49:15","date_gmt":"2023-05-30T20:49:15","guid":{"rendered":"https:\/\/agora.xtec.cat\/iessantjust\/?page_id=1100"},"modified":"2025-05-06T09:26:10","modified_gmt":"2025-05-06T07:26:10","slug":"sollicitud-de-titol","status":"publish","type":"page","link":"https:\/\/agora.xtec.cat\/iessantjust\/secretaria\/certificats\/sollicitud-de-titol\/","title":{"rendered":"T\u00edtols acad\u00e8mics"},"content":{"rendered":"\n<p><b>Sol\u00b7licitud de t\u00edtol<\/b>:<\/p>\n\n\n\n<ul class=\"wp-block-list\">\n<li><mark style=\"background-color:rgba(0, 0, 0, 0)\" class=\"has-inline-color has-ast-global-color-1-color\"><strong>T\u00edtol de l\u2019ESO<\/strong><\/mark><\/li>\n<\/ul>\n\n\n\n<p>El t\u00edtol de Graduat d\u2019ESO \u00e9s gratu\u00eft; no cal fer cap gesti\u00f3, ja que la Secretaria Acad\u00e8mica del centre el demana directament.<\/p>\n\n\n\n<p><b>Procediment per sol\u00b7licitar el t\u00edtol<\/b>:<\/p>\n\n\n\n<ul class=\"wp-block-list\">\n<li><mark style=\"background-color:rgba(0, 0, 0, 0)\" class=\"has-inline-color has-ast-global-color-1-color\"><strong>T\u00edtol de Batxiller<\/strong><\/mark><\/li>\n<\/ul>\n\n\n\n<p><strong>A partir del 5 de maig de 2025, els t\u00edtols de batxiller es tramiten online<\/strong>. S&#8217;ha d&#8217;accedir amb IDCat M\u00f2bil o amb Certificat Digital. At\u00e8s que aquests t\u00edtols corresponen a ensenyaments no obligatoris, la seva tramitaci\u00f3 no \u00e9s d\u2019ofici sin\u00f3 que \u00e9s el propi alumne qui ha de sol\u00b7licitar el seu t\u00edtol des del tr\u00e0mit espec\u00edfic:\u00a0<\/p>\n\n\n\n<p class=\"has-text-align-center\"><a href=\"https:\/\/web.gencat.cat\/ca\/tramits\/tramits-temes\/titols-academics-no-universitaris?category=742b7874-a82c-11e3-a972-000c29052e2c\"><\/a><strong><a href=\"https:\/\/web.gencat.cat\/ca\/tramits\/tramits-temes\/titols-academics-no-universitaris?category=742b7874-a82c-11e3-a972-000c29052e2c\">Tramitaci\u00f3 de t\u00edtols acad\u00e8mics i professionals no universitaris<\/a><\/strong><\/p>\n\n\n\n<p>A efectes administratius, el resguard de la tramitaci\u00f3 del t\u00edtol t\u00e9 el mateix valor que el t\u00edtol.&nbsp; Cal conservar-lo per poder recollir el t\u00edtol un cop arribi al centre.<\/p>\n\n\n\n<ul class=\"wp-block-list\">\n<li><b>Taxes<\/b><\/li>\n<\/ul>\n\n\n\n<p>Trobareu les taxes ordin\u00e0ries vigents dels t\u00edtols <a href=\"https:\/\/educacio.gencat.cat\/ca\/departament\/normativa\/taxes-preus-publics\/taxes\/\">aqu\u00ed<\/a>.<\/p>\n\n\n\n<ul class=\"wp-block-list\">\n<li><b>Exempcions i bonificacions<\/b><\/li>\n<\/ul>\n\n\n\n<figure class=\"wp-block-table\"><table><tbody><tr><td>Bonificaci\u00f3 50%<\/td><td>Fam\u00edlia nombrosa categoria general\n<p>Fam\u00edlia monoparental<\/p>\n<\/td><\/tr><tr><td>Exempci\u00f3<\/td><td>Fam\u00edlia nombrosa categoria especial\n<p>V\u00edctimes de terrorisme<\/p>\n<p>Discapacitat igual o superior al 33%<\/p>\n<p>Infants o adolescents en acolliment familiar<\/p>\n<\/td><\/tr><\/tbody><\/table><figcaption class=\"wp-element-caption\">Cal justificar amb el document corresponent.<\/figcaption><\/figure>\n\n\n\n<p><b>Recollida del t\u00edtol<\/b><\/p>\n\n\n\n<p>Per recollir el t\u00edtol cal dur la seg\u00fcent documentaci\u00f3:<\/p>\n\n\n\n<ol class=\"wp-block-list\">\n<li>Original del DNI o NIE<\/li>\n\n\n\n<li>Resguard del t\u00edtol<\/li>\n<\/ol>\n\n\n\n<p>Si no pots venir personalment la persona que vingui a recollir-lo haur\u00e0 de portar la seg\u00fcent documentaci\u00f3:<\/p>\n\n\n\n<ol class=\"wp-block-list\">\n<li>Autoritzaci\u00f3&nbsp;signada per l\u2019alumne\/a, on consti el seu nom, cognom i DNI\/NIE i el de la persona autoritzada a recollir-lo. (Els t\u00edtols s\u00f3n nominals i, per aquest motiu, el pare\/mare\/o tutor\/a legal de l\u2019alumne\/a tamb\u00e9 ha de portar l\u2019autoritzaci\u00f3 per poder recollir el t\u00edtol)<\/li>\n\n\n\n<li>Fotoc\u00f2pia del DNI o NIE de l\u2019alumne\/a<\/li>\n\n\n\n<li>Original i fotoc\u00f2pia del DNI o NIE de la persona autoritzada<\/li>\n\n\n\n<li>Resguard del t\u00edtol<\/li>\n<\/ol>\n","protected":false},"excerpt":{"rendered":"<p>Sol\u00b7licitud de t\u00edtol: El t\u00edtol de Graduat d\u2019ESO \u00e9s gratu\u00eft; no cal fer cap gesti\u00f3, ja que la Secretaria Acad\u00e8mica del centre el demana directament. Procediment per sol\u00b7licitar el t\u00edtol: A partir del 5 de maig de 2025, els t\u00edtols de batxiller es tramiten online. S&#8217;ha d&#8217;accedir amb IDCat M\u00f2bil o amb Certificat Digital. At\u00e8s [&hellip;]<\/p>\n","protected":false},"author":1,"featured_media":0,"parent":1021,"menu_order":0,"comment_status":"closed","ping_status":"closed","template":"","meta":{"_bbp_topic_count":0,"_bbp_reply_count":0,"_bbp_total_topic_count":0,"_bbp_total_reply_count":0,"_bbp_voice_count":0,"_bbp_anonymous_reply_count":0,"_bbp_topic_count_hidden":0,"_bbp_reply_count_hidden":0,"_bbp_forum_subforum_count":0,"site-sidebar-layout":"default","site-content-layout":"","ast-site-content-layout":"default","site-content-style":"default","site-sidebar-style":"default","ast-global-header-display":"","ast-banner-title-visibility":"","ast-main-header-display":"","ast-hfb-above-header-display":"","ast-hfb-below-header-display":"","ast-hfb-mobile-header-display":"","site-post-title":"","ast-breadcrumbs-content":"","ast-featured-img":"","footer-sml-layout":"","theme-transparent-header-meta":"","adv-header-id-meta":"","stick-header-meta":"","header-above-stick-meta":"","header-main-stick-meta":"","header-below-stick-meta":"","astra-migrate-meta-layouts":"set","ast-page-background-enabled":"default","ast-page-background-meta":{"desktop":{"background-color":"var(--ast-global-color-4)","background-image":"","background-repeat":"repeat","background-position":"center center","background-size":"auto","background-attachment":"scroll","background-type":"","background-media":"","overlay-type":"","overlay-color":"","overlay-opacity":"","overlay-gradient":""},"tablet":{"background-color":"","background-image":"","background-repeat":"repeat","background-position":"center center","background-size":"auto","background-attachment":"scroll","background-type":"","background-media":"","overlay-type":"","overlay-color":"","overlay-opacity":"","overlay-gradient":""},"mobile":{"background-color":"","background-image":"","background-repeat":"repeat","background-position":"center center","background-size":"auto","background-attachment":"scroll","background-type":"","background-media":"","overlay-type":"","overlay-color":"","overlay-opacity":"","overlay-gradient":""}},"ast-content-background-meta":{"desktop":{"background-color":"var(--ast-global-color-5)","background-image":"","background-repeat":"repeat","background-position":"center center","background-size":"auto","background-attachment":"scroll","background-type":"","background-media":"","overlay-type":"","overlay-color":"","overlay-opacity":"","overlay-gradient":""},"tablet":{"background-color":"var(--ast-global-color-5)","background-image":"","background-repeat":"repeat","background-position":"center center","background-size":"auto","background-attachment":"scroll","background-type":"","background-media":"","overlay-type":"","overlay-color":"","overlay-opacity":"","overlay-gradient":""},"mobile":{"background-color":"var(--ast-global-color-5)","background-image":"","background-repeat":"repeat","background-position":"center center","background-size":"auto","background-attachment":"scroll","background-type":"","background-media":"","overlay-type":"","overlay-color":"","overlay-opacity":"","overlay-gradient":""}},"footnotes":""},"class_list":["post-1100","page","type-page","status-publish","hentry"],"post_mailing_queue_ids":[],"_links":{"self":[{"href":"https:\/\/agora.xtec.cat\/iessantjust\/wp-json\/wp\/v2\/pages\/1100","targetHints":{"allow":["GET"]}}],"collection":[{"href":"https:\/\/agora.xtec.cat\/iessantjust\/wp-json\/wp\/v2\/pages"}],"about":[{"href":"https:\/\/agora.xtec.cat\/iessantjust\/wp-json\/wp\/v2\/types\/page"}],"author":[{"embeddable":true,"href":"https:\/\/agora.xtec.cat\/iessantjust\/wp-json\/wp\/v2\/users\/1"}],"replies":[{"embeddable":true,"href":"https:\/\/agora.xtec.cat\/iessantjust\/wp-json\/wp\/v2\/comments?post=1100"}],"version-history":[{"count":6,"href":"https:\/\/agora.xtec.cat\/iessantjust\/wp-json\/wp\/v2\/pages\/1100\/revisions"}],"predecessor-version":[{"id":5144,"href":"https:\/\/agora.xtec.cat\/iessantjust\/wp-json\/wp\/v2\/pages\/1100\/revisions\/5144"}],"up":[{"embeddable":true,"href":"https:\/\/agora.xtec.cat\/iessantjust\/wp-json\/wp\/v2\/pages\/1021"}],"wp:attachment":[{"href":"https:\/\/agora.xtec.cat\/iessantjust\/wp-json\/wp\/v2\/media?parent=1100"}],"curies":[{"name":"wp","href":"https:\/\/api.w.org\/{rel}","templated":true}]}}