{"id":1097,"date":"2023-05-30T22:48:00","date_gmt":"2023-05-30T20:48:00","guid":{"rendered":"https:\/\/agora.xtec.cat\/iessantjust\/?page_id=1097"},"modified":"2025-03-27T10:42:52","modified_gmt":"2025-03-27T09:42:52","slug":"certificat-de-catala","status":"publish","type":"page","link":"https:\/\/agora.xtec.cat\/iessantjust\/secretaria\/certificats\/certificat-de-catala\/","title":{"rendered":"Certificat de Catal\u00e0"},"content":{"rendered":"\n<p><strong>Sol\u00b7licitud de certificat nivell de catal\u00e0<\/strong><\/p>\n\n\n\n<p class=\"has-vivid-red-color has-text-color has-link-color wp-elements-77869351add8b47a94ff9fe0f646069b\"><strong>El termini des que fas la sol\u00b7licitud fins que te&#8217;l podem expedir \u00e9s de 10 dies, exceptuant els per\u00edodes de preinscripci\u00f3 i\/o matr\u00edcula en qu\u00e8 el termini pot allargar-se.<\/strong><\/p>\n\n\n\n<ul class=\"wp-block-list\">\n<li>Els centres p\u00fablics d\u2019Educaci\u00f3 Secund\u00e0ria de Catalunya poden expedir certificats d\u2019equival\u00e8ncia del nivell de catal\u00e0 a l\u2019alumnat que ho sol\u00b7liciti i acompleixi les condicions establertes per la <a href=\"https:\/\/dogc.gencat.cat\/ca\/document-del-dogc\/?documentId=519344\">normativa.<\/a><\/li>\n\n\n\n<li>Ho poden demanar les persones nascudes a partir de l\u2019any 1972 que volen obtenir aquest reconeixement i l\u2019itinerari educatiu de les quals s\u2019hagi portat a terme \u00edntegrament a Catalunya o, parcialment, a d\u2019altres territoris on el catal\u00e0 hi fos llengua curricular i avaluable, de manera que s\u2019hagi acabat obtenint la titulaci\u00f3 al sistema educatiu de Catalunya. Aix\u00ed doncs, la primera promoci\u00f3 escolar que t\u00e9 dret a demanar aquest reconeixement \u00e9s la que va comen\u00e7ar el primer any de l\u2019educaci\u00f3 general b\u00e0sica (EGB) el curs 1978-1979, a partir del qual l\u2019ensenyament del catal\u00e0 va ser oficial al sistema educatiu de Catalunya, tal com s\u2019estableix al <a href=\"https:\/\/www.boe.es\/buscar\/doc.php?id=BOE-A-1978-22729\">Reial decret 2092\/1978, de 23 de juny<\/a>.<\/li>\n\n\n\n<li>La persona interessada ha de fer la sol\u00b7licitud que trobareu m\u00e9s avall i adjuntar la documentaci\u00f3 que s\u2019especifica a la taula per comprovar el compliment dels requisits. Els documents adjuntats a la sol\u00b7licitud han de ser c\u00f2pies aut\u00e8ntiques (excepte el DNI). En cas que no disposeu de c\u00f2pies aut\u00e8ntiques, haureu de portar els originals a la Secretaria del centre.<\/li>\n\n\n\n<li>Quan el tinguem a punt ens posarem en contacte amb tu via correu electr\u00f2nic. Actualment els certificats s\u00f3n documents <strong>digitals NO en paper.<\/strong><\/li>\n<\/ul>\n\n\n\n<p><\/p>\n\n\n\n<h2 class=\"wp-block-heading\"><\/h2>\n\n\n\n<figure class=\"wp-block-table\"><table><tbody><tr><td><b>NIVELL B2<\/b><\/td><td colspan=\"2\">&nbsp;<\/td><\/tr><tr><td><i>Si tens<\/i><\/td><td><i>Cal haver cursat<\/i><\/td><td><i>Documents que cal presentar<\/i><\/td><\/tr><tr><td><b>T\u00edtol graduat escolar (EGB)<\/b><\/td><td>Tota l\u2019EGB a Catalunya i s\u2019hagi cursat la mat\u00e8ria de llengua catalana en la totalitat dels estudis esmentats a partir del curs 1978\/1979<\/td><td>\n<ul>\n<li>DNI<\/li>\n<li>Certificat acreditatiu de catal\u00e0 d\u2019EGB<\/li>\n<li>T\u00edtol Graduat Escolar<\/li>\n<\/ul>\n<\/td><\/tr><tr><td><b>T\u00edtol FP1<\/b><\/td><td>Tota l\u2019EGB i l\u2019FP1 a Catalunya i s\u2019hagi cursat la mat\u00e8ria de llengua catalana en la totalitat dels estudis esmentats a partir del curs 1978\/1979<\/td><td>\n<ul>\n<li>DNI<\/li>\n<li>Certificat acreditatiu de catal\u00e0 d\u2019EGB<\/li>\n<li>Qualificacions d\u2019FP1<\/li>\n<li>T\u00edtol d\u2019FP1<\/li>\n<\/ul>\n<\/td><\/tr><\/tbody><\/table><\/figure>\n\n\n\n<figure class=\"wp-block-table\"><table><tbody><tr><td><b>NIVELL C1<\/b><\/td><td colspan=\"2\">&nbsp;<\/td><\/tr><tr><td><i>Si tens<\/i><\/td><td><i>Cal haver cursat<\/i><\/td><td><i>Documents que cal presentar<\/i><\/td><\/tr><tr><td><b>T\u00edtol de l\u2019ESO<\/b><\/td><td>Almenys 3 cursos de prim\u00e0ria i tota l\u2019ESO a Catalunya i s\u2019hagi cursat i aprovat la mat\u00e8ria de llengua catalana en la totalitat dels estudis m\u00ednims esmentats\n<p>El requisit d\u2019acreditaci\u00f3 d\u2019haver aprovat la mat\u00e8ria de llengua catalana \u00e9s d\u2019aplicaci\u00f3 als t\u00edtols de graduat en ESO obtinguts a partir del curs 2007\/2008<\/p>\n<\/td><td>\n<ul>\n<li>DNI<\/li>\n<li>Certificat acreditatiu de catal\u00e0 de prim\u00e0ria i d\u2019ESO<\/li>\n<li>T\u00edtol d\u2019ESO<\/li>\n<\/ul>\n<\/td><\/tr><tr><td><b>T\u00edtol&nbsp;Batxillerat<\/b><\/td><td>Almenys 3 cursos de prim\u00e0ria i 5 entre ESO i Batxillerat a Catalunya i s\u2019hagi cursat i aprovat la mat\u00e8ria de llengua catalana en la totalitat dels estudis esmentats<\/td><td>\n<ul>\n<li>DNI<\/li>\n<li>Certificat acreditatiu de catal\u00e0 de prim\u00e0ria, d\u2019ESO i de batxillerat<\/li>\n<li>T\u00edtol de Batxillerat<\/li>\n<\/ul>\n<\/td><\/tr><tr><td><b>T\u00edtol BUP<\/b><\/td><td>Tota l\u2019EGB i BUP&nbsp; a Catalunya i s\u2019hagi cursat de manera oficial la mat\u00e8ria de llengua catalana en la totalitat dels estudis esmentats a partir del curs 1978\/1979<\/td><td>\n<ul>\n<li>DNI<\/li>\n<li>Certificat acreditatiu de catal\u00e0 d\u2019EGB i de BUP<\/li>\n<li>T\u00edtol de BUP<\/li>\n<\/ul>\n<\/td><\/tr><tr><td><b>T\u00edtol FP2<\/b><\/td><td>Tota l\u2019EGB, FP1 i FP2 a Catalunya i s\u2019hagi cursat de manera oficial la mat\u00e8ria de llengua catalana en la totalitat dels estudis esmentats a partir del curs 1978\/1979<\/td><td>\n<ul>\n<li>DNI<\/li>\n<li>Certificat acreditatiu de catal\u00e0 d\u2019EGB<\/li>\n<li>Qualificacions d\u2019FP1 i FP2<\/li>\n<li>T\u00edtol de d\u2019FP2<\/li>\n<\/ul>\n<\/td><\/tr><\/tbody><\/table><\/figure>\n\n\n\n<figure class=\"wp-block-image is-resized\"><a href=\"https:\/\/forms.gle\/A6QGxd7sE9jXGGEW7\" target=\"_blank\" rel=\"attachment noopener wp-att-1095\"><img loading=\"lazy\" decoding=\"async\" width=\"460\" height=\"92\" src=\"https:\/\/agora.xtec.cat\/iessantjust\/wp-content\/uploads\/usu366\/2023\/05\/Captura-de-pantalla-2023-05-30-a-les-22.32.35.png\" alt=\"\" class=\"wp-image-1095\" style=\"width:280px\" srcset=\"https:\/\/agora.xtec.cat\/iessantjust\/wp-content\/uploads\/usu366\/2023\/05\/Captura-de-pantalla-2023-05-30-a-les-22.32.35.png 460w, https:\/\/agora.xtec.cat\/iessantjust\/wp-content\/uploads\/usu366\/2023\/05\/Captura-de-pantalla-2023-05-30-a-les-22.32.35-300x60.png 300w\" sizes=\"auto, (max-width: 460px) 100vw, 460px\" \/><\/a><\/figure>\n","protected":false},"excerpt":{"rendered":"<p>Sol\u00b7licitud de certificat nivell de catal\u00e0 El termini des que fas la sol\u00b7licitud fins que te&#8217;l podem expedir \u00e9s de 10 dies, exceptuant els per\u00edodes de preinscripci\u00f3 i\/o matr\u00edcula en qu\u00e8 el termini pot allargar-se. NIVELL B2 &nbsp; Si tens Cal haver cursat Documents que cal presentar T\u00edtol graduat escolar (EGB) Tota l\u2019EGB a Catalunya [&hellip;]<\/p>\n","protected":false},"author":1,"featured_media":0,"parent":1021,"menu_order":0,"comment_status":"closed","ping_status":"closed","template":"page-templates\/side-menu.php","meta":{"_bbp_topic_count":0,"_bbp_reply_count":0,"_bbp_total_topic_count":0,"_bbp_total_reply_count":0,"_bbp_voice_count":0,"_bbp_anonymous_reply_count":0,"_bbp_topic_count_hidden":0,"_bbp_reply_count_hidden":0,"_bbp_forum_subforum_count":0,"site-sidebar-layout":"default","site-content-layout":"","ast-site-content-layout":"","site-content-style":"default","site-sidebar-style":"default","ast-global-header-display":"","ast-banner-title-visibility":"","ast-main-header-display":"","ast-hfb-above-header-display":"","ast-hfb-below-header-display":"","ast-hfb-mobile-header-display":"","site-post-title":"","ast-breadcrumbs-content":"","ast-featured-img":"","footer-sml-layout":"","theme-transparent-header-meta":"","adv-header-id-meta":"","stick-header-meta":"","header-above-stick-meta":"","header-main-stick-meta":"","header-below-stick-meta":"","astra-migrate-meta-layouts":"default","ast-page-background-enabled":"default","ast-page-background-meta":{"desktop":{"background-color":"var(--ast-global-color-4)","background-image":"","background-repeat":"repeat","background-position":"center center","background-size":"auto","background-attachment":"scroll","background-type":"","background-media":"","overlay-type":"","overlay-color":"","overlay-opacity":"","overlay-gradient":""},"tablet":{"background-color":"","background-image":"","background-repeat":"repeat","background-position":"center center","background-size":"auto","background-attachment":"scroll","background-type":"","background-media":"","overlay-type":"","overlay-color":"","overlay-opacity":"","overlay-gradient":""},"mobile":{"background-color":"","background-image":"","background-repeat":"repeat","background-position":"center center","background-size":"auto","background-attachment":"scroll","background-type":"","background-media":"","overlay-type":"","overlay-color":"","overlay-opacity":"","overlay-gradient":""}},"ast-content-background-meta":{"desktop":{"background-color":"var(--ast-global-color-5)","background-image":"","background-repeat":"repeat","background-position":"center center","background-size":"auto","background-attachment":"scroll","background-type":"","background-media":"","overlay-type":"","overlay-color":"","overlay-opacity":"","overlay-gradient":""},"tablet":{"background-color":"var(--ast-global-color-5)","background-image":"","background-repeat":"repeat","background-position":"center center","background-size":"auto","background-attachment":"scroll","background-type":"","background-media":"","overlay-type":"","overlay-color":"","overlay-opacity":"","overlay-gradient":""},"mobile":{"background-color":"var(--ast-global-color-5)","background-image":"","background-repeat":"repeat","background-position":"center center","background-size":"auto","background-attachment":"scroll","background-type":"","background-media":"","overlay-type":"","overlay-color":"","overlay-opacity":"","overlay-gradient":""}},"footnotes":""},"class_list":["post-1097","page","type-page","status-publish","hentry"],"post_mailing_queue_ids":[],"_links":{"self":[{"href":"https:\/\/agora.xtec.cat\/iessantjust\/wp-json\/wp\/v2\/pages\/1097","targetHints":{"allow":["GET"]}}],"collection":[{"href":"https:\/\/agora.xtec.cat\/iessantjust\/wp-json\/wp\/v2\/pages"}],"about":[{"href":"https:\/\/agora.xtec.cat\/iessantjust\/wp-json\/wp\/v2\/types\/page"}],"author":[{"embeddable":true,"href":"https:\/\/agora.xtec.cat\/iessantjust\/wp-json\/wp\/v2\/users\/1"}],"replies":[{"embeddable":true,"href":"https:\/\/agora.xtec.cat\/iessantjust\/wp-json\/wp\/v2\/comments?post=1097"}],"version-history":[{"count":6,"href":"https:\/\/agora.xtec.cat\/iessantjust\/wp-json\/wp\/v2\/pages\/1097\/revisions"}],"predecessor-version":[{"id":4622,"href":"https:\/\/agora.xtec.cat\/iessantjust\/wp-json\/wp\/v2\/pages\/1097\/revisions\/4622"}],"up":[{"embeddable":true,"href":"https:\/\/agora.xtec.cat\/iessantjust\/wp-json\/wp\/v2\/pages\/1021"}],"wp:attachment":[{"href":"https:\/\/agora.xtec.cat\/iessantjust\/wp-json\/wp\/v2\/media?parent=1097"}],"curies":[{"name":"wp","href":"https:\/\/api.w.org\/{rel}","templated":true}]}}