{"id":1048,"date":"2023-05-30T18:09:05","date_gmt":"2023-05-30T16:09:05","guid":{"rendered":"https:\/\/agora.xtec.cat\/iessantjust\/?page_id=1048"},"modified":"2025-04-13T11:38:19","modified_gmt":"2025-04-13T09:38:19","slug":"tutoria-entre-iguals-tei","status":"publish","type":"page","link":"https:\/\/agora.xtec.cat\/iessantjust\/projectes\/tutoria-entre-iguals-tei\/","title":{"rendered":"TEI &#8211; Tutoria Entre Iguals"},"content":{"rendered":"\n<figure class=\"wp-block-image size-large\"><a href=\"https:\/\/agora.xtec.cat\/iessantjust\/wp-content\/uploads\/usu366\/2023\/06\/Plantilla-ESO-3.png\"><img loading=\"lazy\" decoding=\"async\" width=\"1024\" height=\"256\" src=\"https:\/\/agora.xtec.cat\/iessantjust\/wp-content\/uploads\/usu366\/2023\/06\/Plantilla-ESO-3-1024x256.png\" alt=\"\" class=\"wp-image-1616\" srcset=\"https:\/\/agora.xtec.cat\/iessantjust\/wp-content\/uploads\/usu366\/2023\/06\/Plantilla-ESO-3-1024x256.png 1024w, https:\/\/agora.xtec.cat\/iessantjust\/wp-content\/uploads\/usu366\/2023\/06\/Plantilla-ESO-3-300x75.png 300w, https:\/\/agora.xtec.cat\/iessantjust\/wp-content\/uploads\/usu366\/2023\/06\/Plantilla-ESO-3-768x192.png 768w, https:\/\/agora.xtec.cat\/iessantjust\/wp-content\/uploads\/usu366\/2023\/06\/Plantilla-ESO-3-1536x384.png 1536w, https:\/\/agora.xtec.cat\/iessantjust\/wp-content\/uploads\/usu366\/2023\/06\/Plantilla-ESO-3.png 1920w\" sizes=\"auto, (max-width: 1024px) 100vw, 1024px\" \/><\/a><\/figure>\n\n\n\n<h2 class=\"wp-block-heading\"><\/h2>\n\n\n\n<p>Acrtivitats TEI curs 2024-2025<\/p>\n\n\n\n<p><a href=\"https:\/\/agora.xtec.cat\/iessantjust\/eso\/tutoria-entre-iguals-t-e-i\/\" data-type=\"post\" data-id=\"4561\">Bon tracte &#8211; TEI<\/a><\/p>\n\n\n\n<p>Activitats TEI curs 2023-2024<\/p>\n\n\n\n<p><a href=\"https:\/\/agora.xtec.cat\/iessantjust\/eso\/ens-mullem-tei\/\">Ens Mullem &#8211; TEI<\/a><\/p>\n\n\n\n<p>Activitats TEI curs 2022-2023<\/p>\n\n\n\n<p><a href=\"https:\/\/agora.xtec.cat\/iessantjust\/eso\/eso-1\/eso-1a\/tutoria-entre-iguals-tei\/\">Mou-TEI<\/a><\/p>\n\n\n\n<p>EL TEI TORNA EN PLENA FORMA AL NOSTRE INSTITUT<\/p>\n\n\n\n<div class=\"wp-block-media-text is-stacked-on-mobile\" style=\"grid-template-columns:21% auto\"><figure class=\"wp-block-media-text__media\"><img loading=\"lazy\" decoding=\"async\" width=\"445\" height=\"574\" src=\"https:\/\/agora.xtec.cat\/iessantjust\/wp-content\/uploads\/usu366\/2023\/06\/c8544c_18c457492f684de09aadab99928503c2mv2.png\" alt=\"\" class=\"wp-image-1588 size-full\" srcset=\"https:\/\/agora.xtec.cat\/iessantjust\/wp-content\/uploads\/usu366\/2023\/06\/c8544c_18c457492f684de09aadab99928503c2mv2.png 445w, https:\/\/agora.xtec.cat\/iessantjust\/wp-content\/uploads\/usu366\/2023\/06\/c8544c_18c457492f684de09aadab99928503c2mv2-233x300.png 233w\" sizes=\"auto, (max-width: 445px) 100vw, 445px\" \/><\/figure><div class=\"wp-block-media-text__content\">\n<p><\/p>\n\n\n\n<p>La festa de cloenda TEI del curs 22-23 va consistir en una gimcana i un acte en qu\u00e8 es van lliurar els diplomes als tutors TEI (l&#8217;alumnat de 3r ESO). Podeu veure l&#8217;\u00e0lbum de fotos en aquest <a href=\"https:\/\/photos.google.com\/u\/9\/share\/AF1QipOOmS-iGyAx5tm_YsdYOBGv4CPxbC689r9u9HjUERd4iC0ThW3vCAbzW4BLpcO4HQ?pli=1&amp;key=WjhnNE1pZ0dpRGE3M1NCTEJjWWZ5d2lVMklYTVlR\" target=\"_blank\" rel=\"noreferrer noopener\">enlla\u00e7 .<\/a><\/p>\n<\/div><\/div>\n\n\n\n<p><\/p>\n\n\n\n<h2 class=\"wp-block-heading\"><\/h2>\n\n\n\n<p>Ens fa molt il\u00b7lusi\u00f3 recuperar el TEI amb tota la for\u00e7a i energia renovades.<\/p>\n\n\n\n<p>Al nostre institut fem que cada any el programa Tutoria Entre Iguals tingui un fil tem\u00e0tic relacionat amb la vida saludable, la cura del planeta i valors com la toler\u00e0ncia, el respecte i la conviv\u00e8ncia, entre altres. Aquest curs 2022-2023 ens hem centrat en la import\u00e0ncia de moure\u2019s i fer esport per tenir una vida saludable, per aix\u00f2 el lema \u00e9s: \u00abMou-TEI, sempre hi guanyem!\u00bb.<\/p>\n\n\n\n<p>Les noies i nois de tercer estan contents de participar-hi, sobretot tenint en compte que quan feien 1r d&#8217;ESO van veure com la Covid va interrompre l\u2019aplicaci\u00f3 del programa, cosa que enguany no passar\u00e0&#8230; o aix\u00f2 esperem!<\/p>\n\n\n\n<p>Us presentem un<a href=\"https:\/\/youtu.be\/SNOtuivSD8M\" target=\"_blank\" rel=\"noreferrer noopener\"> v\u00eddeo<\/a> que cont\u00e9 les activitats dutes a terme durant el primer trimestre que inclou la presentaci\u00f3 de parelles TEI, l\u2019activitat esportiva i l\u2019inici de la confecci\u00f3 del mural que podreu veure al vest\u00edbul de l\u2019edifici nou a partir del mes de febrer.<\/p>\n\n\n\n<figure class=\"wp-block-image size-full\"><a href=\"https:\/\/agora.xtec.cat\/iessantjust\/wp-content\/uploads\/usu366\/2023\/02\/IMG_2993-a-mida-gran.png\"><img loading=\"lazy\" decoding=\"async\" width=\"1024\" height=\"768\" src=\"https:\/\/agora.xtec.cat\/iessantjust\/wp-content\/uploads\/usu366\/2023\/02\/IMG_2993-a-mida-gran.png\" alt=\"\" class=\"wp-image-1550\" srcset=\"https:\/\/agora.xtec.cat\/iessantjust\/wp-content\/uploads\/usu366\/2023\/02\/IMG_2993-a-mida-gran.png 1024w, https:\/\/agora.xtec.cat\/iessantjust\/wp-content\/uploads\/usu366\/2023\/02\/IMG_2993-a-mida-gran-300x225.png 300w, https:\/\/agora.xtec.cat\/iessantjust\/wp-content\/uploads\/usu366\/2023\/02\/IMG_2993-a-mida-gran-768x576.png 768w, https:\/\/agora.xtec.cat\/iessantjust\/wp-content\/uploads\/usu366\/2023\/02\/IMG_2993-a-mida-gran-200x150.png 200w\" sizes=\"auto, (max-width: 1024px) 100vw, 1024px\" \/><\/a><\/figure>\n\n\n\n<p>Abans, per\u00f2, volem recordar-vos que el programa TEI \u00e9s un projecte integrat dins del Pla d\u2019Acci\u00f3 Tutorial (PAT) de l\u2019institut de Sant Just Desvern en el qual l\u2019alumnat de 3r d\u2019ESO fan de tutors i tutores emocionals i de conviv\u00e8ncia de l\u2019alumnat de 1r d\u2019ESO, que acaben d\u2019arribar al centre. Pret\u00e9n ser una estrat\u00e8gia preventiva de participaci\u00f3 i intervenci\u00f3 en la conviv\u00e8ncia del centre, contra els possibles casos d\u2019assetjament escolar.<\/p>\n\n\n\n<p><\/p>\n\n\n\n<p>Equip TEI<\/p>\n","protected":false},"excerpt":{"rendered":"<p>Acrtivitats TEI curs 2024-2025 Bon tracte &#8211; TEI Activitats TEI curs 2023-2024 Ens Mullem &#8211; TEI Activitats TEI curs 2022-2023 Mou-TEI EL TEI TORNA EN PLENA FORMA AL NOSTRE INSTITUT La festa de cloenda TEI del curs 22-23 va consistir en una gimcana i un acte en qu\u00e8 es van lliurar els diplomes als tutors [&hellip;]<\/p>\n","protected":false},"author":1,"featured_media":0,"parent":1050,"menu_order":10,"comment_status":"closed","ping_status":"closed","template":"","meta":{"_bbp_topic_count":0,"_bbp_reply_count":0,"_bbp_total_topic_count":0,"_bbp_total_reply_count":0,"_bbp_voice_count":0,"_bbp_anonymous_reply_count":0,"_bbp_topic_count_hidden":0,"_bbp_reply_count_hidden":0,"_bbp_forum_subforum_count":0,"site-sidebar-layout":"default","site-content-layout":"","ast-site-content-layout":"default","site-content-style":"default","site-sidebar-style":"default","ast-global-header-display":"","ast-banner-title-visibility":"","ast-main-header-display":"","ast-hfb-above-header-display":"","ast-hfb-below-header-display":"","ast-hfb-mobile-header-display":"","site-post-title":"","ast-breadcrumbs-content":"","ast-featured-img":"","footer-sml-layout":"","theme-transparent-header-meta":"","adv-header-id-meta":"","stick-header-meta":"","header-above-stick-meta":"","header-main-stick-meta":"","header-below-stick-meta":"","astra-migrate-meta-layouts":"set","ast-page-background-enabled":"default","ast-page-background-meta":{"desktop":{"background-color":"var(--ast-global-color-4)","background-image":"","background-repeat":"repeat","background-position":"center center","background-size":"auto","background-attachment":"scroll","background-type":"","background-media":"","overlay-type":"","overlay-color":"","overlay-opacity":"","overlay-gradient":""},"tablet":{"background-color":"","background-image":"","background-repeat":"repeat","background-position":"center center","background-size":"auto","background-attachment":"scroll","background-type":"","background-media":"","overlay-type":"","overlay-color":"","overlay-opacity":"","overlay-gradient":""},"mobile":{"background-color":"","background-image":"","background-repeat":"repeat","background-position":"center center","background-size":"auto","background-attachment":"scroll","background-type":"","background-media":"","overlay-type":"","overlay-color":"","overlay-opacity":"","overlay-gradient":""}},"ast-content-background-meta":{"desktop":{"background-color":"var(--ast-global-color-5)","background-image":"","background-repeat":"repeat","background-position":"center center","background-size":"auto","background-attachment":"scroll","background-type":"","background-media":"","overlay-type":"","overlay-color":"","overlay-opacity":"","overlay-gradient":""},"tablet":{"background-color":"var(--ast-global-color-5)","background-image":"","background-repeat":"repeat","background-position":"center center","background-size":"auto","background-attachment":"scroll","background-type":"","background-media":"","overlay-type":"","overlay-color":"","overlay-opacity":"","overlay-gradient":""},"mobile":{"background-color":"var(--ast-global-color-5)","background-image":"","background-repeat":"repeat","background-position":"center center","background-size":"auto","background-attachment":"scroll","background-type":"","background-media":"","overlay-type":"","overlay-color":"","overlay-opacity":"","overlay-gradient":""}},"footnotes":""},"class_list":["post-1048","page","type-page","status-publish","hentry"],"post_mailing_queue_ids":[],"_links":{"self":[{"href":"https:\/\/agora.xtec.cat\/iessantjust\/wp-json\/wp\/v2\/pages\/1048","targetHints":{"allow":["GET"]}}],"collection":[{"href":"https:\/\/agora.xtec.cat\/iessantjust\/wp-json\/wp\/v2\/pages"}],"about":[{"href":"https:\/\/agora.xtec.cat\/iessantjust\/wp-json\/wp\/v2\/types\/page"}],"author":[{"embeddable":true,"href":"https:\/\/agora.xtec.cat\/iessantjust\/wp-json\/wp\/v2\/users\/1"}],"replies":[{"embeddable":true,"href":"https:\/\/agora.xtec.cat\/iessantjust\/wp-json\/wp\/v2\/comments?post=1048"}],"version-history":[{"count":5,"href":"https:\/\/agora.xtec.cat\/iessantjust\/wp-json\/wp\/v2\/pages\/1048\/revisions"}],"predecessor-version":[{"id":4894,"href":"https:\/\/agora.xtec.cat\/iessantjust\/wp-json\/wp\/v2\/pages\/1048\/revisions\/4894"}],"up":[{"embeddable":true,"href":"https:\/\/agora.xtec.cat\/iessantjust\/wp-json\/wp\/v2\/pages\/1050"}],"wp:attachment":[{"href":"https:\/\/agora.xtec.cat\/iessantjust\/wp-json\/wp\/v2\/media?parent=1048"}],"curies":[{"name":"wp","href":"https:\/\/api.w.org\/{rel}","templated":true}]}}