{"id":1021,"date":"2023-05-30T13:32:28","date_gmt":"2023-05-30T11:32:28","guid":{"rendered":"https:\/\/agora.xtec.cat\/iessantjust\/?page_id=1021"},"modified":"2025-03-27T10:21:56","modified_gmt":"2025-03-27T09:21:56","slug":"certificats","status":"publish","type":"page","link":"https:\/\/agora.xtec.cat\/iessantjust\/secretaria\/certificats\/","title":{"rendered":"Sol\u00b7licitud de certificats"},"content":{"rendered":"\n<p>Si necessites un certificat (de matr\u00edcula, nota mitjana, historial acad\u00e8mic, prova d\u2019acc\u00e9s, nivell de catal\u00e0,etc.) el pots sol\u00b7licitar clicant al bot\u00f3 de m\u00e9s avall. Tamb\u00e9 pots obtenir informaci\u00f3 m\u00e9s detallada sobre el <a href=\"https:\/\/agora.xtec.cat\/iessantjust\/secretaria-2\/certificats\/certificat-de-catala\/\">certificat de catal\u00e0<\/a>&nbsp;o els <a href=\"https:\/\/agora.xtec.cat\/iessantjust\/secretaria-2\/certificats\/sollicitud-de-titol\/\">t\u00edtols<\/a> d&#8217;ESO o Batxillerat.<\/p>\n\n\n\n<p>Quan el tinguem a punt ens posarem en contacte amb tu via correu electr\u00f2nic. Actualment els certificats s\u00f3n documents <strong>digitals, NO en paper<\/strong>.<\/p>\n\n\n\n<p class=\"has-vivid-red-color has-text-color has-link-color wp-elements-f67c1b071f4220bbf657e7df987b4a9f\">El termini des que fas la sol\u00b7licitud fins que te&#8217;l podem expedir \u00e9s de 10 dies, exceptuant els per\u00edodes de preinscripci\u00f3 i\/o matr\u00edcula en qu\u00e8 el termini pot allargar-se.<\/p>\n\n\n\n<p>En el cas de determinats certificats que s\u00ed que s&#8217;expedeixen en paper (a petici\u00f3 de l&#8217;interessat), si no pots venir personalment, haur\u00e0s d&#8217;omplir una autoritzaci\u00f3, signar-la i adjuntar-hi fotoc\u00f2pia del teu DNI\/NIE\/Passaport. La persona autoritzada ha de presentar el seu DNI.<\/p>\n\n\n\n<figure class=\"wp-block-image is-resized\"><a href=\"https:\/\/forms.gle\/A6QGxd7sE9jXGGEW7\" target=\"_blank\" rel=\"attachment noopener wp-att-1095\"><img loading=\"lazy\" decoding=\"async\" width=\"460\" height=\"92\" src=\"https:\/\/agora.xtec.cat\/iessantjust\/wp-content\/uploads\/usu366\/2023\/05\/Captura-de-pantalla-2023-05-30-a-les-22.32.35.png\" alt=\"\" class=\"wp-image-1095\" style=\"width:280px\" srcset=\"https:\/\/agora.xtec.cat\/iessantjust\/wp-content\/uploads\/usu366\/2023\/05\/Captura-de-pantalla-2023-05-30-a-les-22.32.35.png 460w, https:\/\/agora.xtec.cat\/iessantjust\/wp-content\/uploads\/usu366\/2023\/05\/Captura-de-pantalla-2023-05-30-a-les-22.32.35-300x60.png 300w\" sizes=\"auto, (max-width: 460px) 100vw, 460px\" \/><\/a><\/figure>\n","protected":false},"excerpt":{"rendered":"<p>Si necessites un certificat (de matr\u00edcula, nota mitjana, historial acad\u00e8mic, prova d\u2019acc\u00e9s, nivell de catal\u00e0,etc.) el pots sol\u00b7licitar clicant al bot\u00f3 de m\u00e9s avall. Tamb\u00e9 pots obtenir informaci\u00f3 m\u00e9s detallada sobre el certificat de catal\u00e0&nbsp;o els t\u00edtols d&#8217;ESO o Batxillerat. Quan el tinguem a punt ens posarem en contacte amb tu via correu electr\u00f2nic. Actualment [&hellip;]<\/p>\n","protected":false},"author":1,"featured_media":0,"parent":1006,"menu_order":20,"comment_status":"closed","ping_status":"closed","template":"page-templates\/side-menu.php","meta":{"_bbp_topic_count":0,"_bbp_reply_count":0,"_bbp_total_topic_count":0,"_bbp_total_reply_count":0,"_bbp_voice_count":0,"_bbp_anonymous_reply_count":0,"_bbp_topic_count_hidden":0,"_bbp_reply_count_hidden":0,"_bbp_forum_subforum_count":0,"site-sidebar-layout":"default","site-content-layout":"","ast-site-content-layout":"","site-content-style":"default","site-sidebar-style":"default","ast-global-header-display":"","ast-banner-title-visibility":"","ast-main-header-display":"","ast-hfb-above-header-display":"","ast-hfb-below-header-display":"","ast-hfb-mobile-header-display":"","site-post-title":"","ast-breadcrumbs-content":"","ast-featured-img":"","footer-sml-layout":"","theme-transparent-header-meta":"","adv-header-id-meta":"","stick-header-meta":"","header-above-stick-meta":"","header-main-stick-meta":"","header-below-stick-meta":"","astra-migrate-meta-layouts":"default","ast-page-background-enabled":"default","ast-page-background-meta":{"desktop":{"background-color":"var(--ast-global-color-4)","background-image":"","background-repeat":"repeat","background-position":"center center","background-size":"auto","background-attachment":"scroll","background-type":"","background-media":"","overlay-type":"","overlay-color":"","overlay-opacity":"","overlay-gradient":""},"tablet":{"background-color":"","background-image":"","background-repeat":"repeat","background-position":"center center","background-size":"auto","background-attachment":"scroll","background-type":"","background-media":"","overlay-type":"","overlay-color":"","overlay-opacity":"","overlay-gradient":""},"mobile":{"background-color":"","background-image":"","background-repeat":"repeat","background-position":"center center","background-size":"auto","background-attachment":"scroll","background-type":"","background-media":"","overlay-type":"","overlay-color":"","overlay-opacity":"","overlay-gradient":""}},"ast-content-background-meta":{"desktop":{"background-color":"var(--ast-global-color-5)","background-image":"","background-repeat":"repeat","background-position":"center center","background-size":"auto","background-attachment":"scroll","background-type":"","background-media":"","overlay-type":"","overlay-color":"","overlay-opacity":"","overlay-gradient":""},"tablet":{"background-color":"var(--ast-global-color-5)","background-image":"","background-repeat":"repeat","background-position":"center center","background-size":"auto","background-attachment":"scroll","background-type":"","background-media":"","overlay-type":"","overlay-color":"","overlay-opacity":"","overlay-gradient":""},"mobile":{"background-color":"var(--ast-global-color-5)","background-image":"","background-repeat":"repeat","background-position":"center center","background-size":"auto","background-attachment":"scroll","background-type":"","background-media":"","overlay-type":"","overlay-color":"","overlay-opacity":"","overlay-gradient":""}},"footnotes":""},"class_list":["post-1021","page","type-page","status-publish","hentry"],"post_mailing_queue_ids":[],"_links":{"self":[{"href":"https:\/\/agora.xtec.cat\/iessantjust\/wp-json\/wp\/v2\/pages\/1021","targetHints":{"allow":["GET"]}}],"collection":[{"href":"https:\/\/agora.xtec.cat\/iessantjust\/wp-json\/wp\/v2\/pages"}],"about":[{"href":"https:\/\/agora.xtec.cat\/iessantjust\/wp-json\/wp\/v2\/types\/page"}],"author":[{"embeddable":true,"href":"https:\/\/agora.xtec.cat\/iessantjust\/wp-json\/wp\/v2\/users\/1"}],"replies":[{"embeddable":true,"href":"https:\/\/agora.xtec.cat\/iessantjust\/wp-json\/wp\/v2\/comments?post=1021"}],"version-history":[{"count":7,"href":"https:\/\/agora.xtec.cat\/iessantjust\/wp-json\/wp\/v2\/pages\/1021\/revisions"}],"predecessor-version":[{"id":4617,"href":"https:\/\/agora.xtec.cat\/iessantjust\/wp-json\/wp\/v2\/pages\/1021\/revisions\/4617"}],"up":[{"embeddable":true,"href":"https:\/\/agora.xtec.cat\/iessantjust\/wp-json\/wp\/v2\/pages\/1006"}],"wp:attachment":[{"href":"https:\/\/agora.xtec.cat\/iessantjust\/wp-json\/wp\/v2\/media?parent=1021"}],"curies":[{"name":"wp","href":"https:\/\/api.w.org\/{rel}","templated":true}]}}