{"id":8199,"date":"2024-11-16T14:04:13","date_gmt":"2024-11-16T13:04:13","guid":{"rendered":"https:\/\/agora.xtec.cat\/iessanthilari\/?page_id=8199"},"modified":"2024-11-16T14:04:13","modified_gmt":"2024-11-16T13:04:13","slug":"solucions-dels-enigmes","status":"publish","type":"page","link":"https:\/\/agora.xtec.cat\/iessanthilari\/setmana-de-la-ciencia\/solucions-dels-enigmes\/","title":{"rendered":"Solucions dels enigmes"},"content":{"rendered":"<p style=\"text-align: center;\">Moltes gr\u00e0cies per participar en el <strong>Concurs d&#8217;Enigmes de la Setmana de la Ci\u00e8ncia<\/strong>. Esperem que hagueu gaudit tant resolent els enigmes com ho hem fet nosaltres preparant-los. Ara nom\u00e9s falta comprovar si els heu fet b\u00e9. Aqu\u00ed teniu les solucions!<\/p>\n<div style=\"width: 1080px;\" class=\"wp-video\"><!--[if lt IE 9]><script>document.createElement('video');<\/script><![endif]-->\n<video class=\"wp-video-shortcode\" id=\"video-8199-1\" width=\"1080\" height=\"1080\" preload=\"metadata\" controls=\"controls\"><source type=\"video\/mp4\" src=\"https:\/\/agora.xtec.cat\/iessanthilari\/wp-content\/uploads\/usu490\/2024\/11\/Concurs-denigmes-ABP-2425.mp4?_=1\" \/><a href=\"https:\/\/agora.xtec.cat\/iessanthilari\/wp-content\/uploads\/usu490\/2024\/11\/Concurs-denigmes-ABP-2425.mp4\">https:\/\/agora.xtec.cat\/iessanthilari\/wp-content\/uploads\/usu490\/2024\/11\/Concurs-denigmes-ABP-2425.mp4<\/a><\/video><\/div>\n<p style=\"text-align: center;\">\n","protected":false},"excerpt":{"rendered":"<p>Moltes gr\u00e0cies per participar en el Concurs d&#8217;Enigmes de la Setmana de la Ci\u00e8ncia. Esperem que hagueu gaudit tant resolent els enigmes com ho hem fet nosaltres preparant-los. Ara nom\u00e9s falta comprovar si els heu fet b\u00e9. Aqu\u00ed teniu les solucions!<br \/>\n<a href=\"https:\/\/agora.xtec.cat\/iessanthilari\/wp-content\/uploads\/usu490\/2024\/11\/Concurs-denigmes-ABP-2425.mp4\">https:\/\/agora.xtec.cat\/iessanthilari\/wp-content\/uploads\/usu490\/2024\/11\/Concurs-denigmes-ABP-2425.mp4<\/a><\/p>\n","protected":false},"author":1,"featured_media":0,"parent":8133,"menu_order":6,"comment_status":"closed","ping_status":"closed","template":"page-templates\/side-menu.php","meta":{"_bbp_topic_count":0,"_bbp_reply_count":0,"_bbp_total_topic_count":0,"_bbp_total_reply_count":0,"_bbp_voice_count":0,"_bbp_anonymous_reply_count":0,"_bbp_topic_count_hidden":0,"_bbp_reply_count_hidden":0,"_bbp_forum_subforum_count":0,"footnotes":""},"class_list":["post-8199","page","type-page","status-publish","hentry"],"post_mailing_queue_ids":[],"_links":{"self":[{"href":"https:\/\/agora.xtec.cat\/iessanthilari\/wp-json\/wp\/v2\/pages\/8199","targetHints":{"allow":["GET"]}}],"collection":[{"href":"https:\/\/agora.xtec.cat\/iessanthilari\/wp-json\/wp\/v2\/pages"}],"about":[{"href":"https:\/\/agora.xtec.cat\/iessanthilari\/wp-json\/wp\/v2\/types\/page"}],"author":[{"embeddable":true,"href":"https:\/\/agora.xtec.cat\/iessanthilari\/wp-json\/wp\/v2\/users\/1"}],"replies":[{"embeddable":true,"href":"https:\/\/agora.xtec.cat\/iessanthilari\/wp-json\/wp\/v2\/comments?post=8199"}],"version-history":[{"count":2,"href":"https:\/\/agora.xtec.cat\/iessanthilari\/wp-json\/wp\/v2\/pages\/8199\/revisions"}],"predecessor-version":[{"id":8202,"href":"https:\/\/agora.xtec.cat\/iessanthilari\/wp-json\/wp\/v2\/pages\/8199\/revisions\/8202"}],"up":[{"embeddable":true,"href":"https:\/\/agora.xtec.cat\/iessanthilari\/wp-json\/wp\/v2\/pages\/8133"}],"wp:attachment":[{"href":"https:\/\/agora.xtec.cat\/iessanthilari\/wp-json\/wp\/v2\/media?parent=8199"}],"curies":[{"name":"wp","href":"https:\/\/api.w.org\/{rel}","templated":true}]}}