{"id":8056,"date":"2024-10-09T18:15:03","date_gmt":"2024-10-09T16:15:03","guid":{"rendered":"https:\/\/agora.xtec.cat\/iessanthilari\/?page_id=8056"},"modified":"2024-11-05T15:03:08","modified_gmt":"2024-11-05T14:03:08","slug":"pfi","status":"publish","type":"page","link":"https:\/\/agora.xtec.cat\/iessanthilari\/curs\/pfi\/","title":{"rendered":"PFI"},"content":{"rendered":"<p><b>PFI \u2013 PTT Auxiliar en treballs de fusteria i instal\u00b7lacions de mobles<\/b><\/p>\n<ul>\n<li style=\"list-style-type: none;\">\n<ul>\n<li style=\"font-weight: 400;\" aria-level=\"1\"><b>Qu\u00e8 s\u00f3n els Programes de Formaci\u00f3 i Inserci\u00f3 (PFI)?<\/b>\n<ul>\n<li style=\"font-weight: 400;\" aria-level=\"2\"><span style=\"font-weight: 400;\">S\u00f3n una oportunitat formativa per a joves entre <\/span><b>16 i 21 anys<\/b><\/li>\n<li style=\"font-weight: 400;\" aria-level=\"2\"><span style=\"font-weight: 400;\">Joves que <\/span><b>no han obtingut el t\u00edtol d&#8217;ESO<\/b><\/li>\n<li style=\"font-weight: 400;\" aria-level=\"2\"><b>Durada:<\/b><span style=\"font-weight: 400;\"> 1 curs acad\u00e8mic<\/span><\/li>\n<\/ul>\n<\/li>\n<li style=\"font-weight: 400;\" aria-level=\"1\"><b>Objectiu del PFI:<\/b>\n<ul>\n<li style=\"font-weight: 400;\" aria-level=\"2\"><span style=\"font-weight: 400;\">\u00a0Facilitar la <\/span><b>inserci\u00f3 laboral<\/b><span style=\"font-weight: 400;\"> i <\/span><b>continu\u00eftat educativa<\/b><\/li>\n<\/ul>\n<\/li>\n<li style=\"font-weight: 400;\" aria-level=\"1\"><b>Avantatge acad\u00e8mica:<\/b>\n<ul>\n<li style=\"font-weight: 400;\" aria-level=\"2\"><span style=\"font-weight: 400;\">En superar el PFI, es pot accedir directament a un <\/span><b>Cicle Formatiu de Grau Mitj\u00e0<\/b><span style=\"font-weight: 400;\"> de <\/span><b>qualsevol especialitat<\/b><\/li>\n<\/ul>\n<\/li>\n<li style=\"font-weight: 400;\" aria-level=\"1\"><b>Requisits d&#8217;acc\u00e9s:<\/b>\n<ul>\n<li style=\"font-weight: 400;\" aria-level=\"2\"><span style=\"font-weight: 400;\">Tenir <\/span><b>16 anys<\/b><span style=\"font-weight: 400;\"> o complir-los durant l\u2019any de la <\/span><b>preinscripci\u00f3<\/b><\/li>\n<\/ul>\n<\/li>\n<li style=\"font-weight: 400;\" aria-level=\"1\"><b>A l\u2019Institut Anton Busquets i Punset:<\/b>\n<ul>\n<li style=\"font-weight: 400;\" aria-level=\"2\"><span style=\"font-weight: 400;\">Oferim el <\/span><b>Pla de Transici\u00f3 al Treball (PTT)<\/b><span style=\"font-weight: 400;\"> d&#8217;<\/span><b>Auxiliar en treballs de fusteria i instal\u00b7lacions de mobles<\/b><\/li>\n<\/ul>\n<\/li>\n<\/ul>\n<\/li>\n<\/ul>\n<ul>\n<li aria-level=\"1\"><b>Valor afegit del nostre PFI:<\/b><\/li>\n<\/ul>\n<ul>\n<li aria-level=\"2\"><span style=\"font-weight: 400;\">Els <\/span><b>M\u00f2duls de Formaci\u00f3 General (MFG)<\/b><span style=\"font-weight: 400;\"> es divideixen en projectes transversals com s\u00f3n: <\/span><b>Mass Media<\/b><span style=\"font-weight: 400;\">, <\/span><b>Valors de l&#8217;Esport<\/b><span style=\"font-weight: 400;\"> i <\/span><b>Cooperativa<\/b><span style=\"font-weight: 400;\">. Aquest enfocament fa l&#8217;<\/span><b>aprenentatge<\/b><span style=\"font-weight: 400;\"> m\u00e9s <\/span><b>motivador<\/b><span style=\"font-weight: 400;\"> i <\/span><b>vivencial<\/b><span style=\"font-weight: 400;\"> i oferim una <\/span><b>experi\u00e8ncia educativa<\/b> <b>pr\u00e0ctica<\/b><span style=\"font-weight: 400;\"> i <\/span><b>connectada<\/b><span style=\"font-weight: 400;\"> amb la realitat laboral.<\/span><\/li>\n<\/ul>\n<p><b>M\u00e9s <\/b><b>informaci\u00f3 a:<\/b><\/p>\n<ul>\n<li style=\"font-weight: 400;\" aria-level=\"1\"><span style=\"font-weight: 400;\">P\u00e0gina Web<\/span> <span style=\"font-weight: 400;\">PFI &#8211; PTT Ins Anton Busquets i Punset<\/span><\/li>\n<li style=\"font-weight: 400;\" aria-level=\"1\"><a href=\"https:\/\/drive.google.com\/file\/d\/17sNgTm464dfBtUcOv_nEDznN0USw1w9i\/view?usp=drive_link\"><span style=\"font-weight: 400;\">D\u00edptic <\/span><\/a><span style=\"font-weight: 400;\">informatiu<\/span><\/li>\n<li style=\"font-weight: 400;\" aria-level=\"1\"><span style=\"font-weight: 400;\">Els estudis es realitzen al <\/span><a href=\"https:\/\/www.tallercentreartesa.cat\/\"><span style=\"font-weight: 400;\">Centre Artes\u00e0 de la Torneria<\/span><\/a> <span style=\"font-weight: 400;\">(CAT)<\/span><\/li>\n<li style=\"font-weight: 400;\" aria-level=\"1\"><span style=\"font-weight: 400;\">Informaci\u00f3 del Pla d\u2019estudis PFI: <\/span><a href=\"https:\/\/triaeducativa.gencat.cat\/ca\/fp\/pfi\/\"><span style=\"font-weight: 400;\">Triaeducativa<\/span><\/a><span style=\"font-weight: 400;\">.<\/span><\/li>\n<li style=\"font-weight: 400;\" aria-level=\"1\"><a href=\"https:\/\/drive.google.com\/file\/d\/1mJ2Licgzz0uB0ybqAjavxgU3EI8j2Y7G\/view?usp=drive_link\"><span style=\"font-weight: 400;\">Fitxa Resum<\/span><\/a><span style=\"font-weight: 400;\"> M\u00f2duls Formatius del PFI<\/span><\/li>\n<li style=\"font-weight: 400;\" aria-level=\"1\"><a href=\"https:\/\/agora.xtec.cat\/ies-brugulat\/wp-content\/uploads\/usu85\/2024\/03\/6_1_Orientacio-PFI_Accessible.pdf\"><span style=\"font-weight: 400;\">Obre la porta a l\u2019FP, fes un PFI<\/span><\/a><\/li>\n<li style=\"font-weight: 400;\" aria-level=\"1\"><span style=\"font-weight: 400;\">V\u00eddeo promocional PFI\u00a0<\/span><\/li>\n<li style=\"font-weight: 400;\" aria-level=\"1\"><span style=\"font-weight: 400;\">Instagram PFI_Fusteria_santhilarisacalm<\/span><\/li>\n<\/ul>\n<p><strong>El nostre PFI<\/strong><\/p>\n<p>El nostre centre ofereix un PFI en treballs en fusteria i instal\u00b7laci\u00f3 de mobles.<\/p>\n<p>HI trobareu tota la informaci\u00f3 del pla d&#8217;estudis a la web <a href=\"https:\/\/triaeducativa.gencat.cat\/ca\/estudis\/?auxiliar-treballs-fusteria-installacio-mobles&amp;p_id=2792\" target=\"_blank\" rel=\"noopener\">tria educativa<\/a>.<\/p>\n<p>Els estudis es realitzen al <a href=\"https:\/\/www.tallercentreartesa.cat\/\" target=\"_blank\" rel=\"noopener\">Centre Artes\u00e0 de la Torneria<\/a> de Sant Hilari Sacalm, 13, carretera de la Font Picant.<\/p>\n<p><a href=\"https:\/\/agora.xtec.cat\/iessanthilari\/wp-content\/uploads\/usu490\/2024\/10\/CAT01.jpg\"><img loading=\"lazy\" decoding=\"async\" class=\"aligncenter wp-image-8058\" src=\"https:\/\/agora.xtec.cat\/iessanthilari\/wp-content\/uploads\/usu490\/2024\/10\/CAT01-1024x678.jpg\" alt=\"\" width=\"276\" height=\"183\" srcset=\"https:\/\/agora.xtec.cat\/iessanthilari\/wp-content\/uploads\/usu490\/2024\/10\/CAT01-1024x678.jpg 1024w, https:\/\/agora.xtec.cat\/iessanthilari\/wp-content\/uploads\/usu490\/2024\/10\/CAT01-300x199.jpg 300w, https:\/\/agora.xtec.cat\/iessanthilari\/wp-content\/uploads\/usu490\/2024\/10\/CAT01-768x509.jpg 768w, https:\/\/agora.xtec.cat\/iessanthilari\/wp-content\/uploads\/usu490\/2024\/10\/CAT01-1536x1018.jpg 1536w, https:\/\/agora.xtec.cat\/iessanthilari\/wp-content\/uploads\/usu490\/2024\/10\/CAT01-2048x1357.jpg 2048w\" sizes=\"auto, (max-width: 276px) 100vw, 276px\" \/><\/a><\/p>\n<p><a href=\"https:\/\/agora.xtec.cat\/iessanthilari\/wp-content\/uploads\/usu490\/2024\/10\/PFI.jpg\"><img loading=\"lazy\" decoding=\"async\" class=\"aligncenter wp-image-8057\" src=\"https:\/\/agora.xtec.cat\/iessanthilari\/wp-content\/uploads\/usu490\/2024\/10\/PFI-1024x743.jpg\" alt=\"\" width=\"628\" height=\"456\" srcset=\"https:\/\/agora.xtec.cat\/iessanthilari\/wp-content\/uploads\/usu490\/2024\/10\/PFI-1024x743.jpg 1024w, https:\/\/agora.xtec.cat\/iessanthilari\/wp-content\/uploads\/usu490\/2024\/10\/PFI-300x218.jpg 300w, https:\/\/agora.xtec.cat\/iessanthilari\/wp-content\/uploads\/usu490\/2024\/10\/PFI-768x557.jpg 768w, https:\/\/agora.xtec.cat\/iessanthilari\/wp-content\/uploads\/usu490\/2024\/10\/PFI.jpg 1057w\" sizes=\"auto, (max-width: 628px) 100vw, 628px\" \/><\/a><\/p>\n","protected":false},"excerpt":{"rendered":"<p>PFI \u2013 PTT Auxiliar en treballs de fusteria i instal\u00b7lacions de mobles<\/p>\n<ul>\n<li style=\"list-style-type: none;\">\n<ul>\n<li style=\"font-weight: 400;\" aria-level=\"1\">Qu\u00e8 s\u00f3n els Programes de Formaci\u00f3 i Inserci\u00f3 (PFI)?\n<ul>\n<li style=\"font-weight: 400;\" aria-level=\"2\">S\u00f3n una oportunitat formativa per a joves entre 16 i 21 anys<\/li>\n<li style=\"font-weight: 400;\" aria-level=\"2\">Joves que no han&hellip;  <a href=\"https:\/\/agora.xtec.cat\/iessanthilari\/curs\/pfi\/\" title=\"Read PFI\">Llegeix m\u00e9s\u00bb<\/a><br \/>\n","protected":false},"author":1,"featured_media":0,"parent":4152,"menu_order":26,"comment_status":"closed","ping_status":"closed","template":"","meta":{"_bbp_topic_count":0,"_bbp_reply_count":0,"_bbp_total_topic_count":0,"_bbp_total_reply_count":0,"_bbp_voice_count":0,"_bbp_anonymous_reply_count":0,"_bbp_topic_count_hidden":0,"_bbp_reply_count_hidden":0,"_bbp_forum_subforum_count":0,"footnotes":""},"class_list":["post-8056","page","type-page","status-publish","hentry"],"post_mailing_queue_ids":[],"_links":{"self":[{"href":"https:\/\/agora.xtec.cat\/iessanthilari\/wp-json\/wp\/v2\/pages\/8056","targetHints":{"allow":["GET"]}}],"collection":[{"href":"https:\/\/agora.xtec.cat\/iessanthilari\/wp-json\/wp\/v2\/pages"}],"about":[{"href":"https:\/\/agora.xtec.cat\/iessanthilari\/wp-json\/wp\/v2\/types\/page"}],"author":[{"embeddable":true,"href":"https:\/\/agora.xtec.cat\/iessanthilari\/wp-json\/wp\/v2\/users\/1"}],"replies":[{"embeddable":true,"href":"https:\/\/agora.xtec.cat\/iessanthilari\/wp-json\/wp\/v2\/comments?post=8056"}],"version-history":[{"count":3,"href":"https:\/\/agora.xtec.cat\/iessanthilari\/wp-json\/wp\/v2\/pages\/8056\/revisions"}],"predecessor-version":[{"id":8129,"href":"https:\/\/agora.xtec.cat\/iessanthilari\/wp-json\/wp\/v2\/pages\/8056\/revisions\/8129"}],"up":[{"embeddable":true,"href":"https:\/\/agora.xtec.cat\/iessanthilari\/wp-json\/wp\/v2\/pages\/4152"}],"wp:attachment":[{"href":"https:\/\/agora.xtec.cat\/iessanthilari\/wp-json\/wp\/v2\/media?parent=8056"}],"curies":[{"name":"wp","href":"https:\/\/api.w.org\/{rel}","templated":true}]}}