{"id":6375,"date":"2024-02-16T19:49:31","date_gmt":"2024-02-16T18:49:31","guid":{"rendered":"https:\/\/agora.xtec.cat\/iessanthilari\/?page_id=6375"},"modified":"2025-06-04T10:06:19","modified_gmt":"2025-06-04T08:06:19","slug":"preinscripcio-i-matricula-curs-24-25","status":"publish","type":"page","link":"https:\/\/agora.xtec.cat\/iessanthilari\/secretaria\/preinscripcio-i-matricula-curs-24-25\/","title":{"rendered":"Preinscripci\u00f3 i matr\u00edcula curs 25-26"},"content":{"rendered":"<p>&nbsp;<\/p>\n<h2 style=\"text-align: center;\"><span style=\"color: #008000;\"><strong>Preinscripci\u00f3 al curs 2025-2026 &#8211; IE Sant Hilari<\/strong><\/span><\/h2>\n<table style=\"border-collapse: collapse; width: 100%;\">\n<tbody>\n<tr>\n<td style=\"width: 50%; vertical-align: top;\">\n<h4><strong><span style=\"color: #008000;\">Preinscripci\u00f3 ESO<\/span>\u00a0<\/strong><\/h4>\n<ul>\n<li style=\"text-align: left;\">\n<h5><a href=\"https:\/\/agora.xtec.cat\/iessanthilari\/wp-content\/uploads\/usu490\/2025\/03\/Informacio-de-la-preinscripcio-2.pdf\" target=\"_blank\" rel=\"noopener\"><span style=\"color: #0000ff;\">Presentaci\u00f3 de la preinscripci\u00f3 a 1r d&#8217;ESO<\/span><\/a><\/h5>\n<\/li>\n<\/ul>\n<\/td>\n<td style=\"width: 50%; vertical-align: top;\">\n<h4><strong><span style=\"color: #008000;\">Preinscripci\u00f3 Batxillerat<\/span><\/strong><\/h4>\n<ul>\n<li>\n<h5><a href=\"https:\/\/agora.xtec.cat\/iessanthilari\/wp-content\/uploads\/usu490\/2025\/04\/BATportesobertes2024.pdf\" target=\"_blank\" rel=\"noopener\"><span style=\"color: #0000ff;\">Presentaci\u00f3 de portes obertes de batxillerat<\/span><\/a><\/h5>\n<\/li>\n<\/ul>\n<\/td>\n<\/tr>\n<tr>\n<td style=\"width: 50%; vertical-align: top;\">\n<h4><strong><span style=\"color: #008000;\">Preinscripci\u00f3 PFI &#8211; Fusta i moble<\/span><\/strong><\/h4>\n<ul>\n<li>\n<h5>Calendari de la preinscripci\u00f3 al PFI: del 6 al 13 de maig<\/h5>\n<\/li>\n<li>Poden accedir a aquest programa de formaci\u00f3 i inserci\u00f3 (PFI) els joves que compleixin com a m\u00ednim 16 anys d\u2019edat i com a m\u00e0xim 21 en l\u2019any d\u2019inici del programa (2025) i que no hagin obtingut el graduat en ESO.<\/li>\n<li>\n<h5>Per assistir a les portes obertes del PFI contacteu amb: <span style=\"color: #0000ff;\"><a style=\"color: #0000ff;\" href=\"mailto:cristina.carrillo@insantonbusquets.cat\">cristina.carrillo@insantonbusquets.cat<\/a><\/span><\/h5>\n<\/li>\n<li>\n<h5><span style=\"color: #0000ff;\"><a style=\"color: #0000ff;\" href=\"https:\/\/youtu.be\/HkGvmNUK0LY\" target=\"_blank\" rel=\"noopener\">V\u00eddeo promocional del PFI<\/a><\/span><\/h5>\n<\/li>\n<li>\n<h5><a href=\"https:\/\/preinscripcio.gencat.cat\/ca\/estudis\/pfi\/inici\/\" target=\"_blank\" rel=\"noopener\"><span style=\"color: #0000ff;\">Portal de la preinscripci\u00f3<\/span><\/a><\/h5>\n<\/li>\n<\/ul>\n<\/td>\n<td style=\"width: 50%; vertical-align: top;\">\n<h4><strong><span style=\"color: #008000;\">Informaci\u00f3 general<\/span><\/strong><\/h4>\n<ul>\n<li>\n<h5><a href=\"https:\/\/agora.xtec.cat\/iessanthilari\/wp-content\/uploads\/usu490\/2025\/03\/Reunio-de-families-ESO.pdf\" target=\"_blank\" rel=\"noopener\"><span style=\"color: #0000ff;\">Reuni\u00f3 informativa a les fam\u00edlies d&#8217;ESO<\/span><\/a><\/h5>\n<\/li>\n<li>\n<h5><a style=\"font-family: inherit; font-size: 1em; text-align: center;\" href=\"https:\/\/educacio.gencat.cat\/ca\/departament\/serveis-territorials\/girona\/oferta-educativa\/taules-locals-planificacio\/sant-hilari-sacalm\/\" target=\"_blank\" rel=\"noopener\"><span style=\"color: #0000ff;\">Taules locals de planificaci\u00f3 educativa<\/span><\/a><\/h5>\n<\/li>\n<\/ul>\n<\/td>\n<\/tr>\n<\/tbody>\n<\/table>\n","protected":false},"excerpt":{"rendered":"<p>&nbsp;<br \/>\nPreinscripci\u00f3 al curs 2025-2026 &#8211; IE Sant Hilari<\/p>\n<p>Preinscripci\u00f3 ESO\u00a0<\/p>\n<ul>\n<li style=\"text-align: left;\">\n<a href=\"https:\/\/agora.xtec.cat\/iessanthilari\/wp-content\/uploads\/usu490\/2025\/03\/Informacio-de-la-preinscripcio-2.pdf\" target=\"_blank\" rel=\"noopener\">Presentaci\u00f3 de la preinscripci\u00f3 a 1r d&#8217;ESO<\/a>\n<\/li>\n<\/ul>\n<p>Preinscripci\u00f3 Batxillerat<\/p>\n<ul>\n<li>\n<a href=\"https:\/\/agora.xtec.cat\/iessanthilari\/wp-content\/uploads\/usu490\/2025\/04\/BATportesobertes2024.pdf\" target=\"_blank\" rel=\"noopener\">Presentaci\u00f3 de portes obertes de batxillerat<\/a>\n<\/li>\n<\/ul>\n<p>Preinscripci\u00f3 PFI &#8211; Fusta i moble<\/p>\n<ul>\n<li>\nCalendari de la preinscripci\u00f3 al PFI: del 6 al 13 de maig\n<\/li>\n<li>Poden&hellip;  <a href=\"https:\/\/agora.xtec.cat\/iessanthilari\/secretaria\/preinscripcio-i-matricula-curs-24-25\/\" title=\"Read Preinscripci\u00f3 i matr\u00edcula curs 25-26\">Llegeix m\u00e9s\u00bb<\/a><br \/>\n","protected":false},"author":1,"featured_media":0,"parent":81,"menu_order":52,"comment_status":"closed","ping_status":"closed","template":"page-templates\/side-menu.php","meta":{"_bbp_topic_count":0,"_bbp_reply_count":0,"_bbp_total_topic_count":0,"_bbp_total_reply_count":0,"_bbp_voice_count":0,"_bbp_anonymous_reply_count":0,"_bbp_topic_count_hidden":0,"_bbp_reply_count_hidden":0,"_bbp_forum_subforum_count":0,"footnotes":""},"class_list":["post-6375","page","type-page","status-publish","hentry"],"post_mailing_queue_ids":[],"_links":{"self":[{"href":"https:\/\/agora.xtec.cat\/iessanthilari\/wp-json\/wp\/v2\/pages\/6375","targetHints":{"allow":["GET"]}}],"collection":[{"href":"https:\/\/agora.xtec.cat\/iessanthilari\/wp-json\/wp\/v2\/pages"}],"about":[{"href":"https:\/\/agora.xtec.cat\/iessanthilari\/wp-json\/wp\/v2\/types\/page"}],"author":[{"embeddable":true,"href":"https:\/\/agora.xtec.cat\/iessanthilari\/wp-json\/wp\/v2\/users\/1"}],"replies":[{"embeddable":true,"href":"https:\/\/agora.xtec.cat\/iessanthilari\/wp-json\/wp\/v2\/comments?post=6375"}],"version-history":[{"count":7,"href":"https:\/\/agora.xtec.cat\/iessanthilari\/wp-json\/wp\/v2\/pages\/6375\/revisions"}],"predecessor-version":[{"id":8467,"href":"https:\/\/agora.xtec.cat\/iessanthilari\/wp-json\/wp\/v2\/pages\/6375\/revisions\/8467"}],"up":[{"embeddable":true,"href":"https:\/\/agora.xtec.cat\/iessanthilari\/wp-json\/wp\/v2\/pages\/81"}],"wp:attachment":[{"href":"https:\/\/agora.xtec.cat\/iessanthilari\/wp-json\/wp\/v2\/media?parent=6375"}],"curies":[{"name":"wp","href":"https:\/\/api.w.org\/{rel}","templated":true}]}}