{"id":63,"date":"2014-09-18T10:06:31","date_gmt":"2014-09-18T10:06:31","guid":{"rendered":"http:\/\/agora.xtec.cat\/iessanthilari\/?page_id=63"},"modified":"2025-06-18T10:04:36","modified_gmt":"2025-06-18T08:04:36","slug":"families","status":"publish","type":"page","link":"https:\/\/agora.xtec.cat\/iessanthilari\/secretaria\/families\/","title":{"rendered":"Documents"},"content":{"rendered":"<p><strong>Inst\u00e0ncia gen\u00e8rica<\/strong><\/p>\n<p>Model d&#8217;inst\u00e0ncia gen\u00e8rica: <a href=\"https:\/\/agora.xtec.cat\/iessanthilari\/wp-content\/uploads\/usu490\/2025\/02\/Instancia-generica-2.pdf\">Instancia<\/a><\/p>\n<p><strong>Documents de vaga d&#8217;estudiants<\/strong><\/p>\n<p>Protocol d&#8217;actuaci\u00f3 en cas de vaga d&#8217;alumnat: <a href=\"https:\/\/agora.xtec.cat\/iessanthilari\/wp-content\/uploads\/usu490\/2018\/11\/ProtocolVaga.pdf\">ProtocolVaga<\/a><\/p>\n<p>Autoritzaci\u00f3 per fer vaga d&#8217;alumnat (2n cicle d&#8217;ESO i batxillerat): <a href=\"https:\/\/agora.xtec.cat\/iessanthilari\/wp-content\/uploads\/usu490\/2022\/10\/AutoritzacioVaga.pdf\">AutoritzacioVaga<\/a><\/p>\n<p><strong>Sortides<\/strong><\/p>\n<p>Full de pagament de sortides: <a href=\"https:\/\/agora.xtec.cat\/iessanthilari\/wp-content\/uploads\/usu490\/2019\/09\/Full-pagament-sortides-1.pdf\">Full-pagament-sortides<\/a><\/p>\n<p>Full d&#8217;autoritzaci\u00f3 de sortides:\u00a0<a href=\"https:\/\/agora.xtec.cat\/iessanthilari\/wp-content\/uploads\/usu490\/2019\/09\/Full-dautoritzaci\u00f3-de-sortides.pdf\" target=\"_blank\" rel=\"noopener noreferrer\">Full d&#8217;autoritzaci\u00f3 de sortides<\/a><\/p>\n<p><strong>Justificants d&#8217;assist\u00e8ncia<br \/>\n<\/strong><\/p>\n<p>Justificant falta d&#8217;assist\u00e8ncia: <a href=\"https:\/\/agora.xtec.cat\/iessanthilari\/wp-content\/uploads\/usu490\/2016\/04\/Justificant-falta-assist\u00e8ncia-alumnes.pdf\">Justificant falta assist\u00e8ncia alumnes<\/a><\/p>\n<p><strong>Convalidacions d&#8217;estudis<\/strong><\/p>\n<p>Convalidaci\u00f3 per estudis de m\u00fasica (EMU1): <a href=\"https:\/\/agora.xtec.cat\/iessanthilari\/wp-content\/uploads\/usu490\/2016\/04\/EMU1-Sol.licitud-convalidaci\u00f3-m\u00fasica.pdf\">Sol.licitud convalidaci\u00f3 m\u00fasica (EMU1)<\/a><\/p>\n<p>Convalidaci\u00f3 per estudis de m\u00fasica (EMU3): <a href=\"https:\/\/agora.xtec.cat\/iessanthilari\/wp-content\/uploads\/usu490\/2016\/04\/EMU3-Sol.licitud-convalidaci\u00f3-m\u00fasica.pdf\">Sol.licitud convalidaci\u00f3 m\u00fasica (EMU3)<\/a><\/p>\n<p>Convalidaci\u00f3 per estudis de dansa: <a href=\"https:\/\/agora.xtec.cat\/iessanthilari\/wp-content\/uploads\/usu490\/2016\/04\/Sol.licitud-convalidaci\u00f3-EF-dansa.pdf\">Sol.licitud convalidaci\u00f3 EF (dansa EDA1)<\/a><\/p>\n<p>Convalidaci\u00f3 per estudis de dansa (EDA2) <a href=\"https:\/\/agora.xtec.cat\/iessanthilari\/wp-content\/uploads\/usu490\/2016\/04\/EDA2-Sol.licitud-convalidaci\u00f3-EF-dansa.pdf\">Sol.licitud convalidaci\u00f3 EF (dansa EDA2)<\/a><\/p>\n<p>Convalidaci\u00f3 a ESO per pr\u00e0ctica d&#8217;esport: <a href=\"https:\/\/agora.xtec.cat\/iessanthilari\/wp-content\/uploads\/usu490\/2016\/04\/Sol\u00b7licitud-convalidaci\u00f3-educaci\u00f3-f\u00edsica-ESO.pdf\">Sol.licitud convalidaci\u00f3 EF a ESO (Esport Alt Rendiment)<\/a><\/p>\n<p>Convalidaci\u00f3 a batxillerat per pr\u00e0ctica d&#8217;esport: <a href=\"https:\/\/agora.xtec.cat\/iessanthilari\/wp-content\/uploads\/usu490\/2016\/04\/Sol\u00b7licitud-convalidaci\u00f3-educaci\u00f3-f\u00edsica-BTX.pdf\">Sol.licitud convalidaci\u00f3 EF a BATX. (Esport Alt Rendiment)<\/a><\/p>\n<p><strong>Alumnat major de 18 anys<\/strong><\/p>\n<p>Sol\u00b7licitud alumnes majors de 18 anys: <a href=\"https:\/\/agora.xtec.cat\/iessanthilari\/wp-content\/uploads\/usu490\/2016\/04\/sollicitud-alumnes-18anys.pdf\">Sol.licitud alumnes 18anys<\/a><\/p>\n<p><strong>Drets d&#8217;imatge<\/strong><\/p>\n<p>Drets d&#8217;imatge (menors de 14 anys): <a href=\"https:\/\/agora.xtec.cat\/iessanthilari\/wp-content\/uploads\/usu490\/2018\/12\/Drets-dimatge-menys14.pdf\">Drets-dimatge menys14<\/a><\/p>\n<p>Drets d&#8217;imatge (majors de 14 anys): <a href=\"https:\/\/agora.xtec.cat\/iessanthilari\/wp-content\/uploads\/usu490\/2018\/12\/Drets-dimatge-majors-14-anys.pdf\">Drets-dimatge-majors-14-anys<\/a><\/p>\n<p><strong>Estada a l&#8217;empresa<\/strong><\/p>\n<p>Estada a l&#8217;empresa per a alumnat de batxillerat: <a href=\"https:\/\/agora.xtec.cat\/iessanthilari\/wp-content\/uploads\/usu490\/2019\/11\/EstadaEmpresa.pdf\" target=\"_blank\" rel=\"noopener noreferrer\">EstadaEmpresa<\/a><\/p>\n<p><strong>Estudiem junts<\/strong><\/p>\n<ul>\n<li>Normativa del programa &#8220;estudiem junts&#8221;: <a href=\"https:\/\/agora.xtec.cat\/iessanthilari\/wp-content\/uploads\/usu490\/2023\/12\/NORMATIVA-ESTUDIEM-JUNTS.pdf\">NORMATIVA &#8211; ESTUDIEM JUNTS<\/a><\/li>\n<li>Sol\u00b7licitud de participaci\u00f3: <a href=\"https:\/\/agora.xtec.cat\/iessanthilari\/wp-content\/uploads\/usu490\/2019\/09\/Sol.licitud-dassist\u00e8ncia-a-classes-ESTUDIEM-JUNTS.pdf\">Sol.licitud d&#8217;assist\u00e8ncia a classes ESTUDIEM JUNTS<\/a><\/li>\n<\/ul>\n<p><strong>Autoritzacions de salut<br \/>\n<\/strong><\/p>\n<p>Control de glucosa i administraci\u00f3 d&#8217;insulina: <a href=\"https:\/\/agora.xtec.cat\/iessanthilari\/wp-content\/uploads\/usu490\/2019\/07\/A314.pdf\">A314<\/a><\/p>\n<p>Administraci\u00f3 de glucag\u00f3: <a href=\"https:\/\/agora.xtec.cat\/iessanthilari\/wp-content\/uploads\/usu490\/2019\/07\/A315.pdf\">A315<\/a><\/p>\n<p><strong>Tria de mat\u00e8ries<\/strong><\/p>\n<p><a href=\"https:\/\/agora.xtec.cat\/iessanthilari\/wp-content\/uploads\/usu490\/2025\/06\/Proposta-ditineraris-formatius-4t-ESO-V2.pdf\">Optatives de 4t d&#8217;ESO<\/a><\/p>\n<p><a href=\"https:\/\/agora.xtec.cat\/iessanthilari\/wp-content\/uploads\/usu490\/2025\/06\/Materies-optatives-de-3r-dESO.pdf\">Optatives de 3r d&#8217;ESO<\/a><\/p>\n<p><a href=\"https:\/\/agora.xtec.cat\/iessanthilari\/wp-content\/uploads\/usu490\/2025\/06\/Materies-optatives-de-2n-dESO-1.pdf\">Optatives de 2n d&#8217;ESO<\/a><\/p>\n<p><a href=\"https:\/\/agora.xtec.cat\/iessanthilari\/wp-content\/uploads\/usu490\/2025\/06\/Materies-optatives-de-1r-dESO.pdf\">Optatives de 1r d&#8217;ESO<\/a><\/p>\n<p>&nbsp;<\/p>\n","protected":false},"excerpt":{"rendered":"<p>Inst\u00e0ncia gen\u00e8rica<br \/>\nModel d&#8217;inst\u00e0ncia gen\u00e8rica: <a href=\"https:\/\/agora.xtec.cat\/iessanthilari\/wp-content\/uploads\/usu490\/2025\/02\/Instancia-generica-2.pdf\">Instancia<\/a><br \/>\nDocuments de vaga d&#8217;estudiants<br \/>\nProtocol d&#8217;actuaci\u00f3 en cas de vaga d&#8217;alumnat: <a href=\"https:\/\/agora.xtec.cat\/iessanthilari\/wp-content\/uploads\/usu490\/2018\/11\/ProtocolVaga.pdf\">ProtocolVaga<\/a><br \/>\nAutoritzaci\u00f3 per fer vaga d&#8217;alumnat (2n cicle d&#8217;ESO i batxillerat): <a href=\"https:\/\/agora.xtec.cat\/iessanthilari\/wp-content\/uploads\/usu490\/2022\/10\/AutoritzacioVaga.pdf\">AutoritzacioVaga<\/a><br \/>\nSortides<br \/>\nFull de pagament de sortides: <a href=\"https:\/\/agora.xtec.cat\/iessanthilari\/wp-content\/uploads\/usu490\/2019\/09\/Full-pagament-sortides-1.pdf\">Full-pagament-sortides<\/a><br \/>\nFull d&#8217;autoritzaci\u00f3 de sortides:\u00a0<a href=\"https:\/\/agora.xtec.cat\/iessanthilari\/wp-content\/uploads\/usu490\/2019\/09\/Full-dautoritzaci\u00f3-de-sortides.pdf\" target=\"_blank\" rel=\"noopener noreferrer\">Full d&#8217;autoritzaci\u00f3 de sortides<\/a><br \/>\nJustificants d&#8217;assist\u00e8ncia<\/p>\n<p>Justificant&hellip;  <a href=\"https:\/\/agora.xtec.cat\/iessanthilari\/secretaria\/families\/\" title=\"Read Documents\">Llegeix m\u00e9s\u00bb<\/a><\/p>\n","protected":false},"author":1,"featured_media":0,"parent":81,"menu_order":54,"comment_status":"closed","ping_status":"closed","template":"page-templates\/side-menu.php","meta":{"_bbp_topic_count":0,"_bbp_reply_count":0,"_bbp_total_topic_count":0,"_bbp_total_reply_count":0,"_bbp_voice_count":0,"_bbp_anonymous_reply_count":0,"_bbp_topic_count_hidden":0,"_bbp_reply_count_hidden":0,"_bbp_forum_subforum_count":0,"footnotes":""},"class_list":["post-63","page","type-page","status-publish","hentry"],"post_mailing_queue_ids":[],"_links":{"self":[{"href":"https:\/\/agora.xtec.cat\/iessanthilari\/wp-json\/wp\/v2\/pages\/63","targetHints":{"allow":["GET"]}}],"collection":[{"href":"https:\/\/agora.xtec.cat\/iessanthilari\/wp-json\/wp\/v2\/pages"}],"about":[{"href":"https:\/\/agora.xtec.cat\/iessanthilari\/wp-json\/wp\/v2\/types\/page"}],"author":[{"embeddable":true,"href":"https:\/\/agora.xtec.cat\/iessanthilari\/wp-json\/wp\/v2\/users\/1"}],"replies":[{"embeddable":true,"href":"https:\/\/agora.xtec.cat\/iessanthilari\/wp-json\/wp\/v2\/comments?post=63"}],"version-history":[{"count":7,"href":"https:\/\/agora.xtec.cat\/iessanthilari\/wp-json\/wp\/v2\/pages\/63\/revisions"}],"predecessor-version":[{"id":8513,"href":"https:\/\/agora.xtec.cat\/iessanthilari\/wp-json\/wp\/v2\/pages\/63\/revisions\/8513"}],"up":[{"embeddable":true,"href":"https:\/\/agora.xtec.cat\/iessanthilari\/wp-json\/wp\/v2\/pages\/81"}],"wp:attachment":[{"href":"https:\/\/agora.xtec.cat\/iessanthilari\/wp-json\/wp\/v2\/media?parent=63"}],"curies":[{"name":"wp","href":"https:\/\/api.w.org\/{rel}","templated":true}]}}