{"id":6218,"date":"2021-12-15T20:33:55","date_gmt":"2021-12-15T19:33:55","guid":{"rendered":"https:\/\/agora.xtec.cat\/iessanthilari\/?page_id=6218"},"modified":"2025-01-15T09:19:12","modified_gmt":"2025-01-15T08:19:12","slug":"premis-forum","status":"publish","type":"page","link":"https:\/\/agora.xtec.cat\/iessanthilari\/premis-forum\/","title":{"rendered":"Premis F\u00f2rum"},"content":{"rendered":"<p>Els premis F\u00f2rum de Recerca es van crear el curs 2016-2017 com a reconeixement als millors treballs de recerca fets a Sant Hilari.<\/p>\n<p>Guanyadors i guanyadores dels Premis F\u00f2rum de Recerca:<\/p>\n<ul>\n<li>Promoci\u00f3 2015-2017: Ramon Pastor i Gerard Sol\u00e0<\/li>\n<\/ul>\n<p><a href=\"https:\/\/agora.xtec.cat\/iessanthilari\/wp-content\/uploads\/usu490\/2017\/02\/IMG_20170207_183133.jpg\"><img loading=\"lazy\" decoding=\"async\" class=\"aligncenter wp-image-1005 size-medium\" src=\"https:\/\/agora.xtec.cat\/iessanthilari\/wp-content\/uploads\/usu490\/2017\/02\/IMG_20170207_183133-300x225.jpg\" alt=\"\" width=\"300\" height=\"225\" srcset=\"https:\/\/agora.xtec.cat\/iessanthilari\/wp-content\/uploads\/usu490\/2017\/02\/IMG_20170207_183133-300x225.jpg 300w, https:\/\/agora.xtec.cat\/iessanthilari\/wp-content\/uploads\/usu490\/2017\/02\/IMG_20170207_183133-768x576.jpg 768w, https:\/\/agora.xtec.cat\/iessanthilari\/wp-content\/uploads\/usu490\/2017\/02\/IMG_20170207_183133-1024x768.jpg 1024w, https:\/\/agora.xtec.cat\/iessanthilari\/wp-content\/uploads\/usu490\/2017\/02\/IMG_20170207_183133-200x150.jpg 200w\" sizes=\"auto, (max-width: 300px) 100vw, 300px\" \/><\/a><\/p>\n<ul>\n<li>Promoci\u00f3 2016-2018: Uasima Morouan i Anna Garcia<\/li>\n<\/ul>\n<p><a href=\"https:\/\/agora.xtec.cat\/iessanthilari\/wp-content\/uploads\/usu490\/2018\/01\/IMG-20180116-WA0000.jpg\"><img loading=\"lazy\" decoding=\"async\" class=\"aligncenter wp-image-1669 size-medium\" src=\"https:\/\/agora.xtec.cat\/iessanthilari\/wp-content\/uploads\/usu490\/2018\/01\/IMG-20180116-WA0000-225x300.jpg\" alt=\"\" width=\"225\" height=\"300\" srcset=\"https:\/\/agora.xtec.cat\/iessanthilari\/wp-content\/uploads\/usu490\/2018\/01\/IMG-20180116-WA0000-225x300.jpg 225w, https:\/\/agora.xtec.cat\/iessanthilari\/wp-content\/uploads\/usu490\/2018\/01\/IMG-20180116-WA0000-768x1024.jpg 768w, https:\/\/agora.xtec.cat\/iessanthilari\/wp-content\/uploads\/usu490\/2018\/01\/IMG-20180116-WA0000.jpg 1200w\" sizes=\"auto, (max-width: 225px) 100vw, 225px\" \/><\/a><\/p>\n<ul>\n<li>Promoci\u00f3 2017-2019: Gemma Mas\u00f3 i Arnau Puig<\/li>\n<\/ul>\n<p><a href=\"https:\/\/agora.xtec.cat\/iessanthilari\/wp-content\/uploads\/usu490\/2019\/01\/forum11.jpeg\"><img loading=\"lazy\" decoding=\"async\" class=\"aligncenter wp-image-2495 size-medium\" src=\"https:\/\/agora.xtec.cat\/iessanthilari\/wp-content\/uploads\/usu490\/2019\/01\/forum11-300x225.jpeg\" alt=\"\" width=\"300\" height=\"225\" srcset=\"https:\/\/agora.xtec.cat\/iessanthilari\/wp-content\/uploads\/usu490\/2019\/01\/forum11-300x225.jpeg 300w, https:\/\/agora.xtec.cat\/iessanthilari\/wp-content\/uploads\/usu490\/2019\/01\/forum11-768x576.jpeg 768w, https:\/\/agora.xtec.cat\/iessanthilari\/wp-content\/uploads\/usu490\/2019\/01\/forum11-1024x768.jpeg 1024w, https:\/\/agora.xtec.cat\/iessanthilari\/wp-content\/uploads\/usu490\/2019\/01\/forum11-200x150.jpeg 200w, https:\/\/agora.xtec.cat\/iessanthilari\/wp-content\/uploads\/usu490\/2019\/01\/forum11.jpeg 1600w\" sizes=\"auto, (max-width: 300px) 100vw, 300px\" \/><\/a><\/p>\n<ul>\n<li>Promoci\u00f3 2018-2020: Estel Carreras i Clara Peracaula<\/li>\n<\/ul>\n<p><a href=\"https:\/\/agora.xtec.cat\/iessanthilari\/wp-content\/uploads\/usu490\/2020\/01\/PremisForum04.jpeg\"><img loading=\"lazy\" decoding=\"async\" class=\"aligncenter wp-image-3770 \" src=\"https:\/\/agora.xtec.cat\/iessanthilari\/wp-content\/uploads\/usu490\/2020\/01\/PremisForum04-300x225.jpeg\" alt=\"\" width=\"300\" height=\"225\" srcset=\"https:\/\/agora.xtec.cat\/iessanthilari\/wp-content\/uploads\/usu490\/2020\/01\/PremisForum04-300x225.jpeg 300w, https:\/\/agora.xtec.cat\/iessanthilari\/wp-content\/uploads\/usu490\/2020\/01\/PremisForum04-768x576.jpeg 768w, https:\/\/agora.xtec.cat\/iessanthilari\/wp-content\/uploads\/usu490\/2020\/01\/PremisForum04-1024x768.jpeg 1024w, https:\/\/agora.xtec.cat\/iessanthilari\/wp-content\/uploads\/usu490\/2020\/01\/PremisForum04-200x150.jpeg 200w, https:\/\/agora.xtec.cat\/iessanthilari\/wp-content\/uploads\/usu490\/2020\/01\/PremisForum04.jpeg 1599w\" sizes=\"auto, (max-width: 300px) 100vw, 300px\" \/><\/a><\/p>\n<ul>\n<li>Promoci\u00f3 2019-2021: N\u00faria Bonveh\u00ed i Eduard Puigderrajols<\/li>\n<\/ul>\n<p><a href=\"https:\/\/agora.xtec.cat\/iessanthilari\/wp-content\/uploads\/usu490\/2021\/03\/mostra02.jpeg\"><img loading=\"lazy\" decoding=\"async\" class=\"wp-image-5112 aligncenter\" src=\"https:\/\/agora.xtec.cat\/iessanthilari\/wp-content\/uploads\/usu490\/2021\/03\/mostra02-1024x768.jpeg\" alt=\"\" width=\"300\" height=\"225\" srcset=\"https:\/\/agora.xtec.cat\/iessanthilari\/wp-content\/uploads\/usu490\/2021\/03\/mostra02-1024x768.jpeg 1024w, https:\/\/agora.xtec.cat\/iessanthilari\/wp-content\/uploads\/usu490\/2021\/03\/mostra02-300x225.jpeg 300w, https:\/\/agora.xtec.cat\/iessanthilari\/wp-content\/uploads\/usu490\/2021\/03\/mostra02-768x576.jpeg 768w, https:\/\/agora.xtec.cat\/iessanthilari\/wp-content\/uploads\/usu490\/2021\/03\/mostra02-200x150.jpeg 200w, https:\/\/agora.xtec.cat\/iessanthilari\/wp-content\/uploads\/usu490\/2021\/03\/mostra02.jpeg 1600w\" sizes=\"auto, (max-width: 300px) 100vw, 300px\" \/><\/a><\/p>\n<ul>\n<li>Promoci\u00f3 2020-2022: Nerea Rojas i Claudia Vicente<\/li>\n<\/ul>\n<p style=\"text-align: center;\"><a href=\"https:\/\/agora.xtec.cat\/iessanthilari\/wp-content\/uploads\/usu490\/2021\/12\/image7.jpeg\"><img loading=\"lazy\" decoding=\"async\" class=\"alignnone wp-image-6208\" src=\"https:\/\/agora.xtec.cat\/iessanthilari\/wp-content\/uploads\/usu490\/2021\/12\/image7-1024x683.jpeg\" alt=\"\" width=\"300\" height=\"200\" srcset=\"https:\/\/agora.xtec.cat\/iessanthilari\/wp-content\/uploads\/usu490\/2021\/12\/image7-1024x683.jpeg 1024w, https:\/\/agora.xtec.cat\/iessanthilari\/wp-content\/uploads\/usu490\/2021\/12\/image7-300x200.jpeg 300w, https:\/\/agora.xtec.cat\/iessanthilari\/wp-content\/uploads\/usu490\/2021\/12\/image7-768x512.jpeg 768w, https:\/\/agora.xtec.cat\/iessanthilari\/wp-content\/uploads\/usu490\/2021\/12\/image7-1536x1025.jpeg 1536w, https:\/\/agora.xtec.cat\/iessanthilari\/wp-content\/uploads\/usu490\/2021\/12\/image7.jpeg 2048w\" sizes=\"auto, (max-width: 300px) 100vw, 300px\" \/>\u00a0\u00a0 <\/a><a href=\"https:\/\/agora.xtec.cat\/iessanthilari\/wp-content\/uploads\/usu490\/2021\/12\/image8.jpeg\"><img loading=\"lazy\" decoding=\"async\" class=\"alignnone wp-image-6207\" src=\"https:\/\/agora.xtec.cat\/iessanthilari\/wp-content\/uploads\/usu490\/2021\/12\/image8-1024x683.jpeg\" alt=\"\" width=\"300\" height=\"200\" srcset=\"https:\/\/agora.xtec.cat\/iessanthilari\/wp-content\/uploads\/usu490\/2021\/12\/image8-1024x683.jpeg 1024w, https:\/\/agora.xtec.cat\/iessanthilari\/wp-content\/uploads\/usu490\/2021\/12\/image8-300x200.jpeg 300w, https:\/\/agora.xtec.cat\/iessanthilari\/wp-content\/uploads\/usu490\/2021\/12\/image8-768x512.jpeg 768w, https:\/\/agora.xtec.cat\/iessanthilari\/wp-content\/uploads\/usu490\/2021\/12\/image8-1536x1025.jpeg 1536w, https:\/\/agora.xtec.cat\/iessanthilari\/wp-content\/uploads\/usu490\/2021\/12\/image8.jpeg 2048w\" sizes=\"auto, (max-width: 300px) 100vw, 300px\" \/><\/a><\/p>\n<ul>\n<li>Promoci\u00f3 2021-2023: Jana Miralpeix i Anna Puig<\/li>\n<\/ul>\n<p><a href=\"https:\/\/agora.xtec.cat\/iessanthilari\/wp-content\/uploads\/usu490\/2022\/12\/premis-forum.jpg\"><img loading=\"lazy\" decoding=\"async\" class=\"wp-image-7164 aligncenter\" src=\"https:\/\/agora.xtec.cat\/iessanthilari\/wp-content\/uploads\/usu490\/2022\/12\/premis-forum-1024x683.jpg\" alt=\"\" width=\"408\" height=\"272\" srcset=\"https:\/\/agora.xtec.cat\/iessanthilari\/wp-content\/uploads\/usu490\/2022\/12\/premis-forum-1024x683.jpg 1024w, https:\/\/agora.xtec.cat\/iessanthilari\/wp-content\/uploads\/usu490\/2022\/12\/premis-forum-300x200.jpg 300w, https:\/\/agora.xtec.cat\/iessanthilari\/wp-content\/uploads\/usu490\/2022\/12\/premis-forum-768x512.jpg 768w, https:\/\/agora.xtec.cat\/iessanthilari\/wp-content\/uploads\/usu490\/2022\/12\/premis-forum-1536x1025.jpg 1536w, https:\/\/agora.xtec.cat\/iessanthilari\/wp-content\/uploads\/usu490\/2022\/12\/premis-forum.jpg 1799w\" sizes=\"auto, (max-width: 408px) 100vw, 408px\" \/><\/a><\/p>\n<ul>\n<li>Promoci\u00f3 2022-2024: Mireia Recasens i Eloi Soler<\/li>\n<\/ul>\n<p style=\"text-align: center;\"><a href=\"https:\/\/agora.xtec.cat\/iessanthilari\/wp-content\/uploads\/usu490\/2023\/12\/1-IMG_20231212_191733.jpg\"><img loading=\"lazy\" decoding=\"async\" class=\"alignnone wp-image-7679\" src=\"https:\/\/agora.xtec.cat\/iessanthilari\/wp-content\/uploads\/usu490\/2023\/12\/1-IMG_20231212_191733-1024x768.jpg\" alt=\"\" width=\"411\" height=\"308\" srcset=\"https:\/\/agora.xtec.cat\/iessanthilari\/wp-content\/uploads\/usu490\/2023\/12\/1-IMG_20231212_191733-1024x768.jpg 1024w, https:\/\/agora.xtec.cat\/iessanthilari\/wp-content\/uploads\/usu490\/2023\/12\/1-IMG_20231212_191733-300x225.jpg 300w, https:\/\/agora.xtec.cat\/iessanthilari\/wp-content\/uploads\/usu490\/2023\/12\/1-IMG_20231212_191733-768x576.jpg 768w, https:\/\/agora.xtec.cat\/iessanthilari\/wp-content\/uploads\/usu490\/2023\/12\/1-IMG_20231212_191733-200x150.jpg 200w, https:\/\/agora.xtec.cat\/iessanthilari\/wp-content\/uploads\/usu490\/2023\/12\/1-IMG_20231212_191733.jpg 1440w\" sizes=\"auto, (max-width: 411px) 100vw, 411px\" \/><\/a><\/p>\n","protected":false},"excerpt":{"rendered":"<p>Els premis F\u00f2rum de Recerca es van crear el curs 2016-2017 com a reconeixement als millors treballs de recerca fets a Sant Hilari.<br \/>\nGuanyadors i guanyadores dels Premis F\u00f2rum de Recerca:<\/p>\n<ul>\n<li>Promoci\u00f3 2015-2017: Ramon Pastor i Gerard Sol\u00e0<\/li>\n<\/ul>\n<p><a href=\"https:\/\/agora.xtec.cat\/iessanthilari\/wp-content\/uploads\/usu490\/2017\/02\/IMG_20170207_183133.jpg\"><\/a><\/p>\n<ul>\n<li>Promoci\u00f3 2016-2018: Uasima Morouan i Anna Garcia<\/li>\n<\/ul>\n<p><a href=\"https:\/\/agora.xtec.cat\/iessanthilari\/wp-content\/uploads\/usu490\/2018\/01\/IMG-20180116-WA0000.jpg\"><\/a><\/p>\n<ul>\n<li>Promoci\u00f3 2017-2019:&hellip;  <a href=\"https:\/\/agora.xtec.cat\/iessanthilari\/premis-forum\/\" title=\"Read Premis F\u00f2rum\">Llegeix m\u00e9s\u00bb<\/a><br \/>\n","protected":false},"author":1,"featured_media":0,"parent":0,"menu_order":0,"comment_status":"closed","ping_status":"closed","template":"page-templates\/side-menu.php","meta":{"_bbp_topic_count":0,"_bbp_reply_count":0,"_bbp_total_topic_count":0,"_bbp_total_reply_count":0,"_bbp_voice_count":0,"_bbp_anonymous_reply_count":0,"_bbp_topic_count_hidden":0,"_bbp_reply_count_hidden":0,"_bbp_forum_subforum_count":0,"footnotes":""},"class_list":["post-6218","page","type-page","status-publish","hentry"],"post_mailing_queue_ids":[],"_links":{"self":[{"href":"https:\/\/agora.xtec.cat\/iessanthilari\/wp-json\/wp\/v2\/pages\/6218","targetHints":{"allow":["GET"]}}],"collection":[{"href":"https:\/\/agora.xtec.cat\/iessanthilari\/wp-json\/wp\/v2\/pages"}],"about":[{"href":"https:\/\/agora.xtec.cat\/iessanthilari\/wp-json\/wp\/v2\/types\/page"}],"author":[{"embeddable":true,"href":"https:\/\/agora.xtec.cat\/iessanthilari\/wp-json\/wp\/v2\/users\/1"}],"replies":[{"embeddable":true,"href":"https:\/\/agora.xtec.cat\/iessanthilari\/wp-json\/wp\/v2\/comments?post=6218"}],"version-history":[{"count":5,"href":"https:\/\/agora.xtec.cat\/iessanthilari\/wp-json\/wp\/v2\/pages\/6218\/revisions"}],"predecessor-version":[{"id":8290,"href":"https:\/\/agora.xtec.cat\/iessanthilari\/wp-json\/wp\/v2\/pages\/6218\/revisions\/8290"}],"wp:attachment":[{"href":"https:\/\/agora.xtec.cat\/iessanthilari\/wp-json\/wp\/v2\/media?parent=6218"}],"curies":[{"name":"wp","href":"https:\/\/api.w.org\/{rel}","templated":true}]}}