{"id":5880,"date":"2021-10-01T08:29:29","date_gmt":"2021-10-01T06:29:29","guid":{"rendered":"https:\/\/agora.xtec.cat\/iessanthilari\/?page_id=5880"},"modified":"2021-10-01T08:31:01","modified_gmt":"2021-10-01T06:31:01","slug":"el-cami-segur","status":"publish","type":"page","link":"https:\/\/agora.xtec.cat\/iessanthilari\/linstitut\/el-cami-segur\/","title":{"rendered":"El cam\u00ed segur"},"content":{"rendered":"<p>El cam\u00ed segur determina els itineraris m\u00e9s concorreguts per arribar als centres educatius del municipi.<\/p>\n<p>A l&#8217;institut el cam\u00ed segur surt de la pla\u00e7a Catalunya i puja pel carrer Joan Serras. Us recomanem que feu servir aquest itinerari, si viviu en aquest costat del municipi, evitant l&#8217;\u00fas del vehicle privat, especialment al carrer Joan Serras.<\/p>\n<p>Trobareu tota la informaci\u00f3 del cam\u00ed segur de Sant Hilari Sacalm a la web: <a href=\"https:\/\/www.santhilari.cat\/ajuntament\/cami-segur\/\" target=\"_blank\" rel=\"noopener\">cam\u00ed_segur<\/a><\/p>\n<p>Pl\u00e0nol del cam\u00ed segur: <a href=\"https:\/\/agora.xtec.cat\/iessanthilari\/wp-content\/uploads\/usu490\/2021\/10\/planol-cami-segur.pdf\">planol-cam\u00ed-segur<\/a><\/p>\n","protected":false},"excerpt":{"rendered":"<p>El cam\u00ed segur determina els itineraris m\u00e9s concorreguts per arribar als centres educatius del municipi.<br \/>\nA l&#8217;institut el cam\u00ed segur surt de la pla\u00e7a Catalunya i puja pel carrer Joan Serras. Us recomanem que feu servir aquest itinerari, si viviu en aquest costat del municipi, evitant&hellip;  <a href=\"https:\/\/agora.xtec.cat\/iessanthilari\/linstitut\/el-cami-segur\/\" title=\"Read El cam\u00ed segur\">Llegeix m\u00e9s\u00bb<\/a><\/p>\n","protected":false},"author":1,"featured_media":0,"parent":19,"menu_order":16,"comment_status":"closed","ping_status":"closed","template":"page-templates\/side-menu.php","meta":{"_bbp_topic_count":0,"_bbp_reply_count":0,"_bbp_total_topic_count":0,"_bbp_total_reply_count":0,"_bbp_voice_count":0,"_bbp_anonymous_reply_count":0,"_bbp_topic_count_hidden":0,"_bbp_reply_count_hidden":0,"_bbp_forum_subforum_count":0,"footnotes":""},"class_list":["post-5880","page","type-page","status-publish","hentry"],"post_mailing_queue_ids":[],"_links":{"self":[{"href":"https:\/\/agora.xtec.cat\/iessanthilari\/wp-json\/wp\/v2\/pages\/5880","targetHints":{"allow":["GET"]}}],"collection":[{"href":"https:\/\/agora.xtec.cat\/iessanthilari\/wp-json\/wp\/v2\/pages"}],"about":[{"href":"https:\/\/agora.xtec.cat\/iessanthilari\/wp-json\/wp\/v2\/types\/page"}],"author":[{"embeddable":true,"href":"https:\/\/agora.xtec.cat\/iessanthilari\/wp-json\/wp\/v2\/users\/1"}],"replies":[{"embeddable":true,"href":"https:\/\/agora.xtec.cat\/iessanthilari\/wp-json\/wp\/v2\/comments?post=5880"}],"version-history":[{"count":1,"href":"https:\/\/agora.xtec.cat\/iessanthilari\/wp-json\/wp\/v2\/pages\/5880\/revisions"}],"predecessor-version":[{"id":5882,"href":"https:\/\/agora.xtec.cat\/iessanthilari\/wp-json\/wp\/v2\/pages\/5880\/revisions\/5882"}],"up":[{"embeddable":true,"href":"https:\/\/agora.xtec.cat\/iessanthilari\/wp-json\/wp\/v2\/pages\/19"}],"wp:attachment":[{"href":"https:\/\/agora.xtec.cat\/iessanthilari\/wp-json\/wp\/v2\/media?parent=5880"}],"curies":[{"name":"wp","href":"https:\/\/api.w.org\/{rel}","templated":true}]}}